{"id":7,"date":"2019-10-11T14:37:46","date_gmt":"2019-10-11T13:37:46","guid":{"rendered":"https:\/\/swanseapcf.org\/?page_id=7"},"modified":"2024-10-09T15:14:32","modified_gmt":"2024-10-09T14:14:32","slug":"swansea-parent-carer-forum","status":"publish","type":"page","link":"https:\/\/swanseapcf.org\/pt\/","title":{"rendered":"F\u00f3rum de pais cuidadores de Swansea"},"content":{"rendered":"<div data-elementor-type=\"wp-page\" data-elementor-id=\"7\" class=\"elementor elementor-7\" data-elementor-post-type=\"page\">\n\t\t\t\t\t\t<section class=\"elementor-section elementor-top-section elementor-element elementor-element-47c2a36 elementor-section-height-min-height elementor-section-items-top elementor-section-boxed elementor-section-height-default\" data-id=\"47c2a36\" data-element_type=\"section\" data-settings=\"{&quot;background_background&quot;:&quot;classic&quot;}\">\n\t\t\t\t\t\t<div class=\"elementor-container elementor-column-gap-default\">\n\t\t\t\t\t<div class=\"elementor-column elementor-col-100 elementor-top-column elementor-element elementor-element-7aa5286\" data-id=\"7aa5286\" data-element_type=\"column\">\n\t\t\t<div class=\"elementor-widget-wrap elementor-element-populated\">\n\t\t\t\t\t\t<div class=\"elementor-element elementor-element-6ee8781 elementor-widget__width-initial elementor-widget elementor-widget-heading\" data-id=\"6ee8781\" data-element_type=\"widget\" data-widget_type=\"heading.default\">\n\t\t\t\t<div class=\"elementor-widget-container\">\n\t\t\t<h1 class=\"elementor-heading-title elementor-size-default\">Trabalhando juntos para influenciar a mudan\u00e7a<\/h1>\t\t<\/div>\n\t\t\t\t<\/div>\n\t\t\t\t\t<\/div>\n\t\t<\/div>\n\t\t\t\t\t<\/div>\n\t\t<\/section>\n\t\t\t\t<section class=\"elementor-section elementor-top-section elementor-element elementor-element-fc9daf2 elementor-section-boxed elementor-section-height-default elementor-section-height-default\" data-id=\"fc9daf2\" data-element_type=\"section\">\n\t\t\t\t\t\t<div class=\"elementor-container elementor-column-gap-default\">\n\t\t\t\t\t<div class=\"elementor-column elementor-col-100 elementor-top-column elementor-element elementor-element-7666590\" data-id=\"7666590\" data-element_type=\"column\">\n\t\t\t<div class=\"elementor-widget-wrap elementor-element-populated\">\n\t\t\t\t\t\t<div class=\"elementor-element elementor-element-237d215 elementor-widget elementor-widget-heading\" data-id=\"237d215\" data-element_type=\"widget\" data-widget_type=\"heading.default\">\n\t\t\t\t<div class=\"elementor-widget-container\">\n\t\t\t<h2 class=\"elementor-heading-title elementor-size-default\"><a href=\"\">F\u00f3rum de pais cuidadores de Swansea\n\n<\/a><\/h2>\t\t<\/div>\n\t\t\t\t<\/div>\n\t\t\t\t<section class=\"elementor-section elementor-inner-section elementor-element elementor-element-f6bf014 elementor-section-boxed elementor-section-height-default elementor-section-height-default\" data-id=\"f6bf014\" data-element_type=\"section\">\n\t\t\t\t\t\t<div class=\"elementor-container elementor-column-gap-wide\">\n\t\t\t\t\t<div class=\"elementor-column elementor-col-25 elementor-inner-column elementor-element elementor-element-7db6195\" data-id=\"7db6195\" data-element_type=\"column\">\n\t\t\t<div class=\"elementor-widget-wrap elementor-element-populated\">\n\t\t\t\t\t\t<div class=\"elementor-element elementor-element-55567db elementor-widget elementor-widget-heading\" data-id=\"55567db\" data-element_type=\"widget\" data-widget_type=\"heading.default\">\n\t\t\t\t<div class=\"elementor-widget-container\">\n\t\t\t<h3 class=\"elementor-heading-title elementor-size-default\">Quem \u00e9 o Swansea Parent Carer Forum?<\/h3>\t\t<\/div>\n\t\t\t\t<\/div>\n\t\t\t\t<div class=\"elementor-element elementor-element-44aceed elementor-widget elementor-widget-text-editor\" data-id=\"44aceed\" data-element_type=\"widget\" data-widget_type=\"text-editor.default\">\n\t\t\t\t<div class=\"elementor-widget-container\">\n\t\t\t\t\t\t\t<p><strong>N\u00f3s somos<\/strong> um grupo de pais volunt\u00e1rios. Nossos filhos est\u00e3o envolvidos com Servi\u00e7os para Crian\u00e7as, Servi\u00e7os para Adultos, Servi\u00e7os de Educa\u00e7\u00e3o e Sa\u00fade.<\/p><p><strong>N\u00f3s trabalhamos <\/strong>com, mas s\u00e3o independentes da cidade e condado de Swansea, e queremos garantir que os servi\u00e7os atendam \u00e0s necessidades de crian\u00e7as com defici\u00eancia*, jovens, adultos e suas fam\u00edlias.<\/p><p><strong>Acreditamos<\/strong> apaixonadamente que trabalhar de forma coprodutiva com o Conselho de Swansea e outros provedores de servi\u00e7os coloca a voz de crian\u00e7as com defici\u00eancia* de todas as idades e suas fam\u00edlias no centro das decis\u00f5es e oferece servi\u00e7os que funcionam para nossa comunidade.<\/p><p><strong>Nossa vis\u00e3o<\/strong> \u00e9 que Swansea seja um lugar onde as vozes das fam\u00edlias sejam valorizadas e efetivamente usadas para alcan\u00e7ar uma qualidade de vida equitativa e inclusiva para nossos filhos* de todas as idades.<\/p>\t\t\t\t\t\t<\/div>\n\t\t\t\t<\/div>\n\t\t\t\t\t<\/div>\n\t\t<\/div>\n\t\t\t\t<div class=\"elementor-column elementor-col-25 elementor-inner-column elementor-element elementor-element-00dc1a2\" data-id=\"00dc1a2\" data-element_type=\"column\">\n\t\t\t<div class=\"elementor-widget-wrap elementor-element-populated\">\n\t\t\t\t\t\t<div class=\"elementor-element elementor-element-2bcc7ad elementor-widget elementor-widget-heading\" data-id=\"2bcc7ad\" data-element_type=\"widget\" data-widget_type=\"heading.default\">\n\t\t\t\t<div class=\"elementor-widget-container\">\n\t\t\t<h3 class=\"elementor-heading-title elementor-size-default\">QUAL \u00c9 O NOSSO OBJETIVO?<\/h3>\t\t<\/div>\n\t\t\t\t<\/div>\n\t\t\t\t<div class=\"elementor-element elementor-element-1d58886 elementor-widget elementor-widget-text-editor\" data-id=\"1d58886\" data-element_type=\"widget\" data-widget_type=\"text-editor.default\">\n\t\t\t\t<div class=\"elementor-widget-container\">\n\t\t\t\t\t\t\t<p>Para <strong>co-produzir<\/strong> e <strong>co-design<\/strong> servi\u00e7os que atendem \u00e0s necessidades de crian\u00e7as com defici\u00eancia* de todas as idades e suas fam\u00edlias.<\/p><p>Para crescer, desenvolver e capacitar nossos membros para ter uma forte <strong>coletivo<\/strong> voz e para influenciar mudan\u00e7as positivas.<\/p><p>Para fornecer uma vis\u00e3o construtiva <strong>canal de comunica\u00e7\u00e3o<\/strong> entre pais cuidadores e parceiros estrat\u00e9gicos.<\/p><p><em>*Reconhecemos que os pais respons\u00e1veis podem estar cuidando de crian\u00e7as com mais de 25 anos.<\/em><\/p>\t\t\t\t\t\t<\/div>\n\t\t\t\t<\/div>\n\t\t\t\t\t<\/div>\n\t\t<\/div>\n\t\t\t\t<div class=\"elementor-column elementor-col-25 elementor-inner-column elementor-element elementor-element-1139964\" data-id=\"1139964\" data-element_type=\"column\">\n\t\t\t<div class=\"elementor-widget-wrap elementor-element-populated\">\n\t\t\t\t\t\t<div class=\"elementor-element elementor-element-d3432db elementor-widget elementor-widget-heading\" data-id=\"d3432db\" data-element_type=\"widget\" data-widget_type=\"heading.default\">\n\t\t\t\t<div class=\"elementor-widget-container\">\n\t\t\t<h3 class=\"elementor-heading-title elementor-size-default\">Qual \u00e9 o nosso prop\u00f3sito?<\/h3>\t\t<\/div>\n\t\t\t\t<\/div>\n\t\t\t\t<div class=\"elementor-element elementor-element-7dc58b7 elementor-widget elementor-widget-text-editor\" data-id=\"7dc58b7\" data-element_type=\"widget\" data-widget_type=\"text-editor.default\">\n\t\t\t\t<div class=\"elementor-widget-container\">\n\t\t\t\t\t\t\t<p>N\u00f3s somos um <strong>independente<\/strong> organiza\u00e7\u00e3o cuja finalidade \u00e9:<\/p><p>Para estrategicamente <strong>influ\u00eancia<\/strong> mudan\u00e7a atrav\u00e9s da coprodu\u00e7\u00e3o de servi\u00e7os para crian\u00e7as*, jovens e adultos com defici\u00eancia e suas fam\u00edlias.<\/p><p>Para <strong>habilitar<\/strong> crian\u00e7as com defici\u00eancia*, jovens e adultos e suas fam\u00edlias tenham voz** no centro da tomada de decis\u00f5es.<\/p><p>Para refletir o <strong>diversidade<\/strong> de nossas comunidades.<\/p><p>Para tomar um <strong>baseado em direitos<\/strong> abordagem e <strong>empoderamento<\/strong> nossa comunidade.<\/p><p><em>**Nossa voz precisa ser informada pelas opini\u00f5es e experi\u00eancias vividas dos pais e cuidadores.<\/em><\/p>\t\t\t\t\t\t<\/div>\n\t\t\t\t<\/div>\n\t\t\t\t\t<\/div>\n\t\t<\/div>\n\t\t\t\t<div class=\"elementor-column elementor-col-25 elementor-inner-column elementor-element elementor-element-66cc439\" data-id=\"66cc439\" data-element_type=\"column\" data-settings=\"{&quot;background_background&quot;:&quot;classic&quot;}\">\n\t\t\t<div class=\"elementor-widget-wrap elementor-element-populated\">\n\t\t\t\t\t\t<div class=\"elementor-element elementor-element-092db22 elementor-widget elementor-widget-text-editor\" data-id=\"092db22\" data-element_type=\"widget\" data-widget_type=\"text-editor.default\">\n\t\t\t\t<div class=\"elementor-widget-container\">\n\t\t\t\t\t\t\t<p>Nossa vis\u00e3o:<br \/>\u201cSwansea \u00e9 um lugar onde as vozes das fam\u00edlias s\u00e3o valorizadas e efetivamente usadas para alcan\u00e7ar uma qualidade de vida igualit\u00e1ria e inclusiva para nossos filhos de todas as idades.\u201d<\/p>\t\t\t\t\t\t<\/div>\n\t\t\t\t<\/div>\n\t\t\t\t\t<\/div>\n\t\t<\/div>\n\t\t\t\t\t<\/div>\n\t\t<\/section>\n\t\t\t\t\t<\/div>\n\t\t<\/div>\n\t\t\t\t\t<\/div>\n\t\t<\/section>\n\t\t\t\t<section class=\"elementor-section elementor-top-section elementor-element elementor-element-b80f093 elementor-section-boxed elementor-section-height-default elementor-section-height-default\" data-id=\"b80f093\" data-element_type=\"section\">\n\t\t\t\t\t\t<div class=\"elementor-container elementor-column-gap-default\">\n\t\t\t\t\t<div class=\"elementor-column elementor-col-100 elementor-top-column elementor-element elementor-element-66fb84c\" data-id=\"66fb84c\" data-element_type=\"column\">\n\t\t\t<div class=\"elementor-widget-wrap elementor-element-populated\">\n\t\t\t\t\t\t<div class=\"elementor-element elementor-element-4ffb114 elementor-widget elementor-widget-heading\" data-id=\"4ffb114\" data-element_type=\"widget\" data-widget_type=\"heading.default\">\n\t\t\t\t<div class=\"elementor-widget-container\">\n\t\t\t<h3 class=\"elementor-heading-title elementor-size-default\">Aqui est\u00e1 um pequeno v\u00eddeo para nos apresentar...<\/h3>\t\t<\/div>\n\t\t\t\t<\/div>\n\t\t\t\t<div class=\"elementor-element elementor-element-d934627 elementor-widget elementor-widget-video\" data-id=\"d934627\" data-element_type=\"widget\" data-settings=\"{&quot;youtube_url&quot;:&quot;https:\\\/\\\/www.youtube.com\\\/watch?v=vqMUpKBJacQ&quot;,&quot;video_type&quot;:&quot;youtube&quot;,&quot;controls&quot;:&quot;yes&quot;}\" data-widget_type=\"video.default\">\n\t\t\t\t<div class=\"elementor-widget-container\">\n\t\t\t\t\t<div class=\"elementor-wrapper elementor-open-inline\">\n\t\t\t<div class=\"elementor-video\"><\/div>\t\t<\/div>\n\t\t\t\t<\/div>\n\t\t\t\t<\/div>\n\t\t\t\t\t<\/div>\n\t\t<\/div>\n\t\t\t\t\t<\/div>\n\t\t<\/section>\n\t\t\t\t<\/div>","protected":false},"excerpt":{"rendered":"<p>Trabalhando juntos para influenciar a mudan\u00e7a F\u00f3rum de Cuidadores de Pais de Swansea Quem \u00e9 o F\u00f3rum de Cuidadores de Pais de Swansea? Somos um grupo de pais cuidadores volunt\u00e1rios. Nossas crian\u00e7as est\u00e3o envolvidas com Servi\u00e7os para Crian\u00e7as, Servi\u00e7os para Adultos, Servi\u00e7os de Educa\u00e7\u00e3o e Sa\u00fade. Trabalhamos com a cidade e o condado de Swansea, mas somos independentes, e queremos garantir [\u2026]<\/p>","protected":false},"author":1,"featured_media":0,"parent":0,"menu_order":0,"comment_status":"closed","ping_status":"closed","template":"","meta":{"footnotes":""},"class_list":["post-7","page","type-page","status-publish","hentry"],"yoast_head":"<!-- This site is optimized with the Yoast SEO plugin v23.7 - https:\/\/yoast.com\/wordpress\/plugins\/seo\/ -->\n<title>Swansea Parent Carer Forum - Working together to influence change<\/title>\n<meta name=\"description\" content=\"Swansea Parent Carer Forum aim to make sure that local services meet the needs of disabled children, young people, adults and their families.\" \/>\n<meta name=\"robots\" content=\"index, follow, max-snippet:-1, max-image-preview:large, max-video-preview:-1\" \/>\n<link rel=\"canonical\" href=\"https:\/\/swanseapcf.org\/pt\/\" \/>\n<meta property=\"og:locale\" content=\"pt_PT\" \/>\n<meta property=\"og:type\" content=\"article\" \/>\n<meta property=\"og:title\" content=\"Swansea Parent Carer Forum - Working together to influence change\" \/>\n<meta property=\"og:description\" content=\"Swansea Parent Carer Forum aim to make sure that local services meet the needs of disabled children, young people, adults and their families.\" \/>\n<meta property=\"og:url\" content=\"https:\/\/swanseapcf.org\/pt\/\" \/>\n<meta property=\"og:site_name\" content=\"Swansea Parent Carer Forum\" \/>\n<meta property=\"article:publisher\" content=\"https:\/\/www.facebook.com\/SwanseaPCF\/\" \/>\n<meta property=\"article:modified_time\" content=\"2024-10-09T14:14:32+00:00\" \/>\n<meta property=\"og:image\" content=\"https:\/\/swanseapcf.org\/wp-content\/uploads\/2019\/10\/SPCF-OG-Logo.jpg\" \/>\n\t<meta property=\"og:image:width\" content=\"501\" \/>\n\t<meta property=\"og:image:height\" content=\"261\" \/>\n\t<meta property=\"og:image:type\" content=\"image\/jpeg\" \/>\n<meta name=\"twitter:card\" content=\"summary_large_image\" \/>\n<meta name=\"twitter:site\" content=\"@SwanseaPCF\" \/>\n<meta name=\"twitter:label1\" content=\"Tempo estimado de leitura\" \/>\n\t<meta name=\"twitter:data1\" content=\"2 minutos\" \/>\n<script type=\"application\/ld+json\" class=\"yoast-schema-graph\">{\"@context\":\"https:\/\/schema.org\",\"@graph\":[{\"@type\":\"WebPage\",\"@id\":\"https:\/\/swanseapcf.org\/\",\"url\":\"https:\/\/swanseapcf.org\/\",\"name\":\"Swansea Parent Carer Forum - Working together to influence change\",\"isPartOf\":{\"@id\":\"https:\/\/swanseapcf.org\/#website\"},\"datePublished\":\"2019-10-11T13:37:46+00:00\",\"dateModified\":\"2024-10-09T14:14:32+00:00\",\"description\":\"Swansea Parent Carer Forum aim to make sure that local services meet the needs of disabled children, young people, adults and their families.\",\"breadcrumb\":{\"@id\":\"https:\/\/swanseapcf.org\/#breadcrumb\"},\"inLanguage\":\"pt-PT\",\"potentialAction\":[{\"@type\":\"ReadAction\",\"target\":[\"https:\/\/swanseapcf.org\/\"]}]},{\"@type\":\"BreadcrumbList\",\"@id\":\"https:\/\/swanseapcf.org\/#breadcrumb\",\"itemListElement\":[{\"@type\":\"ListItem\",\"position\":1,\"name\":\"Home\",\"item\":\"https:\/\/swanseapcf.org\/\"},{\"@type\":\"ListItem\",\"position\":2,\"name\":\"Swansea Parent Carer Forum\"}]},{\"@type\":\"WebSite\",\"@id\":\"https:\/\/swanseapcf.org\/#website\",\"url\":\"https:\/\/swanseapcf.org\/\",\"name\":\"Swansea Parent Carer Forum\",\"description\":\"Working together to influence chnage\",\"publisher\":{\"@id\":\"https:\/\/swanseapcf.org\/#organization\"},\"potentialAction\":[{\"@type\":\"SearchAction\",\"target\":{\"@type\":\"EntryPoint\",\"urlTemplate\":\"https:\/\/swanseapcf.org\/?s={search_term_string}\"},\"query-input\":{\"@type\":\"PropertyValueSpecification\",\"valueRequired\":true,\"valueName\":\"search_term_string\"}}],\"inLanguage\":\"pt-PT\"},{\"@type\":\"Organization\",\"@id\":\"https:\/\/swanseapcf.org\/#organization\",\"name\":\"Swansea Parent Care Forum\",\"url\":\"https:\/\/swanseapcf.org\/\",\"logo\":{\"@type\":\"ImageObject\",\"inLanguage\":\"pt-PT\",\"@id\":\"https:\/\/swanseapcf.org\/#\/schema\/logo\/image\/\",\"url\":\"https:\/\/swanseapcf.org\/wp-content\/uploads\/2019\/10\/SPCF-Logo@2x.png\",\"contentUrl\":\"https:\/\/swanseapcf.org\/wp-content\/uploads\/2019\/10\/SPCF-Logo@2x.png\",\"width\":768,\"height\":202,\"caption\":\"Swansea Parent Care Forum\"},\"image\":{\"@id\":\"https:\/\/swanseapcf.org\/#\/schema\/logo\/image\/\"},\"sameAs\":[\"https:\/\/www.facebook.com\/SwanseaPCF\/\",\"https:\/\/x.com\/SwanseaPCF\",\"https:\/\/www.instagram.com\/swanseapcf\/\",\"https:\/\/www.youtube.com\/channel\/UCOTKLBxoPadw_LYukVDhs3Q\"]}]}<\/script>\n<!-- \/ Yoast SEO plugin. -->","yoast_head_json":{"title":"Swansea Parent Carer Forum - Working together to influence change","description":"Swansea Parent Carer Forum aim to make sure that local services meet the needs of disabled children, young people, adults and their families.","robots":{"index":"index","follow":"follow","max-snippet":"max-snippet:-1","max-image-preview":"max-image-preview:large","max-video-preview":"max-video-preview:-1"},"canonical":"https:\/\/swanseapcf.org\/pt\/","og_locale":"pt_PT","og_type":"article","og_title":"Swansea Parent Carer Forum - Working together to influence change","og_description":"Swansea Parent Carer Forum aim to make sure that local services meet the needs of disabled children, young people, adults and their families.","og_url":"https:\/\/swanseapcf.org\/pt\/","og_site_name":"Swansea Parent Carer Forum","article_publisher":"https:\/\/www.facebook.com\/SwanseaPCF\/","article_modified_time":"2024-10-09T14:14:32+00:00","og_image":[{"width":501,"height":261,"url":"https:\/\/swanseapcf.org\/wp-content\/uploads\/2019\/10\/SPCF-OG-Logo.jpg","type":"image\/jpeg"}],"twitter_card":"summary_large_image","twitter_site":"@SwanseaPCF","twitter_misc":{"Tempo estimado de leitura":"2 minutos"},"schema":{"@context":"https:\/\/schema.org","@graph":[{"@type":"WebPage","@id":"https:\/\/swanseapcf.org\/","url":"https:\/\/swanseapcf.org\/","name":"Swansea Parent Carer Forum - Working together to influence change","isPartOf":{"@id":"https:\/\/swanseapcf.org\/#website"},"datePublished":"2019-10-11T13:37:46+00:00","dateModified":"2024-10-09T14:14:32+00:00","description":"Swansea Parent Carer Forum aim to make sure that local services meet the needs of disabled children, young people, adults and their families.","breadcrumb":{"@id":"https:\/\/swanseapcf.org\/#breadcrumb"},"inLanguage":"pt-PT","potentialAction":[{"@type":"ReadAction","target":["https:\/\/swanseapcf.org\/"]}]},{"@type":"BreadcrumbList","@id":"https:\/\/swanseapcf.org\/#breadcrumb","itemListElement":[{"@type":"ListItem","position":1,"name":"Home","item":"https:\/\/swanseapcf.org\/"},{"@type":"ListItem","position":2,"name":"Swansea Parent Carer Forum"}]},{"@type":"WebSite","@id":"https:\/\/swanseapcf.org\/#website","url":"https:\/\/swanseapcf.org\/","name":"Swansea Parent Carer Forum","description":"Working together to influence chnage","publisher":{"@id":"https:\/\/swanseapcf.org\/#organization"},"potentialAction":[{"@type":"SearchAction","target":{"@type":"EntryPoint","urlTemplate":"https:\/\/swanseapcf.org\/?s={search_term_string}"},"query-input":{"@type":"PropertyValueSpecification","valueRequired":true,"valueName":"search_term_string"}}],"inLanguage":"pt-PT"},{"@type":"Organization","@id":"https:\/\/swanseapcf.org\/#organization","name":"Swansea Parent Care Forum","url":"https:\/\/swanseapcf.org\/","logo":{"@type":"ImageObject","inLanguage":"pt-PT","@id":"https:\/\/swanseapcf.org\/#\/schema\/logo\/image\/","url":"https:\/\/swanseapcf.org\/wp-content\/uploads\/2019\/10\/SPCF-Logo@2x.png","contentUrl":"https:\/\/swanseapcf.org\/wp-content\/uploads\/2019\/10\/SPCF-Logo@2x.png","width":768,"height":202,"caption":"Swansea Parent Care Forum"},"image":{"@id":"https:\/\/swanseapcf.org\/#\/schema\/logo\/image\/"},"sameAs":["https:\/\/www.facebook.com\/SwanseaPCF\/","https:\/\/x.com\/SwanseaPCF","https:\/\/www.instagram.com\/swanseapcf\/","https:\/\/www.youtube.com\/channel\/UCOTKLBxoPadw_LYukVDhs3Q"]}]}},"_links":{"self":[{"href":"https:\/\/swanseapcf.org\/pt\/wp-json\/wp\/v2\/pages\/7"}],"collection":[{"href":"https:\/\/swanseapcf.org\/pt\/wp-json\/wp\/v2\/pages"}],"about":[{"href":"https:\/\/swanseapcf.org\/pt\/wp-json\/wp\/v2\/types\/page"}],"author":[{"embeddable":true,"href":"https:\/\/swanseapcf.org\/pt\/wp-json\/wp\/v2\/users\/1"}],"replies":[{"embeddable":true,"href":"https:\/\/swanseapcf.org\/pt\/wp-json\/wp\/v2\/comments?post=7"}],"version-history":[{"count":116,"href":"https:\/\/swanseapcf.org\/pt\/wp-json\/wp\/v2\/pages\/7\/revisions"}],"predecessor-version":[{"id":1168,"href":"https:\/\/swanseapcf.org\/pt\/wp-json\/wp\/v2\/pages\/7\/revisions\/1168"}],"wp:attachment":[{"href":"https:\/\/swanseapcf.org\/pt\/wp-json\/wp\/v2\/media?parent=7"}],"curies":[{"name":"wp","href":"https:\/\/api.w.org\/{rel}","templated":true}]}}