{"id":222,"date":"2019-10-17T15:19:01","date_gmt":"2019-10-17T14:19:01","guid":{"rendered":"https:\/\/swanseapcf.org\/cookie-policy\/"},"modified":"2019-10-17T15:53:18","modified_gmt":"2019-10-17T14:53:18","slug":"cookie-policy","status":"publish","type":"page","link":"https:\/\/swanseapcf.org\/pt\/cookie-policy\/","title":{"rendered":"Pol\u00edtica de Cookies"},"content":{"rendered":"<div data-elementor-type=\"wp-page\" data-elementor-id=\"222\" class=\"elementor elementor-222\" data-elementor-post-type=\"page\">\n\t\t\t\t\t\t<section class=\"elementor-section elementor-top-section elementor-element elementor-element-a8daeeb elementor-section-boxed elementor-section-height-default elementor-section-height-default\" data-id=\"a8daeeb\" data-element_type=\"section\">\n\t\t\t\t\t\t<div class=\"elementor-container elementor-column-gap-default\">\n\t\t\t\t\t<div class=\"elementor-column elementor-col-100 elementor-top-column elementor-element elementor-element-eee2fd9\" data-id=\"eee2fd9\" data-element_type=\"column\">\n\t\t\t<div class=\"elementor-widget-wrap elementor-element-populated\">\n\t\t\t\t\t\t<div class=\"elementor-element elementor-element-e9069ab elementor-widget elementor-widget-heading\" data-id=\"e9069ab\" data-element_type=\"widget\" data-widget_type=\"heading.default\">\n\t\t\t\t<div class=\"elementor-widget-container\">\n\t\t\t<h2 class=\"elementor-heading-title elementor-size-default\">Biscoitos<\/h2>\t\t<\/div>\n\t\t\t\t<\/div>\n\t\t\t\t\t<\/div>\n\t\t<\/div>\n\t\t\t\t\t<\/div>\n\t\t<\/section>\n\t\t\t\t<section class=\"elementor-section elementor-top-section elementor-element elementor-element-a2c3489 elementor-section-boxed elementor-section-height-default elementor-section-height-default\" data-id=\"a2c3489\" data-element_type=\"section\">\n\t\t\t\t\t\t<div class=\"elementor-container elementor-column-gap-default\">\n\t\t\t\t\t<div class=\"elementor-column elementor-col-100 elementor-top-column elementor-element elementor-element-520529b8\" data-id=\"520529b8\" data-element_type=\"column\">\n\t\t\t<div class=\"elementor-widget-wrap elementor-element-populated\">\n\t\t\t\t\t\t<div class=\"elementor-element elementor-element-7cb2502e elementor-widget elementor-widget-text-editor\" data-id=\"7cb2502e\" data-element_type=\"widget\" data-widget_type=\"text-editor.default\">\n\t\t\t\t<div class=\"elementor-widget-container\">\n\t\t\t\t\t\t\t<p><strong>Este site usa cookies<\/strong> - pequenos arquivos de texto que s\u00e3o colocados em sua m\u00e1quina para ajudar o site a fornecer uma melhor experi\u00eancia do usu\u00e1rio. Em geral, os cookies s\u00e3o usados para reter as prefer\u00eancias do usu\u00e1rio, armazenar informa\u00e7\u00f5es para itens como cestas de compras e fornecer dados de rastreamento an\u00f4nimos para aplicativos de terceiros, como o Google Analytics. Como regra, os cookies tornar\u00e3o sua experi\u00eancia de navega\u00e7\u00e3o melhor. No entanto, voc\u00ea pode preferir desativar os cookies neste site e em outros. A maneira mais eficaz de fazer isso \u00e9 desabilitar os cookies do seu navegador. Sugerimos consultar a se\u00e7\u00e3o de Ajuda do seu navegador ou dar uma olhada em <a href=\"http:\/\/www.aboutcookies.org\">o site Sobre Cookies<\/a> que oferece orienta\u00e7\u00e3o para todos os navegadores modernos<\/p>\t\t\t\t\t\t<\/div>\n\t\t\t\t<\/div>\n\t\t\t\t\t<\/div>\n\t\t<\/div>\n\t\t\t\t\t<\/div>\n\t\t<\/section>\n\t\t\t\t<\/div>","protected":false},"excerpt":{"rendered":"<p>Cookies Este site utiliza cookies \u2013 pequenos arquivos de texto que s\u00e3o colocados no seu computador para ajudar o site a proporcionar uma melhor experi\u00eancia ao usu\u00e1rio. Em geral, os cookies s\u00e3o usados para reter as prefer\u00eancias do usu\u00e1rio, armazenar informa\u00e7\u00f5es para itens como carrinhos de compras e fornecer dados de rastreamento an\u00f4nimos para aplicativos de terceiros, como o Google Analytics. Como regra, [\u2026]<\/p>","protected":false},"author":1,"featured_media":0,"parent":0,"menu_order":0,"comment_status":"closed","ping_status":"closed","template":"","meta":{"footnotes":""},"class_list":["post-222","page","type-page","status-publish","hentry"],"yoast_head":"<!-- This site is optimized with the Yoast SEO plugin v23.7 - https:\/\/yoast.com\/wordpress\/plugins\/seo\/ -->\n<title>Cookie Policy - Swansea Parent Carer Forum<\/title>\n<meta name=\"robots\" content=\"noindex, follow\" \/>\n<meta property=\"og:locale\" content=\"pt_PT\" \/>\n<meta property=\"og:type\" content=\"article\" \/>\n<meta property=\"og:title\" content=\"Cookie Policy - Swansea Parent Carer Forum\" \/>\n<meta property=\"og:description\" content=\"Cookies This site uses cookies &#8211; small text files that are placed on your machine to help the site provide a better user experience. In general, cookies are used to retain user preferences, store information for things like shopping baskets, and provide anonymised tracking data to third party applications like Google Analytics. As a rule, [&hellip;]\" \/>\n<meta property=\"og:url\" content=\"https:\/\/swanseapcf.org\/pt\/cookie-policy\/\" \/>\n<meta property=\"og:site_name\" content=\"Swansea Parent Carer Forum\" \/>\n<meta property=\"article:publisher\" content=\"https:\/\/www.facebook.com\/SwanseaPCF\/\" \/>\n<meta property=\"article:modified_time\" content=\"2019-10-17T14:53:18+00:00\" \/>\n<meta property=\"og:image\" content=\"https:\/\/swanseapcf.org\/wp-content\/uploads\/2019\/10\/SPCF-OG-Logo.jpg\" \/>\n\t<meta property=\"og:image:width\" content=\"501\" \/>\n\t<meta property=\"og:image:height\" content=\"261\" \/>\n\t<meta property=\"og:image:type\" content=\"image\/jpeg\" \/>\n<meta name=\"twitter:card\" content=\"summary_large_image\" \/>\n<meta name=\"twitter:site\" content=\"@SwanseaPCF\" \/>\n<meta name=\"twitter:label1\" content=\"Tempo estimado de leitura\" \/>\n\t<meta name=\"twitter:data1\" content=\"1 minuto\" \/>\n<script type=\"application\/ld+json\" class=\"yoast-schema-graph\">{\"@context\":\"https:\/\/schema.org\",\"@graph\":[{\"@type\":\"WebPage\",\"@id\":\"https:\/\/swanseapcf.org\/ar\/cookie-policy\/\",\"url\":\"https:\/\/swanseapcf.org\/ar\/cookie-policy\/\",\"name\":\"Cookie Policy - Swansea Parent Carer Forum\",\"isPartOf\":{\"@id\":\"https:\/\/swanseapcf.org\/#website\"},\"datePublished\":\"2019-10-17T14:19:01+00:00\",\"dateModified\":\"2019-10-17T14:53:18+00:00\",\"breadcrumb\":{\"@id\":\"https:\/\/swanseapcf.org\/ar\/cookie-policy\/#breadcrumb\"},\"inLanguage\":\"pt-PT\",\"potentialAction\":[{\"@type\":\"ReadAction\",\"target\":[\"https:\/\/swanseapcf.org\/ar\/cookie-policy\/\"]}]},{\"@type\":\"BreadcrumbList\",\"@id\":\"https:\/\/swanseapcf.org\/ar\/cookie-policy\/#breadcrumb\",\"itemListElement\":[{\"@type\":\"ListItem\",\"position\":1,\"name\":\"Home\",\"item\":\"https:\/\/swanseapcf.org\/\"},{\"@type\":\"ListItem\",\"position\":2,\"name\":\"Cookie Policy\"}]},{\"@type\":\"WebSite\",\"@id\":\"https:\/\/swanseapcf.org\/#website\",\"url\":\"https:\/\/swanseapcf.org\/\",\"name\":\"Swansea Parent Carer Forum\",\"description\":\"Working together to influence chnage\",\"publisher\":{\"@id\":\"https:\/\/swanseapcf.org\/#organization\"},\"potentialAction\":[{\"@type\":\"SearchAction\",\"target\":{\"@type\":\"EntryPoint\",\"urlTemplate\":\"https:\/\/swanseapcf.org\/?s={search_term_string}\"},\"query-input\":{\"@type\":\"PropertyValueSpecification\",\"valueRequired\":true,\"valueName\":\"search_term_string\"}}],\"inLanguage\":\"pt-PT\"},{\"@type\":\"Organization\",\"@id\":\"https:\/\/swanseapcf.org\/#organization\",\"name\":\"Swansea Parent Care Forum\",\"url\":\"https:\/\/swanseapcf.org\/\",\"logo\":{\"@type\":\"ImageObject\",\"inLanguage\":\"pt-PT\",\"@id\":\"https:\/\/swanseapcf.org\/#\/schema\/logo\/image\/\",\"url\":\"https:\/\/swanseapcf.org\/wp-content\/uploads\/2019\/10\/SPCF-Logo@2x.png\",\"contentUrl\":\"https:\/\/swanseapcf.org\/wp-content\/uploads\/2019\/10\/SPCF-Logo@2x.png\",\"width\":768,\"height\":202,\"caption\":\"Swansea Parent Care Forum\"},\"image\":{\"@id\":\"https:\/\/swanseapcf.org\/#\/schema\/logo\/image\/\"},\"sameAs\":[\"https:\/\/www.facebook.com\/SwanseaPCF\/\",\"https:\/\/x.com\/SwanseaPCF\",\"https:\/\/www.instagram.com\/swanseapcf\/\",\"https:\/\/www.youtube.com\/channel\/UCOTKLBxoPadw_LYukVDhs3Q\"]}]}<\/script>\n<!-- \/ Yoast SEO plugin. -->","yoast_head_json":{"title":"Cookie Policy - Swansea Parent Carer Forum","robots":{"index":"noindex","follow":"follow"},"og_locale":"pt_PT","og_type":"article","og_title":"Cookie Policy - Swansea Parent Carer Forum","og_description":"Cookies This site uses cookies &#8211; small text files that are placed on your machine to help the site provide a better user experience. In general, cookies are used to retain user preferences, store information for things like shopping baskets, and provide anonymised tracking data to third party applications like Google Analytics. As a rule, [&hellip;]","og_url":"https:\/\/swanseapcf.org\/pt\/cookie-policy\/","og_site_name":"Swansea Parent Carer Forum","article_publisher":"https:\/\/www.facebook.com\/SwanseaPCF\/","article_modified_time":"2019-10-17T14:53:18+00:00","og_image":[{"width":501,"height":261,"url":"https:\/\/swanseapcf.org\/wp-content\/uploads\/2019\/10\/SPCF-OG-Logo.jpg","type":"image\/jpeg"}],"twitter_card":"summary_large_image","twitter_site":"@SwanseaPCF","twitter_misc":{"Tempo estimado de leitura":"1 minuto"},"schema":{"@context":"https:\/\/schema.org","@graph":[{"@type":"WebPage","@id":"https:\/\/swanseapcf.org\/ar\/cookie-policy\/","url":"https:\/\/swanseapcf.org\/ar\/cookie-policy\/","name":"Cookie Policy - Swansea Parent Carer Forum","isPartOf":{"@id":"https:\/\/swanseapcf.org\/#website"},"datePublished":"2019-10-17T14:19:01+00:00","dateModified":"2019-10-17T14:53:18+00:00","breadcrumb":{"@id":"https:\/\/swanseapcf.org\/ar\/cookie-policy\/#breadcrumb"},"inLanguage":"pt-PT","potentialAction":[{"@type":"ReadAction","target":["https:\/\/swanseapcf.org\/ar\/cookie-policy\/"]}]},{"@type":"BreadcrumbList","@id":"https:\/\/swanseapcf.org\/ar\/cookie-policy\/#breadcrumb","itemListElement":[{"@type":"ListItem","position":1,"name":"Home","item":"https:\/\/swanseapcf.org\/"},{"@type":"ListItem","position":2,"name":"Cookie Policy"}]},{"@type":"WebSite","@id":"https:\/\/swanseapcf.org\/#website","url":"https:\/\/swanseapcf.org\/","name":"Swansea Parent Carer Forum","description":"Working together to influence chnage","publisher":{"@id":"https:\/\/swanseapcf.org\/#organization"},"potentialAction":[{"@type":"SearchAction","target":{"@type":"EntryPoint","urlTemplate":"https:\/\/swanseapcf.org\/?s={search_term_string}"},"query-input":{"@type":"PropertyValueSpecification","valueRequired":true,"valueName":"search_term_string"}}],"inLanguage":"pt-PT"},{"@type":"Organization","@id":"https:\/\/swanseapcf.org\/#organization","name":"Swansea Parent Care Forum","url":"https:\/\/swanseapcf.org\/","logo":{"@type":"ImageObject","inLanguage":"pt-PT","@id":"https:\/\/swanseapcf.org\/#\/schema\/logo\/image\/","url":"https:\/\/swanseapcf.org\/wp-content\/uploads\/2019\/10\/SPCF-Logo@2x.png","contentUrl":"https:\/\/swanseapcf.org\/wp-content\/uploads\/2019\/10\/SPCF-Logo@2x.png","width":768,"height":202,"caption":"Swansea Parent Care Forum"},"image":{"@id":"https:\/\/swanseapcf.org\/#\/schema\/logo\/image\/"},"sameAs":["https:\/\/www.facebook.com\/SwanseaPCF\/","https:\/\/x.com\/SwanseaPCF","https:\/\/www.instagram.com\/swanseapcf\/","https:\/\/www.youtube.com\/channel\/UCOTKLBxoPadw_LYukVDhs3Q"]}]}},"_links":{"self":[{"href":"https:\/\/swanseapcf.org\/pt\/wp-json\/wp\/v2\/pages\/222"}],"collection":[{"href":"https:\/\/swanseapcf.org\/pt\/wp-json\/wp\/v2\/pages"}],"about":[{"href":"https:\/\/swanseapcf.org\/pt\/wp-json\/wp\/v2\/types\/page"}],"author":[{"embeddable":true,"href":"https:\/\/swanseapcf.org\/pt\/wp-json\/wp\/v2\/users\/1"}],"replies":[{"embeddable":true,"href":"https:\/\/swanseapcf.org\/pt\/wp-json\/wp\/v2\/comments?post=222"}],"version-history":[{"count":4,"href":"https:\/\/swanseapcf.org\/pt\/wp-json\/wp\/v2\/pages\/222\/revisions"}],"predecessor-version":[{"id":232,"href":"https:\/\/swanseapcf.org\/pt\/wp-json\/wp\/v2\/pages\/222\/revisions\/232"}],"wp:attachment":[{"href":"https:\/\/swanseapcf.org\/pt\/wp-json\/wp\/v2\/media?parent=222"}],"curies":[{"name":"wp","href":"https:\/\/api.w.org\/{rel}","templated":true}]}}