{"id":164,"date":"2019-10-17T10:11:38","date_gmt":"2019-10-17T09:11:38","guid":{"rendered":"https:\/\/swanseapcf.org\/?page_id=164"},"modified":"2021-07-11T20:55:35","modified_gmt":"2021-07-11T19:55:35","slug":"privacy-policy","status":"publish","type":"page","link":"https:\/\/swanseapcf.org\/pt\/privacy-policy\/","title":{"rendered":"Pol\u00edtica de Privacidade"},"content":{"rendered":"<div data-elementor-type=\"wp-page\" data-elementor-id=\"164\" class=\"elementor elementor-164\" data-elementor-post-type=\"page\">\n\t\t\t\t\t\t<section class=\"elementor-section elementor-top-section elementor-element elementor-element-0ee29ab elementor-section-boxed elementor-section-height-default elementor-section-height-default\" data-id=\"0ee29ab\" data-element_type=\"section\">\n\t\t\t\t\t\t<div class=\"elementor-container elementor-column-gap-default\">\n\t\t\t\t\t<div class=\"elementor-column elementor-col-100 elementor-top-column elementor-element elementor-element-857de8b\" data-id=\"857de8b\" data-element_type=\"column\">\n\t\t\t<div class=\"elementor-widget-wrap elementor-element-populated\">\n\t\t\t\t\t\t<div class=\"elementor-element elementor-element-9c303f8 elementor-widget elementor-widget-heading\" data-id=\"9c303f8\" data-element_type=\"widget\" data-widget_type=\"heading.default\">\n\t\t\t\t<div class=\"elementor-widget-container\">\n\t\t\t<h2 class=\"elementor-heading-title elementor-size-default\">Pol\u00edtica de Privacidade e Prote\u00e7\u00e3o de Dados do Swansea PCF<\/h2>\t\t<\/div>\n\t\t\t\t<\/div>\n\t\t\t\t\t<\/div>\n\t\t<\/div>\n\t\t\t\t\t<\/div>\n\t\t<\/section>\n\t\t\t\t<section class=\"elementor-section elementor-top-section elementor-element elementor-element-7b1e6a5 elementor-reverse-mobile elementor-section-boxed elementor-section-height-default elementor-section-height-default\" data-id=\"7b1e6a5\" data-element_type=\"section\" data-settings=\"{&quot;background_background&quot;:&quot;classic&quot;}\">\n\t\t\t\t\t\t<div class=\"elementor-container elementor-column-gap-default\">\n\t\t\t\t\t<div class=\"elementor-column elementor-col-100 elementor-top-column elementor-element elementor-element-e36585b\" data-id=\"e36585b\" data-element_type=\"column\">\n\t\t\t<div class=\"elementor-widget-wrap elementor-element-populated\">\n\t\t\t\t\t\t<div class=\"elementor-element elementor-element-9a1dea7 elementor-widget elementor-widget-text-editor\" data-id=\"9a1dea7\" data-element_type=\"widget\" data-widget_type=\"text-editor.default\">\n\t\t\t\t<div class=\"elementor-widget-container\">\n\t\t\t\t\t\t\t<p>Swansea Parent Carer Forum (SPCF) cumprir\u00e1 integralmente com o Reino Unido <a href=\"https:\/\/www.gov.uk\/government\/publications\/guide-to-the-general-data-protection-regulation\" target=\"_blank\" rel=\"noopener\">Regulamento Geral de Prote\u00e7\u00e3o de Dados 2018 (GDPR)<\/a> e os princ\u00edpios estritos que estabelecem que as informa\u00e7\u00f5es devem ser:<\/p><ul><li>Processado de forma justa, legal e transparente em rela\u00e7\u00e3o ao titular dos dados.<\/li><li>Coletados para fins espec\u00edficos, expl\u00edcitos e leg\u00edtimos, e n\u00e3o processados posteriormente para outros fins incompat\u00edveis com esses fins. O processamento posterior para fins de arquivo ou fins estat\u00edsticos \u00e9 considerado compat\u00edvel com os fins iniciais.<\/li><li>Adequado, relevante e limitado ao necess\u00e1rio em rela\u00e7\u00e3o \u00e0 finalidade para a qual os dados s\u00e3o processados.<\/li><li>Exatos e, quando necess\u00e1rio, atualizados. Devem ser tomadas medidas razo\u00e1veis para garantir que os dados pessoais inexatos, tendo em conta a finalidade para a qual s\u00e3o processados, sejam removidos ou retificados sem demora.<\/li><li>Conservado de forma que permita a identifica\u00e7\u00e3o dos titulares dos dados por um per\u00edodo n\u00e3o superior ao necess\u00e1rio para os fins para os quais os dados pessoais s\u00e3o processados. Os dados pessoais podem ser armazenados por per\u00edodos mais longos se os dados pessoais forem processados apenas para fins de arquivamento, no interesse de fins de pesquisa p\u00fablica, cient\u00edfica ou hist\u00f3rica, sujeito \u00e0 implementa\u00e7\u00e3o das medidas t\u00e9cnicas e organizacionais adequadas exigidas pelo GDPR a fim de salvaguardar os direitos e liberdades dos indiv\u00edduos.<\/li><li>Processado de forma a garantir a seguran\u00e7a adequada dos dados pessoais, incluindo prote\u00e7\u00e3o contra processamento ilegal ou n\u00e3o autorizado e contra perda, destrui\u00e7\u00e3o ou dano acidental, usando medidas t\u00e9cnicas ou organizacionais apropriadas.<\/li><\/ul>\t\t\t\t\t\t<\/div>\n\t\t\t\t<\/div>\n\t\t\t\t<div class=\"elementor-element elementor-element-0a1cc24 elementor-widget elementor-widget-heading\" data-id=\"0a1cc24\" data-element_type=\"widget\" data-widget_type=\"heading.default\">\n\t\t\t\t<div class=\"elementor-widget-container\">\n\t\t\t<h3 class=\"elementor-heading-title elementor-size-default\">Declara\u00e7\u00e3o de privacidade<\/h3>\t\t<\/div>\n\t\t\t\t<\/div>\n\t\t\t\t<div class=\"elementor-element elementor-element-03868c2 elementor-widget elementor-widget-text-editor\" data-id=\"03868c2\" data-element_type=\"widget\" data-widget_type=\"text-editor.default\">\n\t\t\t\t<div class=\"elementor-widget-container\">\n\t\t\t\t\t\t\t<ul><li>O Swansea Parent Carer Forum (SPCF) manter\u00e1 as informa\u00e7\u00f5es pessoais seguras e protegidas, sejam elas armazenadas em papel ou eletronicamente.<\/li><li>As informa\u00e7\u00f5es mantidas n\u00e3o ser\u00e3o divulgadas a nenhuma outra parte, a menos que tenham autoridade para v\u00ea-las ou permiss\u00e3o espec\u00edfica da pessoa a quem se referem.<\/li><li>Qualquer pessoa pode solicitar que suas informa\u00e7\u00f5es pessoais sejam removidas de nossos registros a qualquer momento.<\/li><li>Qualquer pessoa pode solicitar uma c\u00f3pia das informa\u00e7\u00f5es mantidas sobre ela pela SPCF a qualquer momento.<\/li><li>O banco de dados de membros n\u00e3o pode ser enviado por e-mail em nenhuma circunst\u00e2ncia e ser\u00e1 mantido em um sistema com acesso criptografado.<\/li><li>O banco de dados de membros s\u00f3 pode ser mantido por membros nomeados da Equipe de Lideran\u00e7a ou funcion\u00e1rios que trabalham para a SPCF.<\/li><li>Esta pol\u00edtica ser\u00e1 revisada anualmente.<\/li><\/ul>\t\t\t\t\t\t<\/div>\n\t\t\t\t<\/div>\n\t\t\t\t\t<\/div>\n\t\t<\/div>\n\t\t\t\t\t<\/div>\n\t\t<\/section>\n\t\t\t\t<\/div>","protected":false},"excerpt":{"rendered":"<p>Pol\u00edtica de privacidade e prote\u00e7\u00e3o de dados do Swansea PCF O Swansea Parent Carer Forum (SPCF) cumprir\u00e1 integralmente o Regulamento Geral de Prote\u00e7\u00e3o de Dados do Reino Unido 2018 (GDPR) e os princ\u00edpios estritos que estabelecem que as informa\u00e7\u00f5es devem ser: Processadas de forma justa, legal e transparente em rela\u00e7\u00e3o a o titular dos dados. Coletados para fins espec\u00edficos, expl\u00edcitos e leg\u00edtimos, e [...]<\/p>","protected":false},"author":1,"featured_media":0,"parent":0,"menu_order":0,"comment_status":"closed","ping_status":"closed","template":"","meta":{"footnotes":""},"class_list":["post-164","page","type-page","status-publish","hentry"],"yoast_head":"<!-- This site is optimized with the Yoast SEO plugin v23.7 - https:\/\/yoast.com\/wordpress\/plugins\/seo\/ -->\n<title>Privacy Policy - Swansea Parent Carer Forum<\/title>\n<meta name=\"robots\" content=\"noindex, follow\" \/>\n<meta property=\"og:locale\" content=\"pt_PT\" \/>\n<meta property=\"og:type\" content=\"article\" \/>\n<meta property=\"og:title\" content=\"Privacy Policy - Swansea Parent Carer Forum\" \/>\n<meta property=\"og:description\" content=\"Swansea PCF Data Protection &#038; Privacy Policy Swansea Parent Carer Forum (SPCF) will fully comply with the UK General Data Protection Regulation 2018 (GDPR) and the strict principles stating that information must be: Processed fairly, lawfully and in a transparent manner in relation to the data subject. Collected for specified, explicit and legitimate purposes, and [&hellip;]\" \/>\n<meta property=\"og:url\" content=\"https:\/\/swanseapcf.org\/pt\/privacy-policy\/\" \/>\n<meta property=\"og:site_name\" content=\"Swansea Parent Carer Forum\" \/>\n<meta property=\"article:publisher\" content=\"https:\/\/www.facebook.com\/SwanseaPCF\/\" \/>\n<meta property=\"article:modified_time\" content=\"2021-07-11T19:55:35+00:00\" \/>\n<meta property=\"og:image\" content=\"https:\/\/swanseapcf.org\/wp-content\/uploads\/2019\/10\/SPCF-OG-Logo.jpg\" \/>\n\t<meta property=\"og:image:width\" content=\"501\" \/>\n\t<meta property=\"og:image:height\" content=\"261\" \/>\n\t<meta property=\"og:image:type\" content=\"image\/jpeg\" \/>\n<meta name=\"twitter:card\" content=\"summary_large_image\" \/>\n<meta name=\"twitter:site\" content=\"@SwanseaPCF\" \/>\n<meta name=\"twitter:label1\" content=\"Tempo estimado de leitura\" \/>\n\t<meta name=\"twitter:data1\" content=\"2 minutos\" \/>\n<script type=\"application\/ld+json\" class=\"yoast-schema-graph\">{\"@context\":\"https:\/\/schema.org\",\"@graph\":[{\"@type\":\"WebPage\",\"@id\":\"https:\/\/swanseapcf.org\/privacy-policy\/\",\"url\":\"https:\/\/swanseapcf.org\/privacy-policy\/\",\"name\":\"Privacy Policy - Swansea Parent Carer Forum\",\"isPartOf\":{\"@id\":\"https:\/\/swanseapcf.org\/#website\"},\"datePublished\":\"2019-10-17T09:11:38+00:00\",\"dateModified\":\"2021-07-11T19:55:35+00:00\",\"breadcrumb\":{\"@id\":\"https:\/\/swanseapcf.org\/privacy-policy\/#breadcrumb\"},\"inLanguage\":\"pt-PT\",\"potentialAction\":[{\"@type\":\"ReadAction\",\"target\":[\"https:\/\/swanseapcf.org\/privacy-policy\/\"]}]},{\"@type\":\"BreadcrumbList\",\"@id\":\"https:\/\/swanseapcf.org\/privacy-policy\/#breadcrumb\",\"itemListElement\":[{\"@type\":\"ListItem\",\"position\":1,\"name\":\"Home\",\"item\":\"https:\/\/swanseapcf.org\/\"},{\"@type\":\"ListItem\",\"position\":2,\"name\":\"Privacy Policy\"}]},{\"@type\":\"WebSite\",\"@id\":\"https:\/\/swanseapcf.org\/#website\",\"url\":\"https:\/\/swanseapcf.org\/\",\"name\":\"Swansea Parent Carer Forum\",\"description\":\"Working together to influence chnage\",\"publisher\":{\"@id\":\"https:\/\/swanseapcf.org\/#organization\"},\"potentialAction\":[{\"@type\":\"SearchAction\",\"target\":{\"@type\":\"EntryPoint\",\"urlTemplate\":\"https:\/\/swanseapcf.org\/?s={search_term_string}\"},\"query-input\":{\"@type\":\"PropertyValueSpecification\",\"valueRequired\":true,\"valueName\":\"search_term_string\"}}],\"inLanguage\":\"pt-PT\"},{\"@type\":\"Organization\",\"@id\":\"https:\/\/swanseapcf.org\/#organization\",\"name\":\"Swansea Parent Care Forum\",\"url\":\"https:\/\/swanseapcf.org\/\",\"logo\":{\"@type\":\"ImageObject\",\"inLanguage\":\"pt-PT\",\"@id\":\"https:\/\/swanseapcf.org\/#\/schema\/logo\/image\/\",\"url\":\"https:\/\/swanseapcf.org\/wp-content\/uploads\/2019\/10\/SPCF-Logo@2x.png\",\"contentUrl\":\"https:\/\/swanseapcf.org\/wp-content\/uploads\/2019\/10\/SPCF-Logo@2x.png\",\"width\":768,\"height\":202,\"caption\":\"Swansea Parent Care Forum\"},\"image\":{\"@id\":\"https:\/\/swanseapcf.org\/#\/schema\/logo\/image\/\"},\"sameAs\":[\"https:\/\/www.facebook.com\/SwanseaPCF\/\",\"https:\/\/x.com\/SwanseaPCF\",\"https:\/\/www.instagram.com\/swanseapcf\/\",\"https:\/\/www.youtube.com\/channel\/UCOTKLBxoPadw_LYukVDhs3Q\"]}]}<\/script>\n<!-- \/ Yoast SEO plugin. -->","yoast_head_json":{"title":"Privacy Policy - Swansea Parent Carer Forum","robots":{"index":"noindex","follow":"follow"},"og_locale":"pt_PT","og_type":"article","og_title":"Privacy Policy - Swansea Parent Carer Forum","og_description":"Swansea PCF Data Protection &#038; Privacy Policy Swansea Parent Carer Forum (SPCF) will fully comply with the UK General Data Protection Regulation 2018 (GDPR) and the strict principles stating that information must be: Processed fairly, lawfully and in a transparent manner in relation to the data subject. Collected for specified, explicit and legitimate purposes, and [&hellip;]","og_url":"https:\/\/swanseapcf.org\/pt\/privacy-policy\/","og_site_name":"Swansea Parent Carer Forum","article_publisher":"https:\/\/www.facebook.com\/SwanseaPCF\/","article_modified_time":"2021-07-11T19:55:35+00:00","og_image":[{"width":501,"height":261,"url":"https:\/\/swanseapcf.org\/wp-content\/uploads\/2019\/10\/SPCF-OG-Logo.jpg","type":"image\/jpeg"}],"twitter_card":"summary_large_image","twitter_site":"@SwanseaPCF","twitter_misc":{"Tempo estimado de leitura":"2 minutos"},"schema":{"@context":"https:\/\/schema.org","@graph":[{"@type":"WebPage","@id":"https:\/\/swanseapcf.org\/privacy-policy\/","url":"https:\/\/swanseapcf.org\/privacy-policy\/","name":"Privacy Policy - Swansea Parent Carer Forum","isPartOf":{"@id":"https:\/\/swanseapcf.org\/#website"},"datePublished":"2019-10-17T09:11:38+00:00","dateModified":"2021-07-11T19:55:35+00:00","breadcrumb":{"@id":"https:\/\/swanseapcf.org\/privacy-policy\/#breadcrumb"},"inLanguage":"pt-PT","potentialAction":[{"@type":"ReadAction","target":["https:\/\/swanseapcf.org\/privacy-policy\/"]}]},{"@type":"BreadcrumbList","@id":"https:\/\/swanseapcf.org\/privacy-policy\/#breadcrumb","itemListElement":[{"@type":"ListItem","position":1,"name":"Home","item":"https:\/\/swanseapcf.org\/"},{"@type":"ListItem","position":2,"name":"Privacy Policy"}]},{"@type":"WebSite","@id":"https:\/\/swanseapcf.org\/#website","url":"https:\/\/swanseapcf.org\/","name":"Swansea Parent Carer Forum","description":"Working together to influence chnage","publisher":{"@id":"https:\/\/swanseapcf.org\/#organization"},"potentialAction":[{"@type":"SearchAction","target":{"@type":"EntryPoint","urlTemplate":"https:\/\/swanseapcf.org\/?s={search_term_string}"},"query-input":{"@type":"PropertyValueSpecification","valueRequired":true,"valueName":"search_term_string"}}],"inLanguage":"pt-PT"},{"@type":"Organization","@id":"https:\/\/swanseapcf.org\/#organization","name":"Swansea Parent Care Forum","url":"https:\/\/swanseapcf.org\/","logo":{"@type":"ImageObject","inLanguage":"pt-PT","@id":"https:\/\/swanseapcf.org\/#\/schema\/logo\/image\/","url":"https:\/\/swanseapcf.org\/wp-content\/uploads\/2019\/10\/SPCF-Logo@2x.png","contentUrl":"https:\/\/swanseapcf.org\/wp-content\/uploads\/2019\/10\/SPCF-Logo@2x.png","width":768,"height":202,"caption":"Swansea Parent Care Forum"},"image":{"@id":"https:\/\/swanseapcf.org\/#\/schema\/logo\/image\/"},"sameAs":["https:\/\/www.facebook.com\/SwanseaPCF\/","https:\/\/x.com\/SwanseaPCF","https:\/\/www.instagram.com\/swanseapcf\/","https:\/\/www.youtube.com\/channel\/UCOTKLBxoPadw_LYukVDhs3Q"]}]}},"_links":{"self":[{"href":"https:\/\/swanseapcf.org\/pt\/wp-json\/wp\/v2\/pages\/164"}],"collection":[{"href":"https:\/\/swanseapcf.org\/pt\/wp-json\/wp\/v2\/pages"}],"about":[{"href":"https:\/\/swanseapcf.org\/pt\/wp-json\/wp\/v2\/types\/page"}],"author":[{"embeddable":true,"href":"https:\/\/swanseapcf.org\/pt\/wp-json\/wp\/v2\/users\/1"}],"replies":[{"embeddable":true,"href":"https:\/\/swanseapcf.org\/pt\/wp-json\/wp\/v2\/comments?post=164"}],"version-history":[{"count":12,"href":"https:\/\/swanseapcf.org\/pt\/wp-json\/wp\/v2\/pages\/164\/revisions"}],"predecessor-version":[{"id":729,"href":"https:\/\/swanseapcf.org\/pt\/wp-json\/wp\/v2\/pages\/164\/revisions\/729"}],"wp:attachment":[{"href":"https:\/\/swanseapcf.org\/pt\/wp-json\/wp\/v2\/media?parent=164"}],"curies":[{"name":"wp","href":"https:\/\/api.w.org\/{rel}","templated":true}]}}