{"id":7,"date":"2019-10-11T14:37:46","date_gmt":"2019-10-11T13:37:46","guid":{"rendered":"https:\/\/swanseapcf.org\/?page_id=7"},"modified":"2024-10-09T15:14:32","modified_gmt":"2024-10-09T14:14:32","slug":"swansea-parent-carer-forum","status":"publish","type":"page","link":"https:\/\/swanseapcf.org\/pl\/","title":{"rendered":"Forum opiekun\u00f3w rodzic\u00f3w w Swansea"},"content":{"rendered":"<div data-elementor-type=\"wp-page\" data-elementor-id=\"7\" class=\"elementor elementor-7\" data-elementor-post-type=\"page\">\n\t\t\t\t\t\t<section class=\"elementor-section elementor-top-section elementor-element elementor-element-47c2a36 elementor-section-height-min-height elementor-section-items-top elementor-section-boxed elementor-section-height-default\" data-id=\"47c2a36\" data-element_type=\"section\" data-settings=\"{&quot;background_background&quot;:&quot;classic&quot;}\">\n\t\t\t\t\t\t<div class=\"elementor-container elementor-column-gap-default\">\n\t\t\t\t\t<div class=\"elementor-column elementor-col-100 elementor-top-column elementor-element elementor-element-7aa5286\" data-id=\"7aa5286\" data-element_type=\"column\">\n\t\t\t<div class=\"elementor-widget-wrap elementor-element-populated\">\n\t\t\t\t\t\t<div class=\"elementor-element elementor-element-6ee8781 elementor-widget__width-initial elementor-widget elementor-widget-heading\" data-id=\"6ee8781\" data-element_type=\"widget\" data-widget_type=\"heading.default\">\n\t\t\t\t<div class=\"elementor-widget-container\">\n\t\t\t<h1 class=\"elementor-heading-title elementor-size-default\">Wsp\u00f3lna praca nad zmian\u0105<\/h1>\t\t<\/div>\n\t\t\t\t<\/div>\n\t\t\t\t\t<\/div>\n\t\t<\/div>\n\t\t\t\t\t<\/div>\n\t\t<\/section>\n\t\t\t\t<section class=\"elementor-section elementor-top-section elementor-element elementor-element-fc9daf2 elementor-section-boxed elementor-section-height-default elementor-section-height-default\" data-id=\"fc9daf2\" data-element_type=\"section\">\n\t\t\t\t\t\t<div class=\"elementor-container elementor-column-gap-default\">\n\t\t\t\t\t<div class=\"elementor-column elementor-col-100 elementor-top-column elementor-element elementor-element-7666590\" data-id=\"7666590\" data-element_type=\"column\">\n\t\t\t<div class=\"elementor-widget-wrap elementor-element-populated\">\n\t\t\t\t\t\t<div class=\"elementor-element elementor-element-237d215 elementor-widget elementor-widget-heading\" data-id=\"237d215\" data-element_type=\"widget\" data-widget_type=\"heading.default\">\n\t\t\t\t<div class=\"elementor-widget-container\">\n\t\t\t<h2 class=\"elementor-heading-title elementor-size-default\"><a href=\"\">Forum opiekun\u00f3w rodzic\u00f3w w Swansea\n\n<\/a><\/h2>\t\t<\/div>\n\t\t\t\t<\/div>\n\t\t\t\t<section class=\"elementor-section elementor-inner-section elementor-element elementor-element-f6bf014 elementor-section-boxed elementor-section-height-default elementor-section-height-default\" data-id=\"f6bf014\" data-element_type=\"section\">\n\t\t\t\t\t\t<div class=\"elementor-container elementor-column-gap-wide\">\n\t\t\t\t\t<div class=\"elementor-column elementor-col-25 elementor-inner-column elementor-element elementor-element-7db6195\" data-id=\"7db6195\" data-element_type=\"column\">\n\t\t\t<div class=\"elementor-widget-wrap elementor-element-populated\">\n\t\t\t\t\t\t<div class=\"elementor-element elementor-element-55567db elementor-widget elementor-widget-heading\" data-id=\"55567db\" data-element_type=\"widget\" data-widget_type=\"heading.default\">\n\t\t\t\t<div class=\"elementor-widget-container\">\n\t\t\t<h3 class=\"elementor-heading-title elementor-size-default\">Kim jest forum opiekun\u00f3w rodzic\u00f3w w Swansea?<\/h3>\t\t<\/div>\n\t\t\t\t<\/div>\n\t\t\t\t<div class=\"elementor-element elementor-element-44aceed elementor-widget elementor-widget-text-editor\" data-id=\"44aceed\" data-element_type=\"widget\" data-widget_type=\"text-editor.default\">\n\t\t\t\t<div class=\"elementor-widget-container\">\n\t\t\t\t\t\t\t<p><strong>Jeste\u015bmy<\/strong> grupa wolontariuszy-opiekun\u00f3w rodzic\u00f3w. Nasze dzieci s\u0105 zaanga\u017cowane w us\u0142ugi dla dzieci, us\u0142ugi dla doros\u0142ych, us\u0142ugi edukacyjne i zdrowotne.<\/p><p><strong>Pracujemy <\/strong>z, ale s\u0105 niezale\u017cne od miasta i hrabstwa Swansea i chcemy mie\u0107 pewno\u015b\u0107, \u017ce us\u0142ugi te spe\u0142niaj\u0105 potrzeby dzieci niepe\u0142nosprawnych*, m\u0142odzie\u017cy, doros\u0142ych i ich rodzin.<\/p><p><strong>Wierzymy<\/strong> z pasj\u0105, \u017ce wsp\u00f3\u0142praca z Rad\u0105 Swansea i innymi us\u0142ugodawcami stawia g\u0142os dzieci niepe\u0142nosprawnych* w ka\u017cdym wieku i ich rodzin w centrum decyzji i \u015bwiadczy us\u0142ugi, kt\u00f3re dzia\u0142aj\u0105 na rzecz naszej spo\u0142eczno\u015bci.<\/p><p><strong>Nasza wizja<\/strong> jest dla Swansea, aby by\u0142o miejscem, w kt\u00f3rym g\u0142osy rodzin s\u0105 doceniane i skutecznie wykorzystywane do osi\u0105gni\u0119cia sprawiedliwej i integracyjnej jako\u015bci \u017cycia naszych dzieci* w ka\u017cdym wieku.<\/p>\t\t\t\t\t\t<\/div>\n\t\t\t\t<\/div>\n\t\t\t\t\t<\/div>\n\t\t<\/div>\n\t\t\t\t<div class=\"elementor-column elementor-col-25 elementor-inner-column elementor-element elementor-element-00dc1a2\" data-id=\"00dc1a2\" data-element_type=\"column\">\n\t\t\t<div class=\"elementor-widget-wrap elementor-element-populated\">\n\t\t\t\t\t\t<div class=\"elementor-element elementor-element-2bcc7ad elementor-widget elementor-widget-heading\" data-id=\"2bcc7ad\" data-element_type=\"widget\" data-widget_type=\"heading.default\">\n\t\t\t\t<div class=\"elementor-widget-container\">\n\t\t\t<h3 class=\"elementor-heading-title elementor-size-default\">JAKI JEST NASZ CEL?<\/h3>\t\t<\/div>\n\t\t\t\t<\/div>\n\t\t\t\t<div class=\"elementor-element elementor-element-1d58886 elementor-widget elementor-widget-text-editor\" data-id=\"1d58886\" data-element_type=\"widget\" data-widget_type=\"text-editor.default\">\n\t\t\t\t<div class=\"elementor-widget-container\">\n\t\t\t\t\t\t\t<p>Do <strong>koprodukcja<\/strong> oraz <strong>wsp\u00f3\u0142projektowanie<\/strong> us\u0142ugi odpowiadaj\u0105ce potrzebom dzieci niepe\u0142nosprawnych* w ka\u017cdym wieku i ich rodzin.<\/p><p>Aby rosn\u0105\u0107, rozwija\u0107 si\u0119 i wzmacnia\u0107 nasze cz\u0142onkostwo, aby mie\u0107 siln\u0105 <strong>kolektyw<\/strong> g\u0142os i wp\u0142ywanie na pozytywn\u0105 zmian\u0119.<\/p><p>Aby zapewni\u0107 konstruktywn\u0105 <strong>kana\u0142 komunikacji<\/strong> mi\u0119dzy rodzicami-opiekunami a partnerami strategicznymi.<\/p><p><em>*Zdajemy sobie spraw\u0119, \u017ce rodzice opiekunowie mog\u0105 opiekowa\u0107 si\u0119 dzie\u0107mi w wieku powy\u017cej 25 lat.<\/em><\/p>\t\t\t\t\t\t<\/div>\n\t\t\t\t<\/div>\n\t\t\t\t\t<\/div>\n\t\t<\/div>\n\t\t\t\t<div class=\"elementor-column elementor-col-25 elementor-inner-column elementor-element elementor-element-1139964\" data-id=\"1139964\" data-element_type=\"column\">\n\t\t\t<div class=\"elementor-widget-wrap elementor-element-populated\">\n\t\t\t\t\t\t<div class=\"elementor-element elementor-element-d3432db elementor-widget elementor-widget-heading\" data-id=\"d3432db\" data-element_type=\"widget\" data-widget_type=\"heading.default\">\n\t\t\t\t<div class=\"elementor-widget-container\">\n\t\t\t<h3 class=\"elementor-heading-title elementor-size-default\">Jaki jest nasz cel?<\/h3>\t\t<\/div>\n\t\t\t\t<\/div>\n\t\t\t\t<div class=\"elementor-element elementor-element-7dc58b7 elementor-widget elementor-widget-text-editor\" data-id=\"7dc58b7\" data-element_type=\"widget\" data-widget_type=\"text-editor.default\">\n\t\t\t\t<div class=\"elementor-widget-container\">\n\t\t\t\t\t\t\t<p>Jeste\u015bmy <strong>niezale\u017cny<\/strong> organizacja, kt\u00f3rej celem jest:<\/p><p>Strategicznie <strong>wp\u0142yw<\/strong> zmiany poprzez wsp\u00f3\u0142tworzenie us\u0142ug dla niepe\u0142nosprawnych dzieci*, m\u0142odzie\u017cy i doros\u0142ych oraz ich rodzin.<\/p><p>Do <strong>w\u0142\u0105cza\u0107<\/strong> dzieci niepe\u0142nosprawne*, m\u0142odzie\u017c i doro\u015bli oraz ich rodziny, aby mia\u0142y g\u0142os** w centrum podejmowania decyzji.<\/p><p>Aby odzwierciedli\u0107 <strong>r\u00f3\u017cnorodno\u015b\u0107<\/strong> naszych spo\u0142eczno\u015bci.<\/p><p>Wzi\u0105\u0107 <strong>oparte na prawach<\/strong> podej\u015bcie i <strong>umo\u017cliwia\u0107<\/strong> nasza spo\u0142eczno\u015b\u0107.<\/p><p><em>**Nasz g\u0142os musi uwzgl\u0119dnia\u0107 pogl\u0105dy i do\u015bwiadczenia rodzic\u00f3w i opiekun\u00f3w.<\/em><\/p>\t\t\t\t\t\t<\/div>\n\t\t\t\t<\/div>\n\t\t\t\t\t<\/div>\n\t\t<\/div>\n\t\t\t\t<div class=\"elementor-column elementor-col-25 elementor-inner-column elementor-element elementor-element-66cc439\" data-id=\"66cc439\" data-element_type=\"column\" data-settings=\"{&quot;background_background&quot;:&quot;classic&quot;}\">\n\t\t\t<div class=\"elementor-widget-wrap elementor-element-populated\">\n\t\t\t\t\t\t<div class=\"elementor-element elementor-element-092db22 elementor-widget elementor-widget-text-editor\" data-id=\"092db22\" data-element_type=\"widget\" data-widget_type=\"text-editor.default\">\n\t\t\t\t<div class=\"elementor-widget-container\">\n\t\t\t\t\t\t\t<p>Nasza wizja:<br \/>\u201eSwansea to miejsce, w kt\u00f3rym g\u0142osy rodzin s\u0105 cenione i skutecznie wykorzystywane, aby osi\u0105gn\u0105\u0107 sprawiedliw\u0105 i integracyjn\u0105 jako\u015b\u0107 \u017cycia dla naszych dzieci w ka\u017cdym wieku\u201d.<\/p>\t\t\t\t\t\t<\/div>\n\t\t\t\t<\/div>\n\t\t\t\t\t<\/div>\n\t\t<\/div>\n\t\t\t\t\t<\/div>\n\t\t<\/section>\n\t\t\t\t\t<\/div>\n\t\t<\/div>\n\t\t\t\t\t<\/div>\n\t\t<\/section>\n\t\t\t\t<section class=\"elementor-section elementor-top-section elementor-element elementor-element-b80f093 elementor-section-boxed elementor-section-height-default elementor-section-height-default\" data-id=\"b80f093\" data-element_type=\"section\">\n\t\t\t\t\t\t<div class=\"elementor-container elementor-column-gap-default\">\n\t\t\t\t\t<div class=\"elementor-column elementor-col-100 elementor-top-column elementor-element elementor-element-66fb84c\" data-id=\"66fb84c\" data-element_type=\"column\">\n\t\t\t<div class=\"elementor-widget-wrap elementor-element-populated\">\n\t\t\t\t\t\t<div class=\"elementor-element elementor-element-4ffb114 elementor-widget elementor-widget-heading\" data-id=\"4ffb114\" data-element_type=\"widget\" data-widget_type=\"heading.default\">\n\t\t\t\t<div class=\"elementor-widget-container\">\n\t\t\t<h3 class=\"elementor-heading-title elementor-size-default\">Oto kr\u00f3tki film, kt\u00f3ry nas przedstawi...<\/h3>\t\t<\/div>\n\t\t\t\t<\/div>\n\t\t\t\t<div class=\"elementor-element elementor-element-d934627 elementor-widget elementor-widget-video\" data-id=\"d934627\" data-element_type=\"widget\" data-settings=\"{&quot;youtube_url&quot;:&quot;https:\\\/\\\/www.youtube.com\\\/watch?v=vqMUpKBJacQ&quot;,&quot;video_type&quot;:&quot;youtube&quot;,&quot;controls&quot;:&quot;yes&quot;}\" data-widget_type=\"video.default\">\n\t\t\t\t<div class=\"elementor-widget-container\">\n\t\t\t\t\t<div class=\"elementor-wrapper elementor-open-inline\">\n\t\t\t<div class=\"elementor-video\"><\/div>\t\t<\/div>\n\t\t\t\t<\/div>\n\t\t\t\t<\/div>\n\t\t\t\t\t<\/div>\n\t\t<\/div>\n\t\t\t\t\t<\/div>\n\t\t<\/section>\n\t\t\t\t<\/div>","protected":false},"excerpt":{"rendered":"<p>Wsp\u00f3lna praca, aby wp\u0142yn\u0105\u0107 na zmiany Forum Rodzic\u00f3w i Opiekun\u00f3w w Swansea Kim jest Forum Rodzic\u00f3w i Opiekun\u00f3w w Swansea? Jeste\u015bmy grup\u0105 wolontariuszy-rodzic\u00f3w-opiekun\u00f3w. Nasze dzieci s\u0105 zaanga\u017cowane w us\u0142ugi dla dzieci, us\u0142ugi dla doros\u0142ych, edukacj\u0119 i opiek\u0119 zdrowotn\u0105. Wsp\u00f3\u0142pracujemy z miastem i hrabstwem Swansea, ale jeste\u015bmy od niego niezale\u017cni i chcemy mie\u0107 pewno\u015b\u0107, \u017ce [\u2026]<\/p>","protected":false},"author":1,"featured_media":0,"parent":0,"menu_order":0,"comment_status":"closed","ping_status":"closed","template":"","meta":{"footnotes":""},"class_list":["post-7","page","type-page","status-publish","hentry"],"yoast_head":"<!-- This site is optimized with the Yoast SEO plugin v23.7 - https:\/\/yoast.com\/wordpress\/plugins\/seo\/ -->\n<title>Swansea Parent Carer Forum - Working together to influence change<\/title>\n<meta name=\"description\" content=\"Swansea Parent Carer Forum aim to make sure that local services meet the needs of disabled children, young people, adults and their families.\" \/>\n<meta name=\"robots\" content=\"index, follow, max-snippet:-1, max-image-preview:large, max-video-preview:-1\" \/>\n<link rel=\"canonical\" href=\"https:\/\/swanseapcf.org\/pl\/\" \/>\n<meta property=\"og:locale\" content=\"pl_PL\" \/>\n<meta property=\"og:type\" content=\"article\" \/>\n<meta property=\"og:title\" content=\"Swansea Parent Carer Forum - Working together to influence change\" \/>\n<meta property=\"og:description\" content=\"Swansea Parent Carer Forum aim to make sure that local services meet the needs of disabled children, young people, adults and their families.\" \/>\n<meta property=\"og:url\" content=\"https:\/\/swanseapcf.org\/pl\/\" \/>\n<meta property=\"og:site_name\" content=\"Swansea Parent Carer Forum\" \/>\n<meta property=\"article:publisher\" content=\"https:\/\/www.facebook.com\/SwanseaPCF\/\" \/>\n<meta property=\"article:modified_time\" content=\"2024-10-09T14:14:32+00:00\" \/>\n<meta property=\"og:image\" content=\"https:\/\/swanseapcf.org\/wp-content\/uploads\/2019\/10\/SPCF-OG-Logo.jpg\" \/>\n\t<meta property=\"og:image:width\" content=\"501\" \/>\n\t<meta property=\"og:image:height\" content=\"261\" \/>\n\t<meta property=\"og:image:type\" content=\"image\/jpeg\" \/>\n<meta name=\"twitter:card\" content=\"summary_large_image\" \/>\n<meta name=\"twitter:site\" content=\"@SwanseaPCF\" \/>\n<meta name=\"twitter:label1\" content=\"Szacowany czas czytania\" \/>\n\t<meta name=\"twitter:data1\" content=\"2 minuty\" \/>\n<script type=\"application\/ld+json\" class=\"yoast-schema-graph\">{\"@context\":\"https:\/\/schema.org\",\"@graph\":[{\"@type\":\"WebPage\",\"@id\":\"https:\/\/swanseapcf.org\/\",\"url\":\"https:\/\/swanseapcf.org\/\",\"name\":\"Swansea Parent Carer Forum - Working together to influence change\",\"isPartOf\":{\"@id\":\"https:\/\/swanseapcf.org\/#website\"},\"datePublished\":\"2019-10-11T13:37:46+00:00\",\"dateModified\":\"2024-10-09T14:14:32+00:00\",\"description\":\"Swansea Parent Carer Forum aim to make sure that local services meet the needs of disabled children, young people, adults and their families.\",\"breadcrumb\":{\"@id\":\"https:\/\/swanseapcf.org\/#breadcrumb\"},\"inLanguage\":\"pl-PL\",\"potentialAction\":[{\"@type\":\"ReadAction\",\"target\":[\"https:\/\/swanseapcf.org\/\"]}]},{\"@type\":\"BreadcrumbList\",\"@id\":\"https:\/\/swanseapcf.org\/#breadcrumb\",\"itemListElement\":[{\"@type\":\"ListItem\",\"position\":1,\"name\":\"Home\",\"item\":\"https:\/\/swanseapcf.org\/\"},{\"@type\":\"ListItem\",\"position\":2,\"name\":\"Swansea Parent Carer Forum\"}]},{\"@type\":\"WebSite\",\"@id\":\"https:\/\/swanseapcf.org\/#website\",\"url\":\"https:\/\/swanseapcf.org\/\",\"name\":\"Swansea Parent Carer Forum\",\"description\":\"Working together to influence chnage\",\"publisher\":{\"@id\":\"https:\/\/swanseapcf.org\/#organization\"},\"potentialAction\":[{\"@type\":\"SearchAction\",\"target\":{\"@type\":\"EntryPoint\",\"urlTemplate\":\"https:\/\/swanseapcf.org\/?s={search_term_string}\"},\"query-input\":{\"@type\":\"PropertyValueSpecification\",\"valueRequired\":true,\"valueName\":\"search_term_string\"}}],\"inLanguage\":\"pl-PL\"},{\"@type\":\"Organization\",\"@id\":\"https:\/\/swanseapcf.org\/#organization\",\"name\":\"Swansea Parent Care Forum\",\"url\":\"https:\/\/swanseapcf.org\/\",\"logo\":{\"@type\":\"ImageObject\",\"inLanguage\":\"pl-PL\",\"@id\":\"https:\/\/swanseapcf.org\/#\/schema\/logo\/image\/\",\"url\":\"https:\/\/swanseapcf.org\/wp-content\/uploads\/2019\/10\/SPCF-Logo@2x.png\",\"contentUrl\":\"https:\/\/swanseapcf.org\/wp-content\/uploads\/2019\/10\/SPCF-Logo@2x.png\",\"width\":768,\"height\":202,\"caption\":\"Swansea Parent Care Forum\"},\"image\":{\"@id\":\"https:\/\/swanseapcf.org\/#\/schema\/logo\/image\/\"},\"sameAs\":[\"https:\/\/www.facebook.com\/SwanseaPCF\/\",\"https:\/\/x.com\/SwanseaPCF\",\"https:\/\/www.instagram.com\/swanseapcf\/\",\"https:\/\/www.youtube.com\/channel\/UCOTKLBxoPadw_LYukVDhs3Q\"]}]}<\/script>\n<!-- \/ Yoast SEO plugin. -->","yoast_head_json":{"title":"Swansea Parent Carer Forum - Working together to influence change","description":"Swansea Parent Carer Forum aim to make sure that local services meet the needs of disabled children, young people, adults and their families.","robots":{"index":"index","follow":"follow","max-snippet":"max-snippet:-1","max-image-preview":"max-image-preview:large","max-video-preview":"max-video-preview:-1"},"canonical":"https:\/\/swanseapcf.org\/pl\/","og_locale":"pl_PL","og_type":"article","og_title":"Swansea Parent Carer Forum - Working together to influence change","og_description":"Swansea Parent Carer Forum aim to make sure that local services meet the needs of disabled children, young people, adults and their families.","og_url":"https:\/\/swanseapcf.org\/pl\/","og_site_name":"Swansea Parent Carer Forum","article_publisher":"https:\/\/www.facebook.com\/SwanseaPCF\/","article_modified_time":"2024-10-09T14:14:32+00:00","og_image":[{"width":501,"height":261,"url":"https:\/\/swanseapcf.org\/wp-content\/uploads\/2019\/10\/SPCF-OG-Logo.jpg","type":"image\/jpeg"}],"twitter_card":"summary_large_image","twitter_site":"@SwanseaPCF","twitter_misc":{"Szacowany czas czytania":"2 minuty"},"schema":{"@context":"https:\/\/schema.org","@graph":[{"@type":"WebPage","@id":"https:\/\/swanseapcf.org\/","url":"https:\/\/swanseapcf.org\/","name":"Swansea Parent Carer Forum - Working together to influence change","isPartOf":{"@id":"https:\/\/swanseapcf.org\/#website"},"datePublished":"2019-10-11T13:37:46+00:00","dateModified":"2024-10-09T14:14:32+00:00","description":"Swansea Parent Carer Forum aim to make sure that local services meet the needs of disabled children, young people, adults and their families.","breadcrumb":{"@id":"https:\/\/swanseapcf.org\/#breadcrumb"},"inLanguage":"pl-PL","potentialAction":[{"@type":"ReadAction","target":["https:\/\/swanseapcf.org\/"]}]},{"@type":"BreadcrumbList","@id":"https:\/\/swanseapcf.org\/#breadcrumb","itemListElement":[{"@type":"ListItem","position":1,"name":"Home","item":"https:\/\/swanseapcf.org\/"},{"@type":"ListItem","position":2,"name":"Swansea Parent Carer Forum"}]},{"@type":"WebSite","@id":"https:\/\/swanseapcf.org\/#website","url":"https:\/\/swanseapcf.org\/","name":"Swansea Parent Carer Forum","description":"Working together to influence chnage","publisher":{"@id":"https:\/\/swanseapcf.org\/#organization"},"potentialAction":[{"@type":"SearchAction","target":{"@type":"EntryPoint","urlTemplate":"https:\/\/swanseapcf.org\/?s={search_term_string}"},"query-input":{"@type":"PropertyValueSpecification","valueRequired":true,"valueName":"search_term_string"}}],"inLanguage":"pl-PL"},{"@type":"Organization","@id":"https:\/\/swanseapcf.org\/#organization","name":"Swansea Parent Care Forum","url":"https:\/\/swanseapcf.org\/","logo":{"@type":"ImageObject","inLanguage":"pl-PL","@id":"https:\/\/swanseapcf.org\/#\/schema\/logo\/image\/","url":"https:\/\/swanseapcf.org\/wp-content\/uploads\/2019\/10\/SPCF-Logo@2x.png","contentUrl":"https:\/\/swanseapcf.org\/wp-content\/uploads\/2019\/10\/SPCF-Logo@2x.png","width":768,"height":202,"caption":"Swansea Parent Care Forum"},"image":{"@id":"https:\/\/swanseapcf.org\/#\/schema\/logo\/image\/"},"sameAs":["https:\/\/www.facebook.com\/SwanseaPCF\/","https:\/\/x.com\/SwanseaPCF","https:\/\/www.instagram.com\/swanseapcf\/","https:\/\/www.youtube.com\/channel\/UCOTKLBxoPadw_LYukVDhs3Q"]}]}},"_links":{"self":[{"href":"https:\/\/swanseapcf.org\/pl\/wp-json\/wp\/v2\/pages\/7"}],"collection":[{"href":"https:\/\/swanseapcf.org\/pl\/wp-json\/wp\/v2\/pages"}],"about":[{"href":"https:\/\/swanseapcf.org\/pl\/wp-json\/wp\/v2\/types\/page"}],"author":[{"embeddable":true,"href":"https:\/\/swanseapcf.org\/pl\/wp-json\/wp\/v2\/users\/1"}],"replies":[{"embeddable":true,"href":"https:\/\/swanseapcf.org\/pl\/wp-json\/wp\/v2\/comments?post=7"}],"version-history":[{"count":116,"href":"https:\/\/swanseapcf.org\/pl\/wp-json\/wp\/v2\/pages\/7\/revisions"}],"predecessor-version":[{"id":1168,"href":"https:\/\/swanseapcf.org\/pl\/wp-json\/wp\/v2\/pages\/7\/revisions\/1168"}],"wp:attachment":[{"href":"https:\/\/swanseapcf.org\/pl\/wp-json\/wp\/v2\/media?parent=7"}],"curies":[{"name":"wp","href":"https:\/\/api.w.org\/{rel}","templated":true}]}}