{"id":7,"date":"2019-10-11T14:37:46","date_gmt":"2019-10-11T13:37:46","guid":{"rendered":"https:\/\/swanseapcf.org\/?page_id=7"},"modified":"2024-10-09T15:14:32","modified_gmt":"2024-10-09T14:14:32","slug":"swansea-parent-carer-forum","status":"publish","type":"page","link":"https:\/\/swanseapcf.org\/ku\/","title":{"rendered":"Swansea Parent Carer Forum"},"content":{"rendered":"<div data-elementor-type=\"wp-page\" data-elementor-id=\"7\" class=\"elementor elementor-7\" data-elementor-post-type=\"page\">\n\t\t\t\t\t\t<section class=\"elementor-section elementor-top-section elementor-element elementor-element-47c2a36 elementor-section-height-min-height elementor-section-items-top elementor-section-boxed elementor-section-height-default\" data-id=\"47c2a36\" data-element_type=\"section\" data-settings=\"{&quot;background_background&quot;:&quot;classic&quot;}\">\n\t\t\t\t\t\t<div class=\"elementor-container elementor-column-gap-default\">\n\t\t\t\t\t<div class=\"elementor-column elementor-col-100 elementor-top-column elementor-element elementor-element-7aa5286\" data-id=\"7aa5286\" data-element_type=\"column\">\n\t\t\t<div class=\"elementor-widget-wrap elementor-element-populated\">\n\t\t\t\t\t\t<div class=\"elementor-element elementor-element-6ee8781 elementor-widget__width-initial elementor-widget elementor-widget-heading\" data-id=\"6ee8781\" data-element_type=\"widget\" data-widget_type=\"heading.default\">\n\t\t\t\t<div class=\"elementor-widget-container\">\n\t\t\t<h1 class=\"elementor-heading-title elementor-size-default\">Ji bo bandorkirina guhertin\u00ea bi hev re bixebitin<\/h1>\t\t<\/div>\n\t\t\t\t<\/div>\n\t\t\t\t\t<\/div>\n\t\t<\/div>\n\t\t\t\t\t<\/div>\n\t\t<\/section>\n\t\t\t\t<section class=\"elementor-section elementor-top-section elementor-element elementor-element-fc9daf2 elementor-section-boxed elementor-section-height-default elementor-section-height-default\" data-id=\"fc9daf2\" data-element_type=\"section\">\n\t\t\t\t\t\t<div class=\"elementor-container elementor-column-gap-default\">\n\t\t\t\t\t<div class=\"elementor-column elementor-col-100 elementor-top-column elementor-element elementor-element-7666590\" data-id=\"7666590\" data-element_type=\"column\">\n\t\t\t<div class=\"elementor-widget-wrap elementor-element-populated\">\n\t\t\t\t\t\t<div class=\"elementor-element elementor-element-237d215 elementor-widget elementor-widget-heading\" data-id=\"237d215\" data-element_type=\"widget\" data-widget_type=\"heading.default\">\n\t\t\t\t<div class=\"elementor-widget-container\">\n\t\t\t<h2 class=\"elementor-heading-title elementor-size-default\"><a href=\"\">Swansea Parent Carer Forum\n\n<\/a><\/h2>\t\t<\/div>\n\t\t\t\t<\/div>\n\t\t\t\t<section class=\"elementor-section elementor-inner-section elementor-element elementor-element-f6bf014 elementor-section-boxed elementor-section-height-default elementor-section-height-default\" data-id=\"f6bf014\" data-element_type=\"section\">\n\t\t\t\t\t\t<div class=\"elementor-container elementor-column-gap-wide\">\n\t\t\t\t\t<div class=\"elementor-column elementor-col-25 elementor-inner-column elementor-element elementor-element-7db6195\" data-id=\"7db6195\" data-element_type=\"column\">\n\t\t\t<div class=\"elementor-widget-wrap elementor-element-populated\">\n\t\t\t\t\t\t<div class=\"elementor-element elementor-element-55567db elementor-widget elementor-widget-heading\" data-id=\"55567db\" data-element_type=\"widget\" data-widget_type=\"heading.default\">\n\t\t\t\t<div class=\"elementor-widget-container\">\n\t\t\t<h3 class=\"elementor-heading-title elementor-size-default\">Swansea Parent Carer Forum k\u00ee ye?<\/h3>\t\t<\/div>\n\t\t\t\t<\/div>\n\t\t\t\t<div class=\"elementor-element elementor-element-44aceed elementor-widget elementor-widget-text-editor\" data-id=\"44aceed\" data-element_type=\"widget\" data-widget_type=\"text-editor.default\">\n\t\t\t\t<div class=\"elementor-widget-container\">\n\t\t\t\t\t\t\t<p><strong>Em hene<\/strong> komeke d\u00ea \u00fb bav\u00ean dilxwaz. Zarok\u00ean me bi Xizmet\u00ean Zarokan, Xizmet\u00ean Mezinan, Perwerdeh\u00ee \u00fb Tenduristiy\u00ea re t\u00eakildar in.<\/p><p><strong>Em dixebitin <\/strong>bi l\u00ea ji Bajar \u00fb W\u00eelayeta Swansea serbixwe ne, \u00fb em dixwazin pi\u015ftrast bikin ku kar\u00fbbar hewcedariy\u00ean zarok\u00ean astengdar *, ciwan, mezinan \u00fb malbat\u00ean wan peyda dike.<\/p><p><strong>Em bawer dikin<\/strong> bi dilxwaz\u00ee ku bi Encumena Swansea \u00fb p\u00ea\u015fk\u00ea\u015fker\u00ean din \u00ean kar\u00fbbar re bi hev-hilber\u00ee dixebite deng\u00ea zarok\u00ean astengdar * ji her temen\u00ee \u00fb malbat\u00ean wan dixe navenda biryaran \u00fb kar\u00fbbar\u00ean ku ji bo civaka me dixebitin peyda dike.<\/p><p><strong>D\u00eetina me<\/strong> ji bo Swansea ye ku bibe c\u00eehek ku deng\u00ean malbatan t\u00ea nirx kirin \u00fb bi bandor t\u00eane bikar an\u00een da ku ji bo zarok\u00ean me y\u00ean her temen\u00ee bigih\u00eejin jiyanek wekhev \u00fb tevlihev.<\/p>\t\t\t\t\t\t<\/div>\n\t\t\t\t<\/div>\n\t\t\t\t\t<\/div>\n\t\t<\/div>\n\t\t\t\t<div class=\"elementor-column elementor-col-25 elementor-inner-column elementor-element elementor-element-00dc1a2\" data-id=\"00dc1a2\" data-element_type=\"column\">\n\t\t\t<div class=\"elementor-widget-wrap elementor-element-populated\">\n\t\t\t\t\t\t<div class=\"elementor-element elementor-element-2bcc7ad elementor-widget elementor-widget-heading\" data-id=\"2bcc7ad\" data-element_type=\"widget\" data-widget_type=\"heading.default\">\n\t\t\t\t<div class=\"elementor-widget-container\">\n\t\t\t<h3 class=\"elementor-heading-title elementor-size-default\">ARMANCA ME \u00c7I YE?<\/h3>\t\t<\/div>\n\t\t\t\t<\/div>\n\t\t\t\t<div class=\"elementor-element elementor-element-1d58886 elementor-widget elementor-widget-text-editor\" data-id=\"1d58886\" data-element_type=\"widget\" data-widget_type=\"text-editor.default\">\n\t\t\t\t<div class=\"elementor-widget-container\">\n\t\t\t\t\t\t\t<p>Ber <strong>hev-hilber\u00een<\/strong> \u00fb <strong>hev-design<\/strong> xizmet\u00ean ku hewcedariy\u00ean zarok\u00ean astengdar * y\u00ean her temen\u00ee \u00fb malbat\u00ean wan peyda dikin.<\/p><p>Ji bo mezinb\u00fbn, p\u00ea\u015fdebirin \u00fb bih\u00eazkirina endametiya me ya bih\u00eaz <strong>kolekt\u00eef<\/strong> deng \u00fb bandorkirina guhertina er\u00ean\u00ee.<\/p><p>Ji bo p\u00ea\u015fk\u00ea\u015fkirina avaker <strong>kanala ragihandin\u00ea<\/strong> di navbera l\u00ean\u00ear\u00ean d\u00ea\u00fbbav \u00fb hevkar\u00ean stratej\u00eek de.<\/p><p><em>*Em p\u00ea dizanin ku d\u00ea \u00fb bav\u00ean l\u00ean\u00ear\u00een\u00ea dikarin li zarok\u00ean ji 25 sal\u00ee mezintir xwed\u00ee derkevin.<\/em><\/p>\t\t\t\t\t\t<\/div>\n\t\t\t\t<\/div>\n\t\t\t\t\t<\/div>\n\t\t<\/div>\n\t\t\t\t<div class=\"elementor-column elementor-col-25 elementor-inner-column elementor-element elementor-element-1139964\" data-id=\"1139964\" data-element_type=\"column\">\n\t\t\t<div class=\"elementor-widget-wrap elementor-element-populated\">\n\t\t\t\t\t\t<div class=\"elementor-element elementor-element-d3432db elementor-widget elementor-widget-heading\" data-id=\"d3432db\" data-element_type=\"widget\" data-widget_type=\"heading.default\">\n\t\t\t\t<div class=\"elementor-widget-container\">\n\t\t\t<h3 class=\"elementor-heading-title elementor-size-default\">Armanca me \u00e7i ye?<\/h3>\t\t<\/div>\n\t\t\t\t<\/div>\n\t\t\t\t<div class=\"elementor-element elementor-element-7dc58b7 elementor-widget elementor-widget-text-editor\" data-id=\"7dc58b7\" data-element_type=\"widget\" data-widget_type=\"text-editor.default\">\n\t\t\t\t<div class=\"elementor-widget-container\">\n\t\t\t\t\t\t\t<p>Em an in <strong>serbixwe<\/strong> r\u00eaxistina ku armanca w\u00ea ev e:<\/p><p>Ji bo stratej\u00eek <strong>tes\u00eer<\/strong> guhertina bi hev-hilber\u00eena xizmet\u00ean ji bo zarok\u00ean astengdar *, ciwan \u00fb mezinan \u00fb malbat\u00ean wan.<\/p><p>Ber <strong>bik\u00earkirin<\/strong> zarok\u00ean astengdar*, ciwan \u00fb mezin \u00fb malbat\u00ean wan di navenda biryardan\u00ea de bibin xwed\u00ee deng**.<\/p><p>Ji bo n\u00ee\u015fan bide <strong>cih\u00eareng\u00ee<\/strong> y\u00ean civak\u00ean me.<\/p><p>Bigirin a <strong>maf\u00ean bingeh\u00een<\/strong> n\u00eaz\u00eekb\u00fbn \u00fb <strong>bi h\u00eaz bike<\/strong> civaka me.<\/p><p><em>**P\u00eadiv\u00ee ye ku deng\u00ea me ji n\u00ear\u00een\u00ean d\u00ea\u00fbbav \u00fb l\u00ean\u00earan \u00fb ezm\u00fbna jiy\u00een were agahdar kirin.<\/em><\/p>\t\t\t\t\t\t<\/div>\n\t\t\t\t<\/div>\n\t\t\t\t\t<\/div>\n\t\t<\/div>\n\t\t\t\t<div class=\"elementor-column elementor-col-25 elementor-inner-column elementor-element elementor-element-66cc439\" data-id=\"66cc439\" data-element_type=\"column\" data-settings=\"{&quot;background_background&quot;:&quot;classic&quot;}\">\n\t\t\t<div class=\"elementor-widget-wrap elementor-element-populated\">\n\t\t\t\t\t\t<div class=\"elementor-element elementor-element-092db22 elementor-widget elementor-widget-text-editor\" data-id=\"092db22\" data-element_type=\"widget\" data-widget_type=\"text-editor.default\">\n\t\t\t\t<div class=\"elementor-widget-container\">\n\t\t\t\t\t\t\t<p>V\u00eezyona me:<br \/>&quot;Swansea c\u00eehek e ku deng\u00ean malbatan t\u00eane nirx kirin \u00fb bi bandor t\u00eane bikar an\u00een da ku ji bo zarok\u00ean me y\u00ean ji her temen\u00ee jiyanek wekhev \u00fb tevhev bi dest bixin.&quot;<\/p>\t\t\t\t\t\t<\/div>\n\t\t\t\t<\/div>\n\t\t\t\t\t<\/div>\n\t\t<\/div>\n\t\t\t\t\t<\/div>\n\t\t<\/section>\n\t\t\t\t\t<\/div>\n\t\t<\/div>\n\t\t\t\t\t<\/div>\n\t\t<\/section>\n\t\t\t\t<section class=\"elementor-section elementor-top-section elementor-element elementor-element-b80f093 elementor-section-boxed elementor-section-height-default elementor-section-height-default\" data-id=\"b80f093\" data-element_type=\"section\">\n\t\t\t\t\t\t<div class=\"elementor-container elementor-column-gap-default\">\n\t\t\t\t\t<div class=\"elementor-column elementor-col-100 elementor-top-column elementor-element elementor-element-66fb84c\" data-id=\"66fb84c\" data-element_type=\"column\">\n\t\t\t<div class=\"elementor-widget-wrap elementor-element-populated\">\n\t\t\t\t\t\t<div class=\"elementor-element elementor-element-4ffb114 elementor-widget elementor-widget-heading\" data-id=\"4ffb114\" data-element_type=\"widget\" data-widget_type=\"heading.default\">\n\t\t\t\t<div class=\"elementor-widget-container\">\n\t\t\t<h3 class=\"elementor-heading-title elementor-size-default\">Li vir v\u00eedyoyek kurt heye ku me bide nas\u00een\u2026<\/h3>\t\t<\/div>\n\t\t\t\t<\/div>\n\t\t\t\t<div class=\"elementor-element elementor-element-d934627 elementor-widget elementor-widget-video\" data-id=\"d934627\" data-element_type=\"widget\" data-settings=\"{&quot;youtube_url&quot;:&quot;https:\\\/\\\/www.youtube.com\\\/watch?v=vqMUpKBJacQ&quot;,&quot;video_type&quot;:&quot;youtube&quot;,&quot;controls&quot;:&quot;yes&quot;}\" data-widget_type=\"video.default\">\n\t\t\t\t<div class=\"elementor-widget-container\">\n\t\t\t\t\t<div class=\"elementor-wrapper elementor-open-inline\">\n\t\t\t<div class=\"elementor-video\"><\/div>\t\t<\/div>\n\t\t\t\t<\/div>\n\t\t\t\t<\/div>\n\t\t\t\t\t<\/div>\n\t\t<\/div>\n\t\t\t\t\t<\/div>\n\t\t<\/section>\n\t\t\t\t<\/div>","protected":false},"excerpt":{"rendered":"<p>Ji bo bandorkirina guhertin\u00ea bi hev re bixebitin Foruma N\u00earevan\u00ea D\u00ea\u00fbbav Swansea K\u00ee ye? Em komeke d\u00ea \u00fb bav\u00ean dilxwaz in. Zarok\u00ean me bi Xizmet\u00ean Zarokan, Xizmet\u00ean Mezinan, Perwerdeh\u00ee \u00fb Tenduristiy\u00ea re t\u00eakildar in. Em p\u00ea re dixebitin, l\u00ea ji Bajar \u00fb w\u00eelayeta Swansea serbixwe ne, \u00fb em dixwazin pi\u015ftrast bikin [\u2026]<\/p>","protected":false},"author":1,"featured_media":0,"parent":0,"menu_order":0,"comment_status":"closed","ping_status":"closed","template":"","meta":{"footnotes":""},"class_list":["post-7","page","type-page","status-publish","hentry"],"yoast_head":"<!-- This site is optimized with the Yoast SEO plugin v23.7 - https:\/\/yoast.com\/wordpress\/plugins\/seo\/ -->\n<title>Swansea Parent Carer Forum - Working together to influence change<\/title>\n<meta name=\"description\" content=\"Swansea Parent Carer Forum aim to make sure that local services meet the needs of disabled children, young people, adults and their families.\" \/>\n<meta name=\"robots\" content=\"index, follow, max-snippet:-1, max-image-preview:large, max-video-preview:-1\" \/>\n<link rel=\"canonical\" href=\"https:\/\/swanseapcf.org\/ku\/\" \/>\n<meta property=\"og:locale\" content=\"en_US\" \/>\n<meta property=\"og:type\" content=\"article\" \/>\n<meta property=\"og:title\" content=\"Swansea Parent Carer Forum - Working together to influence change\" \/>\n<meta property=\"og:description\" content=\"Swansea Parent Carer Forum aim to make sure that local services meet the needs of disabled children, young people, adults and their families.\" \/>\n<meta property=\"og:url\" content=\"https:\/\/swanseapcf.org\/ku\/\" \/>\n<meta property=\"og:site_name\" content=\"Swansea Parent Carer Forum\" \/>\n<meta property=\"article:publisher\" content=\"https:\/\/www.facebook.com\/SwanseaPCF\/\" \/>\n<meta property=\"article:modified_time\" content=\"2024-10-09T14:14:32+00:00\" \/>\n<meta property=\"og:image\" content=\"https:\/\/swanseapcf.org\/wp-content\/uploads\/2019\/10\/SPCF-OG-Logo.jpg\" \/>\n\t<meta property=\"og:image:width\" content=\"501\" \/>\n\t<meta property=\"og:image:height\" content=\"261\" \/>\n\t<meta property=\"og:image:type\" content=\"image\/jpeg\" \/>\n<meta name=\"twitter:card\" content=\"summary_large_image\" \/>\n<meta name=\"twitter:site\" content=\"@SwanseaPCF\" \/>\n<meta name=\"twitter:label1\" content=\"Est. reading time\" \/>\n\t<meta name=\"twitter:data1\" content=\"2 \u062e\u0648\u0644\u06d5\u06a9\" \/>\n<script type=\"application\/ld+json\" class=\"yoast-schema-graph\">{\"@context\":\"https:\/\/schema.org\",\"@graph\":[{\"@type\":\"WebPage\",\"@id\":\"https:\/\/swanseapcf.org\/\",\"url\":\"https:\/\/swanseapcf.org\/\",\"name\":\"Swansea Parent Carer Forum - Working together to influence change\",\"isPartOf\":{\"@id\":\"https:\/\/swanseapcf.org\/#website\"},\"datePublished\":\"2019-10-11T13:37:46+00:00\",\"dateModified\":\"2024-10-09T14:14:32+00:00\",\"description\":\"Swansea Parent Carer Forum aim to make sure that local services meet the needs of disabled children, young people, adults and their families.\",\"breadcrumb\":{\"@id\":\"https:\/\/swanseapcf.org\/#breadcrumb\"},\"inLanguage\":\"ckb\",\"potentialAction\":[{\"@type\":\"ReadAction\",\"target\":[\"https:\/\/swanseapcf.org\/\"]}]},{\"@type\":\"BreadcrumbList\",\"@id\":\"https:\/\/swanseapcf.org\/#breadcrumb\",\"itemListElement\":[{\"@type\":\"ListItem\",\"position\":1,\"name\":\"Home\",\"item\":\"https:\/\/swanseapcf.org\/\"},{\"@type\":\"ListItem\",\"position\":2,\"name\":\"Swansea Parent Carer Forum\"}]},{\"@type\":\"WebSite\",\"@id\":\"https:\/\/swanseapcf.org\/#website\",\"url\":\"https:\/\/swanseapcf.org\/\",\"name\":\"Swansea Parent Carer Forum\",\"description\":\"Working together to influence chnage\",\"publisher\":{\"@id\":\"https:\/\/swanseapcf.org\/#organization\"},\"potentialAction\":[{\"@type\":\"SearchAction\",\"target\":{\"@type\":\"EntryPoint\",\"urlTemplate\":\"https:\/\/swanseapcf.org\/?s={search_term_string}\"},\"query-input\":{\"@type\":\"PropertyValueSpecification\",\"valueRequired\":true,\"valueName\":\"search_term_string\"}}],\"inLanguage\":\"ckb\"},{\"@type\":\"Organization\",\"@id\":\"https:\/\/swanseapcf.org\/#organization\",\"name\":\"Swansea Parent Care Forum\",\"url\":\"https:\/\/swanseapcf.org\/\",\"logo\":{\"@type\":\"ImageObject\",\"inLanguage\":\"ckb\",\"@id\":\"https:\/\/swanseapcf.org\/#\/schema\/logo\/image\/\",\"url\":\"https:\/\/swanseapcf.org\/wp-content\/uploads\/2019\/10\/SPCF-Logo@2x.png\",\"contentUrl\":\"https:\/\/swanseapcf.org\/wp-content\/uploads\/2019\/10\/SPCF-Logo@2x.png\",\"width\":768,\"height\":202,\"caption\":\"Swansea Parent Care Forum\"},\"image\":{\"@id\":\"https:\/\/swanseapcf.org\/#\/schema\/logo\/image\/\"},\"sameAs\":[\"https:\/\/www.facebook.com\/SwanseaPCF\/\",\"https:\/\/x.com\/SwanseaPCF\",\"https:\/\/www.instagram.com\/swanseapcf\/\",\"https:\/\/www.youtube.com\/channel\/UCOTKLBxoPadw_LYukVDhs3Q\"]}]}<\/script>\n<!-- \/ Yoast SEO plugin. -->","yoast_head_json":{"title":"Swansea Parent Carer Forum - Working together to influence change","description":"Swansea Parent Carer Forum aim to make sure that local services meet the needs of disabled children, young people, adults and their families.","robots":{"index":"index","follow":"follow","max-snippet":"max-snippet:-1","max-image-preview":"max-image-preview:large","max-video-preview":"max-video-preview:-1"},"canonical":"https:\/\/swanseapcf.org\/ku\/","og_locale":"en_US","og_type":"article","og_title":"Swansea Parent Carer Forum - Working together to influence change","og_description":"Swansea Parent Carer Forum aim to make sure that local services meet the needs of disabled children, young people, adults and their families.","og_url":"https:\/\/swanseapcf.org\/ku\/","og_site_name":"Swansea Parent Carer Forum","article_publisher":"https:\/\/www.facebook.com\/SwanseaPCF\/","article_modified_time":"2024-10-09T14:14:32+00:00","og_image":[{"width":501,"height":261,"url":"https:\/\/swanseapcf.org\/wp-content\/uploads\/2019\/10\/SPCF-OG-Logo.jpg","type":"image\/jpeg"}],"twitter_card":"summary_large_image","twitter_site":"@SwanseaPCF","twitter_misc":{"Est. reading time":"2 \u062e\u0648\u0644\u06d5\u06a9"},"schema":{"@context":"https:\/\/schema.org","@graph":[{"@type":"WebPage","@id":"https:\/\/swanseapcf.org\/","url":"https:\/\/swanseapcf.org\/","name":"Swansea Parent Carer Forum - Working together to influence change","isPartOf":{"@id":"https:\/\/swanseapcf.org\/#website"},"datePublished":"2019-10-11T13:37:46+00:00","dateModified":"2024-10-09T14:14:32+00:00","description":"Swansea Parent Carer Forum aim to make sure that local services meet the needs of disabled children, young people, adults and their families.","breadcrumb":{"@id":"https:\/\/swanseapcf.org\/#breadcrumb"},"inLanguage":"ckb","potentialAction":[{"@type":"ReadAction","target":["https:\/\/swanseapcf.org\/"]}]},{"@type":"BreadcrumbList","@id":"https:\/\/swanseapcf.org\/#breadcrumb","itemListElement":[{"@type":"ListItem","position":1,"name":"Home","item":"https:\/\/swanseapcf.org\/"},{"@type":"ListItem","position":2,"name":"Swansea Parent Carer Forum"}]},{"@type":"WebSite","@id":"https:\/\/swanseapcf.org\/#website","url":"https:\/\/swanseapcf.org\/","name":"Swansea Parent Carer Forum","description":"Working together to influence chnage","publisher":{"@id":"https:\/\/swanseapcf.org\/#organization"},"potentialAction":[{"@type":"SearchAction","target":{"@type":"EntryPoint","urlTemplate":"https:\/\/swanseapcf.org\/?s={search_term_string}"},"query-input":{"@type":"PropertyValueSpecification","valueRequired":true,"valueName":"search_term_string"}}],"inLanguage":"ckb"},{"@type":"Organization","@id":"https:\/\/swanseapcf.org\/#organization","name":"Swansea Parent Care Forum","url":"https:\/\/swanseapcf.org\/","logo":{"@type":"ImageObject","inLanguage":"ckb","@id":"https:\/\/swanseapcf.org\/#\/schema\/logo\/image\/","url":"https:\/\/swanseapcf.org\/wp-content\/uploads\/2019\/10\/SPCF-Logo@2x.png","contentUrl":"https:\/\/swanseapcf.org\/wp-content\/uploads\/2019\/10\/SPCF-Logo@2x.png","width":768,"height":202,"caption":"Swansea Parent Care Forum"},"image":{"@id":"https:\/\/swanseapcf.org\/#\/schema\/logo\/image\/"},"sameAs":["https:\/\/www.facebook.com\/SwanseaPCF\/","https:\/\/x.com\/SwanseaPCF","https:\/\/www.instagram.com\/swanseapcf\/","https:\/\/www.youtube.com\/channel\/UCOTKLBxoPadw_LYukVDhs3Q"]}]}},"_links":{"self":[{"href":"https:\/\/swanseapcf.org\/ku\/wp-json\/wp\/v2\/pages\/7"}],"collection":[{"href":"https:\/\/swanseapcf.org\/ku\/wp-json\/wp\/v2\/pages"}],"about":[{"href":"https:\/\/swanseapcf.org\/ku\/wp-json\/wp\/v2\/types\/page"}],"author":[{"embeddable":true,"href":"https:\/\/swanseapcf.org\/ku\/wp-json\/wp\/v2\/users\/1"}],"replies":[{"embeddable":true,"href":"https:\/\/swanseapcf.org\/ku\/wp-json\/wp\/v2\/comments?post=7"}],"version-history":[{"count":116,"href":"https:\/\/swanseapcf.org\/ku\/wp-json\/wp\/v2\/pages\/7\/revisions"}],"predecessor-version":[{"id":1168,"href":"https:\/\/swanseapcf.org\/ku\/wp-json\/wp\/v2\/pages\/7\/revisions\/1168"}],"wp:attachment":[{"href":"https:\/\/swanseapcf.org\/ku\/wp-json\/wp\/v2\/media?parent=7"}],"curies":[{"name":"wp","href":"https:\/\/api.w.org\/{rel}","templated":true}]}}