{"id":52,"date":"2019-10-14T17:01:18","date_gmt":"2019-10-14T16:01:18","guid":{"rendered":"https:\/\/swanseapcf.org\/?page_id=52"},"modified":"2023-07-05T15:02:04","modified_gmt":"2023-07-05T14:02:04","slug":"our-priorities","status":"publish","type":"page","link":"https:\/\/swanseapcf.org\/ku\/our-priorities\/","title":{"rendered":"P\u00ea\u015f\u00eeniy\u00ean me"},"content":{"rendered":"<div data-elementor-type=\"wp-page\" data-elementor-id=\"52\" class=\"elementor elementor-52\" data-elementor-post-type=\"page\">\n\t\t\t\t\t\t<section class=\"elementor-section elementor-top-section elementor-element elementor-element-385fe24 elementor-section-full_width elementor-reverse-mobile elementor-section-height-default elementor-section-height-default\" data-id=\"385fe24\" data-element_type=\"section\">\n\t\t\t\t\t\t<div class=\"elementor-container elementor-column-gap-wider\">\n\t\t\t\t\t<div class=\"elementor-column elementor-col-50 elementor-top-column elementor-element elementor-element-637aef2\" data-id=\"637aef2\" data-element_type=\"column\">\n\t\t\t<div class=\"elementor-widget-wrap elementor-element-populated\">\n\t\t\t\t\t\t<div class=\"elementor-element elementor-element-537861f elementor-widget__width-initial elementor-widget elementor-widget-heading\" data-id=\"537861f\" data-element_type=\"widget\" data-widget_type=\"heading.default\">\n\t\t\t\t<div class=\"elementor-widget-container\">\n\t\t\t<h1 class=\"elementor-heading-title elementor-size-default\">P\u00ea\u015fk\u00ea\u015fkirina kanalek dan\u00fbstendin\u00ea ya di navbera d\u00ea\u00fbbav \u00fb hevkar\u00ean stratej\u00eek de<\/h1>\t\t<\/div>\n\t\t\t\t<\/div>\n\t\t\t\t<div class=\"elementor-element elementor-element-88b9e2a elementor-widget__width-initial elementor-widget elementor-widget-button\" data-id=\"88b9e2a\" data-element_type=\"widget\" data-widget_type=\"button.default\">\n\t\t\t\t<div class=\"elementor-widget-container\">\n\t\t\t\t\t\t\t<div class=\"elementor-button-wrapper\">\n\t\t\t\t\t<a class=\"elementor-button elementor-button-link elementor-size-sm elementor-animation-float\" href=\"https:\/\/swanseapcf.org\/ku\/what-we-do\/\">\n\t\t\t\t\t\t<span class=\"elementor-button-content-wrapper\">\n\t\t\t\t\t\t<span class=\"elementor-button-icon\">\n\t\t\t\t<i aria-hidden=\"true\" class=\"fas fa-chevron-right\"><\/i>\t\t\t<\/span>\n\t\t\t\t\t\t\t\t\t<span class=\"elementor-button-text\">Em \u00e7i dikin<\/span>\n\t\t\t\t\t<\/span>\n\t\t\t\t\t<\/a>\n\t\t\t\t<\/div>\n\t\t\t\t\t\t<\/div>\n\t\t\t\t<\/div>\n\t\t\t\t\t<\/div>\n\t\t<\/div>\n\t\t\t\t<div class=\"elementor-column elementor-col-50 elementor-top-column elementor-element elementor-element-0d7ac36\" data-id=\"0d7ac36\" data-element_type=\"column\" data-settings=\"{&quot;background_background&quot;:&quot;classic&quot;}\">\n\t\t\t<div class=\"elementor-widget-wrap elementor-element-populated\">\n\t\t\t\t\t\t<div class=\"elementor-element elementor-element-6ffc555 elementor-widget elementor-widget-spacer\" data-id=\"6ffc555\" data-element_type=\"widget\" data-widget_type=\"spacer.default\">\n\t\t\t\t<div class=\"elementor-widget-container\">\n\t\t\t\t\t<div class=\"elementor-spacer\">\n\t\t\t<div class=\"elementor-spacer-inner\"><\/div>\n\t\t<\/div>\n\t\t\t\t<\/div>\n\t\t\t\t<\/div>\n\t\t\t\t\t<\/div>\n\t\t<\/div>\n\t\t\t\t\t<\/div>\n\t\t<\/section>\n\t\t\t\t<section class=\"elementor-section elementor-top-section elementor-element elementor-element-0ee29ab elementor-section-boxed elementor-section-height-default elementor-section-height-default\" data-id=\"0ee29ab\" data-element_type=\"section\">\n\t\t\t\t\t\t<div class=\"elementor-container elementor-column-gap-default\">\n\t\t\t\t\t<div class=\"elementor-column elementor-col-100 elementor-top-column elementor-element elementor-element-857de8b\" data-id=\"857de8b\" data-element_type=\"column\">\n\t\t\t<div class=\"elementor-widget-wrap elementor-element-populated\">\n\t\t\t\t\t\t<div class=\"elementor-element elementor-element-9c303f8 elementor-widget elementor-widget-heading\" data-id=\"9c303f8\" data-element_type=\"widget\" data-widget_type=\"heading.default\">\n\t\t\t\t<div class=\"elementor-widget-container\">\n\t\t\t<h2 class=\"elementor-heading-title elementor-size-default\">P\u00ea\u015f\u00eeniy\u00ean me<\/h2>\t\t<\/div>\n\t\t\t\t<\/div>\n\t\t\t\t<div class=\"elementor-element elementor-element-12a7102 elementor-widget elementor-widget-heading\" data-id=\"12a7102\" data-element_type=\"widget\" data-widget_type=\"heading.default\">\n\t\t\t\t<div class=\"elementor-widget-container\">\n\t\t\t<p class=\"elementor-heading-title elementor-size-default\">Her sal Forum d\u00ea bal\u00ea biki\u015f\u00eene ser ti\u015ft\u00ea ku h\u00fbn ji me re dib\u00eajin gir\u00eeng e, bala me ya niha di van waran de ye:<\/p>\t\t<\/div>\n\t\t\t\t<\/div>\n\t\t\t\t<section class=\"elementor-section elementor-inner-section elementor-element elementor-element-f8e2d27 elementor-section-boxed elementor-section-height-default elementor-section-height-default\" data-id=\"f8e2d27\" data-element_type=\"section\">\n\t\t\t\t\t\t<div class=\"elementor-container elementor-column-gap-wide\">\n\t\t\t\t\t<div class=\"elementor-column elementor-col-33 elementor-inner-column elementor-element elementor-element-ad18e09\" data-id=\"ad18e09\" data-element_type=\"column\">\n\t\t\t<div class=\"elementor-widget-wrap elementor-element-populated\">\n\t\t\t\t\t\t<div class=\"elementor-element elementor-element-c8e1dc7 elementor-widget elementor-widget-heading\" data-id=\"c8e1dc7\" data-element_type=\"widget\" data-widget_type=\"heading.default\">\n\t\t\t\t<div class=\"elementor-widget-container\">\n\t\t\t<h3 class=\"elementor-heading-title elementor-size-default\">P\u00caW\u00ceSY\u00caN Z\u00caDET\u00ce HERIN<\/h3>\t\t<\/div>\n\t\t\t\t<\/div>\n\t\t\t\t<div class=\"elementor-element elementor-element-787adbc elementor-widget elementor-widget-text-editor\" data-id=\"787adbc\" data-element_type=\"widget\" data-widget_type=\"text-editor.default\">\n\t\t\t\t<div class=\"elementor-widget-container\">\n\t\t\t\t\t\t\t<p>Li gor\u00ee qan\u00fbn\u00ean ALN-\u00ea tevl\u00eab\u00fbn \u00fb guhertina \u00e7and\u00ea bi dest bixin. Ev d\u00ea wateya zarok \u00fb<br \/>ciwan bi awak\u00ee guncaw bi r\u00eaya Perwerdehiy\u00ea t\u00eane pi\u015ftgir\u00ee kirin \u00fb ku d\u00ea\u00fbbav l\u00ean\u00earin z\u00eadetir in<br \/>bi pispor\u00ean ku di hevd\u00eetina zarok \u00fb ciwan\u00ean xwe de be\u015fdar in bi hevkariyek wekhev re dixebitin<br \/>p\u00eadiviy\u00ean mirovan.<\/p>\t\t\t\t\t\t<\/div>\n\t\t\t\t<\/div>\n\t\t\t\t\t<\/div>\n\t\t<\/div>\n\t\t\t\t<div class=\"elementor-column elementor-col-33 elementor-inner-column elementor-element elementor-element-2651bd4\" data-id=\"2651bd4\" data-element_type=\"column\">\n\t\t\t<div class=\"elementor-widget-wrap elementor-element-populated\">\n\t\t\t\t\t\t<div class=\"elementor-element elementor-element-c0835b5 elementor-widget elementor-widget-heading\" data-id=\"c0835b5\" data-element_type=\"widget\" data-widget_type=\"heading.default\">\n\t\t\t\t<div class=\"elementor-widget-container\">\n\t\t\t<h3 class=\"elementor-heading-title elementor-size-default\">Xizmeta TENDURISTIYA DERIH\u00ce ZAROK \u00db CIWANAN<\/h3>\t\t<\/div>\n\t\t\t\t<\/div>\n\t\t\t\t<div class=\"elementor-element elementor-element-79b663a elementor-widget elementor-widget-text-editor\" data-id=\"79b663a\" data-element_type=\"widget\" data-widget_type=\"text-editor.default\">\n\t\t\t\t<div class=\"elementor-widget-container\">\n\t\t\t\t\t\t\t<p>Pi\u015ftrast bikin ku CAMHS ji bo peydakirina hewcedariy\u00ean zarok \u00fb ciwan\u00ean astengdar destwerdanan adapte dike. Ev \u00ea t\u00ea v\u00ea watey\u00ea ku destwerdan\u00ean bi guncaw hatine adaptekirin, ku di encam\u00ea de tenduristiya der\u00fbn\u00ee \u00fb ba\u015fb\u00fbnek ba\u015f ji bo zarok \u00fb ciwan\u00ean li Swansea peyda dike.<\/p>\t\t\t\t\t\t<\/div>\n\t\t\t\t<\/div>\n\t\t\t\t\t<\/div>\n\t\t<\/div>\n\t\t\t\t<div class=\"elementor-column elementor-col-33 elementor-inner-column elementor-element elementor-element-92e6fad\" data-id=\"92e6fad\" data-element_type=\"column\">\n\t\t\t<div class=\"elementor-widget-wrap elementor-element-populated\">\n\t\t\t\t\t\t<div class=\"elementor-element elementor-element-8c6b332 elementor-widget elementor-widget-heading\" data-id=\"8c6b332\" data-element_type=\"widget\" data-widget_type=\"heading.default\">\n\t\t\t\t<div class=\"elementor-widget-container\">\n\t\t\t<h3 class=\"elementor-heading-title elementor-size-default\">XIZMET\u00caN XIZMET\u00caN<\/h3>\t\t<\/div>\n\t\t\t\t<\/div>\n\t\t\t\t<div class=\"elementor-element elementor-element-a10fd2d elementor-widget elementor-widget-text-editor\" data-id=\"a10fd2d\" data-element_type=\"widget\" data-widget_type=\"text-editor.default\">\n\t\t\t\t<div class=\"elementor-widget-container\">\n\t\t\t\t\t\t\t<p>R\u00eay\u00ean zelal \u00ean kar\u00fbbaran p\u00ea\u015fve bibin. Ev t\u00ea w\u00ea watey\u00ea ku d\u00ea r\u00eayek zelal ji zarok \u00fb ciwan \u00fb d\u00ea\u00fbbavan re hebe ku bigih\u00eejin kar\u00fbbaran.<\/p>\t\t\t\t\t\t<\/div>\n\t\t\t\t<\/div>\n\t\t\t\t\t<\/div>\n\t\t<\/div>\n\t\t\t\t\t<\/div>\n\t\t<\/section>\n\t\t\t\t<section class=\"elementor-section elementor-inner-section elementor-element elementor-element-59f4166 elementor-section-boxed elementor-section-height-default elementor-section-height-default\" data-id=\"59f4166\" data-element_type=\"section\">\n\t\t\t\t\t\t<div class=\"elementor-container elementor-column-gap-wide\">\n\t\t\t\t\t<div class=\"elementor-column elementor-col-33 elementor-inner-column elementor-element elementor-element-46ad604\" data-id=\"46ad604\" data-element_type=\"column\">\n\t\t\t<div class=\"elementor-widget-wrap elementor-element-populated\">\n\t\t\t\t\t\t<div class=\"elementor-element elementor-element-48cf3ba elementor-widget elementor-widget-heading\" data-id=\"48cf3ba\" data-element_type=\"widget\" data-widget_type=\"heading.default\">\n\t\t\t\t<div class=\"elementor-widget-container\">\n\t\t\t<h3 class=\"elementor-heading-title elementor-size-default\">ENDAM\u00ca FORUM\u00ca<\/h3>\t\t<\/div>\n\t\t\t\t<\/div>\n\t\t\t\t<div class=\"elementor-element elementor-element-e11ea54 elementor-widget elementor-widget-text-editor\" data-id=\"e11ea54\" data-element_type=\"widget\" data-widget_type=\"text-editor.default\">\n\t\t\t\t<div class=\"elementor-widget-container\">\n\t\t\t\t\t\t\t<p>Ji bo ku em endametiya xwe mezin bikin \u00fb hi\u015fmendiya ku em dikin bilind bikin. Ev \u00ea t\u00ea v\u00ea watey\u00ea ku deng\u00ea meya kolekt\u00eef d\u00ea ji h\u00eala biryarder\u00ean Swansea ve were bih\u00eestin \u00fb li c\u00eeh\u00ea ku hewce bike bandor\u00ea li guhertin\u00ean er\u00ean\u00ee bike.<\/p>\t\t\t\t\t\t<\/div>\n\t\t\t\t<\/div>\n\t\t\t\t\t<\/div>\n\t\t<\/div>\n\t\t\t\t<div class=\"elementor-column elementor-col-33 elementor-inner-column elementor-element elementor-element-fe0542f\" data-id=\"fe0542f\" data-element_type=\"column\">\n\t\t\t<div class=\"elementor-widget-wrap elementor-element-populated\">\n\t\t\t\t\t\t<div class=\"elementor-element elementor-element-71e3fc8 elementor-widget elementor-widget-heading\" data-id=\"71e3fc8\" data-element_type=\"widget\" data-widget_type=\"heading.default\">\n\t\t\t\t<div class=\"elementor-widget-container\">\n\t\t\t<h3 class=\"elementor-heading-title elementor-size-default\">G\u00caXISTIN &amp; DAW\u00ce<\/h3>\t\t<\/div>\n\t\t\t\t<\/div>\n\t\t\t\t<div class=\"elementor-element elementor-element-eb753be elementor-widget elementor-widget-text-editor\" data-id=\"eb753be\" data-element_type=\"widget\" data-widget_type=\"text-editor.default\">\n\t\t\t\t<div class=\"elementor-widget-container\">\n\t\t\t\t\t\t\t<p>Pi\u015ftrast bikin ku mirov\u00ean astengdar \u00fb malbat\u00ean wan li Swansea wek\u00ee her kes\u00ea xwedan heman gih\u00ee\u015ftina kar\u00fbbar \u00fb derfet\u00ean valahiy\u00ea ne. Ev t\u00ea w\u00ea watey\u00ea rakirina asteng\u00ean ji bo be\u015fdarb\u00fbn\u00ea \u00fb avakirina kar\u00fbbar\u00ean ku di bingeh\u00ea wan de gih\u00ee\u015ft\u00eeb\u00fbn \u00fb wekhev\u00ee heye.<\/p>\t\t\t\t\t\t<\/div>\n\t\t\t\t<\/div>\n\t\t\t\t\t<\/div>\n\t\t<\/div>\n\t\t\t\t<div class=\"elementor-column elementor-col-33 elementor-inner-column elementor-element elementor-element-40b311f\" data-id=\"40b311f\" data-element_type=\"column\">\n\t\t\t<div class=\"elementor-widget-wrap elementor-element-populated\">\n\t\t\t\t\t\t<div class=\"elementor-element elementor-element-44577d7 elementor-widget elementor-widget-text-editor\" data-id=\"44577d7\" data-element_type=\"widget\" data-widget_type=\"text-editor.default\">\n\t\t\t\t<div class=\"elementor-widget-container\">\n\t\t\t\t\t\t\t<p>H\u00eamanek bingeh\u00een a xebata forum\u00ea ev e ku meriv p\u00ea ewle bibe ku p\u00ea\u015fiy\u00ean w\u00ea seqetiya pan \u00fb hem\u00ee temenan ji sal\u00ean p\u00ea\u015f\u00een heya mezinan li cih\u00ea ku t\u00eakildar in vedihew\u00eene.<\/p>\t\t\t\t\t\t<\/div>\n\t\t\t\t<\/div>\n\t\t\t\t\t<\/div>\n\t\t<\/div>\n\t\t\t\t\t<\/div>\n\t\t<\/section>\n\t\t\t\t<section class=\"elementor-section elementor-inner-section elementor-element elementor-element-dc5ddd3 elementor-section-boxed elementor-section-height-default elementor-section-height-default\" data-id=\"dc5ddd3\" data-element_type=\"section\">\n\t\t\t\t\t\t<div class=\"elementor-container elementor-column-gap-wide\">\n\t\t\t\t\t<div class=\"elementor-column elementor-col-50 elementor-inner-column elementor-element elementor-element-6aa632e\" data-id=\"6aa632e\" data-element_type=\"column\">\n\t\t\t<div class=\"elementor-widget-wrap\">\n\t\t\t\t\t\t\t<\/div>\n\t\t<\/div>\n\t\t\t\t<div class=\"elementor-column elementor-col-50 elementor-inner-column elementor-element elementor-element-54f79a7\" data-id=\"54f79a7\" data-element_type=\"column\" data-settings=\"{&quot;background_background&quot;:&quot;classic&quot;}\">\n\t\t\t<div class=\"elementor-widget-wrap\">\n\t\t\t\t\t\t\t<\/div>\n\t\t<\/div>\n\t\t\t\t\t<\/div>\n\t\t<\/section>\n\t\t\t\t\t<\/div>\n\t\t<\/div>\n\t\t\t\t\t<\/div>\n\t\t<\/section>\n\t\t\t\t<\/div>","protected":false},"excerpt":{"rendered":"<p>P\u00ea\u015fk\u00ea\u015fkirina kanalek dan\u00fbstendin\u00ea ya \u00e7\u00eaker di navbera d\u00ea\u00fbbav \u00fb hevkar\u00ean stratej\u00eek de Em \u00e7i dikin P\u00ea\u015f\u00eeniy\u00ean me Her sal Forum d\u00ea li ser ti\u015ft\u00ean ku h\u00fbn ji me re dib\u00eajin gir\u00eeng e, bala me ya niha di van waran de ye: - P\u00caW\u00ceSTIY\u00caN Z\u00caDE BI H\u00caRB\u00dbNIN Bigih\u00eajin tevl\u00eab\u00fbn \u00fb \u00e7and\u00ea. guhertina li gor\u00ee qan\u00fbna ALN. Ev t\u00ea w\u00ea watey\u00ea [\u2026]<\/p>","protected":false},"author":1,"featured_media":0,"parent":0,"menu_order":0,"comment_status":"closed","ping_status":"closed","template":"","meta":{"footnotes":""},"class_list":["post-52","page","type-page","status-publish","hentry"],"yoast_head":"<!-- This site is optimized with the Yoast SEO plugin v23.7 - https:\/\/yoast.com\/wordpress\/plugins\/seo\/ -->\n<title>Swansea Parent Carer Forum - Our Priorities<\/title>\n<meta name=\"description\" content=\"Swansea Parent Carer Forum aims to provide a constructive channel of communication between parent carers and strategic partners.\" \/>\n<meta name=\"robots\" content=\"index, follow, max-snippet:-1, max-image-preview:large, max-video-preview:-1\" \/>\n<link rel=\"canonical\" href=\"https:\/\/swanseapcf.org\/ku\/our-priorities\/\" \/>\n<meta property=\"og:locale\" content=\"en_US\" \/>\n<meta property=\"og:type\" content=\"article\" \/>\n<meta property=\"og:title\" content=\"Swansea Parent Carer Forum - Our Priorities\" \/>\n<meta property=\"og:description\" content=\"Swansea Parent Carer Forum aims to provide a constructive channel of communication between parent carers and strategic partners.\" \/>\n<meta property=\"og:url\" content=\"https:\/\/swanseapcf.org\/ku\/our-priorities\/\" \/>\n<meta property=\"og:site_name\" content=\"Swansea Parent Carer Forum\" \/>\n<meta property=\"article:publisher\" content=\"https:\/\/www.facebook.com\/SwanseaPCF\/\" \/>\n<meta property=\"article:modified_time\" content=\"2023-07-05T14:02:04+00:00\" \/>\n<meta property=\"og:image\" content=\"https:\/\/swanseapcf.org\/wp-content\/uploads\/2019\/10\/SPCF-OG-Logo.jpg\" \/>\n\t<meta property=\"og:image:width\" content=\"501\" \/>\n\t<meta property=\"og:image:height\" content=\"261\" \/>\n\t<meta property=\"og:image:type\" content=\"image\/jpeg\" \/>\n<meta name=\"twitter:card\" content=\"summary_large_image\" \/>\n<meta name=\"twitter:site\" content=\"@SwanseaPCF\" \/>\n<meta name=\"twitter:label1\" content=\"Est. reading time\" \/>\n\t<meta name=\"twitter:data1\" content=\"2 \u062e\u0648\u0644\u06d5\u06a9\" \/>\n<script type=\"application\/ld+json\" class=\"yoast-schema-graph\">{\"@context\":\"https:\/\/schema.org\",\"@graph\":[{\"@type\":\"WebPage\",\"@id\":\"https:\/\/swanseapcf.org\/our-priorities\/\",\"url\":\"https:\/\/swanseapcf.org\/our-priorities\/\",\"name\":\"Swansea Parent Carer Forum - Our Priorities\",\"isPartOf\":{\"@id\":\"https:\/\/swanseapcf.org\/#website\"},\"datePublished\":\"2019-10-14T16:01:18+00:00\",\"dateModified\":\"2023-07-05T14:02:04+00:00\",\"description\":\"Swansea Parent Carer Forum aims to provide a constructive channel of communication between parent carers and strategic partners.\",\"breadcrumb\":{\"@id\":\"https:\/\/swanseapcf.org\/our-priorities\/#breadcrumb\"},\"inLanguage\":\"ckb\",\"potentialAction\":[{\"@type\":\"ReadAction\",\"target\":[\"https:\/\/swanseapcf.org\/our-priorities\/\"]}]},{\"@type\":\"BreadcrumbList\",\"@id\":\"https:\/\/swanseapcf.org\/our-priorities\/#breadcrumb\",\"itemListElement\":[{\"@type\":\"ListItem\",\"position\":1,\"name\":\"Home\",\"item\":\"https:\/\/swanseapcf.org\/\"},{\"@type\":\"ListItem\",\"position\":2,\"name\":\"Our Priorities\"}]},{\"@type\":\"WebSite\",\"@id\":\"https:\/\/swanseapcf.org\/#website\",\"url\":\"https:\/\/swanseapcf.org\/\",\"name\":\"Swansea Parent Carer Forum\",\"description\":\"Working together to influence chnage\",\"publisher\":{\"@id\":\"https:\/\/swanseapcf.org\/#organization\"},\"potentialAction\":[{\"@type\":\"SearchAction\",\"target\":{\"@type\":\"EntryPoint\",\"urlTemplate\":\"https:\/\/swanseapcf.org\/?s={search_term_string}\"},\"query-input\":{\"@type\":\"PropertyValueSpecification\",\"valueRequired\":true,\"valueName\":\"search_term_string\"}}],\"inLanguage\":\"ckb\"},{\"@type\":\"Organization\",\"@id\":\"https:\/\/swanseapcf.org\/#organization\",\"name\":\"Swansea Parent Care Forum\",\"url\":\"https:\/\/swanseapcf.org\/\",\"logo\":{\"@type\":\"ImageObject\",\"inLanguage\":\"ckb\",\"@id\":\"https:\/\/swanseapcf.org\/#\/schema\/logo\/image\/\",\"url\":\"https:\/\/swanseapcf.org\/wp-content\/uploads\/2019\/10\/SPCF-Logo@2x.png\",\"contentUrl\":\"https:\/\/swanseapcf.org\/wp-content\/uploads\/2019\/10\/SPCF-Logo@2x.png\",\"width\":768,\"height\":202,\"caption\":\"Swansea Parent Care Forum\"},\"image\":{\"@id\":\"https:\/\/swanseapcf.org\/#\/schema\/logo\/image\/\"},\"sameAs\":[\"https:\/\/www.facebook.com\/SwanseaPCF\/\",\"https:\/\/x.com\/SwanseaPCF\",\"https:\/\/www.instagram.com\/swanseapcf\/\",\"https:\/\/www.youtube.com\/channel\/UCOTKLBxoPadw_LYukVDhs3Q\"]}]}<\/script>\n<!-- \/ Yoast SEO plugin. -->","yoast_head_json":{"title":"Swansea Parent Carer Forum - Our Priorities","description":"Swansea Parent Carer Forum aims to provide a constructive channel of communication between parent carers and strategic partners.","robots":{"index":"index","follow":"follow","max-snippet":"max-snippet:-1","max-image-preview":"max-image-preview:large","max-video-preview":"max-video-preview:-1"},"canonical":"https:\/\/swanseapcf.org\/ku\/our-priorities\/","og_locale":"en_US","og_type":"article","og_title":"Swansea Parent Carer Forum - Our Priorities","og_description":"Swansea Parent Carer Forum aims to provide a constructive channel of communication between parent carers and strategic partners.","og_url":"https:\/\/swanseapcf.org\/ku\/our-priorities\/","og_site_name":"Swansea Parent Carer Forum","article_publisher":"https:\/\/www.facebook.com\/SwanseaPCF\/","article_modified_time":"2023-07-05T14:02:04+00:00","og_image":[{"width":501,"height":261,"url":"https:\/\/swanseapcf.org\/wp-content\/uploads\/2019\/10\/SPCF-OG-Logo.jpg","type":"image\/jpeg"}],"twitter_card":"summary_large_image","twitter_site":"@SwanseaPCF","twitter_misc":{"Est. reading time":"2 \u062e\u0648\u0644\u06d5\u06a9"},"schema":{"@context":"https:\/\/schema.org","@graph":[{"@type":"WebPage","@id":"https:\/\/swanseapcf.org\/our-priorities\/","url":"https:\/\/swanseapcf.org\/our-priorities\/","name":"Swansea Parent Carer Forum - Our Priorities","isPartOf":{"@id":"https:\/\/swanseapcf.org\/#website"},"datePublished":"2019-10-14T16:01:18+00:00","dateModified":"2023-07-05T14:02:04+00:00","description":"Swansea Parent Carer Forum aims to provide a constructive channel of communication between parent carers and strategic partners.","breadcrumb":{"@id":"https:\/\/swanseapcf.org\/our-priorities\/#breadcrumb"},"inLanguage":"ckb","potentialAction":[{"@type":"ReadAction","target":["https:\/\/swanseapcf.org\/our-priorities\/"]}]},{"@type":"BreadcrumbList","@id":"https:\/\/swanseapcf.org\/our-priorities\/#breadcrumb","itemListElement":[{"@type":"ListItem","position":1,"name":"Home","item":"https:\/\/swanseapcf.org\/"},{"@type":"ListItem","position":2,"name":"Our Priorities"}]},{"@type":"WebSite","@id":"https:\/\/swanseapcf.org\/#website","url":"https:\/\/swanseapcf.org\/","name":"Swansea Parent Carer Forum","description":"Working together to influence chnage","publisher":{"@id":"https:\/\/swanseapcf.org\/#organization"},"potentialAction":[{"@type":"SearchAction","target":{"@type":"EntryPoint","urlTemplate":"https:\/\/swanseapcf.org\/?s={search_term_string}"},"query-input":{"@type":"PropertyValueSpecification","valueRequired":true,"valueName":"search_term_string"}}],"inLanguage":"ckb"},{"@type":"Organization","@id":"https:\/\/swanseapcf.org\/#organization","name":"Swansea Parent Care Forum","url":"https:\/\/swanseapcf.org\/","logo":{"@type":"ImageObject","inLanguage":"ckb","@id":"https:\/\/swanseapcf.org\/#\/schema\/logo\/image\/","url":"https:\/\/swanseapcf.org\/wp-content\/uploads\/2019\/10\/SPCF-Logo@2x.png","contentUrl":"https:\/\/swanseapcf.org\/wp-content\/uploads\/2019\/10\/SPCF-Logo@2x.png","width":768,"height":202,"caption":"Swansea Parent Care Forum"},"image":{"@id":"https:\/\/swanseapcf.org\/#\/schema\/logo\/image\/"},"sameAs":["https:\/\/www.facebook.com\/SwanseaPCF\/","https:\/\/x.com\/SwanseaPCF","https:\/\/www.instagram.com\/swanseapcf\/","https:\/\/www.youtube.com\/channel\/UCOTKLBxoPadw_LYukVDhs3Q"]}]}},"_links":{"self":[{"href":"https:\/\/swanseapcf.org\/ku\/wp-json\/wp\/v2\/pages\/52"}],"collection":[{"href":"https:\/\/swanseapcf.org\/ku\/wp-json\/wp\/v2\/pages"}],"about":[{"href":"https:\/\/swanseapcf.org\/ku\/wp-json\/wp\/v2\/types\/page"}],"author":[{"embeddable":true,"href":"https:\/\/swanseapcf.org\/ku\/wp-json\/wp\/v2\/users\/1"}],"replies":[{"embeddable":true,"href":"https:\/\/swanseapcf.org\/ku\/wp-json\/wp\/v2\/comments?post=52"}],"version-history":[{"count":49,"href":"https:\/\/swanseapcf.org\/ku\/wp-json\/wp\/v2\/pages\/52\/revisions"}],"predecessor-version":[{"id":1090,"href":"https:\/\/swanseapcf.org\/ku\/wp-json\/wp\/v2\/pages\/52\/revisions\/1090"}],"wp:attachment":[{"href":"https:\/\/swanseapcf.org\/ku\/wp-json\/wp\/v2\/media?parent=52"}],"curies":[{"name":"wp","href":"https:\/\/api.w.org\/{rel}","templated":true}]}}