{"id":222,"date":"2019-10-17T15:19:01","date_gmt":"2019-10-17T14:19:01","guid":{"rendered":"https:\/\/swanseapcf.org\/cookie-policy\/"},"modified":"2019-10-17T15:53:18","modified_gmt":"2019-10-17T14:53:18","slug":"cookie-policy","status":"publish","type":"page","link":"https:\/\/swanseapcf.org\/ku\/cookie-policy\/","title":{"rendered":"Siyaseta K\u00fbkiyan"},"content":{"rendered":"<div data-elementor-type=\"wp-page\" data-elementor-id=\"222\" class=\"elementor elementor-222\" data-elementor-post-type=\"page\">\n\t\t\t\t\t\t<section class=\"elementor-section elementor-top-section elementor-element elementor-element-a8daeeb elementor-section-boxed elementor-section-height-default elementor-section-height-default\" data-id=\"a8daeeb\" data-element_type=\"section\">\n\t\t\t\t\t\t<div class=\"elementor-container elementor-column-gap-default\">\n\t\t\t\t\t<div class=\"elementor-column elementor-col-100 elementor-top-column elementor-element elementor-element-eee2fd9\" data-id=\"eee2fd9\" data-element_type=\"column\">\n\t\t\t<div class=\"elementor-widget-wrap elementor-element-populated\">\n\t\t\t\t\t\t<div class=\"elementor-element elementor-element-e9069ab elementor-widget elementor-widget-heading\" data-id=\"e9069ab\" data-element_type=\"widget\" data-widget_type=\"heading.default\">\n\t\t\t\t<div class=\"elementor-widget-container\">\n\t\t\t<h2 class=\"elementor-heading-title elementor-size-default\">Cookies<\/h2>\t\t<\/div>\n\t\t\t\t<\/div>\n\t\t\t\t\t<\/div>\n\t\t<\/div>\n\t\t\t\t\t<\/div>\n\t\t<\/section>\n\t\t\t\t<section class=\"elementor-section elementor-top-section elementor-element elementor-element-a2c3489 elementor-section-boxed elementor-section-height-default elementor-section-height-default\" data-id=\"a2c3489\" data-element_type=\"section\">\n\t\t\t\t\t\t<div class=\"elementor-container elementor-column-gap-default\">\n\t\t\t\t\t<div class=\"elementor-column elementor-col-100 elementor-top-column elementor-element elementor-element-520529b8\" data-id=\"520529b8\" data-element_type=\"column\">\n\t\t\t<div class=\"elementor-widget-wrap elementor-element-populated\">\n\t\t\t\t\t\t<div class=\"elementor-element elementor-element-7cb2502e elementor-widget elementor-widget-text-editor\" data-id=\"7cb2502e\" data-element_type=\"widget\" data-widget_type=\"text-editor.default\">\n\t\t\t\t<div class=\"elementor-widget-container\">\n\t\t\t\t\t\t\t<p><strong>Ev malper cookies bikar t\u00eene<\/strong> - Pel\u00ean niv\u00ees\u00ea y\u00ean pi\u00e7\u00fbk \u00ean ku li ser mak\u00eeneya we t\u00eane dan\u00een da ku ji malper\u00ea re bibin al\u00eekar ku ezm\u00fbnek bikarh\u00eanerek \u00e7\u00eatir peyda bike. Bi gelemper\u00ee, cookie t\u00eane bikar an\u00een da ku vebijark\u00ean bikarh\u00eaner hil\u00eenin, agahdariya ji bo ti\u015ft\u00ean wek\u00ee selik\u00ean kir\u00een\u00ea hil\u00eenin, \u00fb daney\u00ean \u015fopandina nenaskir\u00ee ji ser\u00eel\u00eadan\u00ean partiya s\u00eayem\u00een \u00ean m\u00eena Google Analytics re peyda dikin. Wek\u00ee qa\u00eedeyek, cookies d\u00ea ezm\u00fbna geroka we \u00e7\u00eatir bikin. L\u00eabel\u00ea, dibe ku h\u00fbn terc\u00eeh bikin ku li ser v\u00ea malper\u00ea \u00fb li ser y\u00ean din cookies ne\u00e7alak bikin. Away\u00ea her\u00ee bi bandor ji bo v\u00ea yek\u00ea ne\u00e7alakkirina cookies di geroka xwe de ye. Em p\u00ea\u015fniyar dikin ku bi be\u015fa Al\u00eekariy\u00ea ya geroka xwe \u015f\u00eawir bikin an j\u00ee l\u00ea bin\u00earin <a href=\"http:\/\/www.aboutcookies.org\">malpera About Cookies<\/a> ku r\u00eabernamey\u00ea ji bo hem\u00ee gerok\u00ean n\u00fbjen p\u00ea\u015fk\u00ea\u015f\u00ee dike<\/p>\t\t\t\t\t\t<\/div>\n\t\t\t\t<\/div>\n\t\t\t\t\t<\/div>\n\t\t<\/div>\n\t\t\t\t\t<\/div>\n\t\t<\/section>\n\t\t\t\t<\/div>","protected":false},"excerpt":{"rendered":"<p>K\u00fbk\u00ee Ev malper k\u00fbk\u00eeyan bikar t\u00eene - pel\u00ean niv\u00ees\u00ea y\u00ean pi\u00e7\u00fbk ku li ser mak\u00eeneya we t\u00eane dan\u00een da ku al\u00eekariya malper\u00ea bikin ku ezm\u00fbnek \u00e7\u00eatir a bikarh\u00eaner peyda bike. Bi gelemper\u00ee, k\u00fbk\u00ee ji bo parastina terc\u00eeh\u00ean bikarh\u00eaner, hilan\u00eena agahdariya ti\u015ft\u00ean wek\u00ee selik\u00ean kir\u00een\u00ea, \u00fb peyda kirina daney\u00ean \u015fopandin\u00ea y\u00ean anon\u00eem ji bo sepan\u00ean s\u00eayem\u00een \u00ean wek\u00ee Google Analytics t\u00eane bikar an\u00een. Wek\u00ee qa\u00eedeyek, [\u2026]<\/p>","protected":false},"author":1,"featured_media":0,"parent":0,"menu_order":0,"comment_status":"closed","ping_status":"closed","template":"","meta":{"footnotes":""},"class_list":["post-222","page","type-page","status-publish","hentry"],"yoast_head":"<!-- This site is optimized with the Yoast SEO plugin v23.7 - https:\/\/yoast.com\/wordpress\/plugins\/seo\/ -->\n<title>Cookie Policy - Swansea Parent Carer Forum<\/title>\n<meta name=\"robots\" content=\"noindex, follow\" \/>\n<meta property=\"og:locale\" content=\"en_US\" \/>\n<meta property=\"og:type\" content=\"article\" \/>\n<meta property=\"og:title\" content=\"Cookie Policy - Swansea Parent Carer Forum\" \/>\n<meta property=\"og:description\" content=\"Cookies This site uses cookies &#8211; small text files that are placed on your machine to help the site provide a better user experience. In general, cookies are used to retain user preferences, store information for things like shopping baskets, and provide anonymised tracking data to third party applications like Google Analytics. As a rule, [&hellip;]\" \/>\n<meta property=\"og:url\" content=\"https:\/\/swanseapcf.org\/ku\/cookie-policy\/\" \/>\n<meta property=\"og:site_name\" content=\"Swansea Parent Carer Forum\" \/>\n<meta property=\"article:publisher\" content=\"https:\/\/www.facebook.com\/SwanseaPCF\/\" \/>\n<meta property=\"article:modified_time\" content=\"2019-10-17T14:53:18+00:00\" \/>\n<meta property=\"og:image\" content=\"https:\/\/swanseapcf.org\/wp-content\/uploads\/2019\/10\/SPCF-OG-Logo.jpg\" \/>\n\t<meta property=\"og:image:width\" content=\"501\" \/>\n\t<meta property=\"og:image:height\" content=\"261\" \/>\n\t<meta property=\"og:image:type\" content=\"image\/jpeg\" \/>\n<meta name=\"twitter:card\" content=\"summary_large_image\" \/>\n<meta name=\"twitter:site\" content=\"@SwanseaPCF\" \/>\n<meta name=\"twitter:label1\" content=\"Est. reading time\" \/>\n\t<meta name=\"twitter:data1\" content=\"1 \u062e\u0648\u0644\u06d5\u06a9\" \/>\n<script type=\"application\/ld+json\" class=\"yoast-schema-graph\">{\"@context\":\"https:\/\/schema.org\",\"@graph\":[{\"@type\":\"WebPage\",\"@id\":\"https:\/\/swanseapcf.org\/ar\/cookie-policy\/\",\"url\":\"https:\/\/swanseapcf.org\/ar\/cookie-policy\/\",\"name\":\"Cookie Policy - Swansea Parent Carer Forum\",\"isPartOf\":{\"@id\":\"https:\/\/swanseapcf.org\/#website\"},\"datePublished\":\"2019-10-17T14:19:01+00:00\",\"dateModified\":\"2019-10-17T14:53:18+00:00\",\"breadcrumb\":{\"@id\":\"https:\/\/swanseapcf.org\/ar\/cookie-policy\/#breadcrumb\"},\"inLanguage\":\"ckb\",\"potentialAction\":[{\"@type\":\"ReadAction\",\"target\":[\"https:\/\/swanseapcf.org\/ar\/cookie-policy\/\"]}]},{\"@type\":\"BreadcrumbList\",\"@id\":\"https:\/\/swanseapcf.org\/ar\/cookie-policy\/#breadcrumb\",\"itemListElement\":[{\"@type\":\"ListItem\",\"position\":1,\"name\":\"Home\",\"item\":\"https:\/\/swanseapcf.org\/\"},{\"@type\":\"ListItem\",\"position\":2,\"name\":\"Cookie Policy\"}]},{\"@type\":\"WebSite\",\"@id\":\"https:\/\/swanseapcf.org\/#website\",\"url\":\"https:\/\/swanseapcf.org\/\",\"name\":\"Swansea Parent Carer Forum\",\"description\":\"Working together to influence chnage\",\"publisher\":{\"@id\":\"https:\/\/swanseapcf.org\/#organization\"},\"potentialAction\":[{\"@type\":\"SearchAction\",\"target\":{\"@type\":\"EntryPoint\",\"urlTemplate\":\"https:\/\/swanseapcf.org\/?s={search_term_string}\"},\"query-input\":{\"@type\":\"PropertyValueSpecification\",\"valueRequired\":true,\"valueName\":\"search_term_string\"}}],\"inLanguage\":\"ckb\"},{\"@type\":\"Organization\",\"@id\":\"https:\/\/swanseapcf.org\/#organization\",\"name\":\"Swansea Parent Care Forum\",\"url\":\"https:\/\/swanseapcf.org\/\",\"logo\":{\"@type\":\"ImageObject\",\"inLanguage\":\"ckb\",\"@id\":\"https:\/\/swanseapcf.org\/#\/schema\/logo\/image\/\",\"url\":\"https:\/\/swanseapcf.org\/wp-content\/uploads\/2019\/10\/SPCF-Logo@2x.png\",\"contentUrl\":\"https:\/\/swanseapcf.org\/wp-content\/uploads\/2019\/10\/SPCF-Logo@2x.png\",\"width\":768,\"height\":202,\"caption\":\"Swansea Parent Care Forum\"},\"image\":{\"@id\":\"https:\/\/swanseapcf.org\/#\/schema\/logo\/image\/\"},\"sameAs\":[\"https:\/\/www.facebook.com\/SwanseaPCF\/\",\"https:\/\/x.com\/SwanseaPCF\",\"https:\/\/www.instagram.com\/swanseapcf\/\",\"https:\/\/www.youtube.com\/channel\/UCOTKLBxoPadw_LYukVDhs3Q\"]}]}<\/script>\n<!-- \/ Yoast SEO plugin. -->","yoast_head_json":{"title":"Cookie Policy - Swansea Parent Carer Forum","robots":{"index":"noindex","follow":"follow"},"og_locale":"en_US","og_type":"article","og_title":"Cookie Policy - Swansea Parent Carer Forum","og_description":"Cookies This site uses cookies &#8211; small text files that are placed on your machine to help the site provide a better user experience. In general, cookies are used to retain user preferences, store information for things like shopping baskets, and provide anonymised tracking data to third party applications like Google Analytics. As a rule, [&hellip;]","og_url":"https:\/\/swanseapcf.org\/ku\/cookie-policy\/","og_site_name":"Swansea Parent Carer Forum","article_publisher":"https:\/\/www.facebook.com\/SwanseaPCF\/","article_modified_time":"2019-10-17T14:53:18+00:00","og_image":[{"width":501,"height":261,"url":"https:\/\/swanseapcf.org\/wp-content\/uploads\/2019\/10\/SPCF-OG-Logo.jpg","type":"image\/jpeg"}],"twitter_card":"summary_large_image","twitter_site":"@SwanseaPCF","twitter_misc":{"Est. reading time":"1 \u062e\u0648\u0644\u06d5\u06a9"},"schema":{"@context":"https:\/\/schema.org","@graph":[{"@type":"WebPage","@id":"https:\/\/swanseapcf.org\/ar\/cookie-policy\/","url":"https:\/\/swanseapcf.org\/ar\/cookie-policy\/","name":"Cookie Policy - Swansea Parent Carer Forum","isPartOf":{"@id":"https:\/\/swanseapcf.org\/#website"},"datePublished":"2019-10-17T14:19:01+00:00","dateModified":"2019-10-17T14:53:18+00:00","breadcrumb":{"@id":"https:\/\/swanseapcf.org\/ar\/cookie-policy\/#breadcrumb"},"inLanguage":"ckb","potentialAction":[{"@type":"ReadAction","target":["https:\/\/swanseapcf.org\/ar\/cookie-policy\/"]}]},{"@type":"BreadcrumbList","@id":"https:\/\/swanseapcf.org\/ar\/cookie-policy\/#breadcrumb","itemListElement":[{"@type":"ListItem","position":1,"name":"Home","item":"https:\/\/swanseapcf.org\/"},{"@type":"ListItem","position":2,"name":"Cookie Policy"}]},{"@type":"WebSite","@id":"https:\/\/swanseapcf.org\/#website","url":"https:\/\/swanseapcf.org\/","name":"Swansea Parent Carer Forum","description":"Working together to influence chnage","publisher":{"@id":"https:\/\/swanseapcf.org\/#organization"},"potentialAction":[{"@type":"SearchAction","target":{"@type":"EntryPoint","urlTemplate":"https:\/\/swanseapcf.org\/?s={search_term_string}"},"query-input":{"@type":"PropertyValueSpecification","valueRequired":true,"valueName":"search_term_string"}}],"inLanguage":"ckb"},{"@type":"Organization","@id":"https:\/\/swanseapcf.org\/#organization","name":"Swansea Parent Care Forum","url":"https:\/\/swanseapcf.org\/","logo":{"@type":"ImageObject","inLanguage":"ckb","@id":"https:\/\/swanseapcf.org\/#\/schema\/logo\/image\/","url":"https:\/\/swanseapcf.org\/wp-content\/uploads\/2019\/10\/SPCF-Logo@2x.png","contentUrl":"https:\/\/swanseapcf.org\/wp-content\/uploads\/2019\/10\/SPCF-Logo@2x.png","width":768,"height":202,"caption":"Swansea Parent Care Forum"},"image":{"@id":"https:\/\/swanseapcf.org\/#\/schema\/logo\/image\/"},"sameAs":["https:\/\/www.facebook.com\/SwanseaPCF\/","https:\/\/x.com\/SwanseaPCF","https:\/\/www.instagram.com\/swanseapcf\/","https:\/\/www.youtube.com\/channel\/UCOTKLBxoPadw_LYukVDhs3Q"]}]}},"_links":{"self":[{"href":"https:\/\/swanseapcf.org\/ku\/wp-json\/wp\/v2\/pages\/222"}],"collection":[{"href":"https:\/\/swanseapcf.org\/ku\/wp-json\/wp\/v2\/pages"}],"about":[{"href":"https:\/\/swanseapcf.org\/ku\/wp-json\/wp\/v2\/types\/page"}],"author":[{"embeddable":true,"href":"https:\/\/swanseapcf.org\/ku\/wp-json\/wp\/v2\/users\/1"}],"replies":[{"embeddable":true,"href":"https:\/\/swanseapcf.org\/ku\/wp-json\/wp\/v2\/comments?post=222"}],"version-history":[{"count":4,"href":"https:\/\/swanseapcf.org\/ku\/wp-json\/wp\/v2\/pages\/222\/revisions"}],"predecessor-version":[{"id":232,"href":"https:\/\/swanseapcf.org\/ku\/wp-json\/wp\/v2\/pages\/222\/revisions\/232"}],"wp:attachment":[{"href":"https:\/\/swanseapcf.org\/ku\/wp-json\/wp\/v2\/media?parent=222"}],"curies":[{"name":"wp","href":"https:\/\/api.w.org\/{rel}","templated":true}]}}