{"id":164,"date":"2019-10-17T10:11:38","date_gmt":"2019-10-17T09:11:38","guid":{"rendered":"https:\/\/swanseapcf.org\/?page_id=164"},"modified":"2021-07-11T20:55:35","modified_gmt":"2021-07-11T19:55:35","slug":"privacy-policy","status":"publish","type":"page","link":"https:\/\/swanseapcf.org\/ku\/privacy-policy\/","title":{"rendered":"Privacy Policy"},"content":{"rendered":"<div data-elementor-type=\"wp-page\" data-elementor-id=\"164\" class=\"elementor elementor-164\" data-elementor-post-type=\"page\">\n\t\t\t\t\t\t<section class=\"elementor-section elementor-top-section elementor-element elementor-element-0ee29ab elementor-section-boxed elementor-section-height-default elementor-section-height-default\" data-id=\"0ee29ab\" data-element_type=\"section\">\n\t\t\t\t\t\t<div class=\"elementor-container elementor-column-gap-default\">\n\t\t\t\t\t<div class=\"elementor-column elementor-col-100 elementor-top-column elementor-element elementor-element-857de8b\" data-id=\"857de8b\" data-element_type=\"column\">\n\t\t\t<div class=\"elementor-widget-wrap elementor-element-populated\">\n\t\t\t\t\t\t<div class=\"elementor-element elementor-element-9c303f8 elementor-widget elementor-widget-heading\" data-id=\"9c303f8\" data-element_type=\"widget\" data-widget_type=\"heading.default\">\n\t\t\t\t<div class=\"elementor-widget-container\">\n\t\t\t<h2 class=\"elementor-heading-title elementor-size-default\">Swansea PCF Parastina Daney\u00ean &amp; Siyaseta Nepen\u00eetiy\u00ea<\/h2>\t\t<\/div>\n\t\t\t\t<\/div>\n\t\t\t\t\t<\/div>\n\t\t<\/div>\n\t\t\t\t\t<\/div>\n\t\t<\/section>\n\t\t\t\t<section class=\"elementor-section elementor-top-section elementor-element elementor-element-7b1e6a5 elementor-reverse-mobile elementor-section-boxed elementor-section-height-default elementor-section-height-default\" data-id=\"7b1e6a5\" data-element_type=\"section\" data-settings=\"{&quot;background_background&quot;:&quot;classic&quot;}\">\n\t\t\t\t\t\t<div class=\"elementor-container elementor-column-gap-default\">\n\t\t\t\t\t<div class=\"elementor-column elementor-col-100 elementor-top-column elementor-element elementor-element-e36585b\" data-id=\"e36585b\" data-element_type=\"column\">\n\t\t\t<div class=\"elementor-widget-wrap elementor-element-populated\">\n\t\t\t\t\t\t<div class=\"elementor-element elementor-element-9a1dea7 elementor-widget elementor-widget-text-editor\" data-id=\"9a1dea7\" data-element_type=\"widget\" data-widget_type=\"text-editor.default\">\n\t\t\t\t<div class=\"elementor-widget-container\">\n\t\t\t\t\t\t\t<p>Swansea Parent Carer Forum (SPCF) d\u00ea bi tevah\u00ee bi Keyaniya Yekb\u00fby\u00ee re tevbigere <a href=\"https:\/\/www.gov.uk\/government\/publications\/guide-to-the-general-data-protection-regulation\" target=\"_blank\" rel=\"noopener\">R\u00eaziknameya Parastina Daney\u00ean Gi\u015ft\u00ee 2018 (GDPR)<\/a> \u00fb prens\u00eeb\u00ean hi\u015fk diyar dikin ku agahdar\u00ee div\u00ea ev bin:<\/p><ul><li>T\u00eakildar\u00ee mijara daney\u00ea bi dadwer\u00ee, qan\u00fbn\u00ee \u00fb bi rengek\u00ee \u015fefaf p\u00eavajo kirin.<\/li><li>Ji bo mebest\u00ean diyarkir\u00ee, e\u015fkere \u00fb rewa hatine berhev kirin, \u00fb ji bo armanc\u00ean din \u00ean ku bi van armancan re hevaheng in nay\u00ean p\u00eavajo kirin. P\u00eavajoya b\u00eatir ji bo mebest\u00ean ar\u015f\u00eevkirin\u00ea an armanc\u00ean stat\u00eest\u00eek\u00ee bi armanc\u00ean destp\u00eak\u00ea re hevaheng t\u00eane hesibandin.<\/li><li>T\u00ear, t\u00eakildar \u00fb bi ti\u015ft\u00ea ku ji bo armanca ku dane t\u00eane hilberandin ve gir\u00eaday\u00ee ye.<\/li><li>Rast, \u00fb li ku hewce be, n\u00fbvekir\u00ee ye. Div\u00ea gav\u00ean maq\u00fbl b\u00ean av\u00eatin da ku daney\u00ean kesane y\u00ean ku nerast in, li gor\u00ee armanc\u00ean ku t\u00eane hilan\u00een, b\u00ea dereng werin rakirin an rastkirin.<\/li><li>Ji bo mebest\u00ean ku daney\u00ean kesane t\u00eane hilan\u00een, di formek ku dest\u00fbr\u00ea dide nas\u00eena mijar\u00ean daney\u00ea ne ji hewcedariy\u00ea z\u00eadetir t\u00ea girtin. Daney\u00ean kesane dibe ku ji bo dem\u00ean dir\u00eajtir werin hilan\u00een heke daney\u00ean kesane d\u00ea ten\u00ea ji bo mebest\u00ean ar\u015f\u00eevkirin\u00ea, di berjewendiya armanc\u00ean l\u00eakol\u00eena gi\u015ft\u00ee, zanist\u00ee an d\u00eerok\u00ee de b\u00eane hilan\u00een, bi \u015fert\u00ea p\u00eakan\u00eena tedb\u00eera tekn\u00eek\u00ee \u00fb r\u00eaxistin\u00ee ya guncan ku ji h\u00eala GDPR ve ji bo parastin\u00ea t\u00ea xwestin. maf \u00fb azadiy\u00ean kesan.<\/li><li>Bi rengek ku ewlehiya guncan a daney\u00ean kesane, di nav de parastina li dij\u00ee p\u00eavajoyek neqan\u00fbn\u00ee an b\u00ea dest\u00fbr \u00fb li dij\u00ee windab\u00fbna qeza, hilwe\u015fandin an zirar\u00ea, bi karan\u00eena tedb\u00eer\u00ean tekn\u00eek\u00ee an r\u00eaxistin\u00ee y\u00ean guncaw, t\u00ea p\u00eavajo kirin.<\/li><\/ul>\t\t\t\t\t\t<\/div>\n\t\t\t\t<\/div>\n\t\t\t\t<div class=\"elementor-element elementor-element-0a1cc24 elementor-widget elementor-widget-heading\" data-id=\"0a1cc24\" data-element_type=\"widget\" data-widget_type=\"heading.default\">\n\t\t\t\t<div class=\"elementor-widget-container\">\n\t\t\t<h3 class=\"elementor-heading-title elementor-size-default\">Daxuyaniya nepen\u00eetiy\u00ea<\/h3>\t\t<\/div>\n\t\t\t\t<\/div>\n\t\t\t\t<div class=\"elementor-element elementor-element-03868c2 elementor-widget elementor-widget-text-editor\" data-id=\"03868c2\" data-element_type=\"widget\" data-widget_type=\"text-editor.default\">\n\t\t\t\t<div class=\"elementor-widget-container\">\n\t\t\t\t\t\t\t<ul><li>Swansea Parent Carer Forum (SPCF) d\u00ea agahdariya kesane ewle \u00fb ewledar bih\u00eale, \u00e7i ew di forma kaxez\u00ea de were hilan\u00een an bi elektron\u00eek\u00ee.<\/li><li>Agahdariya ku t\u00ea girtin d\u00ea ji ti aliyek\u00ee din re ney\u00ea e\u015fkere kirin, heya ku ew xwediy\u00ea desthilatdariya d\u00eetina w\u00ea ne an dest\u00fbrnameyek taybet\u00ee ya kes\u00ea ku p\u00ea re t\u00eakildar be hebe.<\/li><li>Her kes dikare bixwaze ku agahdariya kesane ya w\u00ee di her k\u00ealiy\u00ea de ji tomar\u00ean me were rakirin.<\/li><li>Her kes dikare di her k\u00ealiy\u00ea de kopiyek agahdariya ku li ser wan ji h\u00eala SPCF ve hat\u00ee girtin bixwaze.<\/li><li>Dibe ku databasa endametiy\u00ea di bin ti \u015fert \u00fb mercan de ney\u00ea \u015fandin e-namey\u00ea \u00fb d\u00ea li ser pergalek bi gih\u00ee\u015ftina \u015f\u00eefrekir\u00ee were girtin.<\/li><li>Databasa endametiy\u00ea ten\u00ea ji h\u00eala endam\u00ean binavkir\u00ee y\u00ean T\u00eema R\u00eabertiy\u00ea an karmend\u00ean ku ji bo SPCF dixebitin ve t\u00ea girtin.<\/li><li>Ev pol\u00eet\u00eeka w\u00ea her sal were vekolandin.<\/li><\/ul>\t\t\t\t\t\t<\/div>\n\t\t\t\t<\/div>\n\t\t\t\t\t<\/div>\n\t\t<\/div>\n\t\t\t\t\t<\/div>\n\t\t<\/section>\n\t\t\t\t<\/div>","protected":false},"excerpt":{"rendered":"<p>Swansea PCF Parastina Daney\u00ean &amp; Siyaseta Nepen\u00eetiy\u00ea Swansea Parent Carer Forum (SPCF) d\u00ea bi tevah\u00ee li gor\u00ee R\u00eaziknameya Parastina Daney\u00ean Gi\u015ft\u00ee ya Keyaniya Yekb\u00fby\u00ee ya 2018 (GDPR) \u00fb prens\u00eeb\u00ean hi\u015fk \u00ean ku diyar dikin ku agahdar\u00ee div\u00ea ev be: Bi dadperwer\u00ee, qan\u00fbn\u00ee \u00fb bi rengek zelal ve gir\u00eaday\u00ee ye. mijara daney\u00ea. Ji bo armanc\u00ean diyarkir\u00ee, e\u015fkere \u00fb rewa hatine berhev kirin, \u00fb [\u2026]<\/p>","protected":false},"author":1,"featured_media":0,"parent":0,"menu_order":0,"comment_status":"closed","ping_status":"closed","template":"","meta":{"footnotes":""},"class_list":["post-164","page","type-page","status-publish","hentry"],"yoast_head":"<!-- This site is optimized with the Yoast SEO plugin v23.7 - https:\/\/yoast.com\/wordpress\/plugins\/seo\/ -->\n<title>Privacy Policy - Swansea Parent Carer Forum<\/title>\n<meta name=\"robots\" content=\"noindex, follow\" \/>\n<meta property=\"og:locale\" content=\"en_US\" \/>\n<meta property=\"og:type\" content=\"article\" \/>\n<meta property=\"og:title\" content=\"Privacy Policy - Swansea Parent Carer Forum\" \/>\n<meta property=\"og:description\" content=\"Swansea PCF Data Protection &#038; Privacy Policy Swansea Parent Carer Forum (SPCF) will fully comply with the UK General Data Protection Regulation 2018 (GDPR) and the strict principles stating that information must be: Processed fairly, lawfully and in a transparent manner in relation to the data subject. Collected for specified, explicit and legitimate purposes, and [&hellip;]\" \/>\n<meta property=\"og:url\" content=\"https:\/\/swanseapcf.org\/ku\/privacy-policy\/\" \/>\n<meta property=\"og:site_name\" content=\"Swansea Parent Carer Forum\" \/>\n<meta property=\"article:publisher\" content=\"https:\/\/www.facebook.com\/SwanseaPCF\/\" \/>\n<meta property=\"article:modified_time\" content=\"2021-07-11T19:55:35+00:00\" \/>\n<meta property=\"og:image\" content=\"https:\/\/swanseapcf.org\/wp-content\/uploads\/2019\/10\/SPCF-OG-Logo.jpg\" \/>\n\t<meta property=\"og:image:width\" content=\"501\" \/>\n\t<meta property=\"og:image:height\" content=\"261\" \/>\n\t<meta property=\"og:image:type\" content=\"image\/jpeg\" \/>\n<meta name=\"twitter:card\" content=\"summary_large_image\" \/>\n<meta name=\"twitter:site\" content=\"@SwanseaPCF\" \/>\n<meta name=\"twitter:label1\" content=\"Est. reading time\" \/>\n\t<meta name=\"twitter:data1\" content=\"2 \u062e\u0648\u0644\u06d5\u06a9\" \/>\n<script type=\"application\/ld+json\" class=\"yoast-schema-graph\">{\"@context\":\"https:\/\/schema.org\",\"@graph\":[{\"@type\":\"WebPage\",\"@id\":\"https:\/\/swanseapcf.org\/privacy-policy\/\",\"url\":\"https:\/\/swanseapcf.org\/privacy-policy\/\",\"name\":\"Privacy Policy - Swansea Parent Carer Forum\",\"isPartOf\":{\"@id\":\"https:\/\/swanseapcf.org\/#website\"},\"datePublished\":\"2019-10-17T09:11:38+00:00\",\"dateModified\":\"2021-07-11T19:55:35+00:00\",\"breadcrumb\":{\"@id\":\"https:\/\/swanseapcf.org\/privacy-policy\/#breadcrumb\"},\"inLanguage\":\"ckb\",\"potentialAction\":[{\"@type\":\"ReadAction\",\"target\":[\"https:\/\/swanseapcf.org\/privacy-policy\/\"]}]},{\"@type\":\"BreadcrumbList\",\"@id\":\"https:\/\/swanseapcf.org\/privacy-policy\/#breadcrumb\",\"itemListElement\":[{\"@type\":\"ListItem\",\"position\":1,\"name\":\"Home\",\"item\":\"https:\/\/swanseapcf.org\/\"},{\"@type\":\"ListItem\",\"position\":2,\"name\":\"Privacy Policy\"}]},{\"@type\":\"WebSite\",\"@id\":\"https:\/\/swanseapcf.org\/#website\",\"url\":\"https:\/\/swanseapcf.org\/\",\"name\":\"Swansea Parent Carer Forum\",\"description\":\"Working together to influence chnage\",\"publisher\":{\"@id\":\"https:\/\/swanseapcf.org\/#organization\"},\"potentialAction\":[{\"@type\":\"SearchAction\",\"target\":{\"@type\":\"EntryPoint\",\"urlTemplate\":\"https:\/\/swanseapcf.org\/?s={search_term_string}\"},\"query-input\":{\"@type\":\"PropertyValueSpecification\",\"valueRequired\":true,\"valueName\":\"search_term_string\"}}],\"inLanguage\":\"ckb\"},{\"@type\":\"Organization\",\"@id\":\"https:\/\/swanseapcf.org\/#organization\",\"name\":\"Swansea Parent Care Forum\",\"url\":\"https:\/\/swanseapcf.org\/\",\"logo\":{\"@type\":\"ImageObject\",\"inLanguage\":\"ckb\",\"@id\":\"https:\/\/swanseapcf.org\/#\/schema\/logo\/image\/\",\"url\":\"https:\/\/swanseapcf.org\/wp-content\/uploads\/2019\/10\/SPCF-Logo@2x.png\",\"contentUrl\":\"https:\/\/swanseapcf.org\/wp-content\/uploads\/2019\/10\/SPCF-Logo@2x.png\",\"width\":768,\"height\":202,\"caption\":\"Swansea Parent Care Forum\"},\"image\":{\"@id\":\"https:\/\/swanseapcf.org\/#\/schema\/logo\/image\/\"},\"sameAs\":[\"https:\/\/www.facebook.com\/SwanseaPCF\/\",\"https:\/\/x.com\/SwanseaPCF\",\"https:\/\/www.instagram.com\/swanseapcf\/\",\"https:\/\/www.youtube.com\/channel\/UCOTKLBxoPadw_LYukVDhs3Q\"]}]}<\/script>\n<!-- \/ Yoast SEO plugin. -->","yoast_head_json":{"title":"Privacy Policy - Swansea Parent Carer Forum","robots":{"index":"noindex","follow":"follow"},"og_locale":"en_US","og_type":"article","og_title":"Privacy Policy - Swansea Parent Carer Forum","og_description":"Swansea PCF Data Protection &#038; Privacy Policy Swansea Parent Carer Forum (SPCF) will fully comply with the UK General Data Protection Regulation 2018 (GDPR) and the strict principles stating that information must be: Processed fairly, lawfully and in a transparent manner in relation to the data subject. Collected for specified, explicit and legitimate purposes, and [&hellip;]","og_url":"https:\/\/swanseapcf.org\/ku\/privacy-policy\/","og_site_name":"Swansea Parent Carer Forum","article_publisher":"https:\/\/www.facebook.com\/SwanseaPCF\/","article_modified_time":"2021-07-11T19:55:35+00:00","og_image":[{"width":501,"height":261,"url":"https:\/\/swanseapcf.org\/wp-content\/uploads\/2019\/10\/SPCF-OG-Logo.jpg","type":"image\/jpeg"}],"twitter_card":"summary_large_image","twitter_site":"@SwanseaPCF","twitter_misc":{"Est. reading time":"2 \u062e\u0648\u0644\u06d5\u06a9"},"schema":{"@context":"https:\/\/schema.org","@graph":[{"@type":"WebPage","@id":"https:\/\/swanseapcf.org\/privacy-policy\/","url":"https:\/\/swanseapcf.org\/privacy-policy\/","name":"Privacy Policy - Swansea Parent Carer Forum","isPartOf":{"@id":"https:\/\/swanseapcf.org\/#website"},"datePublished":"2019-10-17T09:11:38+00:00","dateModified":"2021-07-11T19:55:35+00:00","breadcrumb":{"@id":"https:\/\/swanseapcf.org\/privacy-policy\/#breadcrumb"},"inLanguage":"ckb","potentialAction":[{"@type":"ReadAction","target":["https:\/\/swanseapcf.org\/privacy-policy\/"]}]},{"@type":"BreadcrumbList","@id":"https:\/\/swanseapcf.org\/privacy-policy\/#breadcrumb","itemListElement":[{"@type":"ListItem","position":1,"name":"Home","item":"https:\/\/swanseapcf.org\/"},{"@type":"ListItem","position":2,"name":"Privacy Policy"}]},{"@type":"WebSite","@id":"https:\/\/swanseapcf.org\/#website","url":"https:\/\/swanseapcf.org\/","name":"Swansea Parent Carer Forum","description":"Working together to influence chnage","publisher":{"@id":"https:\/\/swanseapcf.org\/#organization"},"potentialAction":[{"@type":"SearchAction","target":{"@type":"EntryPoint","urlTemplate":"https:\/\/swanseapcf.org\/?s={search_term_string}"},"query-input":{"@type":"PropertyValueSpecification","valueRequired":true,"valueName":"search_term_string"}}],"inLanguage":"ckb"},{"@type":"Organization","@id":"https:\/\/swanseapcf.org\/#organization","name":"Swansea Parent Care Forum","url":"https:\/\/swanseapcf.org\/","logo":{"@type":"ImageObject","inLanguage":"ckb","@id":"https:\/\/swanseapcf.org\/#\/schema\/logo\/image\/","url":"https:\/\/swanseapcf.org\/wp-content\/uploads\/2019\/10\/SPCF-Logo@2x.png","contentUrl":"https:\/\/swanseapcf.org\/wp-content\/uploads\/2019\/10\/SPCF-Logo@2x.png","width":768,"height":202,"caption":"Swansea Parent Care Forum"},"image":{"@id":"https:\/\/swanseapcf.org\/#\/schema\/logo\/image\/"},"sameAs":["https:\/\/www.facebook.com\/SwanseaPCF\/","https:\/\/x.com\/SwanseaPCF","https:\/\/www.instagram.com\/swanseapcf\/","https:\/\/www.youtube.com\/channel\/UCOTKLBxoPadw_LYukVDhs3Q"]}]}},"_links":{"self":[{"href":"https:\/\/swanseapcf.org\/ku\/wp-json\/wp\/v2\/pages\/164"}],"collection":[{"href":"https:\/\/swanseapcf.org\/ku\/wp-json\/wp\/v2\/pages"}],"about":[{"href":"https:\/\/swanseapcf.org\/ku\/wp-json\/wp\/v2\/types\/page"}],"author":[{"embeddable":true,"href":"https:\/\/swanseapcf.org\/ku\/wp-json\/wp\/v2\/users\/1"}],"replies":[{"embeddable":true,"href":"https:\/\/swanseapcf.org\/ku\/wp-json\/wp\/v2\/comments?post=164"}],"version-history":[{"count":12,"href":"https:\/\/swanseapcf.org\/ku\/wp-json\/wp\/v2\/pages\/164\/revisions"}],"predecessor-version":[{"id":729,"href":"https:\/\/swanseapcf.org\/ku\/wp-json\/wp\/v2\/pages\/164\/revisions\/729"}],"wp:attachment":[{"href":"https:\/\/swanseapcf.org\/ku\/wp-json\/wp\/v2\/media?parent=164"}],"curies":[{"name":"wp","href":"https:\/\/api.w.org\/{rel}","templated":true}]}}