{"id":100,"date":"2019-10-15T11:47:36","date_gmt":"2019-10-15T10:47:36","guid":{"rendered":"https:\/\/swanseapcf.org\/?page_id=100"},"modified":"2026-02-10T10:29:21","modified_gmt":"2026-02-10T10:29:21","slug":"who-we-are","status":"publish","type":"page","link":"https:\/\/swanseapcf.org\/ku\/who-we-are\/","title":{"rendered":"Em K\u00ee ne"},"content":{"rendered":"<div data-elementor-type=\"wp-page\" data-elementor-id=\"100\" class=\"elementor elementor-100\" data-elementor-post-type=\"page\">\n\t\t\t\t\t\t<section class=\"elementor-section elementor-top-section elementor-element elementor-element-0ee29ab elementor-section-boxed elementor-section-height-default elementor-section-height-default\" data-id=\"0ee29ab\" data-element_type=\"section\">\n\t\t\t\t\t\t<div class=\"elementor-container elementor-column-gap-default\">\n\t\t\t\t\t<div class=\"elementor-column elementor-col-100 elementor-top-column elementor-element elementor-element-857de8b\" data-id=\"857de8b\" data-element_type=\"column\">\n\t\t\t<div class=\"elementor-widget-wrap elementor-element-populated\">\n\t\t\t\t\t\t<div class=\"elementor-element elementor-element-9c303f8 elementor-widget elementor-widget-heading\" data-id=\"9c303f8\" data-element_type=\"widget\" data-widget_type=\"heading.default\">\n\t\t\t\t<div class=\"elementor-widget-container\">\n\t\t\t<h1 class=\"elementor-heading-title elementor-size-default\">Em k\u00ee ne<\/h1>\t\t<\/div>\n\t\t\t\t<\/div>\n\t\t\t\t\t<\/div>\n\t\t<\/div>\n\t\t\t\t\t<\/div>\n\t\t<\/section>\n\t\t\t\t<section class=\"elementor-section elementor-top-section elementor-element elementor-element-8483a8a elementor-section-boxed elementor-section-height-default elementor-section-height-default\" data-id=\"8483a8a\" data-element_type=\"section\" data-settings=\"{&quot;background_background&quot;:&quot;classic&quot;}\">\n\t\t\t\t\t\t<div class=\"elementor-container elementor-column-gap-default\">\n\t\t\t\t\t<div class=\"elementor-column elementor-col-50 elementor-top-column elementor-element elementor-element-61da864\" data-id=\"61da864\" data-element_type=\"column\">\n\t\t\t<div class=\"elementor-widget-wrap elementor-element-populated\">\n\t\t\t\t\t\t<div class=\"elementor-element elementor-element-c73eddb elementor-widget elementor-widget-image\" data-id=\"c73eddb\" data-element_type=\"widget\" data-widget_type=\"image.default\">\n\t\t\t\t<div class=\"elementor-widget-container\">\n\t\t\t\t\t\t\t\t\t\t\t\t\t<img fetchpriority=\"high\" decoding=\"async\" width=\"584\" height=\"768\" src=\"https:\/\/swanseapcf.org\/wp-content\/uploads\/2019\/10\/Joanann-Phillips.jpg\" class=\"attachment-large size-large wp-image-110\" alt=\"Joanann Phillips\" srcset=\"https:\/\/swanseapcf.org\/wp-content\/uploads\/2019\/10\/Joanann-Phillips.jpg 584w, https:\/\/swanseapcf.org\/wp-content\/uploads\/2019\/10\/Joanann-Phillips-228x300.jpg 228w\" sizes=\"(max-width: 584px) 100vw, 584px\" \/>\t\t\t\t\t\t\t\t\t\t\t\t\t<\/div>\n\t\t\t\t<\/div>\n\t\t\t\t\t<\/div>\n\t\t<\/div>\n\t\t\t\t<div class=\"elementor-column elementor-col-50 elementor-top-column elementor-element elementor-element-4667fab\" data-id=\"4667fab\" data-element_type=\"column\">\n\t\t\t<div class=\"elementor-widget-wrap elementor-element-populated\">\n\t\t\t\t\t\t<div class=\"elementor-element elementor-element-15baae3 elementor-widget elementor-widget-heading\" data-id=\"15baae3\" data-element_type=\"widget\" data-no-translation=\"\" data-widget_type=\"heading.default\">\n\t\t\t\t<div class=\"elementor-widget-container\">\n\t\t\t<h2 class=\"elementor-heading-title elementor-size-default\">Joanann Phillips<\/h2>\t\t<\/div>\n\t\t\t\t<\/div>\n\t\t\t\t<div class=\"elementor-element elementor-element-347b1c8 elementor-widget elementor-widget-text-editor\" data-id=\"347b1c8\" data-element_type=\"widget\" data-widget_type=\"text-editor.default\">\n\t\t\t\t<div class=\"elementor-widget-container\">\n\t\t\t\t\t\t\t<p>Jo di war\u00ea por\u00e7\u00eakirin\u00ea \u00fb kar\u00ean postey\u00ea de pispor e (jina postey\u00ea). Ew dayika s\u00ea mezinan e, yek ji wan xwed\u00ee p\u00eadiviy\u00ean z\u00eade y\u00ean tevlihev e ku heta ku ew neb\u00fbye xortaniya w\u00ee nehatine te\u015fh\u00eeskirin. Herdu zarok\u00ean w\u00ea y\u00ean din j\u00ee ji ber ku biray\u00ea wan pi\u015ftgiriya rast wernagire, pirsgir\u00eak\u00ean tenduristiya der\u00fbn\u00ee hene.<\/p><p>Jo par\u00eazerek serbixwe \u00fb j\u00eahat\u00ee ye \u00fb bi r\u00eak\u00fbp\u00eak be\u015fdar\u00ee \u015f\u00eawirmendiy\u00ean rayedar\u00ean her\u00eam\u00ee \u00fb hik\u00fbmet\u00ea y\u00ean li ser qan\u00fbn\u00ean t\u00eakildar\u00ee xizmet\u00ean civak\u00ee, ALN \u00fb her ti\u015ft\u00ea ku bi L\u00eanih\u00ear\u00een\u00ean B\u00eapere ve gir\u00eaday\u00ee ye dibe. Jo pir bi dilgerm\u00ee al\u00eekariya \u015fekildana xizmetan dike; perwerde, xizmet\u00ean civak\u00ee \u00fb tendurist\u00ee, da ku hewcedariy\u00ean her kes\u00ee bi awayek\u00ee ku al\u00eekariya wan bike ku bigih\u00eejin potansiyela xwe ya tevah\u00ee werin dab\u00eenkirin.<\/p><p>Ew pir bi h\u00eaz h\u00ees dike ku div\u00ea zarok\u00ean me y\u00ean mezin b\u00ean naskirin \u00fb pi\u015ftgir\u00ee kirin (&quot;Der\u00ee xelet tune&quot;).<\/p>\t\t\t\t\t\t<\/div>\n\t\t\t\t<\/div>\n\t\t\t\t\t<\/div>\n\t\t<\/div>\n\t\t\t\t\t<\/div>\n\t\t<\/section>\n\t\t\t\t<section class=\"elementor-section elementor-top-section elementor-element elementor-element-529a57e elementor-reverse-mobile elementor-section-boxed elementor-section-height-default elementor-section-height-default\" data-id=\"529a57e\" data-element_type=\"section\" data-settings=\"{&quot;background_background&quot;:&quot;classic&quot;}\">\n\t\t\t\t\t\t<div class=\"elementor-container elementor-column-gap-default\">\n\t\t\t\t\t<div class=\"elementor-column elementor-col-50 elementor-top-column elementor-element elementor-element-4a3550c\" data-id=\"4a3550c\" data-element_type=\"column\">\n\t\t\t<div class=\"elementor-widget-wrap elementor-element-populated\">\n\t\t\t\t\t\t<div class=\"elementor-element elementor-element-fc5031d elementor-widget elementor-widget-heading\" data-id=\"fc5031d\" data-element_type=\"widget\" data-no-translation=\"\" data-widget_type=\"heading.default\">\n\t\t\t\t<div class=\"elementor-widget-container\">\n\t\t\t<h2 class=\"elementor-heading-title elementor-size-default\">CHRIS LAW<\/h2>\t\t<\/div>\n\t\t\t\t<\/div>\n\t\t\t\t<div class=\"elementor-element elementor-element-46cf645 elementor-widget elementor-widget-text-editor\" data-id=\"46cf645\" data-element_type=\"widget\" data-widget_type=\"text-editor.default\">\n\t\t\t\t<div class=\"elementor-widget-container\">\n\t\t\t\t\t\t\t<p>D\u00ea\u00fbbav\u00ea du zarok\u00ean pejirand\u00ee, her du j\u00ee bi hewcedariy\u00ean z\u00eade (ASD, ADHD, ODD, dyslexia, dyscalculia, astengiya axaftin\u00ea). Chris 30 sal di poz\u00eesyon\u00ean r\u00eaveberiya payebilind de di sektora gi\u015ft\u00ee de derbas kir. Ew niha piraniya dema xwe bi malbata xwe re derbas dike, berpirsiyariy\u00ean l\u00eanih\u00ear\u00eena d\u00ea\u00fbbav bi jina xwe re parve dike. Chris di dibistanek seretay\u00ee ya her\u00eam\u00ee de j\u00ee Serok\u00ea Waliyan e. Ew di asankar\u00ee, tendurist\u00ee \u00fb ewleh\u00ee, r\u00eavebirina mirovan \u00fb daray\u00ee de j\u00eahat\u00eeb\u00fbn\u00ean r\u00eaxistin\u00ee, \u00fb ezm\u00fbnek mezin t\u00eene.<\/p><p>Ew h\u00ees dike ku Veguheztin\u00ean di navbera kar\u00fbbaran de div\u00ea b\u00eak\u00eamas\u00ee \u00fb li gor\u00ee hewcedariy\u00ean kesane be.<\/p><p>Chris ji P\u00eadiviy\u00ean F\u00earb\u00fbna Z\u00eade dil\u015fewat e, \u00fb pi\u015ftrast dike ku zarok\u00ean xwed\u00ee hewcedar (\u00e7i dibe bila bibe) bi guncan t\u00eane pi\u015ftgir\u00ee kirin.<\/p>\t\t\t\t\t\t<\/div>\n\t\t\t\t<\/div>\n\t\t\t\t\t<\/div>\n\t\t<\/div>\n\t\t\t\t<div class=\"elementor-column elementor-col-50 elementor-top-column elementor-element elementor-element-4f0f757\" data-id=\"4f0f757\" data-element_type=\"column\">\n\t\t\t<div class=\"elementor-widget-wrap elementor-element-populated\">\n\t\t\t\t\t\t<div class=\"elementor-element elementor-element-3ea6d8e elementor-widget elementor-widget-image\" data-id=\"3ea6d8e\" data-element_type=\"widget\" data-widget_type=\"image.default\">\n\t\t\t\t<div class=\"elementor-widget-container\">\n\t\t\t\t\t\t\t\t\t\t\t\t\t<img decoding=\"async\" width=\"640\" height=\"853\" src=\"https:\/\/swanseapcf.org\/wp-content\/uploads\/2023\/05\/Chris-pic-May-2023.jpg\" class=\"attachment-large size-large wp-image-1049\" alt=\"\" srcset=\"https:\/\/swanseapcf.org\/wp-content\/uploads\/2023\/05\/Chris-pic-May-2023.jpg 768w, https:\/\/swanseapcf.org\/wp-content\/uploads\/2023\/05\/Chris-pic-May-2023-225x300.jpg 225w, https:\/\/swanseapcf.org\/wp-content\/uploads\/2023\/05\/Chris-pic-May-2023-9x12.jpg 9w\" sizes=\"(max-width: 640px) 100vw, 640px\" \/>\t\t\t\t\t\t\t\t\t\t\t\t\t<\/div>\n\t\t\t\t<\/div>\n\t\t\t\t\t<\/div>\n\t\t<\/div>\n\t\t\t\t\t<\/div>\n\t\t<\/section>\n\t\t\t\t<section class=\"elementor-section elementor-top-section elementor-element elementor-element-e55700f elementor-section-boxed elementor-section-height-default elementor-section-height-default\" data-id=\"e55700f\" data-element_type=\"section\" data-settings=\"{&quot;background_background&quot;:&quot;classic&quot;}\">\n\t\t\t\t\t\t<div class=\"elementor-container elementor-column-gap-default\">\n\t\t\t\t\t<div class=\"elementor-column elementor-col-50 elementor-top-column elementor-element elementor-element-6d1452b\" data-id=\"6d1452b\" data-element_type=\"column\">\n\t\t\t<div class=\"elementor-widget-wrap elementor-element-populated\">\n\t\t\t\t\t\t<div class=\"elementor-element elementor-element-405a6cb elementor-widget elementor-widget-image\" data-id=\"405a6cb\" data-element_type=\"widget\" data-widget_type=\"image.default\">\n\t\t\t\t<div class=\"elementor-widget-container\">\n\t\t\t\t\t\t\t\t\t\t\t\t\t<img decoding=\"async\" width=\"640\" height=\"873\" src=\"https:\/\/swanseapcf.org\/wp-content\/uploads\/2023\/05\/IH-751x1024.jpg\" class=\"attachment-large size-large wp-image-1053\" alt=\"\" srcset=\"https:\/\/swanseapcf.org\/wp-content\/uploads\/2023\/05\/IH-751x1024.jpg 751w, https:\/\/swanseapcf.org\/wp-content\/uploads\/2023\/05\/IH-220x300.jpg 220w, https:\/\/swanseapcf.org\/wp-content\/uploads\/2023\/05\/IH-768x1048.jpg 768w, https:\/\/swanseapcf.org\/wp-content\/uploads\/2023\/05\/IH-1126x1536.jpg 1126w, https:\/\/swanseapcf.org\/wp-content\/uploads\/2023\/05\/IH-9x12.jpg 9w, https:\/\/swanseapcf.org\/wp-content\/uploads\/2023\/05\/IH.jpg 1493w\" sizes=\"(max-width: 640px) 100vw, 640px\" \/>\t\t\t\t\t\t\t\t\t\t\t\t\t<\/div>\n\t\t\t\t<\/div>\n\t\t\t\t\t<\/div>\n\t\t<\/div>\n\t\t\t\t<div class=\"elementor-column elementor-col-50 elementor-top-column elementor-element elementor-element-7769359\" data-id=\"7769359\" data-element_type=\"column\">\n\t\t\t<div class=\"elementor-widget-wrap elementor-element-populated\">\n\t\t\t\t\t\t<div class=\"elementor-element elementor-element-9a2f1b3 elementor-widget elementor-widget-heading\" data-id=\"9a2f1b3\" data-element_type=\"widget\" data-no-translation=\"\" data-widget_type=\"heading.default\">\n\t\t\t\t<div class=\"elementor-widget-container\">\n\t\t\t<h2 class=\"elementor-heading-title elementor-size-default\">ISHBEL HANSEN<\/h2>\t\t<\/div>\n\t\t\t\t<\/div>\n\t\t\t\t<div class=\"elementor-element elementor-element-6ebdc74 elementor-widget elementor-widget-text-editor\" data-id=\"6ebdc74\" data-element_type=\"widget\" data-widget_type=\"text-editor.default\">\n\t\t\t\t<div class=\"elementor-widget-container\">\n\t\t\t\t\t\t\t<p>Ishbel ji kur\u00ea xwe y\u00ea ku bi hewcedariy\u00ean taybet\u00ee y\u00ean tevlihev ji dayik b\u00fb, d\u00ea\u00fbbav l\u00eanih\u00earek yekane ye. Ew ji jidayikb\u00fbna w\u00ee ve par\u00eazvan\u00ea w\u00ee ye, ku hewcedariy\u00ean tendurist\u00ee \u00fb bextewariya w\u00ee bi tendurist\u00ee, perwerdeh\u00ee \u00fb kar\u00fbbar\u00ean civak\u00ee re hevr\u00eaz dike. \u00ce\u015fbel bi awak\u00ee qay\u00eem bawer dike ku tu kes bi qas\u00ee we zarok\u00ea we nas nake.<\/p><p>\u00ce\u015fbel dixwaze ku bikaribe hin serp\u00eahat\u00ee \u00fb zan\u00eena xwe bi d\u00ea\u00fbbav\u00ean ku xwe ditirs\u00eenin ji ti\u015ft\u00ean ku ew p\u00ea re mij\u00fbl dibin re parve bike da ku ji zarok\u00ea xwe re \u00e7\u00eatir\u00een peyda bike.\u00a0<\/p><p>Ew ji perwerdehiya Sersal\u00ean Destp\u00eak\u00ea hez dike \u00fb gih\u00ee\u015ftina hem\u00ee park \u00fb c\u00eeh\u00ean vala li seranser\u00ea Swansea peyda dike. \u00ce\u015fbel di w\u00ea baweriy\u00ea de ye ku maf\u00ea hem\u00fb zarokan heye ku bi awayek\u00ee wekhev l\u00eestin \u00fb bextewariy\u00ea bikin.<\/p>\t\t\t\t\t\t<\/div>\n\t\t\t\t<\/div>\n\t\t\t\t\t<\/div>\n\t\t<\/div>\n\t\t\t\t\t<\/div>\n\t\t<\/section>\n\t\t\t\t<section class=\"elementor-section elementor-top-section elementor-element elementor-element-64ee0e2 elementor-section-boxed elementor-section-height-default elementor-section-height-default\" data-id=\"64ee0e2\" data-element_type=\"section\">\n\t\t\t\t\t\t<div class=\"elementor-container elementor-column-gap-default\">\n\t\t\t\t\t<div class=\"elementor-column elementor-col-100 elementor-top-column elementor-element elementor-element-370f08e\" data-id=\"370f08e\" data-element_type=\"column\">\n\t\t\t<div class=\"elementor-widget-wrap elementor-element-populated\">\n\t\t\t\t\t\t<div class=\"elementor-element elementor-element-5922d16 elementor-align-center elementor-widget elementor-widget-button\" data-id=\"5922d16\" data-element_type=\"widget\" data-widget_type=\"button.default\">\n\t\t\t\t<div class=\"elementor-widget-container\">\n\t\t\t\t\t\t\t<div class=\"elementor-button-wrapper\">\n\t\t\t\t\t<a class=\"elementor-button elementor-button-link elementor-size-sm elementor-animation-float\" href=\"https:\/\/swanseapcf.org\/ku\/join-us\/\">\n\t\t\t\t\t\t<span class=\"elementor-button-content-wrapper\">\n\t\t\t\t\t\t<span class=\"elementor-button-icon\">\n\t\t\t\t<i aria-hidden=\"true\" class=\"fas fa-chevron-right\"><\/i>\t\t\t<\/span>\n\t\t\t\t\t\t\t\t\t<span class=\"elementor-button-text\">Join Us<\/span>\n\t\t\t\t\t<\/span>\n\t\t\t\t\t<\/a>\n\t\t\t\t<\/div>\n\t\t\t\t\t\t<\/div>\n\t\t\t\t<\/div>\n\t\t\t\t\t<\/div>\n\t\t<\/div>\n\t\t\t\t\t<\/div>\n\t\t<\/section>\n\t\t\t\t<\/div>","protected":false},"excerpt":{"rendered":"<p>Who we are Joanann Phillips Jo\u2019s background includes hairdressing and postal work (post woman). She is a mum of three adults, one of whom has complex additional needs that weren\u2019t diagnosed until he became a teenager. Both of her other children have mental health difficulties due to their brother not having the correct support. Jo [&hellip;]<\/p>","protected":false},"author":1,"featured_media":0,"parent":0,"menu_order":0,"comment_status":"closed","ping_status":"closed","template":"","meta":{"footnotes":""},"class_list":["post-100","page","type-page","status-publish","hentry"],"yoast_head":"<!-- This site is optimized with the Yoast SEO plugin v23.7 - https:\/\/yoast.com\/wordpress\/plugins\/seo\/ -->\n<title>Who We Are - Swansea Parent Carer Forum<\/title>\n<meta name=\"description\" content=\"Meet everyone involved with Swansea Parent Carer Forum.\" \/>\n<meta name=\"robots\" content=\"index, follow, max-snippet:-1, max-image-preview:large, max-video-preview:-1\" \/>\n<link rel=\"canonical\" href=\"https:\/\/swanseapcf.org\/ku\/who-we-are\/\" \/>\n<meta property=\"og:locale\" content=\"en_US\" \/>\n<meta property=\"og:type\" content=\"article\" \/>\n<meta property=\"og:title\" content=\"Who We Are - Swansea Parent Carer Forum\" \/>\n<meta property=\"og:description\" content=\"Meet everyone involved with Swansea Parent Carer Forum.\" \/>\n<meta property=\"og:url\" content=\"https:\/\/swanseapcf.org\/ku\/who-we-are\/\" \/>\n<meta property=\"og:site_name\" content=\"Swansea Parent Carer Forum\" \/>\n<meta property=\"article:publisher\" content=\"https:\/\/www.facebook.com\/SwanseaPCF\/\" \/>\n<meta property=\"article:modified_time\" content=\"2026-02-10T10:29:21+00:00\" \/>\n<meta property=\"og:image\" content=\"https:\/\/swanseapcf.org\/wp-content\/uploads\/2019\/10\/Joanann-Phillips.jpg\" \/>\n\t<meta property=\"og:image:width\" content=\"584\" \/>\n\t<meta property=\"og:image:height\" content=\"768\" \/>\n\t<meta property=\"og:image:type\" content=\"image\/jpeg\" \/>\n<meta name=\"twitter:card\" content=\"summary_large_image\" \/>\n<meta name=\"twitter:site\" content=\"@SwanseaPCF\" \/>\n<meta name=\"twitter:label1\" content=\"Est. reading time\" \/>\n\t<meta name=\"twitter:data1\" content=\"3 \u062e\u0648\u0644\u06d5\u06a9\" \/>\n<script type=\"application\/ld+json\" class=\"yoast-schema-graph\">{\"@context\":\"https:\/\/schema.org\",\"@graph\":[{\"@type\":\"WebPage\",\"@id\":\"https:\/\/swanseapcf.org\/who-we-are\/\",\"url\":\"https:\/\/swanseapcf.org\/who-we-are\/\",\"name\":\"Who We Are - Swansea Parent Carer Forum\",\"isPartOf\":{\"@id\":\"https:\/\/swanseapcf.org\/#website\"},\"primaryImageOfPage\":{\"@id\":\"https:\/\/swanseapcf.org\/who-we-are\/#primaryimage\"},\"image\":{\"@id\":\"https:\/\/swanseapcf.org\/who-we-are\/#primaryimage\"},\"thumbnailUrl\":\"https:\/\/swanseapcf.org\/wp-content\/uploads\/2019\/10\/Joanann-Phillips.jpg\",\"datePublished\":\"2019-10-15T10:47:36+00:00\",\"dateModified\":\"2026-02-10T10:29:21+00:00\",\"description\":\"Meet everyone involved with Swansea Parent Carer Forum.\",\"breadcrumb\":{\"@id\":\"https:\/\/swanseapcf.org\/who-we-are\/#breadcrumb\"},\"inLanguage\":\"ckb\",\"potentialAction\":[{\"@type\":\"ReadAction\",\"target\":[\"https:\/\/swanseapcf.org\/who-we-are\/\"]}]},{\"@type\":\"ImageObject\",\"inLanguage\":\"ckb\",\"@id\":\"https:\/\/swanseapcf.org\/who-we-are\/#primaryimage\",\"url\":\"https:\/\/swanseapcf.org\/wp-content\/uploads\/2019\/10\/Joanann-Phillips.jpg\",\"contentUrl\":\"https:\/\/swanseapcf.org\/wp-content\/uploads\/2019\/10\/Joanann-Phillips.jpg\"},{\"@type\":\"BreadcrumbList\",\"@id\":\"https:\/\/swanseapcf.org\/who-we-are\/#breadcrumb\",\"itemListElement\":[{\"@type\":\"ListItem\",\"position\":1,\"name\":\"Home\",\"item\":\"https:\/\/swanseapcf.org\/\"},{\"@type\":\"ListItem\",\"position\":2,\"name\":\"Who We Are\"}]},{\"@type\":\"WebSite\",\"@id\":\"https:\/\/swanseapcf.org\/#website\",\"url\":\"https:\/\/swanseapcf.org\/\",\"name\":\"Swansea Parent Carer Forum\",\"description\":\"Working together to influence chnage\",\"publisher\":{\"@id\":\"https:\/\/swanseapcf.org\/#organization\"},\"potentialAction\":[{\"@type\":\"SearchAction\",\"target\":{\"@type\":\"EntryPoint\",\"urlTemplate\":\"https:\/\/swanseapcf.org\/?s={search_term_string}\"},\"query-input\":{\"@type\":\"PropertyValueSpecification\",\"valueRequired\":true,\"valueName\":\"search_term_string\"}}],\"inLanguage\":\"ckb\"},{\"@type\":\"Organization\",\"@id\":\"https:\/\/swanseapcf.org\/#organization\",\"name\":\"Swansea Parent Care Forum\",\"url\":\"https:\/\/swanseapcf.org\/\",\"logo\":{\"@type\":\"ImageObject\",\"inLanguage\":\"ckb\",\"@id\":\"https:\/\/swanseapcf.org\/#\/schema\/logo\/image\/\",\"url\":\"https:\/\/swanseapcf.org\/wp-content\/uploads\/2019\/10\/SPCF-Logo@2x.png\",\"contentUrl\":\"https:\/\/swanseapcf.org\/wp-content\/uploads\/2019\/10\/SPCF-Logo@2x.png\",\"width\":768,\"height\":202,\"caption\":\"Swansea Parent Care Forum\"},\"image\":{\"@id\":\"https:\/\/swanseapcf.org\/#\/schema\/logo\/image\/\"},\"sameAs\":[\"https:\/\/www.facebook.com\/SwanseaPCF\/\",\"https:\/\/x.com\/SwanseaPCF\",\"https:\/\/www.instagram.com\/swanseapcf\/\",\"https:\/\/www.youtube.com\/channel\/UCOTKLBxoPadw_LYukVDhs3Q\"]}]}<\/script>\n<!-- \/ Yoast SEO plugin. -->","yoast_head_json":{"title":"Who We Are - Swansea Parent Carer Forum","description":"Meet everyone involved with Swansea Parent Carer Forum.","robots":{"index":"index","follow":"follow","max-snippet":"max-snippet:-1","max-image-preview":"max-image-preview:large","max-video-preview":"max-video-preview:-1"},"canonical":"https:\/\/swanseapcf.org\/ku\/who-we-are\/","og_locale":"en_US","og_type":"article","og_title":"Who We Are - Swansea Parent Carer Forum","og_description":"Meet everyone involved with Swansea Parent Carer Forum.","og_url":"https:\/\/swanseapcf.org\/ku\/who-we-are\/","og_site_name":"Swansea Parent Carer Forum","article_publisher":"https:\/\/www.facebook.com\/SwanseaPCF\/","article_modified_time":"2026-02-10T10:29:21+00:00","og_image":[{"width":584,"height":768,"url":"https:\/\/swanseapcf.org\/wp-content\/uploads\/2019\/10\/Joanann-Phillips.jpg","type":"image\/jpeg"}],"twitter_card":"summary_large_image","twitter_site":"@SwanseaPCF","twitter_misc":{"Est. reading time":"3 \u062e\u0648\u0644\u06d5\u06a9"},"schema":{"@context":"https:\/\/schema.org","@graph":[{"@type":"WebPage","@id":"https:\/\/swanseapcf.org\/who-we-are\/","url":"https:\/\/swanseapcf.org\/who-we-are\/","name":"Who We Are - Swansea Parent Carer Forum","isPartOf":{"@id":"https:\/\/swanseapcf.org\/#website"},"primaryImageOfPage":{"@id":"https:\/\/swanseapcf.org\/who-we-are\/#primaryimage"},"image":{"@id":"https:\/\/swanseapcf.org\/who-we-are\/#primaryimage"},"thumbnailUrl":"https:\/\/swanseapcf.org\/wp-content\/uploads\/2019\/10\/Joanann-Phillips.jpg","datePublished":"2019-10-15T10:47:36+00:00","dateModified":"2026-02-10T10:29:21+00:00","description":"Meet everyone involved with Swansea Parent Carer Forum.","breadcrumb":{"@id":"https:\/\/swanseapcf.org\/who-we-are\/#breadcrumb"},"inLanguage":"ckb","potentialAction":[{"@type":"ReadAction","target":["https:\/\/swanseapcf.org\/who-we-are\/"]}]},{"@type":"ImageObject","inLanguage":"ckb","@id":"https:\/\/swanseapcf.org\/who-we-are\/#primaryimage","url":"https:\/\/swanseapcf.org\/wp-content\/uploads\/2019\/10\/Joanann-Phillips.jpg","contentUrl":"https:\/\/swanseapcf.org\/wp-content\/uploads\/2019\/10\/Joanann-Phillips.jpg"},{"@type":"BreadcrumbList","@id":"https:\/\/swanseapcf.org\/who-we-are\/#breadcrumb","itemListElement":[{"@type":"ListItem","position":1,"name":"Home","item":"https:\/\/swanseapcf.org\/"},{"@type":"ListItem","position":2,"name":"Who We Are"}]},{"@type":"WebSite","@id":"https:\/\/swanseapcf.org\/#website","url":"https:\/\/swanseapcf.org\/","name":"Swansea Parent Carer Forum","description":"Working together to influence chnage","publisher":{"@id":"https:\/\/swanseapcf.org\/#organization"},"potentialAction":[{"@type":"SearchAction","target":{"@type":"EntryPoint","urlTemplate":"https:\/\/swanseapcf.org\/?s={search_term_string}"},"query-input":{"@type":"PropertyValueSpecification","valueRequired":true,"valueName":"search_term_string"}}],"inLanguage":"ckb"},{"@type":"Organization","@id":"https:\/\/swanseapcf.org\/#organization","name":"Swansea Parent Care Forum","url":"https:\/\/swanseapcf.org\/","logo":{"@type":"ImageObject","inLanguage":"ckb","@id":"https:\/\/swanseapcf.org\/#\/schema\/logo\/image\/","url":"https:\/\/swanseapcf.org\/wp-content\/uploads\/2019\/10\/SPCF-Logo@2x.png","contentUrl":"https:\/\/swanseapcf.org\/wp-content\/uploads\/2019\/10\/SPCF-Logo@2x.png","width":768,"height":202,"caption":"Swansea Parent Care Forum"},"image":{"@id":"https:\/\/swanseapcf.org\/#\/schema\/logo\/image\/"},"sameAs":["https:\/\/www.facebook.com\/SwanseaPCF\/","https:\/\/x.com\/SwanseaPCF","https:\/\/www.instagram.com\/swanseapcf\/","https:\/\/www.youtube.com\/channel\/UCOTKLBxoPadw_LYukVDhs3Q"]}]}},"_links":{"self":[{"href":"https:\/\/swanseapcf.org\/ku\/wp-json\/wp\/v2\/pages\/100"}],"collection":[{"href":"https:\/\/swanseapcf.org\/ku\/wp-json\/wp\/v2\/pages"}],"about":[{"href":"https:\/\/swanseapcf.org\/ku\/wp-json\/wp\/v2\/types\/page"}],"author":[{"embeddable":true,"href":"https:\/\/swanseapcf.org\/ku\/wp-json\/wp\/v2\/users\/1"}],"replies":[{"embeddable":true,"href":"https:\/\/swanseapcf.org\/ku\/wp-json\/wp\/v2\/comments?post=100"}],"version-history":[{"count":147,"href":"https:\/\/swanseapcf.org\/ku\/wp-json\/wp\/v2\/pages\/100\/revisions"}],"predecessor-version":[{"id":1332,"href":"https:\/\/swanseapcf.org\/ku\/wp-json\/wp\/v2\/pages\/100\/revisions\/1332"}],"wp:attachment":[{"href":"https:\/\/swanseapcf.org\/ku\/wp-json\/wp\/v2\/media?parent=100"}],"curies":[{"name":"wp","href":"https:\/\/api.w.org\/{rel}","templated":true}]}}