{"id":164,"date":"2019-10-17T10:11:38","date_gmt":"2019-10-17T09:11:38","guid":{"rendered":"https:\/\/swanseapcf.org\/?page_id=164"},"modified":"2021-07-11T20:55:35","modified_gmt":"2021-07-11T19:55:35","slug":"privacy-policy","status":"publish","type":"page","link":"https:\/\/swanseapcf.org\/fr\/privacy-policy\/","title":{"rendered":"Politique de confidentialit\u00e9"},"content":{"rendered":"<div data-elementor-type=\"wp-page\" data-elementor-id=\"164\" class=\"elementor elementor-164\" data-elementor-post-type=\"page\">\n\t\t\t\t\t\t<section class=\"elementor-section elementor-top-section elementor-element elementor-element-0ee29ab elementor-section-boxed elementor-section-height-default elementor-section-height-default\" data-id=\"0ee29ab\" data-element_type=\"section\">\n\t\t\t\t\t\t<div class=\"elementor-container elementor-column-gap-default\">\n\t\t\t\t\t<div class=\"elementor-column elementor-col-100 elementor-top-column elementor-element elementor-element-857de8b\" data-id=\"857de8b\" data-element_type=\"column\">\n\t\t\t<div class=\"elementor-widget-wrap elementor-element-populated\">\n\t\t\t\t\t\t<div class=\"elementor-element elementor-element-9c303f8 elementor-widget elementor-widget-heading\" data-id=\"9c303f8\" data-element_type=\"widget\" data-widget_type=\"heading.default\">\n\t\t\t\t<div class=\"elementor-widget-container\">\n\t\t\t<h2 class=\"elementor-heading-title elementor-size-default\">Politique de confidentialit\u00e9 et de protection des donn\u00e9es de Swansea PCF<\/h2>\t\t<\/div>\n\t\t\t\t<\/div>\n\t\t\t\t\t<\/div>\n\t\t<\/div>\n\t\t\t\t\t<\/div>\n\t\t<\/section>\n\t\t\t\t<section class=\"elementor-section elementor-top-section elementor-element elementor-element-7b1e6a5 elementor-reverse-mobile elementor-section-boxed elementor-section-height-default elementor-section-height-default\" data-id=\"7b1e6a5\" data-element_type=\"section\" data-settings=\"{&quot;background_background&quot;:&quot;classic&quot;}\">\n\t\t\t\t\t\t<div class=\"elementor-container elementor-column-gap-default\">\n\t\t\t\t\t<div class=\"elementor-column elementor-col-100 elementor-top-column elementor-element elementor-element-e36585b\" data-id=\"e36585b\" data-element_type=\"column\">\n\t\t\t<div class=\"elementor-widget-wrap elementor-element-populated\">\n\t\t\t\t\t\t<div class=\"elementor-element elementor-element-9a1dea7 elementor-widget elementor-widget-text-editor\" data-id=\"9a1dea7\" data-element_type=\"widget\" data-widget_type=\"text-editor.default\">\n\t\t\t\t<div class=\"elementor-widget-container\">\n\t\t\t\t\t\t\t<p>Swansea Parent Carer Forum (SPCF) se conformera pleinement au Royaume-Uni <a href=\"https:\/\/www.gov.uk\/government\/publications\/guide-to-the-general-data-protection-regulation\" target=\"_blank\" rel=\"noopener\">R\u00e8glement g\u00e9n\u00e9ral sur la protection des donn\u00e9es 2018 (RGPD)<\/a> et les principes stricts stipulant que l&#039;information doit \u00eatre :<\/p><ul><li>Trait\u00e9es loyalement, licitement et de mani\u00e8re transparente vis-\u00e0-vis de la personne concern\u00e9e.<\/li><li>Collect\u00e9es pour des finalit\u00e9s d\u00e9termin\u00e9es, explicites et l\u00e9gitimes, et non trait\u00e9es ult\u00e9rieurement \u00e0 d&#039;autres finalit\u00e9s incompatibles avec ces finalit\u00e9s. Les traitements ult\u00e9rieurs \u00e0 des fins d&#039;archivage ou \u00e0 des fins statistiques sont consid\u00e9r\u00e9s comme compatibles avec les finalit\u00e9s initiales.<\/li><li>Ad\u00e9quates, pertinentes et limit\u00e9es \u00e0 ce qui est n\u00e9cessaire au regard de la finalit\u00e9 pour laquelle les donn\u00e9es sont trait\u00e9es.<\/li><li>Pr\u00e9cis et, si n\u00e9cessaire, tenu \u00e0 jour. Des mesures raisonnables doivent \u00eatre prises pour garantir que les donn\u00e9es personnelles inexactes, eu \u00e9gard aux finalit\u00e9s pour lesquelles elles sont trait\u00e9es, soient supprim\u00e9es ou rectifi\u00e9es sans d\u00e9lai.<\/li><li>Conserv\u00e9 sous une forme permettant l&#039;identification des personnes concern\u00e9es pendant une dur\u00e9e n&#039;exc\u00e9dant pas ce qui est n\u00e9cessaire, aux fins pour lesquelles les donn\u00e9es personnelles sont trait\u00e9es. Les donn\u00e9es personnelles peuvent \u00eatre conserv\u00e9es plus longtemps si les donn\u00e9es personnelles seront trait\u00e9es uniquement \u00e0 des fins d&#039;archivage, dans l&#039;int\u00e9r\u00eat de la recherche publique, scientifique ou historique, sous r\u00e9serve de la mise en \u0153uvre de la mesure technique et organisationnelle appropri\u00e9e requise par le RGPD afin de prot\u00e9ger les droits et libert\u00e9s des individus.<\/li><li>Trait\u00e9es de mani\u00e8re \u00e0 garantir une s\u00e9curit\u00e9 appropri\u00e9e des donn\u00e9es personnelles, y compris la protection contre le traitement ill\u00e9gal ou non autoris\u00e9 et contre la perte, la destruction ou les dommages accidentels, en utilisant des mesures techniques ou organisationnelles appropri\u00e9es.<\/li><\/ul>\t\t\t\t\t\t<\/div>\n\t\t\t\t<\/div>\n\t\t\t\t<div class=\"elementor-element elementor-element-0a1cc24 elementor-widget elementor-widget-heading\" data-id=\"0a1cc24\" data-element_type=\"widget\" data-widget_type=\"heading.default\">\n\t\t\t\t<div class=\"elementor-widget-container\">\n\t\t\t<h3 class=\"elementor-heading-title elementor-size-default\">D\u00e9claration de confidentialit\u00e9<\/h3>\t\t<\/div>\n\t\t\t\t<\/div>\n\t\t\t\t<div class=\"elementor-element elementor-element-03868c2 elementor-widget elementor-widget-text-editor\" data-id=\"03868c2\" data-element_type=\"widget\" data-widget_type=\"text-editor.default\">\n\t\t\t\t<div class=\"elementor-widget-container\">\n\t\t\t\t\t\t\t<ul><li>Swansea Parent Carer Forum (SPCF) conservera les informations personnelles en toute s\u00e9curit\u00e9, qu&#039;elles soient stock\u00e9es sous format papier ou \u00e9lectroniquement.<\/li><li>Les informations d\u00e9tenues ne seront divulgu\u00e9es \u00e0 aucune autre partie, \u00e0 moins qu&#039;elle n&#039;ait le pouvoir de les voir ou qu&#039;elle n&#039;ait l&#039;autorisation sp\u00e9cifique de la personne \u00e0 laquelle elles se rapportent.<\/li><li>Toute personne peut demander que ses informations personnelles soient supprim\u00e9es de nos dossiers \u00e0 tout moment.<\/li><li>Toute personne peut demander \u00e0 tout moment une copie des informations la concernant d\u00e9tenues par la SPCF.<\/li><li>La base de donn\u00e9es des membres ne peut en aucun cas \u00eatre envoy\u00e9e par courrier \u00e9lectronique et sera conserv\u00e9e sur un syst\u00e8me \u00e0 acc\u00e8s crypt\u00e9.<\/li><li>La base de donn\u00e9es des membres ne peut \u00eatre d\u00e9tenue que par des membres nomm\u00e9s de l&#039;\u00e9quipe de direction ou du personnel travaillant pour la SPCF.<\/li><li>Cette politique sera r\u00e9vis\u00e9e annuellement.<\/li><\/ul>\t\t\t\t\t\t<\/div>\n\t\t\t\t<\/div>\n\t\t\t\t\t<\/div>\n\t\t<\/div>\n\t\t\t\t\t<\/div>\n\t\t<\/section>\n\t\t\t\t<\/div>","protected":false},"excerpt":{"rendered":"<p>Politique de protection des donn\u00e9es et de confidentialit\u00e9 de Swansea PCF Swansea Parent Carer Forum (SPCF) se conformera pleinement au r\u00e8glement g\u00e9n\u00e9ral britannique sur la protection des donn\u00e9es 2018 (GDPR) et aux principes stricts stipulant que les informations doivent \u00eatre\u00a0: trait\u00e9es de mani\u00e8re \u00e9quitable, licite et transparente en ce qui concerne la personne concern\u00e9e. Collect\u00e9es pour des finalit\u00e9s d\u00e9termin\u00e9es, explicites et l\u00e9gitimes, et [\u2026]<\/p>","protected":false},"author":1,"featured_media":0,"parent":0,"menu_order":0,"comment_status":"closed","ping_status":"closed","template":"","meta":{"footnotes":""},"class_list":["post-164","page","type-page","status-publish","hentry"],"yoast_head":"<!-- This site is optimized with the Yoast SEO plugin v23.7 - https:\/\/yoast.com\/wordpress\/plugins\/seo\/ -->\n<title>Privacy Policy - Swansea Parent Carer Forum<\/title>\n<meta name=\"robots\" content=\"noindex, follow\" \/>\n<meta property=\"og:locale\" content=\"fr_FR\" \/>\n<meta property=\"og:type\" content=\"article\" \/>\n<meta property=\"og:title\" content=\"Privacy Policy - Swansea Parent Carer Forum\" \/>\n<meta property=\"og:description\" content=\"Swansea PCF Data Protection &#038; Privacy Policy Swansea Parent Carer Forum (SPCF) will fully comply with the UK General Data Protection Regulation 2018 (GDPR) and the strict principles stating that information must be: Processed fairly, lawfully and in a transparent manner in relation to the data subject. Collected for specified, explicit and legitimate purposes, and [&hellip;]\" \/>\n<meta property=\"og:url\" content=\"https:\/\/swanseapcf.org\/fr\/privacy-policy\/\" \/>\n<meta property=\"og:site_name\" content=\"Swansea Parent Carer Forum\" \/>\n<meta property=\"article:publisher\" content=\"https:\/\/www.facebook.com\/SwanseaPCF\/\" \/>\n<meta property=\"article:modified_time\" content=\"2021-07-11T19:55:35+00:00\" \/>\n<meta property=\"og:image\" content=\"https:\/\/swanseapcf.org\/wp-content\/uploads\/2019\/10\/SPCF-OG-Logo.jpg\" \/>\n\t<meta property=\"og:image:width\" content=\"501\" \/>\n\t<meta property=\"og:image:height\" content=\"261\" \/>\n\t<meta property=\"og:image:type\" content=\"image\/jpeg\" \/>\n<meta name=\"twitter:card\" content=\"summary_large_image\" \/>\n<meta name=\"twitter:site\" content=\"@SwanseaPCF\" \/>\n<meta name=\"twitter:label1\" content=\"Dur\u00e9e de lecture estim\u00e9e\" \/>\n\t<meta name=\"twitter:data1\" content=\"2 minutes\" \/>\n<script type=\"application\/ld+json\" class=\"yoast-schema-graph\">{\"@context\":\"https:\/\/schema.org\",\"@graph\":[{\"@type\":\"WebPage\",\"@id\":\"https:\/\/swanseapcf.org\/privacy-policy\/\",\"url\":\"https:\/\/swanseapcf.org\/privacy-policy\/\",\"name\":\"Privacy Policy - Swansea Parent Carer Forum\",\"isPartOf\":{\"@id\":\"https:\/\/swanseapcf.org\/#website\"},\"datePublished\":\"2019-10-17T09:11:38+00:00\",\"dateModified\":\"2021-07-11T19:55:35+00:00\",\"breadcrumb\":{\"@id\":\"https:\/\/swanseapcf.org\/privacy-policy\/#breadcrumb\"},\"inLanguage\":\"fr-FR\",\"potentialAction\":[{\"@type\":\"ReadAction\",\"target\":[\"https:\/\/swanseapcf.org\/privacy-policy\/\"]}]},{\"@type\":\"BreadcrumbList\",\"@id\":\"https:\/\/swanseapcf.org\/privacy-policy\/#breadcrumb\",\"itemListElement\":[{\"@type\":\"ListItem\",\"position\":1,\"name\":\"Home\",\"item\":\"https:\/\/swanseapcf.org\/\"},{\"@type\":\"ListItem\",\"position\":2,\"name\":\"Privacy Policy\"}]},{\"@type\":\"WebSite\",\"@id\":\"https:\/\/swanseapcf.org\/#website\",\"url\":\"https:\/\/swanseapcf.org\/\",\"name\":\"Swansea Parent Carer Forum\",\"description\":\"Working together to influence chnage\",\"publisher\":{\"@id\":\"https:\/\/swanseapcf.org\/#organization\"},\"potentialAction\":[{\"@type\":\"SearchAction\",\"target\":{\"@type\":\"EntryPoint\",\"urlTemplate\":\"https:\/\/swanseapcf.org\/?s={search_term_string}\"},\"query-input\":{\"@type\":\"PropertyValueSpecification\",\"valueRequired\":true,\"valueName\":\"search_term_string\"}}],\"inLanguage\":\"fr-FR\"},{\"@type\":\"Organization\",\"@id\":\"https:\/\/swanseapcf.org\/#organization\",\"name\":\"Swansea Parent Care Forum\",\"url\":\"https:\/\/swanseapcf.org\/\",\"logo\":{\"@type\":\"ImageObject\",\"inLanguage\":\"fr-FR\",\"@id\":\"https:\/\/swanseapcf.org\/#\/schema\/logo\/image\/\",\"url\":\"https:\/\/swanseapcf.org\/wp-content\/uploads\/2019\/10\/SPCF-Logo@2x.png\",\"contentUrl\":\"https:\/\/swanseapcf.org\/wp-content\/uploads\/2019\/10\/SPCF-Logo@2x.png\",\"width\":768,\"height\":202,\"caption\":\"Swansea Parent Care Forum\"},\"image\":{\"@id\":\"https:\/\/swanseapcf.org\/#\/schema\/logo\/image\/\"},\"sameAs\":[\"https:\/\/www.facebook.com\/SwanseaPCF\/\",\"https:\/\/x.com\/SwanseaPCF\",\"https:\/\/www.instagram.com\/swanseapcf\/\",\"https:\/\/www.youtube.com\/channel\/UCOTKLBxoPadw_LYukVDhs3Q\"]}]}<\/script>\n<!-- \/ Yoast SEO plugin. -->","yoast_head_json":{"title":"Privacy Policy - Swansea Parent Carer Forum","robots":{"index":"noindex","follow":"follow"},"og_locale":"fr_FR","og_type":"article","og_title":"Privacy Policy - Swansea Parent Carer Forum","og_description":"Swansea PCF Data Protection &#038; Privacy Policy Swansea Parent Carer Forum (SPCF) will fully comply with the UK General Data Protection Regulation 2018 (GDPR) and the strict principles stating that information must be: Processed fairly, lawfully and in a transparent manner in relation to the data subject. Collected for specified, explicit and legitimate purposes, and [&hellip;]","og_url":"https:\/\/swanseapcf.org\/fr\/privacy-policy\/","og_site_name":"Swansea Parent Carer Forum","article_publisher":"https:\/\/www.facebook.com\/SwanseaPCF\/","article_modified_time":"2021-07-11T19:55:35+00:00","og_image":[{"width":501,"height":261,"url":"https:\/\/swanseapcf.org\/wp-content\/uploads\/2019\/10\/SPCF-OG-Logo.jpg","type":"image\/jpeg"}],"twitter_card":"summary_large_image","twitter_site":"@SwanseaPCF","twitter_misc":{"Dur\u00e9e de lecture estim\u00e9e":"2 minutes"},"schema":{"@context":"https:\/\/schema.org","@graph":[{"@type":"WebPage","@id":"https:\/\/swanseapcf.org\/privacy-policy\/","url":"https:\/\/swanseapcf.org\/privacy-policy\/","name":"Privacy Policy - Swansea Parent Carer Forum","isPartOf":{"@id":"https:\/\/swanseapcf.org\/#website"},"datePublished":"2019-10-17T09:11:38+00:00","dateModified":"2021-07-11T19:55:35+00:00","breadcrumb":{"@id":"https:\/\/swanseapcf.org\/privacy-policy\/#breadcrumb"},"inLanguage":"fr-FR","potentialAction":[{"@type":"ReadAction","target":["https:\/\/swanseapcf.org\/privacy-policy\/"]}]},{"@type":"BreadcrumbList","@id":"https:\/\/swanseapcf.org\/privacy-policy\/#breadcrumb","itemListElement":[{"@type":"ListItem","position":1,"name":"Home","item":"https:\/\/swanseapcf.org\/"},{"@type":"ListItem","position":2,"name":"Privacy Policy"}]},{"@type":"WebSite","@id":"https:\/\/swanseapcf.org\/#website","url":"https:\/\/swanseapcf.org\/","name":"Swansea Parent Carer Forum","description":"Working together to influence chnage","publisher":{"@id":"https:\/\/swanseapcf.org\/#organization"},"potentialAction":[{"@type":"SearchAction","target":{"@type":"EntryPoint","urlTemplate":"https:\/\/swanseapcf.org\/?s={search_term_string}"},"query-input":{"@type":"PropertyValueSpecification","valueRequired":true,"valueName":"search_term_string"}}],"inLanguage":"fr-FR"},{"@type":"Organization","@id":"https:\/\/swanseapcf.org\/#organization","name":"Swansea Parent Care Forum","url":"https:\/\/swanseapcf.org\/","logo":{"@type":"ImageObject","inLanguage":"fr-FR","@id":"https:\/\/swanseapcf.org\/#\/schema\/logo\/image\/","url":"https:\/\/swanseapcf.org\/wp-content\/uploads\/2019\/10\/SPCF-Logo@2x.png","contentUrl":"https:\/\/swanseapcf.org\/wp-content\/uploads\/2019\/10\/SPCF-Logo@2x.png","width":768,"height":202,"caption":"Swansea Parent Care Forum"},"image":{"@id":"https:\/\/swanseapcf.org\/#\/schema\/logo\/image\/"},"sameAs":["https:\/\/www.facebook.com\/SwanseaPCF\/","https:\/\/x.com\/SwanseaPCF","https:\/\/www.instagram.com\/swanseapcf\/","https:\/\/www.youtube.com\/channel\/UCOTKLBxoPadw_LYukVDhs3Q"]}]}},"_links":{"self":[{"href":"https:\/\/swanseapcf.org\/fr\/wp-json\/wp\/v2\/pages\/164"}],"collection":[{"href":"https:\/\/swanseapcf.org\/fr\/wp-json\/wp\/v2\/pages"}],"about":[{"href":"https:\/\/swanseapcf.org\/fr\/wp-json\/wp\/v2\/types\/page"}],"author":[{"embeddable":true,"href":"https:\/\/swanseapcf.org\/fr\/wp-json\/wp\/v2\/users\/1"}],"replies":[{"embeddable":true,"href":"https:\/\/swanseapcf.org\/fr\/wp-json\/wp\/v2\/comments?post=164"}],"version-history":[{"count":12,"href":"https:\/\/swanseapcf.org\/fr\/wp-json\/wp\/v2\/pages\/164\/revisions"}],"predecessor-version":[{"id":729,"href":"https:\/\/swanseapcf.org\/fr\/wp-json\/wp\/v2\/pages\/164\/revisions\/729"}],"wp:attachment":[{"href":"https:\/\/swanseapcf.org\/fr\/wp-json\/wp\/v2\/media?parent=164"}],"curies":[{"name":"wp","href":"https:\/\/api.w.org\/{rel}","templated":true}]}}