{"id":100,"date":"2019-10-15T11:47:36","date_gmt":"2019-10-15T10:47:36","guid":{"rendered":"https:\/\/swanseapcf.org\/?page_id=100"},"modified":"2026-02-10T10:29:21","modified_gmt":"2026-02-10T10:29:21","slug":"who-we-are","status":"publish","type":"page","link":"https:\/\/swanseapcf.org\/fr\/who-we-are\/","title":{"rendered":"Qui nous sommes"},"content":{"rendered":"<div data-elementor-type=\"wp-page\" data-elementor-id=\"100\" class=\"elementor elementor-100\" data-elementor-post-type=\"page\">\n\t\t\t\t\t\t<section class=\"elementor-section elementor-top-section elementor-element elementor-element-0ee29ab elementor-section-boxed elementor-section-height-default elementor-section-height-default\" data-id=\"0ee29ab\" data-element_type=\"section\">\n\t\t\t\t\t\t<div class=\"elementor-container elementor-column-gap-default\">\n\t\t\t\t\t<div class=\"elementor-column elementor-col-100 elementor-top-column elementor-element elementor-element-857de8b\" data-id=\"857de8b\" data-element_type=\"column\">\n\t\t\t<div class=\"elementor-widget-wrap elementor-element-populated\">\n\t\t\t\t\t\t<div class=\"elementor-element elementor-element-9c303f8 elementor-widget elementor-widget-heading\" data-id=\"9c303f8\" data-element_type=\"widget\" data-widget_type=\"heading.default\">\n\t\t\t\t<div class=\"elementor-widget-container\">\n\t\t\t<h1 class=\"elementor-heading-title elementor-size-default\">Qui nous sommes<\/h1>\t\t<\/div>\n\t\t\t\t<\/div>\n\t\t\t\t\t<\/div>\n\t\t<\/div>\n\t\t\t\t\t<\/div>\n\t\t<\/section>\n\t\t\t\t<section class=\"elementor-section elementor-top-section elementor-element elementor-element-8483a8a elementor-section-boxed elementor-section-height-default elementor-section-height-default\" data-id=\"8483a8a\" data-element_type=\"section\" data-settings=\"{&quot;background_background&quot;:&quot;classic&quot;}\">\n\t\t\t\t\t\t<div class=\"elementor-container elementor-column-gap-default\">\n\t\t\t\t\t<div class=\"elementor-column elementor-col-50 elementor-top-column elementor-element elementor-element-61da864\" data-id=\"61da864\" data-element_type=\"column\">\n\t\t\t<div class=\"elementor-widget-wrap elementor-element-populated\">\n\t\t\t\t\t\t<div class=\"elementor-element elementor-element-c73eddb elementor-widget elementor-widget-image\" data-id=\"c73eddb\" data-element_type=\"widget\" data-widget_type=\"image.default\">\n\t\t\t\t<div class=\"elementor-widget-container\">\n\t\t\t\t\t\t\t\t\t\t\t\t\t<img fetchpriority=\"high\" decoding=\"async\" width=\"584\" height=\"768\" src=\"https:\/\/swanseapcf.org\/wp-content\/uploads\/2019\/10\/Joanann-Phillips.jpg\" class=\"attachment-large size-large wp-image-110\" alt=\"Joanann Phillips\" srcset=\"https:\/\/swanseapcf.org\/wp-content\/uploads\/2019\/10\/Joanann-Phillips.jpg 584w, https:\/\/swanseapcf.org\/wp-content\/uploads\/2019\/10\/Joanann-Phillips-228x300.jpg 228w\" sizes=\"(max-width: 584px) 100vw, 584px\" \/>\t\t\t\t\t\t\t\t\t\t\t\t\t<\/div>\n\t\t\t\t<\/div>\n\t\t\t\t\t<\/div>\n\t\t<\/div>\n\t\t\t\t<div class=\"elementor-column elementor-col-50 elementor-top-column elementor-element elementor-element-4667fab\" data-id=\"4667fab\" data-element_type=\"column\">\n\t\t\t<div class=\"elementor-widget-wrap elementor-element-populated\">\n\t\t\t\t\t\t<div class=\"elementor-element elementor-element-15baae3 elementor-widget elementor-widget-heading\" data-id=\"15baae3\" data-element_type=\"widget\" data-no-translation=\"\" data-widget_type=\"heading.default\">\n\t\t\t\t<div class=\"elementor-widget-container\">\n\t\t\t<h2 class=\"elementor-heading-title elementor-size-default\">Joanann Phillips<\/h2>\t\t<\/div>\n\t\t\t\t<\/div>\n\t\t\t\t<div class=\"elementor-element elementor-element-347b1c8 elementor-widget elementor-widget-text-editor\" data-id=\"347b1c8\" data-element_type=\"widget\" data-widget_type=\"text-editor.default\">\n\t\t\t\t<div class=\"elementor-widget-container\">\n\t\t\t\t\t\t\t<p>Jo a travaill\u00e9 comme coiffeuse et factrice. Elle est m\u00e8re de trois enfants adultes, dont l&#039;un pr\u00e9sente des besoins sp\u00e9cifiques complexes qui n&#039;ont \u00e9t\u00e9 diagnostiqu\u00e9s qu&#039;\u00e0 l&#039;adolescence. Ses deux autres enfants souffrent de troubles mentaux, leur fr\u00e8re n&#039;ayant pas b\u00e9n\u00e9fici\u00e9 du soutien adapt\u00e9.<\/p><p>Jo est une avocate ind\u00e9pendante qualifi\u00e9e et participe r\u00e9guli\u00e8rement aux consultations des autorit\u00e9s locales et gouvernementales sur la l\u00e9gislation relative aux services sociaux, aux besoins \u00e9ducatifs particuliers et \u00e0 tout ce qui concerne les aidants familiaux non r\u00e9mun\u00e9r\u00e9s. Jo est tr\u00e8s engag\u00e9e dans l&#039;am\u00e9lioration des services (\u00e9ducation, services sociaux et sant\u00e9) afin que chacun puisse r\u00e9pondre \u00e0 ses besoins et s&#039;\u00e9panouir pleinement.<\/p><p>Elle est convaincue que nos enfants adultes doivent \u00eatre reconnus et soutenus (\u00ab Pas de mauvaise porte \u00bb).<\/p>\t\t\t\t\t\t<\/div>\n\t\t\t\t<\/div>\n\t\t\t\t\t<\/div>\n\t\t<\/div>\n\t\t\t\t\t<\/div>\n\t\t<\/section>\n\t\t\t\t<section class=\"elementor-section elementor-top-section elementor-element elementor-element-529a57e elementor-reverse-mobile elementor-section-boxed elementor-section-height-default elementor-section-height-default\" data-id=\"529a57e\" data-element_type=\"section\" data-settings=\"{&quot;background_background&quot;:&quot;classic&quot;}\">\n\t\t\t\t\t\t<div class=\"elementor-container elementor-column-gap-default\">\n\t\t\t\t\t<div class=\"elementor-column elementor-col-50 elementor-top-column elementor-element elementor-element-4a3550c\" data-id=\"4a3550c\" data-element_type=\"column\">\n\t\t\t<div class=\"elementor-widget-wrap elementor-element-populated\">\n\t\t\t\t\t\t<div class=\"elementor-element elementor-element-fc5031d elementor-widget elementor-widget-heading\" data-id=\"fc5031d\" data-element_type=\"widget\" data-no-translation=\"\" data-widget_type=\"heading.default\">\n\t\t\t\t<div class=\"elementor-widget-container\">\n\t\t\t<h2 class=\"elementor-heading-title elementor-size-default\">CHRIS LAW<\/h2>\t\t<\/div>\n\t\t\t\t<\/div>\n\t\t\t\t<div class=\"elementor-element elementor-element-46cf645 elementor-widget elementor-widget-text-editor\" data-id=\"46cf645\" data-element_type=\"widget\" data-widget_type=\"text-editor.default\">\n\t\t\t\t<div class=\"elementor-widget-container\">\n\t\t\t\t\t\t\t<p>Parent de deux enfants adopt\u00e9s, tous deux avec des besoins suppl\u00e9mentaires (ASD, ADHD, ODD, dyslexie, dyscalculie, trouble de la parole). Chris a pass\u00e9 30 ans dans des postes de haute direction dans le secteur public. Il passe maintenant la plupart de son temps avec sa famille, partageant les responsabilit\u00e9s parentales avec sa femme. Chris est \u00e9galement pr\u00e9sident des gouverneurs d&#039;une \u00e9cole primaire locale. Il apporte de grandes comp\u00e9tences organisationnelles et une exp\u00e9rience dans la facilitation, la sant\u00e9 et la s\u00e9curit\u00e9, la gestion des personnes et les finances.<\/p><p>Il estime que les transitions entre les services doivent \u00eatre transparentes et adapt\u00e9es aux besoins de l&#039;individu.<\/p><p>Chris est passionn\u00e9 par les besoins d&#039;apprentissage suppl\u00e9mentaires et veille \u00e0 ce que les enfants ayant des besoins (quels qu&#039;ils soient) soient soutenus de mani\u00e8re appropri\u00e9e.<\/p>\t\t\t\t\t\t<\/div>\n\t\t\t\t<\/div>\n\t\t\t\t\t<\/div>\n\t\t<\/div>\n\t\t\t\t<div class=\"elementor-column elementor-col-50 elementor-top-column elementor-element elementor-element-4f0f757\" data-id=\"4f0f757\" data-element_type=\"column\">\n\t\t\t<div class=\"elementor-widget-wrap elementor-element-populated\">\n\t\t\t\t\t\t<div class=\"elementor-element elementor-element-3ea6d8e elementor-widget elementor-widget-image\" data-id=\"3ea6d8e\" data-element_type=\"widget\" data-widget_type=\"image.default\">\n\t\t\t\t<div class=\"elementor-widget-container\">\n\t\t\t\t\t\t\t\t\t\t\t\t\t<img decoding=\"async\" width=\"640\" height=\"853\" src=\"https:\/\/swanseapcf.org\/wp-content\/uploads\/2023\/05\/Chris-pic-May-2023.jpg\" class=\"attachment-large size-large wp-image-1049\" alt=\"\" srcset=\"https:\/\/swanseapcf.org\/wp-content\/uploads\/2023\/05\/Chris-pic-May-2023.jpg 768w, https:\/\/swanseapcf.org\/wp-content\/uploads\/2023\/05\/Chris-pic-May-2023-225x300.jpg 225w, https:\/\/swanseapcf.org\/wp-content\/uploads\/2023\/05\/Chris-pic-May-2023-9x12.jpg 9w\" sizes=\"(max-width: 640px) 100vw, 640px\" \/>\t\t\t\t\t\t\t\t\t\t\t\t\t<\/div>\n\t\t\t\t<\/div>\n\t\t\t\t\t<\/div>\n\t\t<\/div>\n\t\t\t\t\t<\/div>\n\t\t<\/section>\n\t\t\t\t<section class=\"elementor-section elementor-top-section elementor-element elementor-element-e55700f elementor-section-boxed elementor-section-height-default elementor-section-height-default\" data-id=\"e55700f\" data-element_type=\"section\" data-settings=\"{&quot;background_background&quot;:&quot;classic&quot;}\">\n\t\t\t\t\t\t<div class=\"elementor-container elementor-column-gap-default\">\n\t\t\t\t\t<div class=\"elementor-column elementor-col-50 elementor-top-column elementor-element elementor-element-6d1452b\" data-id=\"6d1452b\" data-element_type=\"column\">\n\t\t\t<div class=\"elementor-widget-wrap elementor-element-populated\">\n\t\t\t\t\t\t<div class=\"elementor-element elementor-element-405a6cb elementor-widget elementor-widget-image\" data-id=\"405a6cb\" data-element_type=\"widget\" data-widget_type=\"image.default\">\n\t\t\t\t<div class=\"elementor-widget-container\">\n\t\t\t\t\t\t\t\t\t\t\t\t\t<img decoding=\"async\" width=\"640\" height=\"873\" src=\"https:\/\/swanseapcf.org\/wp-content\/uploads\/2023\/05\/IH-751x1024.jpg\" class=\"attachment-large size-large wp-image-1053\" alt=\"\" srcset=\"https:\/\/swanseapcf.org\/wp-content\/uploads\/2023\/05\/IH-751x1024.jpg 751w, https:\/\/swanseapcf.org\/wp-content\/uploads\/2023\/05\/IH-220x300.jpg 220w, https:\/\/swanseapcf.org\/wp-content\/uploads\/2023\/05\/IH-768x1048.jpg 768w, https:\/\/swanseapcf.org\/wp-content\/uploads\/2023\/05\/IH-1126x1536.jpg 1126w, https:\/\/swanseapcf.org\/wp-content\/uploads\/2023\/05\/IH-9x12.jpg 9w, https:\/\/swanseapcf.org\/wp-content\/uploads\/2023\/05\/IH.jpg 1493w\" sizes=\"(max-width: 640px) 100vw, 640px\" \/>\t\t\t\t\t\t\t\t\t\t\t\t\t<\/div>\n\t\t\t\t<\/div>\n\t\t\t\t\t<\/div>\n\t\t<\/div>\n\t\t\t\t<div class=\"elementor-column elementor-col-50 elementor-top-column elementor-element elementor-element-7769359\" data-id=\"7769359\" data-element_type=\"column\">\n\t\t\t<div class=\"elementor-widget-wrap elementor-element-populated\">\n\t\t\t\t\t\t<div class=\"elementor-element elementor-element-9a2f1b3 elementor-widget elementor-widget-heading\" data-id=\"9a2f1b3\" data-element_type=\"widget\" data-no-translation=\"\" data-widget_type=\"heading.default\">\n\t\t\t\t<div class=\"elementor-widget-container\">\n\t\t\t<h2 class=\"elementor-heading-title elementor-size-default\">ISHBEL HANSEN<\/h2>\t\t<\/div>\n\t\t\t\t<\/div>\n\t\t\t\t<div class=\"elementor-element elementor-element-6ebdc74 elementor-widget elementor-widget-text-editor\" data-id=\"6ebdc74\" data-element_type=\"widget\" data-widget_type=\"text-editor.default\">\n\t\t\t\t<div class=\"elementor-widget-container\">\n\t\t\t\t\t\t\t<p>Ishbel est une m\u00e8re c\u00e9libataire qui s&#039;occupe de son fils qui est n\u00e9 avec des besoins sp\u00e9ciaux complexes. Elle est sa porte-parole depuis sa naissance, coordonnant ses besoins de sant\u00e9 et de bien-\u00eatre avec les services de sant\u00e9, d&#039;\u00e9ducation et sociaux. Ishbel croit fermement que personne ne conna\u00eetra jamais votre enfant aussi bien que vous.<\/p><p>Ishbel aimerait pouvoir partager une partie de son exp\u00e9rience et de ses connaissances avec des parents qui se sentent d\u00e9courag\u00e9s par ce qu&#039;ils doivent g\u00e9rer pour assurer le meilleur \u00e0 leur enfant.\u00a0<\/p><p>Elle est passionn\u00e9e par l&#039;\u00e9ducation de la petite enfance et assure l&#039;accessibilit\u00e9 \u00e0 tous les parcs et espaces de loisirs de Swansea. Ishbel croit que tous les enfants ont droit \u00e0 un jeu \u00e9quitable et au bien-\u00eatre.<\/p>\t\t\t\t\t\t<\/div>\n\t\t\t\t<\/div>\n\t\t\t\t\t<\/div>\n\t\t<\/div>\n\t\t\t\t\t<\/div>\n\t\t<\/section>\n\t\t\t\t<section class=\"elementor-section elementor-top-section elementor-element elementor-element-64ee0e2 elementor-section-boxed elementor-section-height-default elementor-section-height-default\" data-id=\"64ee0e2\" data-element_type=\"section\">\n\t\t\t\t\t\t<div class=\"elementor-container elementor-column-gap-default\">\n\t\t\t\t\t<div class=\"elementor-column elementor-col-100 elementor-top-column elementor-element elementor-element-370f08e\" data-id=\"370f08e\" data-element_type=\"column\">\n\t\t\t<div class=\"elementor-widget-wrap elementor-element-populated\">\n\t\t\t\t\t\t<div class=\"elementor-element elementor-element-5922d16 elementor-align-center elementor-widget elementor-widget-button\" data-id=\"5922d16\" data-element_type=\"widget\" data-widget_type=\"button.default\">\n\t\t\t\t<div class=\"elementor-widget-container\">\n\t\t\t\t\t\t\t<div class=\"elementor-button-wrapper\">\n\t\t\t\t\t<a class=\"elementor-button elementor-button-link elementor-size-sm elementor-animation-float\" href=\"https:\/\/swanseapcf.org\/fr\/join-us\/\">\n\t\t\t\t\t\t<span class=\"elementor-button-content-wrapper\">\n\t\t\t\t\t\t<span class=\"elementor-button-icon\">\n\t\t\t\t<i aria-hidden=\"true\" class=\"fas fa-chevron-right\"><\/i>\t\t\t<\/span>\n\t\t\t\t\t\t\t\t\t<span class=\"elementor-button-text\">Rejoignez-nous<\/span>\n\t\t\t\t\t<\/span>\n\t\t\t\t\t<\/a>\n\t\t\t\t<\/div>\n\t\t\t\t\t\t<\/div>\n\t\t\t\t<\/div>\n\t\t\t\t\t<\/div>\n\t\t<\/div>\n\t\t\t\t\t<\/div>\n\t\t<\/section>\n\t\t\t\t<\/div>","protected":false},"excerpt":{"rendered":"<p>Who we are Joanann Phillips Jo\u2019s background includes hairdressing and postal work (post woman). She is a mum of three adults, one of whom has complex additional needs that weren\u2019t diagnosed until he became a teenager. Both of her other children have mental health difficulties due to their brother not having the correct support. Jo [&hellip;]<\/p>","protected":false},"author":1,"featured_media":0,"parent":0,"menu_order":0,"comment_status":"closed","ping_status":"closed","template":"","meta":{"footnotes":""},"class_list":["post-100","page","type-page","status-publish","hentry"],"yoast_head":"<!-- This site is optimized with the Yoast SEO plugin v23.7 - https:\/\/yoast.com\/wordpress\/plugins\/seo\/ -->\n<title>Who We Are - Swansea Parent Carer Forum<\/title>\n<meta name=\"description\" content=\"Meet everyone involved with Swansea Parent Carer Forum.\" \/>\n<meta name=\"robots\" content=\"index, follow, max-snippet:-1, max-image-preview:large, max-video-preview:-1\" \/>\n<link rel=\"canonical\" href=\"https:\/\/swanseapcf.org\/fr\/who-we-are\/\" \/>\n<meta property=\"og:locale\" content=\"fr_FR\" \/>\n<meta property=\"og:type\" content=\"article\" \/>\n<meta property=\"og:title\" content=\"Who We Are - Swansea Parent Carer Forum\" \/>\n<meta property=\"og:description\" content=\"Meet everyone involved with Swansea Parent Carer Forum.\" \/>\n<meta property=\"og:url\" content=\"https:\/\/swanseapcf.org\/fr\/who-we-are\/\" \/>\n<meta property=\"og:site_name\" content=\"Swansea Parent Carer Forum\" \/>\n<meta property=\"article:publisher\" content=\"https:\/\/www.facebook.com\/SwanseaPCF\/\" \/>\n<meta property=\"article:modified_time\" content=\"2026-02-10T10:29:21+00:00\" \/>\n<meta property=\"og:image\" content=\"https:\/\/swanseapcf.org\/wp-content\/uploads\/2019\/10\/Joanann-Phillips.jpg\" \/>\n\t<meta property=\"og:image:width\" content=\"584\" \/>\n\t<meta property=\"og:image:height\" content=\"768\" \/>\n\t<meta property=\"og:image:type\" content=\"image\/jpeg\" \/>\n<meta name=\"twitter:card\" content=\"summary_large_image\" \/>\n<meta name=\"twitter:site\" content=\"@SwanseaPCF\" \/>\n<meta name=\"twitter:label1\" content=\"Dur\u00e9e de lecture estim\u00e9e\" \/>\n\t<meta name=\"twitter:data1\" content=\"3 minutes\" \/>\n<script type=\"application\/ld+json\" class=\"yoast-schema-graph\">{\"@context\":\"https:\/\/schema.org\",\"@graph\":[{\"@type\":\"WebPage\",\"@id\":\"https:\/\/swanseapcf.org\/who-we-are\/\",\"url\":\"https:\/\/swanseapcf.org\/who-we-are\/\",\"name\":\"Who We Are - Swansea Parent Carer Forum\",\"isPartOf\":{\"@id\":\"https:\/\/swanseapcf.org\/#website\"},\"primaryImageOfPage\":{\"@id\":\"https:\/\/swanseapcf.org\/who-we-are\/#primaryimage\"},\"image\":{\"@id\":\"https:\/\/swanseapcf.org\/who-we-are\/#primaryimage\"},\"thumbnailUrl\":\"https:\/\/swanseapcf.org\/wp-content\/uploads\/2019\/10\/Joanann-Phillips.jpg\",\"datePublished\":\"2019-10-15T10:47:36+00:00\",\"dateModified\":\"2026-02-10T10:29:21+00:00\",\"description\":\"Meet everyone involved with Swansea Parent Carer Forum.\",\"breadcrumb\":{\"@id\":\"https:\/\/swanseapcf.org\/who-we-are\/#breadcrumb\"},\"inLanguage\":\"fr-FR\",\"potentialAction\":[{\"@type\":\"ReadAction\",\"target\":[\"https:\/\/swanseapcf.org\/who-we-are\/\"]}]},{\"@type\":\"ImageObject\",\"inLanguage\":\"fr-FR\",\"@id\":\"https:\/\/swanseapcf.org\/who-we-are\/#primaryimage\",\"url\":\"https:\/\/swanseapcf.org\/wp-content\/uploads\/2019\/10\/Joanann-Phillips.jpg\",\"contentUrl\":\"https:\/\/swanseapcf.org\/wp-content\/uploads\/2019\/10\/Joanann-Phillips.jpg\"},{\"@type\":\"BreadcrumbList\",\"@id\":\"https:\/\/swanseapcf.org\/who-we-are\/#breadcrumb\",\"itemListElement\":[{\"@type\":\"ListItem\",\"position\":1,\"name\":\"Home\",\"item\":\"https:\/\/swanseapcf.org\/\"},{\"@type\":\"ListItem\",\"position\":2,\"name\":\"Who We Are\"}]},{\"@type\":\"WebSite\",\"@id\":\"https:\/\/swanseapcf.org\/#website\",\"url\":\"https:\/\/swanseapcf.org\/\",\"name\":\"Swansea Parent Carer Forum\",\"description\":\"Working together to influence chnage\",\"publisher\":{\"@id\":\"https:\/\/swanseapcf.org\/#organization\"},\"potentialAction\":[{\"@type\":\"SearchAction\",\"target\":{\"@type\":\"EntryPoint\",\"urlTemplate\":\"https:\/\/swanseapcf.org\/?s={search_term_string}\"},\"query-input\":{\"@type\":\"PropertyValueSpecification\",\"valueRequired\":true,\"valueName\":\"search_term_string\"}}],\"inLanguage\":\"fr-FR\"},{\"@type\":\"Organization\",\"@id\":\"https:\/\/swanseapcf.org\/#organization\",\"name\":\"Swansea Parent Care Forum\",\"url\":\"https:\/\/swanseapcf.org\/\",\"logo\":{\"@type\":\"ImageObject\",\"inLanguage\":\"fr-FR\",\"@id\":\"https:\/\/swanseapcf.org\/#\/schema\/logo\/image\/\",\"url\":\"https:\/\/swanseapcf.org\/wp-content\/uploads\/2019\/10\/SPCF-Logo@2x.png\",\"contentUrl\":\"https:\/\/swanseapcf.org\/wp-content\/uploads\/2019\/10\/SPCF-Logo@2x.png\",\"width\":768,\"height\":202,\"caption\":\"Swansea Parent Care Forum\"},\"image\":{\"@id\":\"https:\/\/swanseapcf.org\/#\/schema\/logo\/image\/\"},\"sameAs\":[\"https:\/\/www.facebook.com\/SwanseaPCF\/\",\"https:\/\/x.com\/SwanseaPCF\",\"https:\/\/www.instagram.com\/swanseapcf\/\",\"https:\/\/www.youtube.com\/channel\/UCOTKLBxoPadw_LYukVDhs3Q\"]}]}<\/script>\n<!-- \/ Yoast SEO plugin. -->","yoast_head_json":{"title":"Who We Are - Swansea Parent Carer Forum","description":"Meet everyone involved with Swansea Parent Carer Forum.","robots":{"index":"index","follow":"follow","max-snippet":"max-snippet:-1","max-image-preview":"max-image-preview:large","max-video-preview":"max-video-preview:-1"},"canonical":"https:\/\/swanseapcf.org\/fr\/who-we-are\/","og_locale":"fr_FR","og_type":"article","og_title":"Who We Are - Swansea Parent Carer Forum","og_description":"Meet everyone involved with Swansea Parent Carer Forum.","og_url":"https:\/\/swanseapcf.org\/fr\/who-we-are\/","og_site_name":"Swansea Parent Carer Forum","article_publisher":"https:\/\/www.facebook.com\/SwanseaPCF\/","article_modified_time":"2026-02-10T10:29:21+00:00","og_image":[{"width":584,"height":768,"url":"https:\/\/swanseapcf.org\/wp-content\/uploads\/2019\/10\/Joanann-Phillips.jpg","type":"image\/jpeg"}],"twitter_card":"summary_large_image","twitter_site":"@SwanseaPCF","twitter_misc":{"Dur\u00e9e de lecture estim\u00e9e":"3 minutes"},"schema":{"@context":"https:\/\/schema.org","@graph":[{"@type":"WebPage","@id":"https:\/\/swanseapcf.org\/who-we-are\/","url":"https:\/\/swanseapcf.org\/who-we-are\/","name":"Who We Are - Swansea Parent Carer Forum","isPartOf":{"@id":"https:\/\/swanseapcf.org\/#website"},"primaryImageOfPage":{"@id":"https:\/\/swanseapcf.org\/who-we-are\/#primaryimage"},"image":{"@id":"https:\/\/swanseapcf.org\/who-we-are\/#primaryimage"},"thumbnailUrl":"https:\/\/swanseapcf.org\/wp-content\/uploads\/2019\/10\/Joanann-Phillips.jpg","datePublished":"2019-10-15T10:47:36+00:00","dateModified":"2026-02-10T10:29:21+00:00","description":"Meet everyone involved with Swansea Parent Carer Forum.","breadcrumb":{"@id":"https:\/\/swanseapcf.org\/who-we-are\/#breadcrumb"},"inLanguage":"fr-FR","potentialAction":[{"@type":"ReadAction","target":["https:\/\/swanseapcf.org\/who-we-are\/"]}]},{"@type":"ImageObject","inLanguage":"fr-FR","@id":"https:\/\/swanseapcf.org\/who-we-are\/#primaryimage","url":"https:\/\/swanseapcf.org\/wp-content\/uploads\/2019\/10\/Joanann-Phillips.jpg","contentUrl":"https:\/\/swanseapcf.org\/wp-content\/uploads\/2019\/10\/Joanann-Phillips.jpg"},{"@type":"BreadcrumbList","@id":"https:\/\/swanseapcf.org\/who-we-are\/#breadcrumb","itemListElement":[{"@type":"ListItem","position":1,"name":"Home","item":"https:\/\/swanseapcf.org\/"},{"@type":"ListItem","position":2,"name":"Who We Are"}]},{"@type":"WebSite","@id":"https:\/\/swanseapcf.org\/#website","url":"https:\/\/swanseapcf.org\/","name":"Swansea Parent Carer Forum","description":"Working together to influence chnage","publisher":{"@id":"https:\/\/swanseapcf.org\/#organization"},"potentialAction":[{"@type":"SearchAction","target":{"@type":"EntryPoint","urlTemplate":"https:\/\/swanseapcf.org\/?s={search_term_string}"},"query-input":{"@type":"PropertyValueSpecification","valueRequired":true,"valueName":"search_term_string"}}],"inLanguage":"fr-FR"},{"@type":"Organization","@id":"https:\/\/swanseapcf.org\/#organization","name":"Swansea Parent Care Forum","url":"https:\/\/swanseapcf.org\/","logo":{"@type":"ImageObject","inLanguage":"fr-FR","@id":"https:\/\/swanseapcf.org\/#\/schema\/logo\/image\/","url":"https:\/\/swanseapcf.org\/wp-content\/uploads\/2019\/10\/SPCF-Logo@2x.png","contentUrl":"https:\/\/swanseapcf.org\/wp-content\/uploads\/2019\/10\/SPCF-Logo@2x.png","width":768,"height":202,"caption":"Swansea Parent Care Forum"},"image":{"@id":"https:\/\/swanseapcf.org\/#\/schema\/logo\/image\/"},"sameAs":["https:\/\/www.facebook.com\/SwanseaPCF\/","https:\/\/x.com\/SwanseaPCF","https:\/\/www.instagram.com\/swanseapcf\/","https:\/\/www.youtube.com\/channel\/UCOTKLBxoPadw_LYukVDhs3Q"]}]}},"_links":{"self":[{"href":"https:\/\/swanseapcf.org\/fr\/wp-json\/wp\/v2\/pages\/100"}],"collection":[{"href":"https:\/\/swanseapcf.org\/fr\/wp-json\/wp\/v2\/pages"}],"about":[{"href":"https:\/\/swanseapcf.org\/fr\/wp-json\/wp\/v2\/types\/page"}],"author":[{"embeddable":true,"href":"https:\/\/swanseapcf.org\/fr\/wp-json\/wp\/v2\/users\/1"}],"replies":[{"embeddable":true,"href":"https:\/\/swanseapcf.org\/fr\/wp-json\/wp\/v2\/comments?post=100"}],"version-history":[{"count":147,"href":"https:\/\/swanseapcf.org\/fr\/wp-json\/wp\/v2\/pages\/100\/revisions"}],"predecessor-version":[{"id":1332,"href":"https:\/\/swanseapcf.org\/fr\/wp-json\/wp\/v2\/pages\/100\/revisions\/1332"}],"wp:attachment":[{"href":"https:\/\/swanseapcf.org\/fr\/wp-json\/wp\/v2\/media?parent=100"}],"curies":[{"name":"wp","href":"https:\/\/api.w.org\/{rel}","templated":true}]}}