{"id":991,"date":"2023-02-10T11:48:00","date_gmt":"2023-02-10T11:48:00","guid":{"rendered":"https:\/\/swanseapcf.org\/?page_id=991"},"modified":"2026-02-10T10:32:39","modified_gmt":"2026-02-10T10:32:39","slug":"info-2","status":"publish","type":"page","link":"https:\/\/swanseapcf.org\/es\/info-2\/","title":{"rendered":"Informaci\u00f3n"},"content":{"rendered":"<div data-elementor-type=\"wp-page\" data-elementor-id=\"991\" class=\"elementor elementor-991\" data-elementor-post-type=\"page\">\n\t\t\t\t\t\t<section class=\"elementor-section elementor-top-section elementor-element elementor-element-385fe24 elementor-section-full_width elementor-reverse-mobile elementor-section-height-default elementor-section-height-default\" data-id=\"385fe24\" data-element_type=\"section\">\n\t\t\t\t\t\t<div class=\"elementor-container elementor-column-gap-wider\">\n\t\t\t\t\t<div class=\"elementor-column elementor-col-50 elementor-top-column elementor-element elementor-element-637aef2\" data-id=\"637aef2\" data-element_type=\"column\">\n\t\t\t<div class=\"elementor-widget-wrap elementor-element-populated\">\n\t\t\t\t\t\t<div class=\"elementor-element elementor-element-537861f elementor-widget__width-initial elementor-widget elementor-widget-heading\" data-id=\"537861f\" data-element_type=\"widget\" data-widget_type=\"heading.default\">\n\t\t\t\t<div class=\"elementor-widget-container\">\n\t\t\t<h1 class=\"elementor-heading-title elementor-size-default\">Informaci\u00f3n para padres cuidadores<\/h1>\t\t<\/div>\n\t\t\t\t<\/div>\n\t\t\t\t\t<\/div>\n\t\t<\/div>\n\t\t\t\t<div class=\"elementor-column elementor-col-50 elementor-top-column elementor-element elementor-element-0d7ac36\" data-id=\"0d7ac36\" data-element_type=\"column\" data-settings=\"{&quot;background_background&quot;:&quot;classic&quot;}\">\n\t\t\t<div class=\"elementor-widget-wrap elementor-element-populated\">\n\t\t\t\t\t\t<div class=\"elementor-element elementor-element-6ffc555 elementor-widget elementor-widget-spacer\" data-id=\"6ffc555\" data-element_type=\"widget\" data-widget_type=\"spacer.default\">\n\t\t\t\t<div class=\"elementor-widget-container\">\n\t\t\t\t\t<div class=\"elementor-spacer\">\n\t\t\t<div class=\"elementor-spacer-inner\"><\/div>\n\t\t<\/div>\n\t\t\t\t<\/div>\n\t\t\t\t<\/div>\n\t\t\t\t\t<\/div>\n\t\t<\/div>\n\t\t\t\t\t<\/div>\n\t\t<\/section>\n\t\t\t\t<section class=\"elementor-section elementor-top-section elementor-element elementor-element-a6722d5 elementor-section-boxed elementor-section-height-default elementor-section-height-default\" data-id=\"a6722d5\" data-element_type=\"section\">\n\t\t\t\t\t\t<div class=\"elementor-container elementor-column-gap-default\">\n\t\t\t\t\t<div class=\"elementor-column elementor-col-100 elementor-top-column elementor-element elementor-element-ada5e43\" data-id=\"ada5e43\" data-element_type=\"column\">\n\t\t\t<div class=\"elementor-widget-wrap elementor-element-populated\">\n\t\t\t\t\t\t<div class=\"elementor-element elementor-element-c796b73 elementor-widget elementor-widget-heading\" data-id=\"c796b73\" data-element_type=\"widget\" data-widget_type=\"heading.default\">\n\t\t\t\t<div class=\"elementor-widget-container\">\n\t\t\t<h3 class=\"elementor-heading-title elementor-size-default\">INFORMACI\u00d3N PARA PADRES CUIDADORES<\/h3>\t\t<\/div>\n\t\t\t\t<\/div>\n\t\t\t\t<div class=\"elementor-element elementor-element-7edff8c elementor-widget elementor-widget-text-editor\" data-id=\"7edff8c\" data-element_type=\"widget\" data-widget_type=\"text-editor.default\">\n\t\t\t\t<div class=\"elementor-widget-container\">\n\t\t\t\t\t\t\t<p>Consulte a continuaci\u00f3n informaci\u00f3n \u00fatil para padres cuidadores (actualizado en 2024).&nbsp;<\/p>\t\t\t\t\t\t<\/div>\n\t\t\t\t<\/div>\n\t\t\t\t<div class=\"elementor-element elementor-element-1068a5f elementor-widget__width-initial elementor-widget elementor-widget-button\" data-id=\"1068a5f\" data-element_type=\"widget\" data-widget_type=\"button.default\">\n\t\t\t\t<div class=\"elementor-widget-container\">\n\t\t\t\t\t\t\t<div class=\"elementor-button-wrapper\">\n\t\t\t\t\t<a class=\"elementor-button elementor-button-link elementor-size-sm elementor-animation-float\" href=\"https:\/\/swanseapcf.org\/wp-content\/uploads\/2024\/08\/SPCF-A4-booklet-07.24-Eng.pdf\">\n\t\t\t\t\t\t<span class=\"elementor-button-content-wrapper\">\n\t\t\t\t\t\t<span class=\"elementor-button-icon\">\n\t\t\t\t<i aria-hidden=\"true\" class=\"fas fa-chevron-right\"><\/i>\t\t\t<\/span>\n\t\t\t\t\t\t\t\t\t<span class=\"elementor-button-text\">versi\u00f3n inglesa<\/span>\n\t\t\t\t\t<\/span>\n\t\t\t\t\t<\/a>\n\t\t\t\t<\/div>\n\t\t\t\t\t\t<\/div>\n\t\t\t\t<\/div>\n\t\t\t\t<div class=\"elementor-element elementor-element-d624b3c elementor-widget__width-initial elementor-widget elementor-widget-button\" data-id=\"d624b3c\" data-element_type=\"widget\" data-widget_type=\"button.default\">\n\t\t\t\t<div class=\"elementor-widget-container\">\n\t\t\t\t\t\t\t<div class=\"elementor-button-wrapper\">\n\t\t\t\t\t<a class=\"elementor-button elementor-button-link elementor-size-sm elementor-animation-float\" href=\"https:\/\/swanseapcf.org\/wp-content\/uploads\/2024\/08\/SPCF-A4-booklet-07.24Wel.pdf\">\n\t\t\t\t\t\t<span class=\"elementor-button-content-wrapper\">\n\t\t\t\t\t\t<span class=\"elementor-button-icon\">\n\t\t\t\t<i aria-hidden=\"true\" class=\"fas fa-chevron-right\"><\/i>\t\t\t<\/span>\n\t\t\t\t\t\t\t\t\t<span class=\"elementor-button-text\">versi\u00f3n galesa<\/span>\n\t\t\t\t\t<\/span>\n\t\t\t\t\t<\/a>\n\t\t\t\t<\/div>\n\t\t\t\t\t\t<\/div>\n\t\t\t\t<\/div>\n\t\t\t\t\t<\/div>\n\t\t<\/div>\n\t\t\t\t\t<\/div>\n\t\t<\/section>\n\t\t\t\t<section class=\"elementor-section elementor-top-section elementor-element elementor-element-8522a42 elementor-section-boxed elementor-section-height-default elementor-section-height-default\" data-id=\"8522a42\" data-element_type=\"section\" data-settings=\"{&quot;background_background&quot;:&quot;classic&quot;}\">\n\t\t\t\t\t\t<div class=\"elementor-container elementor-column-gap-default\">\n\t\t\t\t\t<div class=\"elementor-column elementor-col-100 elementor-top-column elementor-element elementor-element-259f25b\" data-id=\"259f25b\" data-element_type=\"column\">\n\t\t\t<div class=\"elementor-widget-wrap\">\n\t\t\t\t\t\t\t<\/div>\n\t\t<\/div>\n\t\t\t\t\t<\/div>\n\t\t<\/section>\n\t\t\t\t<section class=\"elementor-section elementor-top-section elementor-element elementor-element-fea8518 elementor-section-boxed elementor-section-height-default elementor-section-height-default\" data-id=\"fea8518\" data-element_type=\"section\" data-settings=\"{&quot;background_background&quot;:&quot;classic&quot;}\">\n\t\t\t\t\t\t<div class=\"elementor-container elementor-column-gap-default\">\n\t\t\t\t\t<div class=\"elementor-column elementor-col-100 elementor-top-column elementor-element elementor-element-072948e\" data-id=\"072948e\" data-element_type=\"column\">\n\t\t\t<div class=\"elementor-widget-wrap elementor-element-populated\">\n\t\t\t\t\t\t<div class=\"elementor-element elementor-element-a6d46cb elementor-widget elementor-widget-heading\" data-id=\"a6d46cb\" data-element_type=\"widget\" data-widget_type=\"heading.default\">\n\t\t\t\t<div class=\"elementor-widget-container\">\n\t\t\t<h3 class=\"elementor-heading-title elementor-size-default\">PERSONAS QUE PUEDES CONOCER<\/h3>\t\t<\/div>\n\t\t\t\t<\/div>\n\t\t\t\t<div class=\"elementor-element elementor-element-75f333a elementor-widget elementor-widget-text-editor\" data-id=\"75f333a\" data-element_type=\"widget\" data-widget_type=\"text-editor.default\">\n\t\t\t\t<div class=\"elementor-widget-container\">\n\t\t\t\t\t\t\t<p>Como padres cuidadores, hemos tratado de explicar en t\u00e9rminos simples lo que hacen los diferentes profesionales. Los t\u00edtulos profesionales pueden ser confusos si no est\u00e1 familiarizado con ellos, especialmente si est\u00e1 conociendo a muchas personas nuevas de diferentes antecedentes profesionales al mismo tiempo. Esperamos que este documento ayude\u2026.\u00a0<\/p>\t\t\t\t\t\t<\/div>\n\t\t\t\t<\/div>\n\t\t\t\t<div class=\"elementor-element elementor-element-b2b0b8c elementor-widget__width-initial elementor-widget elementor-widget-button\" data-id=\"b2b0b8c\" data-element_type=\"widget\" data-widget_type=\"button.default\">\n\t\t\t\t<div class=\"elementor-widget-container\">\n\t\t\t\t\t\t\t<div class=\"elementor-button-wrapper\">\n\t\t\t\t\t<a class=\"elementor-button elementor-button-link elementor-size-sm elementor-animation-float\" href=\"https:\/\/swanseapcf.org\/wp-content\/uploads\/2023\/01\/People-you-may-meet-Jan-23.pdf\">\n\t\t\t\t\t\t<span class=\"elementor-button-content-wrapper\">\n\t\t\t\t\t\t<span class=\"elementor-button-icon\">\n\t\t\t\t<i aria-hidden=\"true\" class=\"fas fa-chevron-right\"><\/i>\t\t\t<\/span>\n\t\t\t\t\t\t\t\t\t<span class=\"elementor-button-text\">Personas que puede conocer<\/span>\n\t\t\t\t\t<\/span>\n\t\t\t\t\t<\/a>\n\t\t\t\t<\/div>\n\t\t\t\t\t\t<\/div>\n\t\t\t\t<\/div>\n\t\t\t\t\t<\/div>\n\t\t<\/div>\n\t\t\t\t\t<\/div>\n\t\t<\/section>\n\t\t\t\t<section class=\"elementor-section elementor-top-section elementor-element elementor-element-0ee29ab elementor-section-boxed elementor-section-height-default elementor-section-height-default\" data-id=\"0ee29ab\" data-element_type=\"section\">\n\t\t\t\t\t\t<div class=\"elementor-container elementor-column-gap-default\">\n\t\t\t\t\t<div class=\"elementor-column elementor-col-100 elementor-top-column elementor-element elementor-element-857de8b\" data-id=\"857de8b\" data-element_type=\"column\">\n\t\t\t<div class=\"elementor-widget-wrap elementor-element-populated\">\n\t\t\t\t\t\t<div class=\"elementor-element elementor-element-c8e1dc7 elementor-widget elementor-widget-heading\" data-id=\"c8e1dc7\" data-element_type=\"widget\" data-widget_type=\"heading.default\">\n\t\t\t\t<div class=\"elementor-widget-container\">\n\t\t\t<h3 class=\"elementor-heading-title elementor-size-default\">PREGUNTAS FRECUENTES SOBRE EL COVID-19<\/h3>\t\t<\/div>\n\t\t\t\t<\/div>\n\t\t\t\t<div class=\"elementor-element elementor-element-787adbc elementor-widget elementor-widget-text-editor\" data-id=\"787adbc\" data-element_type=\"widget\" data-widget_type=\"text-editor.default\">\n\t\t\t\t<div class=\"elementor-widget-container\">\n\t\t\t\t\t\t\t<p>Fue abrumador hacer un seguimiento de los servicios cambiantes a medida que se adaptan y saber qu\u00e9 servicios todav\u00eda est\u00e1n disponibles y c\u00f3mo apoyar mejor a nuestras familias. Con esto en mente, el Foro de padres y cuidadores de Swansea consider\u00f3 que era necesario recopilar las preguntas e inquietudes de los padres y cuidadores. Luego comenzamos a trabajar con el Consejo de Swansea y la Junta de Salud de la Universidad de Swansea Bay para asegurarnos de que estas preguntas e inquietudes se respondan con informaci\u00f3n clara y precisa y se solucionen las lagunas.<\/p><p>Puede leer nuestras Preguntas frecuentes (con respuestas) siguiendo los enlaces a continuaci\u00f3n.<\/p>\t\t\t\t\t\t<\/div>\n\t\t\t\t<\/div>\n\t\t\t\t<div class=\"elementor-element elementor-element-f26b762 elementor-widget__width-initial elementor-widget elementor-widget-button\" data-id=\"f26b762\" data-element_type=\"widget\" data-widget_type=\"button.default\">\n\t\t\t\t<div class=\"elementor-widget-container\">\n\t\t\t\t\t\t\t<div class=\"elementor-button-wrapper\">\n\t\t\t\t\t<a class=\"elementor-button elementor-button-link elementor-size-sm elementor-animation-float\" href=\"https:\/\/swanseapcf.org\/wp-content\/uploads\/2020\/05\/SPCF-COVID-final-1.pdf\">\n\t\t\t\t\t\t<span class=\"elementor-button-content-wrapper\">\n\t\t\t\t\t\t<span class=\"elementor-button-icon\">\n\t\t\t\t<i aria-hidden=\"true\" class=\"fas fa-chevron-right\"><\/i>\t\t\t<\/span>\n\t\t\t\t\t\t\t\t\t<span class=\"elementor-button-text\">SPCF COVID-19 Edici\u00f3n 1<\/span>\n\t\t\t\t\t<\/span>\n\t\t\t\t\t<\/a>\n\t\t\t\t<\/div>\n\t\t\t\t\t\t<\/div>\n\t\t\t\t<\/div>\n\t\t\t\t<div class=\"elementor-element elementor-element-5633320 elementor-widget__width-initial elementor-widget elementor-widget-button\" data-id=\"5633320\" data-element_type=\"widget\" data-widget_type=\"button.default\">\n\t\t\t\t<div class=\"elementor-widget-container\">\n\t\t\t\t\t\t\t<div class=\"elementor-button-wrapper\">\n\t\t\t\t\t<a class=\"elementor-button elementor-button-link elementor-size-sm elementor-animation-float\" href=\"https:\/\/swanseapcf.org\/wp-content\/uploads\/2020\/06\/SPCF-COVID-19-ISSUE-2-ENGLISH.pdf\">\n\t\t\t\t\t\t<span class=\"elementor-button-content-wrapper\">\n\t\t\t\t\t\t<span class=\"elementor-button-icon\">\n\t\t\t\t<i aria-hidden=\"true\" class=\"fas fa-chevron-right\"><\/i>\t\t\t<\/span>\n\t\t\t\t\t\t\t\t\t<span class=\"elementor-button-text\">SCPF COVID-19 N\u00famero 2<\/span>\n\t\t\t\t\t<\/span>\n\t\t\t\t\t<\/a>\n\t\t\t\t<\/div>\n\t\t\t\t\t\t<\/div>\n\t\t\t\t<\/div>\n\t\t\t\t\t<\/div>\n\t\t<\/div>\n\t\t\t\t\t<\/div>\n\t\t<\/section>\n\t\t\t\t<\/div>","protected":false},"excerpt":{"rendered":"<p>Information for Parent Carers INFORMATION FOR PARENT CARERS See below for useful info for parent carers (Updated 2024).&nbsp; English version Welsh version PEOPLE YOU MAY MEET As parent carers ourselves we have tried to explain in simple terms what different professionals do. Professional titles can be confusing if you\u2019re not familiar with them, particularly if [&hellip;]<\/p>","protected":false},"author":2,"featured_media":0,"parent":0,"menu_order":0,"comment_status":"closed","ping_status":"closed","template":"","meta":{"footnotes":""},"class_list":["post-991","page","type-page","status-publish","hentry"],"yoast_head":"<!-- This site is optimized with the Yoast SEO plugin v23.7 - https:\/\/yoast.com\/wordpress\/plugins\/seo\/ -->\n<title>What We Do - Swansea Parent Carer Forum<\/title>\n<meta name=\"description\" content=\"Our Leadership Team meet monthly to discuss the work we\u2019ve been doing with local services such as education, social care and health.\" \/>\n<meta name=\"robots\" content=\"index, follow, max-snippet:-1, max-image-preview:large, max-video-preview:-1\" \/>\n<link rel=\"canonical\" href=\"https:\/\/swanseapcf.org\/es\/info-2\/\" \/>\n<meta property=\"og:locale\" content=\"es_ES\" \/>\n<meta property=\"og:type\" content=\"article\" \/>\n<meta property=\"og:title\" content=\"What We Do - Swansea Parent Carer Forum\" \/>\n<meta property=\"og:description\" content=\"Our Leadership Team meet monthly to discuss the work we\u2019ve been doing with local services such as education, social care and health.\" \/>\n<meta property=\"og:url\" content=\"https:\/\/swanseapcf.org\/es\/info-2\/\" \/>\n<meta property=\"og:site_name\" content=\"Swansea Parent Carer Forum\" \/>\n<meta property=\"article:publisher\" content=\"https:\/\/www.facebook.com\/SwanseaPCF\/\" \/>\n<meta property=\"article:modified_time\" content=\"2026-02-10T10:32:39+00:00\" \/>\n<meta property=\"og:image\" content=\"https:\/\/swanseapcf.org\/wp-content\/uploads\/2019\/10\/SPCF-OG-Logo.jpg\" \/>\n\t<meta property=\"og:image:width\" content=\"501\" \/>\n\t<meta property=\"og:image:height\" content=\"261\" \/>\n\t<meta property=\"og:image:type\" content=\"image\/jpeg\" \/>\n<meta name=\"twitter:card\" content=\"summary_large_image\" \/>\n<meta name=\"twitter:site\" content=\"@SwanseaPCF\" \/>\n<meta name=\"twitter:label1\" content=\"Tiempo de lectura\" \/>\n\t<meta name=\"twitter:data1\" content=\"1 minuto\" \/>\n<script type=\"application\/ld+json\" class=\"yoast-schema-graph\">{\"@context\":\"https:\/\/schema.org\",\"@graph\":[{\"@type\":\"WebPage\",\"@id\":\"https:\/\/swanseapcf.org\/info-2\/\",\"url\":\"https:\/\/swanseapcf.org\/info-2\/\",\"name\":\"What We Do - Swansea Parent Carer Forum\",\"isPartOf\":{\"@id\":\"https:\/\/swanseapcf.org\/#website\"},\"datePublished\":\"2023-02-10T11:48:00+00:00\",\"dateModified\":\"2026-02-10T10:32:39+00:00\",\"description\":\"Our Leadership Team meet monthly to discuss the work we\u2019ve been doing with local services such as education, social care and health.\",\"breadcrumb\":{\"@id\":\"https:\/\/swanseapcf.org\/info-2\/#breadcrumb\"},\"inLanguage\":\"es\",\"potentialAction\":[{\"@type\":\"ReadAction\",\"target\":[\"https:\/\/swanseapcf.org\/info-2\/\"]}]},{\"@type\":\"BreadcrumbList\",\"@id\":\"https:\/\/swanseapcf.org\/info-2\/#breadcrumb\",\"itemListElement\":[{\"@type\":\"ListItem\",\"position\":1,\"name\":\"Home\",\"item\":\"https:\/\/swanseapcf.org\/\"},{\"@type\":\"ListItem\",\"position\":2,\"name\":\"Information\"}]},{\"@type\":\"WebSite\",\"@id\":\"https:\/\/swanseapcf.org\/#website\",\"url\":\"https:\/\/swanseapcf.org\/\",\"name\":\"Swansea Parent Carer Forum\",\"description\":\"Working together to influence chnage\",\"publisher\":{\"@id\":\"https:\/\/swanseapcf.org\/#organization\"},\"potentialAction\":[{\"@type\":\"SearchAction\",\"target\":{\"@type\":\"EntryPoint\",\"urlTemplate\":\"https:\/\/swanseapcf.org\/?s={search_term_string}\"},\"query-input\":{\"@type\":\"PropertyValueSpecification\",\"valueRequired\":true,\"valueName\":\"search_term_string\"}}],\"inLanguage\":\"es\"},{\"@type\":\"Organization\",\"@id\":\"https:\/\/swanseapcf.org\/#organization\",\"name\":\"Swansea Parent Care Forum\",\"url\":\"https:\/\/swanseapcf.org\/\",\"logo\":{\"@type\":\"ImageObject\",\"inLanguage\":\"es\",\"@id\":\"https:\/\/swanseapcf.org\/#\/schema\/logo\/image\/\",\"url\":\"https:\/\/swanseapcf.org\/wp-content\/uploads\/2019\/10\/SPCF-Logo@2x.png\",\"contentUrl\":\"https:\/\/swanseapcf.org\/wp-content\/uploads\/2019\/10\/SPCF-Logo@2x.png\",\"width\":768,\"height\":202,\"caption\":\"Swansea Parent Care Forum\"},\"image\":{\"@id\":\"https:\/\/swanseapcf.org\/#\/schema\/logo\/image\/\"},\"sameAs\":[\"https:\/\/www.facebook.com\/SwanseaPCF\/\",\"https:\/\/x.com\/SwanseaPCF\",\"https:\/\/www.instagram.com\/swanseapcf\/\",\"https:\/\/www.youtube.com\/channel\/UCOTKLBxoPadw_LYukVDhs3Q\"]}]}<\/script>\n<!-- \/ Yoast SEO plugin. -->","yoast_head_json":{"title":"What We Do - Swansea Parent Carer Forum","description":"Our Leadership Team meet monthly to discuss the work we\u2019ve been doing with local services such as education, social care and health.","robots":{"index":"index","follow":"follow","max-snippet":"max-snippet:-1","max-image-preview":"max-image-preview:large","max-video-preview":"max-video-preview:-1"},"canonical":"https:\/\/swanseapcf.org\/es\/info-2\/","og_locale":"es_ES","og_type":"article","og_title":"What We Do - Swansea Parent Carer Forum","og_description":"Our Leadership Team meet monthly to discuss the work we\u2019ve been doing with local services such as education, social care and health.","og_url":"https:\/\/swanseapcf.org\/es\/info-2\/","og_site_name":"Swansea Parent Carer Forum","article_publisher":"https:\/\/www.facebook.com\/SwanseaPCF\/","article_modified_time":"2026-02-10T10:32:39+00:00","og_image":[{"width":501,"height":261,"url":"https:\/\/swanseapcf.org\/wp-content\/uploads\/2019\/10\/SPCF-OG-Logo.jpg","type":"image\/jpeg"}],"twitter_card":"summary_large_image","twitter_site":"@SwanseaPCF","twitter_misc":{"Tiempo de lectura":"1 minuto"},"schema":{"@context":"https:\/\/schema.org","@graph":[{"@type":"WebPage","@id":"https:\/\/swanseapcf.org\/info-2\/","url":"https:\/\/swanseapcf.org\/info-2\/","name":"What We Do - Swansea Parent Carer Forum","isPartOf":{"@id":"https:\/\/swanseapcf.org\/#website"},"datePublished":"2023-02-10T11:48:00+00:00","dateModified":"2026-02-10T10:32:39+00:00","description":"Our Leadership Team meet monthly to discuss the work we\u2019ve been doing with local services such as education, social care and health.","breadcrumb":{"@id":"https:\/\/swanseapcf.org\/info-2\/#breadcrumb"},"inLanguage":"es","potentialAction":[{"@type":"ReadAction","target":["https:\/\/swanseapcf.org\/info-2\/"]}]},{"@type":"BreadcrumbList","@id":"https:\/\/swanseapcf.org\/info-2\/#breadcrumb","itemListElement":[{"@type":"ListItem","position":1,"name":"Home","item":"https:\/\/swanseapcf.org\/"},{"@type":"ListItem","position":2,"name":"Information"}]},{"@type":"WebSite","@id":"https:\/\/swanseapcf.org\/#website","url":"https:\/\/swanseapcf.org\/","name":"Swansea Parent Carer Forum","description":"Working together to influence chnage","publisher":{"@id":"https:\/\/swanseapcf.org\/#organization"},"potentialAction":[{"@type":"SearchAction","target":{"@type":"EntryPoint","urlTemplate":"https:\/\/swanseapcf.org\/?s={search_term_string}"},"query-input":{"@type":"PropertyValueSpecification","valueRequired":true,"valueName":"search_term_string"}}],"inLanguage":"es"},{"@type":"Organization","@id":"https:\/\/swanseapcf.org\/#organization","name":"Swansea Parent Care Forum","url":"https:\/\/swanseapcf.org\/","logo":{"@type":"ImageObject","inLanguage":"es","@id":"https:\/\/swanseapcf.org\/#\/schema\/logo\/image\/","url":"https:\/\/swanseapcf.org\/wp-content\/uploads\/2019\/10\/SPCF-Logo@2x.png","contentUrl":"https:\/\/swanseapcf.org\/wp-content\/uploads\/2019\/10\/SPCF-Logo@2x.png","width":768,"height":202,"caption":"Swansea Parent Care Forum"},"image":{"@id":"https:\/\/swanseapcf.org\/#\/schema\/logo\/image\/"},"sameAs":["https:\/\/www.facebook.com\/SwanseaPCF\/","https:\/\/x.com\/SwanseaPCF","https:\/\/www.instagram.com\/swanseapcf\/","https:\/\/www.youtube.com\/channel\/UCOTKLBxoPadw_LYukVDhs3Q"]}]}},"_links":{"self":[{"href":"https:\/\/swanseapcf.org\/es\/wp-json\/wp\/v2\/pages\/991"}],"collection":[{"href":"https:\/\/swanseapcf.org\/es\/wp-json\/wp\/v2\/pages"}],"about":[{"href":"https:\/\/swanseapcf.org\/es\/wp-json\/wp\/v2\/types\/page"}],"author":[{"embeddable":true,"href":"https:\/\/swanseapcf.org\/es\/wp-json\/wp\/v2\/users\/2"}],"replies":[{"embeddable":true,"href":"https:\/\/swanseapcf.org\/es\/wp-json\/wp\/v2\/comments?post=991"}],"version-history":[{"count":47,"href":"https:\/\/swanseapcf.org\/es\/wp-json\/wp\/v2\/pages\/991\/revisions"}],"predecessor-version":[{"id":1335,"href":"https:\/\/swanseapcf.org\/es\/wp-json\/wp\/v2\/pages\/991\/revisions\/1335"}],"wp:attachment":[{"href":"https:\/\/swanseapcf.org\/es\/wp-json\/wp\/v2\/media?parent=991"}],"curies":[{"name":"wp","href":"https:\/\/api.w.org\/{rel}","templated":true}]}}