{"id":7,"date":"2019-10-11T14:37:46","date_gmt":"2019-10-11T13:37:46","guid":{"rendered":"https:\/\/swanseapcf.org\/?page_id=7"},"modified":"2024-10-09T15:14:32","modified_gmt":"2024-10-09T14:14:32","slug":"swansea-parent-carer-forum","status":"publish","type":"page","link":"https:\/\/swanseapcf.org\/es\/","title":{"rendered":"Foro de padres cuidadores de Swansea"},"content":{"rendered":"<div data-elementor-type=\"wp-page\" data-elementor-id=\"7\" class=\"elementor elementor-7\" data-elementor-post-type=\"page\">\n\t\t\t\t\t\t<section class=\"elementor-section elementor-top-section elementor-element elementor-element-47c2a36 elementor-section-height-min-height elementor-section-items-top elementor-section-boxed elementor-section-height-default\" data-id=\"47c2a36\" data-element_type=\"section\" data-settings=\"{&quot;background_background&quot;:&quot;classic&quot;}\">\n\t\t\t\t\t\t<div class=\"elementor-container elementor-column-gap-default\">\n\t\t\t\t\t<div class=\"elementor-column elementor-col-100 elementor-top-column elementor-element elementor-element-7aa5286\" data-id=\"7aa5286\" data-element_type=\"column\">\n\t\t\t<div class=\"elementor-widget-wrap elementor-element-populated\">\n\t\t\t\t\t\t<div class=\"elementor-element elementor-element-6ee8781 elementor-widget__width-initial elementor-widget elementor-widget-heading\" data-id=\"6ee8781\" data-element_type=\"widget\" data-widget_type=\"heading.default\">\n\t\t\t\t<div class=\"elementor-widget-container\">\n\t\t\t<h1 class=\"elementor-heading-title elementor-size-default\">Trabajando juntos para influir en el cambio<\/h1>\t\t<\/div>\n\t\t\t\t<\/div>\n\t\t\t\t\t<\/div>\n\t\t<\/div>\n\t\t\t\t\t<\/div>\n\t\t<\/section>\n\t\t\t\t<section class=\"elementor-section elementor-top-section elementor-element elementor-element-fc9daf2 elementor-section-boxed elementor-section-height-default elementor-section-height-default\" data-id=\"fc9daf2\" data-element_type=\"section\">\n\t\t\t\t\t\t<div class=\"elementor-container elementor-column-gap-default\">\n\t\t\t\t\t<div class=\"elementor-column elementor-col-100 elementor-top-column elementor-element elementor-element-7666590\" data-id=\"7666590\" data-element_type=\"column\">\n\t\t\t<div class=\"elementor-widget-wrap elementor-element-populated\">\n\t\t\t\t\t\t<div class=\"elementor-element elementor-element-237d215 elementor-widget elementor-widget-heading\" data-id=\"237d215\" data-element_type=\"widget\" data-widget_type=\"heading.default\">\n\t\t\t\t<div class=\"elementor-widget-container\">\n\t\t\t<h2 class=\"elementor-heading-title elementor-size-default\"><a href=\"\">Foro de padres cuidadores de Swansea\n\n<\/a><\/h2>\t\t<\/div>\n\t\t\t\t<\/div>\n\t\t\t\t<section class=\"elementor-section elementor-inner-section elementor-element elementor-element-f6bf014 elementor-section-boxed elementor-section-height-default elementor-section-height-default\" data-id=\"f6bf014\" data-element_type=\"section\">\n\t\t\t\t\t\t<div class=\"elementor-container elementor-column-gap-wide\">\n\t\t\t\t\t<div class=\"elementor-column elementor-col-25 elementor-inner-column elementor-element elementor-element-7db6195\" data-id=\"7db6195\" data-element_type=\"column\">\n\t\t\t<div class=\"elementor-widget-wrap elementor-element-populated\">\n\t\t\t\t\t\t<div class=\"elementor-element elementor-element-55567db elementor-widget elementor-widget-heading\" data-id=\"55567db\" data-element_type=\"widget\" data-widget_type=\"heading.default\">\n\t\t\t\t<div class=\"elementor-widget-container\">\n\t\t\t<h3 class=\"elementor-heading-title elementor-size-default\">\u00bfQui\u00e9n es Swansea Parent Carer Forum?<\/h3>\t\t<\/div>\n\t\t\t\t<\/div>\n\t\t\t\t<div class=\"elementor-element elementor-element-44aceed elementor-widget elementor-widget-text-editor\" data-id=\"44aceed\" data-element_type=\"widget\" data-widget_type=\"text-editor.default\">\n\t\t\t\t<div class=\"elementor-widget-container\">\n\t\t\t\t\t\t\t<p><strong>Estamos<\/strong> un grupo de padres cuidadores voluntarios. Nuestros ni\u00f1os est\u00e1n involucrados con los Servicios para Ni\u00f1os, Servicios para Adultos, Educaci\u00f3n y Servicios de Salud.<\/p><p><strong>Nosotros trabajamos <\/strong>pero son independientes de la ciudad y el condado de Swansea, y queremos asegurarnos de que los servicios satisfagan las necesidades de los ni\u00f1os discapacitados*, los j\u00f3venes, los adultos y sus familias.<\/p><p><strong>Creemos<\/strong> apasionadamente que el trabajo coproductivo con el Ayuntamiento de Swansea y otros proveedores de servicios pone la voz de los ni\u00f1os discapacitados* de todas las edades y sus familias en el centro de las decisiones y brinda servicios que funcionan para nuestra comunidad.<\/p><p><strong>Nuestra visi\u00f3n<\/strong> es que Swansea sea un lugar donde las voces de las familias se valoren y se utilicen de manera efectiva para lograr una calidad de vida equitativa e inclusiva para nuestros ni\u00f1os* de todas las edades.<\/p>\t\t\t\t\t\t<\/div>\n\t\t\t\t<\/div>\n\t\t\t\t\t<\/div>\n\t\t<\/div>\n\t\t\t\t<div class=\"elementor-column elementor-col-25 elementor-inner-column elementor-element elementor-element-00dc1a2\" data-id=\"00dc1a2\" data-element_type=\"column\">\n\t\t\t<div class=\"elementor-widget-wrap elementor-element-populated\">\n\t\t\t\t\t\t<div class=\"elementor-element elementor-element-2bcc7ad elementor-widget elementor-widget-heading\" data-id=\"2bcc7ad\" data-element_type=\"widget\" data-widget_type=\"heading.default\">\n\t\t\t\t<div class=\"elementor-widget-container\">\n\t\t\t<h3 class=\"elementor-heading-title elementor-size-default\">\u00bfCU\u00c1L ES NUESTRO OBJETIVO?<\/h3>\t\t<\/div>\n\t\t\t\t<\/div>\n\t\t\t\t<div class=\"elementor-element elementor-element-1d58886 elementor-widget elementor-widget-text-editor\" data-id=\"1d58886\" data-element_type=\"widget\" data-widget_type=\"text-editor.default\">\n\t\t\t\t<div class=\"elementor-widget-container\">\n\t\t\t\t\t\t\t<p>Para <strong>coproducir<\/strong> y <strong>co-dise\u00f1o<\/strong> servicios que satisfacen las necesidades de los ni\u00f1os discapacitados* de todas las edades y sus familias.<\/p><p>Para crecer, desarrollar y empoderar a nuestra membres\u00eda para tener una fuerte <strong>colectivo<\/strong> voz e influir en un cambio positivo.<\/p><p>Para proporcionar un constructivo <strong>canal de comunicacion<\/strong> entre los padres cuidadores y los socios estrat\u00e9gicos.<\/p><p><em>*Reconocemos que los padres cuidadores pueden estar cuidando a ni\u00f1os mayores de 25 a\u00f1os.<\/em><\/p>\t\t\t\t\t\t<\/div>\n\t\t\t\t<\/div>\n\t\t\t\t\t<\/div>\n\t\t<\/div>\n\t\t\t\t<div class=\"elementor-column elementor-col-25 elementor-inner-column elementor-element elementor-element-1139964\" data-id=\"1139964\" data-element_type=\"column\">\n\t\t\t<div class=\"elementor-widget-wrap elementor-element-populated\">\n\t\t\t\t\t\t<div class=\"elementor-element elementor-element-d3432db elementor-widget elementor-widget-heading\" data-id=\"d3432db\" data-element_type=\"widget\" data-widget_type=\"heading.default\">\n\t\t\t\t<div class=\"elementor-widget-container\">\n\t\t\t<h3 class=\"elementor-heading-title elementor-size-default\">Cual es nuestro proposito?<\/h3>\t\t<\/div>\n\t\t\t\t<\/div>\n\t\t\t\t<div class=\"elementor-element elementor-element-7dc58b7 elementor-widget elementor-widget-text-editor\" data-id=\"7dc58b7\" data-element_type=\"widget\" data-widget_type=\"text-editor.default\">\n\t\t\t\t<div class=\"elementor-widget-container\">\n\t\t\t\t\t\t\t<p>somos un <strong>independiente<\/strong> organizaci\u00f3n cuyo prop\u00f3sito es:<\/p><p>estrat\u00e9gicamente <strong>influencia<\/strong> cambio coproduciendo servicios para ni\u00f1os*, j\u00f3venes y adultos con discapacidad y sus familias.<\/p><p>Para <strong>permitir<\/strong> ni\u00f1os*, j\u00f3venes y adultos discapacitados y sus familias tengan una voz** en el centro de la toma de decisiones.<\/p><p>Para reflejar la <strong>diversidad<\/strong> de nuestras comunidades.<\/p><p>Para tomar un <strong>basado en derechos<\/strong> acercamiento y <strong>autorizar<\/strong> nuestra comunidad.<\/p><p><em>**Nuestra voz debe estar informada por las opiniones y la experiencia vivida de los padres y cuidadores.<\/em><\/p>\t\t\t\t\t\t<\/div>\n\t\t\t\t<\/div>\n\t\t\t\t\t<\/div>\n\t\t<\/div>\n\t\t\t\t<div class=\"elementor-column elementor-col-25 elementor-inner-column elementor-element elementor-element-66cc439\" data-id=\"66cc439\" data-element_type=\"column\" data-settings=\"{&quot;background_background&quot;:&quot;classic&quot;}\">\n\t\t\t<div class=\"elementor-widget-wrap elementor-element-populated\">\n\t\t\t\t\t\t<div class=\"elementor-element elementor-element-092db22 elementor-widget elementor-widget-text-editor\" data-id=\"092db22\" data-element_type=\"widget\" data-widget_type=\"text-editor.default\">\n\t\t\t\t<div class=\"elementor-widget-container\">\n\t\t\t\t\t\t\t<p>Nuestra visi\u00f3n:<br \/>\u201cSwansea es un lugar donde las voces de las familias se valoran y se utilizan de manera eficaz para lograr una calidad de vida equitativa e inclusiva para nuestros ni\u00f1os de todas las edades\u201d.<\/p>\t\t\t\t\t\t<\/div>\n\t\t\t\t<\/div>\n\t\t\t\t\t<\/div>\n\t\t<\/div>\n\t\t\t\t\t<\/div>\n\t\t<\/section>\n\t\t\t\t\t<\/div>\n\t\t<\/div>\n\t\t\t\t\t<\/div>\n\t\t<\/section>\n\t\t\t\t<section class=\"elementor-section elementor-top-section elementor-element elementor-element-b80f093 elementor-section-boxed elementor-section-height-default elementor-section-height-default\" data-id=\"b80f093\" data-element_type=\"section\">\n\t\t\t\t\t\t<div class=\"elementor-container elementor-column-gap-default\">\n\t\t\t\t\t<div class=\"elementor-column elementor-col-100 elementor-top-column elementor-element elementor-element-66fb84c\" data-id=\"66fb84c\" data-element_type=\"column\">\n\t\t\t<div class=\"elementor-widget-wrap elementor-element-populated\">\n\t\t\t\t\t\t<div class=\"elementor-element elementor-element-4ffb114 elementor-widget elementor-widget-heading\" data-id=\"4ffb114\" data-element_type=\"widget\" data-widget_type=\"heading.default\">\n\t\t\t\t<div class=\"elementor-widget-container\">\n\t\t\t<h3 class=\"elementor-heading-title elementor-size-default\">Aqu\u00ed os dejamos un peque\u00f1o v\u00eddeo para presentarnos...<\/h3>\t\t<\/div>\n\t\t\t\t<\/div>\n\t\t\t\t<div class=\"elementor-element elementor-element-d934627 elementor-widget elementor-widget-video\" data-id=\"d934627\" data-element_type=\"widget\" data-settings=\"{&quot;youtube_url&quot;:&quot;https:\\\/\\\/www.youtube.com\\\/watch?v=vqMUpKBJacQ&quot;,&quot;video_type&quot;:&quot;youtube&quot;,&quot;controls&quot;:&quot;yes&quot;}\" data-widget_type=\"video.default\">\n\t\t\t\t<div class=\"elementor-widget-container\">\n\t\t\t\t\t<div class=\"elementor-wrapper elementor-open-inline\">\n\t\t\t<div class=\"elementor-video\"><\/div>\t\t<\/div>\n\t\t\t\t<\/div>\n\t\t\t\t<\/div>\n\t\t\t\t\t<\/div>\n\t\t<\/div>\n\t\t\t\t\t<\/div>\n\t\t<\/section>\n\t\t\t\t<\/div>","protected":false},"excerpt":{"rendered":"<p>Trabajando juntos para influir en el cambio Swansea Parent Carer Forum \u00bfQui\u00e9n es Swansea Parent Carer Forum? Somos un grupo de padres cuidadores voluntarios. Nuestros ni\u00f1os participan en Servicios para Ni\u00f1os, Servicios para Adultos, Servicios de Educaci\u00f3n y Salud. Trabajamos con la ciudad y el condado de Swansea, pero somos independientes de ellos, y queremos asegurarnos de [\u2026]<\/p>","protected":false},"author":1,"featured_media":0,"parent":0,"menu_order":0,"comment_status":"closed","ping_status":"closed","template":"","meta":{"footnotes":""},"class_list":["post-7","page","type-page","status-publish","hentry"],"yoast_head":"<!-- This site is optimized with the Yoast SEO plugin v23.7 - https:\/\/yoast.com\/wordpress\/plugins\/seo\/ -->\n<title>Swansea Parent Carer Forum - Working together to influence change<\/title>\n<meta name=\"description\" content=\"Swansea Parent Carer Forum aim to make sure that local services meet the needs of disabled children, young people, adults and their families.\" \/>\n<meta name=\"robots\" content=\"index, follow, max-snippet:-1, max-image-preview:large, max-video-preview:-1\" \/>\n<link rel=\"canonical\" href=\"https:\/\/swanseapcf.org\/es\/\" \/>\n<meta property=\"og:locale\" content=\"es_ES\" \/>\n<meta property=\"og:type\" content=\"article\" \/>\n<meta property=\"og:title\" content=\"Swansea Parent Carer Forum - Working together to influence change\" \/>\n<meta property=\"og:description\" content=\"Swansea Parent Carer Forum aim to make sure that local services meet the needs of disabled children, young people, adults and their families.\" \/>\n<meta property=\"og:url\" content=\"https:\/\/swanseapcf.org\/es\/\" \/>\n<meta property=\"og:site_name\" content=\"Swansea Parent Carer Forum\" \/>\n<meta property=\"article:publisher\" content=\"https:\/\/www.facebook.com\/SwanseaPCF\/\" \/>\n<meta property=\"article:modified_time\" content=\"2024-10-09T14:14:32+00:00\" \/>\n<meta property=\"og:image\" content=\"https:\/\/swanseapcf.org\/wp-content\/uploads\/2019\/10\/SPCF-OG-Logo.jpg\" \/>\n\t<meta property=\"og:image:width\" content=\"501\" \/>\n\t<meta property=\"og:image:height\" content=\"261\" \/>\n\t<meta property=\"og:image:type\" content=\"image\/jpeg\" \/>\n<meta name=\"twitter:card\" content=\"summary_large_image\" \/>\n<meta name=\"twitter:site\" content=\"@SwanseaPCF\" \/>\n<meta name=\"twitter:label1\" content=\"Tiempo de lectura\" \/>\n\t<meta name=\"twitter:data1\" content=\"2 minutos\" \/>\n<script type=\"application\/ld+json\" class=\"yoast-schema-graph\">{\"@context\":\"https:\/\/schema.org\",\"@graph\":[{\"@type\":\"WebPage\",\"@id\":\"https:\/\/swanseapcf.org\/\",\"url\":\"https:\/\/swanseapcf.org\/\",\"name\":\"Swansea Parent Carer Forum - Working together to influence change\",\"isPartOf\":{\"@id\":\"https:\/\/swanseapcf.org\/#website\"},\"datePublished\":\"2019-10-11T13:37:46+00:00\",\"dateModified\":\"2024-10-09T14:14:32+00:00\",\"description\":\"Swansea Parent Carer Forum aim to make sure that local services meet the needs of disabled children, young people, adults and their families.\",\"breadcrumb\":{\"@id\":\"https:\/\/swanseapcf.org\/#breadcrumb\"},\"inLanguage\":\"es\",\"potentialAction\":[{\"@type\":\"ReadAction\",\"target\":[\"https:\/\/swanseapcf.org\/\"]}]},{\"@type\":\"BreadcrumbList\",\"@id\":\"https:\/\/swanseapcf.org\/#breadcrumb\",\"itemListElement\":[{\"@type\":\"ListItem\",\"position\":1,\"name\":\"Home\",\"item\":\"https:\/\/swanseapcf.org\/\"},{\"@type\":\"ListItem\",\"position\":2,\"name\":\"Swansea Parent Carer Forum\"}]},{\"@type\":\"WebSite\",\"@id\":\"https:\/\/swanseapcf.org\/#website\",\"url\":\"https:\/\/swanseapcf.org\/\",\"name\":\"Swansea Parent Carer Forum\",\"description\":\"Working together to influence chnage\",\"publisher\":{\"@id\":\"https:\/\/swanseapcf.org\/#organization\"},\"potentialAction\":[{\"@type\":\"SearchAction\",\"target\":{\"@type\":\"EntryPoint\",\"urlTemplate\":\"https:\/\/swanseapcf.org\/?s={search_term_string}\"},\"query-input\":{\"@type\":\"PropertyValueSpecification\",\"valueRequired\":true,\"valueName\":\"search_term_string\"}}],\"inLanguage\":\"es\"},{\"@type\":\"Organization\",\"@id\":\"https:\/\/swanseapcf.org\/#organization\",\"name\":\"Swansea Parent Care Forum\",\"url\":\"https:\/\/swanseapcf.org\/\",\"logo\":{\"@type\":\"ImageObject\",\"inLanguage\":\"es\",\"@id\":\"https:\/\/swanseapcf.org\/#\/schema\/logo\/image\/\",\"url\":\"https:\/\/swanseapcf.org\/wp-content\/uploads\/2019\/10\/SPCF-Logo@2x.png\",\"contentUrl\":\"https:\/\/swanseapcf.org\/wp-content\/uploads\/2019\/10\/SPCF-Logo@2x.png\",\"width\":768,\"height\":202,\"caption\":\"Swansea Parent Care Forum\"},\"image\":{\"@id\":\"https:\/\/swanseapcf.org\/#\/schema\/logo\/image\/\"},\"sameAs\":[\"https:\/\/www.facebook.com\/SwanseaPCF\/\",\"https:\/\/x.com\/SwanseaPCF\",\"https:\/\/www.instagram.com\/swanseapcf\/\",\"https:\/\/www.youtube.com\/channel\/UCOTKLBxoPadw_LYukVDhs3Q\"]}]}<\/script>\n<!-- \/ Yoast SEO plugin. -->","yoast_head_json":{"title":"Swansea Parent Carer Forum - Working together to influence change","description":"Swansea Parent Carer Forum aim to make sure that local services meet the needs of disabled children, young people, adults and their families.","robots":{"index":"index","follow":"follow","max-snippet":"max-snippet:-1","max-image-preview":"max-image-preview:large","max-video-preview":"max-video-preview:-1"},"canonical":"https:\/\/swanseapcf.org\/es\/","og_locale":"es_ES","og_type":"article","og_title":"Swansea Parent Carer Forum - Working together to influence change","og_description":"Swansea Parent Carer Forum aim to make sure that local services meet the needs of disabled children, young people, adults and their families.","og_url":"https:\/\/swanseapcf.org\/es\/","og_site_name":"Swansea Parent Carer Forum","article_publisher":"https:\/\/www.facebook.com\/SwanseaPCF\/","article_modified_time":"2024-10-09T14:14:32+00:00","og_image":[{"width":501,"height":261,"url":"https:\/\/swanseapcf.org\/wp-content\/uploads\/2019\/10\/SPCF-OG-Logo.jpg","type":"image\/jpeg"}],"twitter_card":"summary_large_image","twitter_site":"@SwanseaPCF","twitter_misc":{"Tiempo de lectura":"2 minutos"},"schema":{"@context":"https:\/\/schema.org","@graph":[{"@type":"WebPage","@id":"https:\/\/swanseapcf.org\/","url":"https:\/\/swanseapcf.org\/","name":"Swansea Parent Carer Forum - Working together to influence change","isPartOf":{"@id":"https:\/\/swanseapcf.org\/#website"},"datePublished":"2019-10-11T13:37:46+00:00","dateModified":"2024-10-09T14:14:32+00:00","description":"Swansea Parent Carer Forum aim to make sure that local services meet the needs of disabled children, young people, adults and their families.","breadcrumb":{"@id":"https:\/\/swanseapcf.org\/#breadcrumb"},"inLanguage":"es","potentialAction":[{"@type":"ReadAction","target":["https:\/\/swanseapcf.org\/"]}]},{"@type":"BreadcrumbList","@id":"https:\/\/swanseapcf.org\/#breadcrumb","itemListElement":[{"@type":"ListItem","position":1,"name":"Home","item":"https:\/\/swanseapcf.org\/"},{"@type":"ListItem","position":2,"name":"Swansea Parent Carer Forum"}]},{"@type":"WebSite","@id":"https:\/\/swanseapcf.org\/#website","url":"https:\/\/swanseapcf.org\/","name":"Swansea Parent Carer Forum","description":"Working together to influence chnage","publisher":{"@id":"https:\/\/swanseapcf.org\/#organization"},"potentialAction":[{"@type":"SearchAction","target":{"@type":"EntryPoint","urlTemplate":"https:\/\/swanseapcf.org\/?s={search_term_string}"},"query-input":{"@type":"PropertyValueSpecification","valueRequired":true,"valueName":"search_term_string"}}],"inLanguage":"es"},{"@type":"Organization","@id":"https:\/\/swanseapcf.org\/#organization","name":"Swansea Parent Care Forum","url":"https:\/\/swanseapcf.org\/","logo":{"@type":"ImageObject","inLanguage":"es","@id":"https:\/\/swanseapcf.org\/#\/schema\/logo\/image\/","url":"https:\/\/swanseapcf.org\/wp-content\/uploads\/2019\/10\/SPCF-Logo@2x.png","contentUrl":"https:\/\/swanseapcf.org\/wp-content\/uploads\/2019\/10\/SPCF-Logo@2x.png","width":768,"height":202,"caption":"Swansea Parent Care Forum"},"image":{"@id":"https:\/\/swanseapcf.org\/#\/schema\/logo\/image\/"},"sameAs":["https:\/\/www.facebook.com\/SwanseaPCF\/","https:\/\/x.com\/SwanseaPCF","https:\/\/www.instagram.com\/swanseapcf\/","https:\/\/www.youtube.com\/channel\/UCOTKLBxoPadw_LYukVDhs3Q"]}]}},"_links":{"self":[{"href":"https:\/\/swanseapcf.org\/es\/wp-json\/wp\/v2\/pages\/7"}],"collection":[{"href":"https:\/\/swanseapcf.org\/es\/wp-json\/wp\/v2\/pages"}],"about":[{"href":"https:\/\/swanseapcf.org\/es\/wp-json\/wp\/v2\/types\/page"}],"author":[{"embeddable":true,"href":"https:\/\/swanseapcf.org\/es\/wp-json\/wp\/v2\/users\/1"}],"replies":[{"embeddable":true,"href":"https:\/\/swanseapcf.org\/es\/wp-json\/wp\/v2\/comments?post=7"}],"version-history":[{"count":116,"href":"https:\/\/swanseapcf.org\/es\/wp-json\/wp\/v2\/pages\/7\/revisions"}],"predecessor-version":[{"id":1168,"href":"https:\/\/swanseapcf.org\/es\/wp-json\/wp\/v2\/pages\/7\/revisions\/1168"}],"wp:attachment":[{"href":"https:\/\/swanseapcf.org\/es\/wp-json\/wp\/v2\/media?parent=7"}],"curies":[{"name":"wp","href":"https:\/\/api.w.org\/{rel}","templated":true}]}}