{"id":69,"date":"2019-10-15T11:02:04","date_gmt":"2019-10-15T10:02:04","guid":{"rendered":"https:\/\/swanseapcf.org\/?page_id=69"},"modified":"2024-10-29T14:57:42","modified_gmt":"2024-10-29T14:57:42","slug":"join-us","status":"publish","type":"page","link":"https:\/\/swanseapcf.org\/es\/join-us\/","title":{"rendered":"\u00danete a nosotros"},"content":{"rendered":"<div data-elementor-type=\"wp-page\" data-elementor-id=\"69\" class=\"elementor elementor-69\" data-elementor-post-type=\"page\">\n\t\t\t\t\t\t<section class=\"elementor-section elementor-top-section elementor-element elementor-element-0ee29ab elementor-section-boxed elementor-section-height-default elementor-section-height-default\" data-id=\"0ee29ab\" data-element_type=\"section\">\n\t\t\t\t\t\t<div class=\"elementor-container elementor-column-gap-default\">\n\t\t\t\t\t<div class=\"elementor-column elementor-col-50 elementor-top-column elementor-element elementor-element-857de8b\" data-id=\"857de8b\" data-element_type=\"column\">\n\t\t\t<div class=\"elementor-widget-wrap elementor-element-populated\">\n\t\t\t\t\t\t<div class=\"elementor-element elementor-element-537861f elementor-widget__width-initial elementor-widget elementor-widget-heading\" data-id=\"537861f\" data-element_type=\"widget\" data-widget_type=\"heading.default\">\n\t\t\t\t<div class=\"elementor-widget-container\">\n\t\t\t<h1 class=\"elementor-heading-title elementor-size-default\">Para hacer una consulta general, simplemente haga clic en el enlace de abajo<\/h1>\t\t<\/div>\n\t\t\t\t<\/div>\n\t\t\t\t<div class=\"elementor-element elementor-element-88b9e2a elementor-widget__width-initial elementor-widget elementor-widget-button\" data-id=\"88b9e2a\" data-element_type=\"widget\" data-widget_type=\"button.default\">\n\t\t\t\t<div class=\"elementor-widget-container\">\n\t\t\t\t\t\t\t<div class=\"elementor-button-wrapper\">\n\t\t\t\t\t<a class=\"elementor-button elementor-button-link elementor-size-sm\" href=\"https:\/\/swanseapcf.org\/es\/contact-us\/\">\n\t\t\t\t\t\t<span class=\"elementor-button-content-wrapper\">\n\t\t\t\t\t\t<span class=\"elementor-button-icon\">\n\t\t\t\t<i aria-hidden=\"true\" class=\"fas fa-chevron-right\"><\/i>\t\t\t<\/span>\n\t\t\t\t\t\t\t\t\t<span class=\"elementor-button-text\">Cont\u00e1ctenos<\/span>\n\t\t\t\t\t<\/span>\n\t\t\t\t\t<\/a>\n\t\t\t\t<\/div>\n\t\t\t\t\t\t<\/div>\n\t\t\t\t<\/div>\n\t\t\t\t<div class=\"elementor-element elementor-element-c8e1dc7 elementor-widget elementor-widget-heading\" data-id=\"c8e1dc7\" data-element_type=\"widget\" data-widget_type=\"heading.default\">\n\t\t\t\t<div class=\"elementor-widget-container\">\n\t\t\t<h2 class=\"elementor-heading-title elementor-size-default\">OFICINA REGISTRADA<\/h2>\t\t<\/div>\n\t\t\t\t<\/div>\n\t\t\t\t<div class=\"elementor-element elementor-element-787adbc elementor-widget elementor-widget-text-editor\" data-id=\"787adbc\" data-element_type=\"widget\" data-no-translation=\"\" data-widget_type=\"text-editor.default\">\n\t\t\t\t<div class=\"elementor-widget-container\">\n\t\t\t\t\t\t\t<p>17 Clos Cwrt Y Carne<br \/>Swansea<br \/>SA4 4NF<\/p>\t\t\t\t\t\t<\/div>\n\t\t\t\t<\/div>\n\t\t\t\t<div class=\"elementor-element elementor-element-ed0f211 elementor-widget__width-auto elementor-view-default elementor-widget elementor-widget-icon\" data-id=\"ed0f211\" data-element_type=\"widget\" data-widget_type=\"icon.default\">\n\t\t\t\t<div class=\"elementor-widget-container\">\n\t\t\t\t\t<div class=\"elementor-icon-wrapper\">\n\t\t\t<div class=\"elementor-icon\">\n\t\t\t<i aria-hidden=\"true\" class=\"far fa-envelope\"><\/i>\t\t\t<\/div>\n\t\t<\/div>\n\t\t\t\t<\/div>\n\t\t\t\t<\/div>\n\t\t\t\t<div class=\"elementor-element elementor-element-7b31d40 elementor-widget__width-auto elementor-widget elementor-widget-heading\" data-id=\"7b31d40\" data-element_type=\"widget\" data-widget_type=\"heading.default\">\n\t\t\t\t<div class=\"elementor-widget-container\">\n\t\t\t<p class=\"elementor-heading-title elementor-size-default\"><a href=\"mailto:info@swanseapcf.org\">info@swanseapcf.org<\/a><\/p>\t\t<\/div>\n\t\t\t\t<\/div>\n\t\t\t\t\t<\/div>\n\t\t<\/div>\n\t\t\t\t<div class=\"elementor-column elementor-col-50 elementor-top-column elementor-element elementor-element-bdafbec\" data-id=\"bdafbec\" data-element_type=\"column\">\n\t\t\t<div class=\"elementor-widget-wrap elementor-element-populated\">\n\t\t\t\t\t\t<div class=\"elementor-element elementor-element-9c303f8 elementor-widget elementor-widget-heading\" data-id=\"9c303f8\" data-element_type=\"widget\" data-widget_type=\"heading.default\">\n\t\t\t\t<div class=\"elementor-widget-container\">\n\t\t\t<h2 class=\"elementor-heading-title elementor-size-default\">\u00danete a nosotros<\/h2>\t\t<\/div>\n\t\t\t\t<\/div>\n\t\t\t\t<div class=\"elementor-element elementor-element-c33911b elementor-widget elementor-widget-html\" data-id=\"c33911b\" data-element_type=\"widget\" data-widget_type=\"html.default\">\n\t\t\t\t<div class=\"elementor-widget-container\">\n\t\t\t<div id=\"mc_embed_shell\">\n      <link href=\"\/\/cdn-images.mailchimp.com\/embedcode\/classic-061523.css\" rel=\"stylesheet\" type=\"text\/css\">\n  <style type=\"text\/css\">\n        #mc_embed_signup{background:#fff; false;clear:left; font-size:16px!important; font-family:\"proxima-nova\", Sans-serif!important; width: px;}\n        \/* Add your own Mailchimp form style overrides in your site stylesheet or in this style block.\n           We recommend moving this block and the preceding CSS link to the HEAD of your HTML file. *\/\n<\/style>\n<div id=\"mc_embed_signup\">\n    <form action=\"https:\/\/swanseapcf.us3.list-manage.com\/subscribe\/post?u=17f1b3d9aa00805978d920ef6&amp;id=331633f3fd&amp;f_id=003635e2f0\" method=\"post\" id=\"mc-embedded-subscribe-form\" name=\"mc-embedded-subscribe-form\" class=\"validate\" target=\"_blank\">\n        <div id=\"mc_embed_signup_scroll\"><h2>Suscribir<\/h2>\n            <div class=\"indicates-required\"><span class=\"asterisk\">*<\/span> indica requerido<\/div>\n            <div class=\"mc-field-group\"><label for=\"mce-EMAIL\">Direcci\u00f3n de correo electr\u00f3nico <span class=\"asterisk\">*<\/span><\/label><input type=\"email\" name=\"EMAIL\" class=\"required email\" id=\"mce-EMAIL\" required=\"\" value=\"\"><\/div><div class=\"mc-field-group\"><label for=\"mce-FNAME\">Primer nombre <span class=\"asterisk\">*<\/span><\/label><input type=\"text\" name=\"FNAME\" class=\"required text\" id=\"mce-FNAME\" required=\"\" value=\"\"><\/div><div class=\"mc-field-group\"><label for=\"mce-LNAME\">Apellido <span class=\"asterisk\">*<\/span><\/label><input type=\"text\" name=\"LNAME\" class=\"required text\" id=\"mce-LNAME\" required=\"\" value=\"\"><\/div><div class=\"mc-field-group\"><label for=\"mce-POSTCODE\">C\u00f3digo postal <\/label><input type=\"text\" name=\"POSTCODE\" class=\"text\" id=\"mce-POSTCODE\" value=\"\"><\/div><div class=\"mc-field-group\"><label for=\"mce-CARER\">Cuidador <span class=\"asterisk\">*<\/span><\/label><select name=\"CARER\" class=\"required\" id=\"mce-CARER\"><option value=\"\"><\/option><option value=\"Yes\">s\u00ed<\/option><option value=\"No\">No<\/option><\/select><\/div><div class=\"mc-field-group\"><label for=\"mce-PRO\">Profesional <span class=\"asterisk\">*<\/span><\/label><select name=\"PRO\" class=\"required\" id=\"mce-PRO\"><option value=\"\"><\/option><option value=\"Yes\">s\u00ed<\/option><option value=\"No\">No<\/option><\/select><\/div><div class=\"mc-field-group\"><label for=\"mce-MMERGE8\">T\u00edtulo <\/label><input type=\"text\" name=\"MMERGE8\" class=\"text\" id=\"mce-MMERGE8\" value=\"\"><\/div>\n        <div id=\"mce-responses\" class=\"clear\">\n            <div class=\"response\" id=\"mce-error-response\" style=\"display: none;\"><\/div>\n            <div class=\"response\" id=\"mce-success-response\" style=\"display: none;\"><\/div>\n        <\/div><div aria-hidden=\"true\" style=\"position: absolute; left: -5000px;\"><input type=\"text\" name=\"b_17f1b3d9aa00805978d920ef6_331633f3fd\" tabindex=\"-1\" value=\"\"><\/div><div class=\"clear\"><input type=\"submit\" name=\"subscribe\" id=\"mc-embedded-subscribe\" class=\"button\" value=\"Suscribir\"><\/div>\n    <\/div>\n<\/form>\n<\/div>\n<script type=\"text\/javascript\" src=\"\/\/s3.amazonaws.com\/downloads.mailchimp.com\/js\/mc-validate.js\"><\/script><script type=\"text\/javascript\">(function($) {window.fnames = new Array(); window.ftypes = new Array();fnames[0]='EMAIL';ftypes[0]='email';fnames[1]='FNAME';ftypes[1]='text';fnames[2]='LNAME';ftypes[2]='text';fnames[9]='POSTCODE';ftypes[9]='text';fnames[5]='CARER';ftypes[5]='dropdown';fnames[6]='PRO';ftypes[6]='dropdown';fnames[8]='MMERGE8';ftypes[8]='text';fnames[11]='AGE';ftypes[11]='radio';fnames[12]='MMERGE12';ftypes[12]='text';fnames[10]='SIGNUP';ftypes[10]='text';fnames[7]='SCC';ftypes[7]='text';fnames[4]='PHONE';ftypes[4]='phone';fnames[3]='ADDRESS';ftypes[3]='address';}(jQuery));var $mcj = jQuery.noConflict(true);<\/script><\/div>\n\t\t<\/div>\n\t\t\t\t<\/div>\n\t\t\t\t<div class=\"elementor-element elementor-element-dad3862 elementor-widget elementor-widget-text-editor\" data-id=\"dad3862\" data-element_type=\"widget\" data-widget_type=\"text-editor.default\">\n\t\t\t\t<div class=\"elementor-widget-container\">\n\t\t\t\t\t\t\t<p>Al hacer clic en &quot;suscribirse&quot;, acepta que Swansea Parent Carer Forum (SPCF) procese sus datos personales. Acepta recibir correos electr\u00f3nicos de SPCF, incluido su bolet\u00edn informativo peri\u00f3dico. Puede encontrar la Pol\u00edtica de privacidad de SPCF en <a href=\"https:\/\/swanseapcf.org\/es\/privacy-policy\/\" target=\"_blank\" rel=\"noopener\"><strong>AQU\u00cd<\/strong>.<\/a><\/p><p>Utilizamos Mailchimp como nuestra plataforma de marketing. Al hacer clic en &quot;suscribirse&quot;, usted acepta que su informaci\u00f3n ser\u00e1 transferida a Mailchimp para su procesamiento. Obtenga m\u00e1s informaci\u00f3n sobre <a href=\"https:\/\/mailchimp.com\/legal\/terms\/\" target=\"_blank\" rel=\"noopener\">Pr\u00e1cticas de privacidad de Mailchimp.<\/a><\/p>\t\t\t\t\t\t<\/div>\n\t\t\t\t<\/div>\n\t\t\t\t<div class=\"elementor-element elementor-element-2df505b elementor-hidden-desktop elementor-hidden-tablet elementor-hidden-mobile elementor-widget elementor-widget-html\" data-id=\"2df505b\" data-element_type=\"widget\" data-widget_type=\"html.default\">\n\t\t\t\t<div class=\"elementor-widget-container\">\n\t\t\t<div id=\"mc_embed_shell\">\n      <link href=\"\/\/cdn-images.mailchimp.com\/embedcode\/classic-061523.css\" rel=\"stylesheet\" type=\"text\/css\">\n  <style type=\"text\/css\">\n        #mc_embed_signup{background:#fff; false;clear:left; font:14px Helvetica,Arial,sans-serif; width: px;}\n        \/* Add your own Mailchimp form style overrides in your site stylesheet or in this style block.\n           We recommend moving this block and the preceding CSS link to the HEAD of your HTML file. *\/\n<\/style><style type=\"text\/css\">\n        #mc-embedded-subscribe-form input[type=checkbox]{display: inline; width: auto;margin-right: 10px;}\n#mergeRow-gdpr {margin-top: 20px;}\n#mergeRow-gdpr fieldset label {font-weight: normal;}\n#mc-embedded-subscribe-form .mc_fieldset{border:none;min-height: 0px;padding-bottom:0px;}\n<\/style>\n<div id=\"mc_embed_signup\">\n    <form action=\"https:\/\/swanseapcf.us3.list-manage.com\/subscribe\/post?u=17f1b3d9aa00805978d920ef6&amp;id=331633f3fd&amp;v_id=5212&amp;f_id=003635e2f0\" method=\"post\" id=\"mc-embedded-subscribe-form\" name=\"mc-embedded-subscribe-form\" class=\"validate\" target=\"_blank\">\n        <div id=\"mc_embed_signup_scroll\"><h2>Suscribir<\/h2>\n            <div class=\"indicates-required\"><span class=\"asterisk\">*<\/span> indica requerido<\/div>\n            <div class=\"mc-field-group\"><label for=\"mce-EMAIL\">Direcci\u00f3n de correo electr\u00f3nico <span class=\"asterisk\">*<\/span><\/label><input type=\"email\" name=\"EMAIL\" class=\"required email\" id=\"mce-EMAIL\" required=\"\" value=\"\"><\/div><div class=\"mc-field-group\"><label for=\"mce-FNAME\">Primer nombre <span class=\"asterisk\">*<\/span><\/label><input type=\"text\" name=\"FNAME\" class=\"required text\" id=\"mce-FNAME\" required=\"\" value=\"\"><\/div><div class=\"mc-field-group\"><label for=\"mce-LNAME\">Apellido <span class=\"asterisk\">*<\/span><\/label><input type=\"text\" name=\"LNAME\" class=\"required text\" id=\"mce-LNAME\" required=\"\" value=\"\"><\/div><div class=\"mc-field-group\"><label for=\"mce-POSTCODE\">C\u00f3digo postal <\/label><input type=\"text\" name=\"POSTCODE\" class=\"text\" id=\"mce-POSTCODE\" value=\"\"><\/div><div class=\"mc-field-group\"><label for=\"mce-CARER\">Cuidador <span class=\"asterisk\">*<\/span><\/label><select name=\"CARER\" class=\"required\" id=\"mce-CARER\"><option value=\"\"><\/option><option value=\"\"><\/option><option value=\"Yes\">s\u00ed<\/option><option value=\"No\">No<\/option><\/select><\/div><div class=\"mc-field-group\"><label for=\"mce-PRO\">Profesional <span class=\"asterisk\">*<\/span><\/label><select name=\"PRO\" class=\"required\" id=\"mce-PRO\"><option value=\"\"><\/option><option value=\"\"><\/option><option value=\"Yes\">s\u00ed<\/option><option value=\"No\">No<\/option><\/select><\/div><div class=\"mc-field-group\"><label for=\"mce-MMERGE8\">T\u00edtulo <\/label><input type=\"text\" name=\"MMERGE8\" class=\"text\" id=\"mce-MMERGE8\" value=\"\"><\/div><div id=\"mergeRow-gdpr\" class=\"mergeRow gdpr-mergeRow content__gdprBlock mc-field-group\"><div class=\"content__gdpr\"><label><strong style=\"font-size: large;line-height: 1.6em;\">Marketing por correo electr\u00f3nico<\/strong><\/label><p>Por favor, h\u00e1ganos saber si desea recibir noticias de Swansea Parent Carer Form por correo electr\u00f3nico.<\/p><fieldset class=\"mc_fieldset gdprRequired mc-field-group\" name=\"interestgroup_field\"><label class=\"checkbox subfield\" for=\"gdpr29345\"><input type=\"checkbox\" id=\"gdpr_29345\" name=\"gdpr[29345]\" class=\"gdpr\" value=\"Y\"><span><strong>s\u00ed<\/strong><\/span><\/label><label class=\"checkbox subfield\" for=\"gdpr48975\"><input type=\"checkbox\" id=\"gdpr_48975\" name=\"gdpr[48975]\" class=\"gdpr\" value=\"Y\"><span><strong>No<\/strong><\/span><\/label><\/fieldset><p>Puede darse de baja en cualquier momento haciendo clic en el enlace en el pie de p\u00e1gina de nuestros correos electr\u00f3nicos. Para obtener informaci\u00f3n sobre nuestras pr\u00e1cticas de privacidad, visite nuestro sitio web.<\/p><\/div><div class=\"content__gdprLegal\"><p>Utilizamos Mailchimp como plataforma de marketing. Al hacer clic a continuaci\u00f3n para suscribirse, usted acepta que su informaci\u00f3n ser\u00e1 transferida a Mailchimp para su procesamiento. <a href=\"https:\/\/mailchimp.com\/legal\/terms\">M\u00e1s informaci\u00f3n<\/a> sobre las pr\u00e1cticas de privacidad de Mailchimp.<\/p><\/div><\/div>\n        <div id=\"mce-responses\" class=\"clear\">\n            <div class=\"response\" id=\"mce-error-response\" style=\"display: none;\"><\/div>\n            <div class=\"response\" id=\"mce-success-response\" style=\"display: none;\"><\/div>\n        <\/div><div aria-hidden=\"true\" style=\"position: absolute; left: -5000px;\"><input type=\"text\" name=\"b_17f1b3d9aa00805978d920ef6_331633f3fd\" tabindex=\"-1\" value=\"\"><\/div><div class=\"clear\"><input type=\"submit\" name=\"subscribe\" id=\"mc-embedded-subscribe\" class=\"button\" value=\"Suscribir\"><\/div>\n    <\/div>\n<\/form>\n<\/div>\n<script type=\"text\/javascript\" src=\"\/\/s3.amazonaws.com\/downloads.mailchimp.com\/js\/mc-validate.js\"><\/script><script type=\"text\/javascript\">(function($) {window.fnames = new Array(); window.ftypes = new Array();fnames[0]='EMAIL';ftypes[0]='email';fnames[1]='FNAME';ftypes[1]='text';fnames[2]='LNAME';ftypes[2]='text';fnames[9]='POSTCODE';ftypes[9]='text';fnames[5]='CARER';ftypes[5]='dropdown';fnames[6]='PRO';ftypes[6]='dropdown';fnames[8]='MMERGE8';ftypes[8]='text';fnames[11]='AGE';ftypes[11]='radio';fnames[12]='MMERGE12';ftypes[12]='text';fnames[10]='SIGNUP';ftypes[10]='text';fnames[7]='SCC';ftypes[7]='text';fnames[4]='PHONE';ftypes[4]='phone';fnames[3]='ADDRESS';ftypes[3]='address';}(jQuery));var $mcj = jQuery.noConflict(true);<\/script><\/div>\n\t\t<\/div>\n\t\t\t\t<\/div>\n\t\t\t\t\t<\/div>\n\t\t<\/div>\n\t\t\t\t\t<\/div>\n\t\t<\/section>\n\t\t\t\t<\/div>","protected":false},"excerpt":{"rendered":"<p>Para realizar una consulta general, simplemente haga clic en el enlace a continuaci\u00f3n. Cont\u00e1ctenos DOMICILIO SOCIAL 17 Clos Cwrt Y Carne Swansea SA4 4NF info@swanseapcf.org \u00danase a nosotros Suscr\u00edbase * indica que es obligatorio Direcci\u00f3n de correo electr\u00f3nico *Nombre *Apellido *C\u00f3digo postal Cuidador *S\u00edNoProfesional *S\u00edNoT\u00edtulo Al hacer clic en &quot;suscribirse&quot;, acepta que Swansea Parent Carer Forum (SPCF) procese sus datos personales. Acepta [\u2026]<\/p>","protected":false},"author":1,"featured_media":0,"parent":0,"menu_order":0,"comment_status":"closed","ping_status":"closed","template":"","meta":{"footnotes":""},"class_list":["post-69","page","type-page","status-publish","hentry"],"yoast_head":"<!-- This site is optimized with the Yoast SEO plugin v23.7 - https:\/\/yoast.com\/wordpress\/plugins\/seo\/ -->\n<title>Join Us - Swansea Parent Carer Forum<\/title>\n<meta name=\"robots\" content=\"index, follow, max-snippet:-1, max-image-preview:large, max-video-preview:-1\" \/>\n<link rel=\"canonical\" href=\"https:\/\/swanseapcf.org\/es\/join-us\/\" \/>\n<meta property=\"og:locale\" content=\"es_ES\" \/>\n<meta property=\"og:type\" content=\"article\" \/>\n<meta property=\"og:title\" content=\"Join Us - Swansea Parent Carer Forum\" \/>\n<meta property=\"og:description\" content=\"To make a general enquiry, just click the link below Contact Us REGISTERED OFFICE 17 Clos Cwrt Y CarneSwanseaSA4 4NF info@swanseapcf.org Join Us Subscribe * indicates required Email Address *First Name *Last Name *Postcode Carer *YesNoProfessional *YesNoTitle By clicking &#8216;subscribe&#8217;, you agree to Swansea Parent Carer Forum (SPCF) processing your personal data. You agree to [&hellip;]\" \/>\n<meta property=\"og:url\" content=\"https:\/\/swanseapcf.org\/es\/join-us\/\" \/>\n<meta property=\"og:site_name\" content=\"Swansea Parent Carer Forum\" \/>\n<meta property=\"article:publisher\" content=\"https:\/\/www.facebook.com\/SwanseaPCF\/\" \/>\n<meta property=\"article:modified_time\" content=\"2024-10-29T14:57:42+00:00\" \/>\n<meta property=\"og:image\" content=\"https:\/\/swanseapcf.org\/wp-content\/uploads\/2019\/10\/SPCF-OG-Logo.jpg\" \/>\n\t<meta property=\"og:image:width\" content=\"501\" \/>\n\t<meta property=\"og:image:height\" content=\"261\" \/>\n\t<meta property=\"og:image:type\" content=\"image\/jpeg\" \/>\n<meta name=\"twitter:card\" content=\"summary_large_image\" \/>\n<meta name=\"twitter:site\" content=\"@SwanseaPCF\" \/>\n<meta name=\"twitter:label1\" content=\"Tiempo de lectura\" \/>\n\t<meta name=\"twitter:data1\" content=\"1 minuto\" \/>\n<script type=\"application\/ld+json\" class=\"yoast-schema-graph\">{\"@context\":\"https:\/\/schema.org\",\"@graph\":[{\"@type\":\"WebPage\",\"@id\":\"https:\/\/swanseapcf.org\/join-us\/\",\"url\":\"https:\/\/swanseapcf.org\/join-us\/\",\"name\":\"Join Us - Swansea Parent Carer Forum\",\"isPartOf\":{\"@id\":\"https:\/\/swanseapcf.org\/#website\"},\"datePublished\":\"2019-10-15T10:02:04+00:00\",\"dateModified\":\"2024-10-29T14:57:42+00:00\",\"breadcrumb\":{\"@id\":\"https:\/\/swanseapcf.org\/join-us\/#breadcrumb\"},\"inLanguage\":\"es\",\"potentialAction\":[{\"@type\":\"ReadAction\",\"target\":[\"https:\/\/swanseapcf.org\/join-us\/\"]}]},{\"@type\":\"BreadcrumbList\",\"@id\":\"https:\/\/swanseapcf.org\/join-us\/#breadcrumb\",\"itemListElement\":[{\"@type\":\"ListItem\",\"position\":1,\"name\":\"Home\",\"item\":\"https:\/\/swanseapcf.org\/\"},{\"@type\":\"ListItem\",\"position\":2,\"name\":\"Join Us\"}]},{\"@type\":\"WebSite\",\"@id\":\"https:\/\/swanseapcf.org\/#website\",\"url\":\"https:\/\/swanseapcf.org\/\",\"name\":\"Swansea Parent Carer Forum\",\"description\":\"Working together to influence chnage\",\"publisher\":{\"@id\":\"https:\/\/swanseapcf.org\/#organization\"},\"potentialAction\":[{\"@type\":\"SearchAction\",\"target\":{\"@type\":\"EntryPoint\",\"urlTemplate\":\"https:\/\/swanseapcf.org\/?s={search_term_string}\"},\"query-input\":{\"@type\":\"PropertyValueSpecification\",\"valueRequired\":true,\"valueName\":\"search_term_string\"}}],\"inLanguage\":\"es\"},{\"@type\":\"Organization\",\"@id\":\"https:\/\/swanseapcf.org\/#organization\",\"name\":\"Swansea Parent Care Forum\",\"url\":\"https:\/\/swanseapcf.org\/\",\"logo\":{\"@type\":\"ImageObject\",\"inLanguage\":\"es\",\"@id\":\"https:\/\/swanseapcf.org\/#\/schema\/logo\/image\/\",\"url\":\"https:\/\/swanseapcf.org\/wp-content\/uploads\/2019\/10\/SPCF-Logo@2x.png\",\"contentUrl\":\"https:\/\/swanseapcf.org\/wp-content\/uploads\/2019\/10\/SPCF-Logo@2x.png\",\"width\":768,\"height\":202,\"caption\":\"Swansea Parent Care Forum\"},\"image\":{\"@id\":\"https:\/\/swanseapcf.org\/#\/schema\/logo\/image\/\"},\"sameAs\":[\"https:\/\/www.facebook.com\/SwanseaPCF\/\",\"https:\/\/x.com\/SwanseaPCF\",\"https:\/\/www.instagram.com\/swanseapcf\/\",\"https:\/\/www.youtube.com\/channel\/UCOTKLBxoPadw_LYukVDhs3Q\"]}]}<\/script>\n<!-- \/ Yoast SEO plugin. -->","yoast_head_json":{"title":"Join Us - Swansea Parent Carer Forum","robots":{"index":"index","follow":"follow","max-snippet":"max-snippet:-1","max-image-preview":"max-image-preview:large","max-video-preview":"max-video-preview:-1"},"canonical":"https:\/\/swanseapcf.org\/es\/join-us\/","og_locale":"es_ES","og_type":"article","og_title":"Join Us - Swansea Parent Carer Forum","og_description":"To make a general enquiry, just click the link below Contact Us REGISTERED OFFICE 17 Clos Cwrt Y CarneSwanseaSA4 4NF info@swanseapcf.org Join Us Subscribe * indicates required Email Address *First Name *Last Name *Postcode Carer *YesNoProfessional *YesNoTitle By clicking &#8216;subscribe&#8217;, you agree to Swansea Parent Carer Forum (SPCF) processing your personal data. You agree to [&hellip;]","og_url":"https:\/\/swanseapcf.org\/es\/join-us\/","og_site_name":"Swansea Parent Carer Forum","article_publisher":"https:\/\/www.facebook.com\/SwanseaPCF\/","article_modified_time":"2024-10-29T14:57:42+00:00","og_image":[{"width":501,"height":261,"url":"https:\/\/swanseapcf.org\/wp-content\/uploads\/2019\/10\/SPCF-OG-Logo.jpg","type":"image\/jpeg"}],"twitter_card":"summary_large_image","twitter_site":"@SwanseaPCF","twitter_misc":{"Tiempo de lectura":"1 minuto"},"schema":{"@context":"https:\/\/schema.org","@graph":[{"@type":"WebPage","@id":"https:\/\/swanseapcf.org\/join-us\/","url":"https:\/\/swanseapcf.org\/join-us\/","name":"Join Us - Swansea Parent Carer Forum","isPartOf":{"@id":"https:\/\/swanseapcf.org\/#website"},"datePublished":"2019-10-15T10:02:04+00:00","dateModified":"2024-10-29T14:57:42+00:00","breadcrumb":{"@id":"https:\/\/swanseapcf.org\/join-us\/#breadcrumb"},"inLanguage":"es","potentialAction":[{"@type":"ReadAction","target":["https:\/\/swanseapcf.org\/join-us\/"]}]},{"@type":"BreadcrumbList","@id":"https:\/\/swanseapcf.org\/join-us\/#breadcrumb","itemListElement":[{"@type":"ListItem","position":1,"name":"Home","item":"https:\/\/swanseapcf.org\/"},{"@type":"ListItem","position":2,"name":"Join Us"}]},{"@type":"WebSite","@id":"https:\/\/swanseapcf.org\/#website","url":"https:\/\/swanseapcf.org\/","name":"Swansea Parent Carer Forum","description":"Working together to influence chnage","publisher":{"@id":"https:\/\/swanseapcf.org\/#organization"},"potentialAction":[{"@type":"SearchAction","target":{"@type":"EntryPoint","urlTemplate":"https:\/\/swanseapcf.org\/?s={search_term_string}"},"query-input":{"@type":"PropertyValueSpecification","valueRequired":true,"valueName":"search_term_string"}}],"inLanguage":"es"},{"@type":"Organization","@id":"https:\/\/swanseapcf.org\/#organization","name":"Swansea Parent Care Forum","url":"https:\/\/swanseapcf.org\/","logo":{"@type":"ImageObject","inLanguage":"es","@id":"https:\/\/swanseapcf.org\/#\/schema\/logo\/image\/","url":"https:\/\/swanseapcf.org\/wp-content\/uploads\/2019\/10\/SPCF-Logo@2x.png","contentUrl":"https:\/\/swanseapcf.org\/wp-content\/uploads\/2019\/10\/SPCF-Logo@2x.png","width":768,"height":202,"caption":"Swansea Parent Care Forum"},"image":{"@id":"https:\/\/swanseapcf.org\/#\/schema\/logo\/image\/"},"sameAs":["https:\/\/www.facebook.com\/SwanseaPCF\/","https:\/\/x.com\/SwanseaPCF","https:\/\/www.instagram.com\/swanseapcf\/","https:\/\/www.youtube.com\/channel\/UCOTKLBxoPadw_LYukVDhs3Q"]}]}},"_links":{"self":[{"href":"https:\/\/swanseapcf.org\/es\/wp-json\/wp\/v2\/pages\/69"}],"collection":[{"href":"https:\/\/swanseapcf.org\/es\/wp-json\/wp\/v2\/pages"}],"about":[{"href":"https:\/\/swanseapcf.org\/es\/wp-json\/wp\/v2\/types\/page"}],"author":[{"embeddable":true,"href":"https:\/\/swanseapcf.org\/es\/wp-json\/wp\/v2\/users\/1"}],"replies":[{"embeddable":true,"href":"https:\/\/swanseapcf.org\/es\/wp-json\/wp\/v2\/comments?post=69"}],"version-history":[{"count":183,"href":"https:\/\/swanseapcf.org\/es\/wp-json\/wp\/v2\/pages\/69\/revisions"}],"predecessor-version":[{"id":1273,"href":"https:\/\/swanseapcf.org\/es\/wp-json\/wp\/v2\/pages\/69\/revisions\/1273"}],"wp:attachment":[{"href":"https:\/\/swanseapcf.org\/es\/wp-json\/wp\/v2\/media?parent=69"}],"curies":[{"name":"wp","href":"https:\/\/api.w.org\/{rel}","templated":true}]}}