{"id":164,"date":"2019-10-17T10:11:38","date_gmt":"2019-10-17T09:11:38","guid":{"rendered":"https:\/\/swanseapcf.org\/?page_id=164"},"modified":"2021-07-11T20:55:35","modified_gmt":"2021-07-11T19:55:35","slug":"privacy-policy","status":"publish","type":"page","link":"https:\/\/swanseapcf.org\/de\/privacy-policy\/","title":{"rendered":"Datenschutz-Bestimmungen"},"content":{"rendered":"<div data-elementor-type=\"wp-page\" data-elementor-id=\"164\" class=\"elementor elementor-164\" data-elementor-post-type=\"page\">\n\t\t\t\t\t\t<section class=\"elementor-section elementor-top-section elementor-element elementor-element-0ee29ab elementor-section-boxed elementor-section-height-default elementor-section-height-default\" data-id=\"0ee29ab\" data-element_type=\"section\">\n\t\t\t\t\t\t<div class=\"elementor-container elementor-column-gap-default\">\n\t\t\t\t\t<div class=\"elementor-column elementor-col-100 elementor-top-column elementor-element elementor-element-857de8b\" data-id=\"857de8b\" data-element_type=\"column\">\n\t\t\t<div class=\"elementor-widget-wrap elementor-element-populated\">\n\t\t\t\t\t\t<div class=\"elementor-element elementor-element-9c303f8 elementor-widget elementor-widget-heading\" data-id=\"9c303f8\" data-element_type=\"widget\" data-widget_type=\"heading.default\">\n\t\t\t\t<div class=\"elementor-widget-container\">\n\t\t\t<h2 class=\"elementor-heading-title elementor-size-default\">Datenschutz- und Privatsph\u00e4renrichtlinie von Swansea PCF<\/h2>\t\t<\/div>\n\t\t\t\t<\/div>\n\t\t\t\t\t<\/div>\n\t\t<\/div>\n\t\t\t\t\t<\/div>\n\t\t<\/section>\n\t\t\t\t<section class=\"elementor-section elementor-top-section elementor-element elementor-element-7b1e6a5 elementor-reverse-mobile elementor-section-boxed elementor-section-height-default elementor-section-height-default\" data-id=\"7b1e6a5\" data-element_type=\"section\" data-settings=\"{&quot;background_background&quot;:&quot;classic&quot;}\">\n\t\t\t\t\t\t<div class=\"elementor-container elementor-column-gap-default\">\n\t\t\t\t\t<div class=\"elementor-column elementor-col-100 elementor-top-column elementor-element elementor-element-e36585b\" data-id=\"e36585b\" data-element_type=\"column\">\n\t\t\t<div class=\"elementor-widget-wrap elementor-element-populated\">\n\t\t\t\t\t\t<div class=\"elementor-element elementor-element-9a1dea7 elementor-widget elementor-widget-text-editor\" data-id=\"9a1dea7\" data-element_type=\"widget\" data-widget_type=\"text-editor.default\">\n\t\t\t\t<div class=\"elementor-widget-container\">\n\t\t\t\t\t\t\t<p>Das Swansea Parent Carer Forum (SPCF) wird die Anforderungen des Vereinigten K\u00f6nigreichs vollst\u00e4ndig erf\u00fcllen <a href=\"https:\/\/www.gov.uk\/government\/publications\/guide-to-the-general-data-protection-regulation\" target=\"_blank\" rel=\"noopener\">Datenschutz-Grundverordnung 2018 (DSGVO)<\/a> und die strengen Grunds\u00e4tze, die besagen, dass Informationen:<\/p><ul><li>Fair, rechtm\u00e4\u00dfig und transparent in Bezug auf die betroffene Person verarbeitet.<\/li><li>F\u00fcr bestimmte, eindeutige und rechtm\u00e4\u00dfige Zwecke gesammelt und nicht f\u00fcr andere Zwecke verarbeitet, die mit diesen Zwecken nicht vereinbar sind. Eine Weiterverarbeitung zu Archivierungszwecken oder zu statistischen Zwecken gilt als mit den urspr\u00fcnglichen Zwecken vereinbar.<\/li><li>Angemessen, relevant und auf das f\u00fcr den Zweck der Datenverarbeitung erforderliche Ma\u00df beschr\u00e4nkt.<\/li><li>Pr\u00e4zise und wo n\u00f6tig auf dem neuesten Stand. Es sind angemessene Ma\u00dfnahmen zu treffen, um sicherzustellen, dass unrichtige personenbezogene Daten im Hinblick auf die Zwecke ihrer Verarbeitung unverz\u00fcglich entfernt oder berichtigt werden.<\/li><li>In einer Form aufbewahrt, die eine Identifizierung der betroffenen Personen erm\u00f6glicht, nicht l\u00e4nger als f\u00fcr die Zwecke, f\u00fcr die die personenbezogenen Daten verarbeitet werden, erforderlich ist. Personenbezogene Daten k\u00f6nnen l\u00e4nger gespeichert werden, wenn die personenbezogenen Daten ausschlie\u00dflich zu Archivierungszwecken im Interesse \u00f6ffentlicher, wissenschaftlicher oder historischer Forschungszwecke verarbeitet werden, vorbehaltlich der Umsetzung geeigneter technischer und organisatorischer Ma\u00dfnahmen, die nach der DSGVO zum Schutz erforderlich sind die Rechte und Freiheiten des Einzelnen.<\/li><li>Auf eine Weise verarbeitet werden, die eine angemessene Sicherheit der personenbezogenen Daten gew\u00e4hrleistet, einschlie\u00dflich des Schutzes vor unrechtm\u00e4\u00dfiger oder unbefugter Verarbeitung und vor zuf\u00e4lligem Verlust, Zerst\u00f6rung oder Besch\u00e4digung durch geeignete technische oder organisatorische Ma\u00dfnahmen.<\/li><\/ul>\t\t\t\t\t\t<\/div>\n\t\t\t\t<\/div>\n\t\t\t\t<div class=\"elementor-element elementor-element-0a1cc24 elementor-widget elementor-widget-heading\" data-id=\"0a1cc24\" data-element_type=\"widget\" data-widget_type=\"heading.default\">\n\t\t\t\t<div class=\"elementor-widget-container\">\n\t\t\t<h3 class=\"elementor-heading-title elementor-size-default\">Datenschutzerkl\u00e4rung<\/h3>\t\t<\/div>\n\t\t\t\t<\/div>\n\t\t\t\t<div class=\"elementor-element elementor-element-03868c2 elementor-widget elementor-widget-text-editor\" data-id=\"03868c2\" data-element_type=\"widget\" data-widget_type=\"text-editor.default\">\n\t\t\t\t<div class=\"elementor-widget-container\">\n\t\t\t\t\t\t\t<ul><li>Das Swansea Parent Carer Forum (SPCF) bewahrt personenbezogene Daten sicher auf, unabh\u00e4ngig davon, ob sie in Papierform oder elektronisch gespeichert sind.<\/li><li>Die gespeicherten Informationen werden nicht an Dritte weitergegeben, es sei denn, diese sind befugt, sie einzusehen oder haben die ausdr\u00fcckliche Erlaubnis der Person, auf die sie sich beziehen.<\/li><li>Jede Person kann jederzeit verlangen, dass ihre personenbezogenen Daten aus unseren Aufzeichnungen entfernt werden.<\/li><li>Jede Person kann jederzeit eine Kopie der von SPCF \u00fcber sie gespeicherten Informationen anfordern.<\/li><li>Die Mitgliederdatenbank darf unter keinen Umst\u00e4nden per E-Mail versendet werden und wird auf einem System mit verschl\u00fcsseltem Zugang gespeichert.<\/li><li>Die Mitgliederdatenbank darf nur von namentlich genannten Mitgliedern des F\u00fchrungsteams oder Mitarbeitern des SPCF gef\u00fchrt werden.<\/li><li>Diese Richtlinie wird j\u00e4hrlich \u00fcberpr\u00fcft.<\/li><\/ul>\t\t\t\t\t\t<\/div>\n\t\t\t\t<\/div>\n\t\t\t\t\t<\/div>\n\t\t<\/div>\n\t\t\t\t\t<\/div>\n\t\t<\/section>\n\t\t\t\t<\/div>","protected":false},"excerpt":{"rendered":"<p>Swansea PCF Datenschutz- und Datenschutzrichtlinie Das Swansea Parent Carer Forum (SPCF) h\u00e4lt sich vollst\u00e4ndig an die britische Datenschutz-Grundverordnung 2018 (DSGVO) und die strengen Grunds\u00e4tze, die besagen, dass Informationen: fair, rechtm\u00e4\u00dfig und auf transparente Weise verarbeitet werden m\u00fcssen die betroffene Person. F\u00fcr bestimmte, eindeutige und legitime Zwecke erhoben und [\u2026]<\/p>","protected":false},"author":1,"featured_media":0,"parent":0,"menu_order":0,"comment_status":"closed","ping_status":"closed","template":"","meta":{"footnotes":""},"class_list":["post-164","page","type-page","status-publish","hentry"],"yoast_head":"<!-- This site is optimized with the Yoast SEO plugin v23.7 - https:\/\/yoast.com\/wordpress\/plugins\/seo\/ -->\n<title>Privacy Policy - Swansea Parent Carer Forum<\/title>\n<meta name=\"robots\" content=\"noindex, follow\" \/>\n<meta property=\"og:locale\" content=\"de_DE\" \/>\n<meta property=\"og:type\" content=\"article\" \/>\n<meta property=\"og:title\" content=\"Privacy Policy - Swansea Parent Carer Forum\" \/>\n<meta property=\"og:description\" content=\"Swansea PCF Data Protection &#038; Privacy Policy Swansea Parent Carer Forum (SPCF) will fully comply with the UK General Data Protection Regulation 2018 (GDPR) and the strict principles stating that information must be: Processed fairly, lawfully and in a transparent manner in relation to the data subject. Collected for specified, explicit and legitimate purposes, and [&hellip;]\" \/>\n<meta property=\"og:url\" content=\"https:\/\/swanseapcf.org\/de\/privacy-policy\/\" \/>\n<meta property=\"og:site_name\" content=\"Swansea Parent Carer Forum\" \/>\n<meta property=\"article:publisher\" content=\"https:\/\/www.facebook.com\/SwanseaPCF\/\" \/>\n<meta property=\"article:modified_time\" content=\"2021-07-11T19:55:35+00:00\" \/>\n<meta property=\"og:image\" content=\"https:\/\/swanseapcf.org\/wp-content\/uploads\/2019\/10\/SPCF-OG-Logo.jpg\" \/>\n\t<meta property=\"og:image:width\" content=\"501\" \/>\n\t<meta property=\"og:image:height\" content=\"261\" \/>\n\t<meta property=\"og:image:type\" content=\"image\/jpeg\" \/>\n<meta name=\"twitter:card\" content=\"summary_large_image\" \/>\n<meta name=\"twitter:site\" content=\"@SwanseaPCF\" \/>\n<meta name=\"twitter:label1\" content=\"Gesch\u00e4tzte Lesezeit\" \/>\n\t<meta name=\"twitter:data1\" content=\"2 Minuten\" \/>\n<script type=\"application\/ld+json\" class=\"yoast-schema-graph\">{\"@context\":\"https:\/\/schema.org\",\"@graph\":[{\"@type\":\"WebPage\",\"@id\":\"https:\/\/swanseapcf.org\/privacy-policy\/\",\"url\":\"https:\/\/swanseapcf.org\/privacy-policy\/\",\"name\":\"Privacy Policy - Swansea Parent Carer Forum\",\"isPartOf\":{\"@id\":\"https:\/\/swanseapcf.org\/#website\"},\"datePublished\":\"2019-10-17T09:11:38+00:00\",\"dateModified\":\"2021-07-11T19:55:35+00:00\",\"breadcrumb\":{\"@id\":\"https:\/\/swanseapcf.org\/privacy-policy\/#breadcrumb\"},\"inLanguage\":\"de-DE\",\"potentialAction\":[{\"@type\":\"ReadAction\",\"target\":[\"https:\/\/swanseapcf.org\/privacy-policy\/\"]}]},{\"@type\":\"BreadcrumbList\",\"@id\":\"https:\/\/swanseapcf.org\/privacy-policy\/#breadcrumb\",\"itemListElement\":[{\"@type\":\"ListItem\",\"position\":1,\"name\":\"Home\",\"item\":\"https:\/\/swanseapcf.org\/\"},{\"@type\":\"ListItem\",\"position\":2,\"name\":\"Privacy Policy\"}]},{\"@type\":\"WebSite\",\"@id\":\"https:\/\/swanseapcf.org\/#website\",\"url\":\"https:\/\/swanseapcf.org\/\",\"name\":\"Swansea Parent Carer Forum\",\"description\":\"Working together to influence chnage\",\"publisher\":{\"@id\":\"https:\/\/swanseapcf.org\/#organization\"},\"potentialAction\":[{\"@type\":\"SearchAction\",\"target\":{\"@type\":\"EntryPoint\",\"urlTemplate\":\"https:\/\/swanseapcf.org\/?s={search_term_string}\"},\"query-input\":{\"@type\":\"PropertyValueSpecification\",\"valueRequired\":true,\"valueName\":\"search_term_string\"}}],\"inLanguage\":\"de-DE\"},{\"@type\":\"Organization\",\"@id\":\"https:\/\/swanseapcf.org\/#organization\",\"name\":\"Swansea Parent Care Forum\",\"url\":\"https:\/\/swanseapcf.org\/\",\"logo\":{\"@type\":\"ImageObject\",\"inLanguage\":\"de-DE\",\"@id\":\"https:\/\/swanseapcf.org\/#\/schema\/logo\/image\/\",\"url\":\"https:\/\/swanseapcf.org\/wp-content\/uploads\/2019\/10\/SPCF-Logo@2x.png\",\"contentUrl\":\"https:\/\/swanseapcf.org\/wp-content\/uploads\/2019\/10\/SPCF-Logo@2x.png\",\"width\":768,\"height\":202,\"caption\":\"Swansea Parent Care Forum\"},\"image\":{\"@id\":\"https:\/\/swanseapcf.org\/#\/schema\/logo\/image\/\"},\"sameAs\":[\"https:\/\/www.facebook.com\/SwanseaPCF\/\",\"https:\/\/x.com\/SwanseaPCF\",\"https:\/\/www.instagram.com\/swanseapcf\/\",\"https:\/\/www.youtube.com\/channel\/UCOTKLBxoPadw_LYukVDhs3Q\"]}]}<\/script>\n<!-- \/ Yoast SEO plugin. -->","yoast_head_json":{"title":"Privacy Policy - Swansea Parent Carer Forum","robots":{"index":"noindex","follow":"follow"},"og_locale":"de_DE","og_type":"article","og_title":"Privacy Policy - Swansea Parent Carer Forum","og_description":"Swansea PCF Data Protection &#038; Privacy Policy Swansea Parent Carer Forum (SPCF) will fully comply with the UK General Data Protection Regulation 2018 (GDPR) and the strict principles stating that information must be: Processed fairly, lawfully and in a transparent manner in relation to the data subject. Collected for specified, explicit and legitimate purposes, and [&hellip;]","og_url":"https:\/\/swanseapcf.org\/de\/privacy-policy\/","og_site_name":"Swansea Parent Carer Forum","article_publisher":"https:\/\/www.facebook.com\/SwanseaPCF\/","article_modified_time":"2021-07-11T19:55:35+00:00","og_image":[{"width":501,"height":261,"url":"https:\/\/swanseapcf.org\/wp-content\/uploads\/2019\/10\/SPCF-OG-Logo.jpg","type":"image\/jpeg"}],"twitter_card":"summary_large_image","twitter_site":"@SwanseaPCF","twitter_misc":{"Gesch\u00e4tzte Lesezeit":"2 Minuten"},"schema":{"@context":"https:\/\/schema.org","@graph":[{"@type":"WebPage","@id":"https:\/\/swanseapcf.org\/privacy-policy\/","url":"https:\/\/swanseapcf.org\/privacy-policy\/","name":"Privacy Policy - Swansea Parent Carer Forum","isPartOf":{"@id":"https:\/\/swanseapcf.org\/#website"},"datePublished":"2019-10-17T09:11:38+00:00","dateModified":"2021-07-11T19:55:35+00:00","breadcrumb":{"@id":"https:\/\/swanseapcf.org\/privacy-policy\/#breadcrumb"},"inLanguage":"de-DE","potentialAction":[{"@type":"ReadAction","target":["https:\/\/swanseapcf.org\/privacy-policy\/"]}]},{"@type":"BreadcrumbList","@id":"https:\/\/swanseapcf.org\/privacy-policy\/#breadcrumb","itemListElement":[{"@type":"ListItem","position":1,"name":"Home","item":"https:\/\/swanseapcf.org\/"},{"@type":"ListItem","position":2,"name":"Privacy Policy"}]},{"@type":"WebSite","@id":"https:\/\/swanseapcf.org\/#website","url":"https:\/\/swanseapcf.org\/","name":"Swansea Parent Carer Forum","description":"Working together to influence chnage","publisher":{"@id":"https:\/\/swanseapcf.org\/#organization"},"potentialAction":[{"@type":"SearchAction","target":{"@type":"EntryPoint","urlTemplate":"https:\/\/swanseapcf.org\/?s={search_term_string}"},"query-input":{"@type":"PropertyValueSpecification","valueRequired":true,"valueName":"search_term_string"}}],"inLanguage":"de-DE"},{"@type":"Organization","@id":"https:\/\/swanseapcf.org\/#organization","name":"Swansea Parent Care Forum","url":"https:\/\/swanseapcf.org\/","logo":{"@type":"ImageObject","inLanguage":"de-DE","@id":"https:\/\/swanseapcf.org\/#\/schema\/logo\/image\/","url":"https:\/\/swanseapcf.org\/wp-content\/uploads\/2019\/10\/SPCF-Logo@2x.png","contentUrl":"https:\/\/swanseapcf.org\/wp-content\/uploads\/2019\/10\/SPCF-Logo@2x.png","width":768,"height":202,"caption":"Swansea Parent Care Forum"},"image":{"@id":"https:\/\/swanseapcf.org\/#\/schema\/logo\/image\/"},"sameAs":["https:\/\/www.facebook.com\/SwanseaPCF\/","https:\/\/x.com\/SwanseaPCF","https:\/\/www.instagram.com\/swanseapcf\/","https:\/\/www.youtube.com\/channel\/UCOTKLBxoPadw_LYukVDhs3Q"]}]}},"_links":{"self":[{"href":"https:\/\/swanseapcf.org\/de\/wp-json\/wp\/v2\/pages\/164"}],"collection":[{"href":"https:\/\/swanseapcf.org\/de\/wp-json\/wp\/v2\/pages"}],"about":[{"href":"https:\/\/swanseapcf.org\/de\/wp-json\/wp\/v2\/types\/page"}],"author":[{"embeddable":true,"href":"https:\/\/swanseapcf.org\/de\/wp-json\/wp\/v2\/users\/1"}],"replies":[{"embeddable":true,"href":"https:\/\/swanseapcf.org\/de\/wp-json\/wp\/v2\/comments?post=164"}],"version-history":[{"count":12,"href":"https:\/\/swanseapcf.org\/de\/wp-json\/wp\/v2\/pages\/164\/revisions"}],"predecessor-version":[{"id":729,"href":"https:\/\/swanseapcf.org\/de\/wp-json\/wp\/v2\/pages\/164\/revisions\/729"}],"wp:attachment":[{"href":"https:\/\/swanseapcf.org\/de\/wp-json\/wp\/v2\/media?parent=164"}],"curies":[{"name":"wp","href":"https:\/\/api.w.org\/{rel}","templated":true}]}}