{"id":100,"date":"2019-10-15T11:47:36","date_gmt":"2019-10-15T10:47:36","guid":{"rendered":"https:\/\/swanseapcf.org\/?page_id=100"},"modified":"2026-02-10T10:29:21","modified_gmt":"2026-02-10T10:29:21","slug":"who-we-are","status":"publish","type":"page","link":"https:\/\/swanseapcf.org\/de\/who-we-are\/","title":{"rendered":"Wer wir sind"},"content":{"rendered":"<div data-elementor-type=\"wp-page\" data-elementor-id=\"100\" class=\"elementor elementor-100\" data-elementor-post-type=\"page\">\n\t\t\t\t\t\t<section class=\"elementor-section elementor-top-section elementor-element elementor-element-0ee29ab elementor-section-boxed elementor-section-height-default elementor-section-height-default\" data-id=\"0ee29ab\" data-element_type=\"section\">\n\t\t\t\t\t\t<div class=\"elementor-container elementor-column-gap-default\">\n\t\t\t\t\t<div class=\"elementor-column elementor-col-100 elementor-top-column elementor-element elementor-element-857de8b\" data-id=\"857de8b\" data-element_type=\"column\">\n\t\t\t<div class=\"elementor-widget-wrap elementor-element-populated\">\n\t\t\t\t\t\t<div class=\"elementor-element elementor-element-9c303f8 elementor-widget elementor-widget-heading\" data-id=\"9c303f8\" data-element_type=\"widget\" data-widget_type=\"heading.default\">\n\t\t\t\t<div class=\"elementor-widget-container\">\n\t\t\t<h1 class=\"elementor-heading-title elementor-size-default\">Wer wir sind<\/h1>\t\t<\/div>\n\t\t\t\t<\/div>\n\t\t\t\t\t<\/div>\n\t\t<\/div>\n\t\t\t\t\t<\/div>\n\t\t<\/section>\n\t\t\t\t<section class=\"elementor-section elementor-top-section elementor-element elementor-element-8483a8a elementor-section-boxed elementor-section-height-default elementor-section-height-default\" data-id=\"8483a8a\" data-element_type=\"section\" data-settings=\"{&quot;background_background&quot;:&quot;classic&quot;}\">\n\t\t\t\t\t\t<div class=\"elementor-container elementor-column-gap-default\">\n\t\t\t\t\t<div class=\"elementor-column elementor-col-50 elementor-top-column elementor-element elementor-element-61da864\" data-id=\"61da864\" data-element_type=\"column\">\n\t\t\t<div class=\"elementor-widget-wrap elementor-element-populated\">\n\t\t\t\t\t\t<div class=\"elementor-element elementor-element-c73eddb elementor-widget elementor-widget-image\" data-id=\"c73eddb\" data-element_type=\"widget\" data-widget_type=\"image.default\">\n\t\t\t\t<div class=\"elementor-widget-container\">\n\t\t\t\t\t\t\t\t\t\t\t\t\t<img fetchpriority=\"high\" decoding=\"async\" width=\"584\" height=\"768\" src=\"https:\/\/swanseapcf.org\/wp-content\/uploads\/2019\/10\/Joanann-Phillips.jpg\" class=\"attachment-large size-large wp-image-110\" alt=\"Joanann Phillips\" srcset=\"https:\/\/swanseapcf.org\/wp-content\/uploads\/2019\/10\/Joanann-Phillips.jpg 584w, https:\/\/swanseapcf.org\/wp-content\/uploads\/2019\/10\/Joanann-Phillips-228x300.jpg 228w\" sizes=\"(max-width: 584px) 100vw, 584px\" \/>\t\t\t\t\t\t\t\t\t\t\t\t\t<\/div>\n\t\t\t\t<\/div>\n\t\t\t\t\t<\/div>\n\t\t<\/div>\n\t\t\t\t<div class=\"elementor-column elementor-col-50 elementor-top-column elementor-element elementor-element-4667fab\" data-id=\"4667fab\" data-element_type=\"column\">\n\t\t\t<div class=\"elementor-widget-wrap elementor-element-populated\">\n\t\t\t\t\t\t<div class=\"elementor-element elementor-element-15baae3 elementor-widget elementor-widget-heading\" data-id=\"15baae3\" data-element_type=\"widget\" data-no-translation=\"\" data-widget_type=\"heading.default\">\n\t\t\t\t<div class=\"elementor-widget-container\">\n\t\t\t<h2 class=\"elementor-heading-title elementor-size-default\">Joanann Phillips<\/h2>\t\t<\/div>\n\t\t\t\t<\/div>\n\t\t\t\t<div class=\"elementor-element elementor-element-347b1c8 elementor-widget elementor-widget-text-editor\" data-id=\"347b1c8\" data-element_type=\"widget\" data-widget_type=\"text-editor.default\">\n\t\t\t\t<div class=\"elementor-widget-container\">\n\t\t\t\t\t\t\t<p>Jo hat Erfahrung als Friseurin und Postbotin. Sie ist Mutter von drei erwachsenen Kindern, von denen eines komplexe Beeintr\u00e4chtigungen hat, die erst im Teenageralter diagnostiziert wurden. Ihre beiden anderen Kinder haben psychische Probleme, da ihr Bruder nicht die n\u00f6tige Unterst\u00fctzung erhielt.<\/p><p>Jo ist eine qualifizierte, unabh\u00e4ngige Interessenvertreterin und beteiligt sich regelm\u00e4\u00dfig an Konsultationen von Kommunen und Regierungsbeh\u00f6rden zu Gesetzen im Bereich Sozialwesen, Inklusion und allem, was pflegende Angeh\u00f6rige betrifft. Ihr liegt es sehr am Herzen, die Bereiche Bildung, Sozialwesen und Gesundheit so zu gestalten, dass die Bed\u00fcrfnisse aller Menschen erf\u00fcllt werden und sie ihr volles Potenzial aussch\u00f6pfen k\u00f6nnen.<\/p><p>Sie ist sehr davon \u00fcberzeugt, dass unsere erwachsenen Kinder anerkannt und unterst\u00fctzt werden m\u00fcssen (\u201eKeine falsche T\u00fcr\u201c).<\/p>\t\t\t\t\t\t<\/div>\n\t\t\t\t<\/div>\n\t\t\t\t\t<\/div>\n\t\t<\/div>\n\t\t\t\t\t<\/div>\n\t\t<\/section>\n\t\t\t\t<section class=\"elementor-section elementor-top-section elementor-element elementor-element-529a57e elementor-reverse-mobile elementor-section-boxed elementor-section-height-default elementor-section-height-default\" data-id=\"529a57e\" data-element_type=\"section\" data-settings=\"{&quot;background_background&quot;:&quot;classic&quot;}\">\n\t\t\t\t\t\t<div class=\"elementor-container elementor-column-gap-default\">\n\t\t\t\t\t<div class=\"elementor-column elementor-col-50 elementor-top-column elementor-element elementor-element-4a3550c\" data-id=\"4a3550c\" data-element_type=\"column\">\n\t\t\t<div class=\"elementor-widget-wrap elementor-element-populated\">\n\t\t\t\t\t\t<div class=\"elementor-element elementor-element-fc5031d elementor-widget elementor-widget-heading\" data-id=\"fc5031d\" data-element_type=\"widget\" data-no-translation=\"\" data-widget_type=\"heading.default\">\n\t\t\t\t<div class=\"elementor-widget-container\">\n\t\t\t<h2 class=\"elementor-heading-title elementor-size-default\">CHRIS LAW<\/h2>\t\t<\/div>\n\t\t\t\t<\/div>\n\t\t\t\t<div class=\"elementor-element elementor-element-46cf645 elementor-widget elementor-widget-text-editor\" data-id=\"46cf645\" data-element_type=\"widget\" data-widget_type=\"text-editor.default\">\n\t\t\t\t<div class=\"elementor-widget-container\">\n\t\t\t\t\t\t\t<p>Eltern von zwei Adoptivkindern, beide mit zus\u00e4tzlichen Bed\u00fcrfnissen (ASS, ADHS, ODD, Legasthenie, Dyskalkulie, Sprachst\u00f6rung). Chris verbrachte 30 Jahre in leitenden Managementpositionen im \u00f6ffentlichen Sektor. Heute verbringt er die meiste Zeit mit seiner Familie und teilt sich die Verantwortung als Elternteil mit seiner Frau. Chris ist auch Vorsitzender der Gouverneure an einer \u00f6rtlichen Grundschule. Er bringt gro\u00dfartige organisatorische F\u00e4higkeiten und Erfahrung in den Bereichen Moderation, Gesundheit und Sicherheit, Personalmanagement und Finanzen mit.<\/p><p>Er ist der Meinung, dass die \u00dcberg\u00e4nge zwischen den Diensten nahtlos und den Bed\u00fcrfnissen des Einzelnen angemessen sein m\u00fcssen.<\/p><p>Chris setzt sich leidenschaftlich f\u00fcr Additional Learning Needs ein und stellt sicher, dass Kinder mit Bed\u00fcrfnissen (was auch immer sie sein m\u00f6gen) angemessen unterst\u00fctzt werden.<\/p>\t\t\t\t\t\t<\/div>\n\t\t\t\t<\/div>\n\t\t\t\t\t<\/div>\n\t\t<\/div>\n\t\t\t\t<div class=\"elementor-column elementor-col-50 elementor-top-column elementor-element elementor-element-4f0f757\" data-id=\"4f0f757\" data-element_type=\"column\">\n\t\t\t<div class=\"elementor-widget-wrap elementor-element-populated\">\n\t\t\t\t\t\t<div class=\"elementor-element elementor-element-3ea6d8e elementor-widget elementor-widget-image\" data-id=\"3ea6d8e\" data-element_type=\"widget\" data-widget_type=\"image.default\">\n\t\t\t\t<div class=\"elementor-widget-container\">\n\t\t\t\t\t\t\t\t\t\t\t\t\t<img decoding=\"async\" width=\"640\" height=\"853\" src=\"https:\/\/swanseapcf.org\/wp-content\/uploads\/2023\/05\/Chris-pic-May-2023.jpg\" class=\"attachment-large size-large wp-image-1049\" alt=\"\" srcset=\"https:\/\/swanseapcf.org\/wp-content\/uploads\/2023\/05\/Chris-pic-May-2023.jpg 768w, https:\/\/swanseapcf.org\/wp-content\/uploads\/2023\/05\/Chris-pic-May-2023-225x300.jpg 225w, https:\/\/swanseapcf.org\/wp-content\/uploads\/2023\/05\/Chris-pic-May-2023-9x12.jpg 9w\" sizes=\"(max-width: 640px) 100vw, 640px\" \/>\t\t\t\t\t\t\t\t\t\t\t\t\t<\/div>\n\t\t\t\t<\/div>\n\t\t\t\t\t<\/div>\n\t\t<\/div>\n\t\t\t\t\t<\/div>\n\t\t<\/section>\n\t\t\t\t<section class=\"elementor-section elementor-top-section elementor-element elementor-element-e55700f elementor-section-boxed elementor-section-height-default elementor-section-height-default\" data-id=\"e55700f\" data-element_type=\"section\" data-settings=\"{&quot;background_background&quot;:&quot;classic&quot;}\">\n\t\t\t\t\t\t<div class=\"elementor-container elementor-column-gap-default\">\n\t\t\t\t\t<div class=\"elementor-column elementor-col-50 elementor-top-column elementor-element elementor-element-6d1452b\" data-id=\"6d1452b\" data-element_type=\"column\">\n\t\t\t<div class=\"elementor-widget-wrap elementor-element-populated\">\n\t\t\t\t\t\t<div class=\"elementor-element elementor-element-405a6cb elementor-widget elementor-widget-image\" data-id=\"405a6cb\" data-element_type=\"widget\" data-widget_type=\"image.default\">\n\t\t\t\t<div class=\"elementor-widget-container\">\n\t\t\t\t\t\t\t\t\t\t\t\t\t<img decoding=\"async\" width=\"640\" height=\"873\" src=\"https:\/\/swanseapcf.org\/wp-content\/uploads\/2023\/05\/IH-751x1024.jpg\" class=\"attachment-large size-large wp-image-1053\" alt=\"\" srcset=\"https:\/\/swanseapcf.org\/wp-content\/uploads\/2023\/05\/IH-751x1024.jpg 751w, https:\/\/swanseapcf.org\/wp-content\/uploads\/2023\/05\/IH-220x300.jpg 220w, https:\/\/swanseapcf.org\/wp-content\/uploads\/2023\/05\/IH-768x1048.jpg 768w, https:\/\/swanseapcf.org\/wp-content\/uploads\/2023\/05\/IH-1126x1536.jpg 1126w, https:\/\/swanseapcf.org\/wp-content\/uploads\/2023\/05\/IH-9x12.jpg 9w, https:\/\/swanseapcf.org\/wp-content\/uploads\/2023\/05\/IH.jpg 1493w\" sizes=\"(max-width: 640px) 100vw, 640px\" \/>\t\t\t\t\t\t\t\t\t\t\t\t\t<\/div>\n\t\t\t\t<\/div>\n\t\t\t\t\t<\/div>\n\t\t<\/div>\n\t\t\t\t<div class=\"elementor-column elementor-col-50 elementor-top-column elementor-element elementor-element-7769359\" data-id=\"7769359\" data-element_type=\"column\">\n\t\t\t<div class=\"elementor-widget-wrap elementor-element-populated\">\n\t\t\t\t\t\t<div class=\"elementor-element elementor-element-9a2f1b3 elementor-widget elementor-widget-heading\" data-id=\"9a2f1b3\" data-element_type=\"widget\" data-no-translation=\"\" data-widget_type=\"heading.default\">\n\t\t\t\t<div class=\"elementor-widget-container\">\n\t\t\t<h2 class=\"elementor-heading-title elementor-size-default\">ISHBEL HANSEN<\/h2>\t\t<\/div>\n\t\t\t\t<\/div>\n\t\t\t\t<div class=\"elementor-element elementor-element-6ebdc74 elementor-widget elementor-widget-text-editor\" data-id=\"6ebdc74\" data-element_type=\"widget\" data-widget_type=\"text-editor.default\">\n\t\t\t\t<div class=\"elementor-widget-container\">\n\t\t\t\t\t\t\t<p>Ishbel ist alleinerziehende Betreuerin ihres Sohnes, der mit komplexen besonderen Bed\u00fcrfnissen geboren wurde. Sie ist seit seiner Geburt seine F\u00fcrsprecherin und koordiniert seine Anforderungen an Gesundheit und Wohlbefinden mit Gesundheits-, Bildungs- und Sozialdiensten. Ishbel glaubt fest daran, dass niemand Ihr Kind jemals so gut kennen wird wie Sie.<\/p><p>Ishbel w\u00fcrde gerne etwas von ihrer Erfahrung und ihrem Wissen mit Eltern teilen, die sich eingesch\u00fcchtert f\u00fchlen von dem, was sie tun m\u00fcssen, um das Beste f\u00fcr ihr Kind zu gew\u00e4hrleisten.\u00a0<\/p><p>Sie engagiert sich leidenschaftlich f\u00fcr fr\u00fchkindliche Bildung und die Sicherstellung der Zug\u00e4nglichkeit zu allen Parks und Freizeiteinrichtungen in ganz Swansea. Ishbel glaubt, dass alle Kinder das Recht auf gleichberechtigtes Spielen und Wohlbefinden haben.<\/p>\t\t\t\t\t\t<\/div>\n\t\t\t\t<\/div>\n\t\t\t\t\t<\/div>\n\t\t<\/div>\n\t\t\t\t\t<\/div>\n\t\t<\/section>\n\t\t\t\t<section class=\"elementor-section elementor-top-section elementor-element elementor-element-64ee0e2 elementor-section-boxed elementor-section-height-default elementor-section-height-default\" data-id=\"64ee0e2\" data-element_type=\"section\">\n\t\t\t\t\t\t<div class=\"elementor-container elementor-column-gap-default\">\n\t\t\t\t\t<div class=\"elementor-column elementor-col-100 elementor-top-column elementor-element elementor-element-370f08e\" data-id=\"370f08e\" data-element_type=\"column\">\n\t\t\t<div class=\"elementor-widget-wrap elementor-element-populated\">\n\t\t\t\t\t\t<div class=\"elementor-element elementor-element-5922d16 elementor-align-center elementor-widget elementor-widget-button\" data-id=\"5922d16\" data-element_type=\"widget\" data-widget_type=\"button.default\">\n\t\t\t\t<div class=\"elementor-widget-container\">\n\t\t\t\t\t\t\t<div class=\"elementor-button-wrapper\">\n\t\t\t\t\t<a class=\"elementor-button elementor-button-link elementor-size-sm elementor-animation-float\" href=\"https:\/\/swanseapcf.org\/de\/join-us\/\">\n\t\t\t\t\t\t<span class=\"elementor-button-content-wrapper\">\n\t\t\t\t\t\t<span class=\"elementor-button-icon\">\n\t\t\t\t<i aria-hidden=\"true\" class=\"fas fa-chevron-right\"><\/i>\t\t\t<\/span>\n\t\t\t\t\t\t\t\t\t<span class=\"elementor-button-text\">Begleiten Sie uns<\/span>\n\t\t\t\t\t<\/span>\n\t\t\t\t\t<\/a>\n\t\t\t\t<\/div>\n\t\t\t\t\t\t<\/div>\n\t\t\t\t<\/div>\n\t\t\t\t\t<\/div>\n\t\t<\/div>\n\t\t\t\t\t<\/div>\n\t\t<\/section>\n\t\t\t\t<\/div>","protected":false},"excerpt":{"rendered":"<p>Who we are Joanann Phillips Jo\u2019s background includes hairdressing and postal work (post woman). She is a mum of three adults, one of whom has complex additional needs that weren\u2019t diagnosed until he became a teenager. Both of her other children have mental health difficulties due to their brother not having the correct support. Jo [&hellip;]<\/p>","protected":false},"author":1,"featured_media":0,"parent":0,"menu_order":0,"comment_status":"closed","ping_status":"closed","template":"","meta":{"footnotes":""},"class_list":["post-100","page","type-page","status-publish","hentry"],"yoast_head":"<!-- This site is optimized with the Yoast SEO plugin v23.7 - https:\/\/yoast.com\/wordpress\/plugins\/seo\/ -->\n<title>Who We Are - Swansea Parent Carer Forum<\/title>\n<meta name=\"description\" content=\"Meet everyone involved with Swansea Parent Carer Forum.\" \/>\n<meta name=\"robots\" content=\"index, follow, max-snippet:-1, max-image-preview:large, max-video-preview:-1\" \/>\n<link rel=\"canonical\" href=\"https:\/\/swanseapcf.org\/de\/who-we-are\/\" \/>\n<meta property=\"og:locale\" content=\"de_DE\" \/>\n<meta property=\"og:type\" content=\"article\" \/>\n<meta property=\"og:title\" content=\"Who We Are - Swansea Parent Carer Forum\" \/>\n<meta property=\"og:description\" content=\"Meet everyone involved with Swansea Parent Carer Forum.\" \/>\n<meta property=\"og:url\" content=\"https:\/\/swanseapcf.org\/de\/who-we-are\/\" \/>\n<meta property=\"og:site_name\" content=\"Swansea Parent Carer Forum\" \/>\n<meta property=\"article:publisher\" content=\"https:\/\/www.facebook.com\/SwanseaPCF\/\" \/>\n<meta property=\"article:modified_time\" content=\"2026-02-10T10:29:21+00:00\" \/>\n<meta property=\"og:image\" content=\"https:\/\/swanseapcf.org\/wp-content\/uploads\/2019\/10\/Joanann-Phillips.jpg\" \/>\n\t<meta property=\"og:image:width\" content=\"584\" \/>\n\t<meta property=\"og:image:height\" content=\"768\" \/>\n\t<meta property=\"og:image:type\" content=\"image\/jpeg\" \/>\n<meta name=\"twitter:card\" content=\"summary_large_image\" \/>\n<meta name=\"twitter:site\" content=\"@SwanseaPCF\" \/>\n<meta name=\"twitter:label1\" content=\"Gesch\u00e4tzte Lesezeit\" \/>\n\t<meta name=\"twitter:data1\" content=\"3 Minuten\" \/>\n<script type=\"application\/ld+json\" class=\"yoast-schema-graph\">{\"@context\":\"https:\/\/schema.org\",\"@graph\":[{\"@type\":\"WebPage\",\"@id\":\"https:\/\/swanseapcf.org\/who-we-are\/\",\"url\":\"https:\/\/swanseapcf.org\/who-we-are\/\",\"name\":\"Who We Are - Swansea Parent Carer Forum\",\"isPartOf\":{\"@id\":\"https:\/\/swanseapcf.org\/#website\"},\"primaryImageOfPage\":{\"@id\":\"https:\/\/swanseapcf.org\/who-we-are\/#primaryimage\"},\"image\":{\"@id\":\"https:\/\/swanseapcf.org\/who-we-are\/#primaryimage\"},\"thumbnailUrl\":\"https:\/\/swanseapcf.org\/wp-content\/uploads\/2019\/10\/Joanann-Phillips.jpg\",\"datePublished\":\"2019-10-15T10:47:36+00:00\",\"dateModified\":\"2026-02-10T10:29:21+00:00\",\"description\":\"Meet everyone involved with Swansea Parent Carer Forum.\",\"breadcrumb\":{\"@id\":\"https:\/\/swanseapcf.org\/who-we-are\/#breadcrumb\"},\"inLanguage\":\"de-DE\",\"potentialAction\":[{\"@type\":\"ReadAction\",\"target\":[\"https:\/\/swanseapcf.org\/who-we-are\/\"]}]},{\"@type\":\"ImageObject\",\"inLanguage\":\"de-DE\",\"@id\":\"https:\/\/swanseapcf.org\/who-we-are\/#primaryimage\",\"url\":\"https:\/\/swanseapcf.org\/wp-content\/uploads\/2019\/10\/Joanann-Phillips.jpg\",\"contentUrl\":\"https:\/\/swanseapcf.org\/wp-content\/uploads\/2019\/10\/Joanann-Phillips.jpg\"},{\"@type\":\"BreadcrumbList\",\"@id\":\"https:\/\/swanseapcf.org\/who-we-are\/#breadcrumb\",\"itemListElement\":[{\"@type\":\"ListItem\",\"position\":1,\"name\":\"Home\",\"item\":\"https:\/\/swanseapcf.org\/\"},{\"@type\":\"ListItem\",\"position\":2,\"name\":\"Who We Are\"}]},{\"@type\":\"WebSite\",\"@id\":\"https:\/\/swanseapcf.org\/#website\",\"url\":\"https:\/\/swanseapcf.org\/\",\"name\":\"Swansea Parent Carer Forum\",\"description\":\"Working together to influence chnage\",\"publisher\":{\"@id\":\"https:\/\/swanseapcf.org\/#organization\"},\"potentialAction\":[{\"@type\":\"SearchAction\",\"target\":{\"@type\":\"EntryPoint\",\"urlTemplate\":\"https:\/\/swanseapcf.org\/?s={search_term_string}\"},\"query-input\":{\"@type\":\"PropertyValueSpecification\",\"valueRequired\":true,\"valueName\":\"search_term_string\"}}],\"inLanguage\":\"de-DE\"},{\"@type\":\"Organization\",\"@id\":\"https:\/\/swanseapcf.org\/#organization\",\"name\":\"Swansea Parent Care Forum\",\"url\":\"https:\/\/swanseapcf.org\/\",\"logo\":{\"@type\":\"ImageObject\",\"inLanguage\":\"de-DE\",\"@id\":\"https:\/\/swanseapcf.org\/#\/schema\/logo\/image\/\",\"url\":\"https:\/\/swanseapcf.org\/wp-content\/uploads\/2019\/10\/SPCF-Logo@2x.png\",\"contentUrl\":\"https:\/\/swanseapcf.org\/wp-content\/uploads\/2019\/10\/SPCF-Logo@2x.png\",\"width\":768,\"height\":202,\"caption\":\"Swansea Parent Care Forum\"},\"image\":{\"@id\":\"https:\/\/swanseapcf.org\/#\/schema\/logo\/image\/\"},\"sameAs\":[\"https:\/\/www.facebook.com\/SwanseaPCF\/\",\"https:\/\/x.com\/SwanseaPCF\",\"https:\/\/www.instagram.com\/swanseapcf\/\",\"https:\/\/www.youtube.com\/channel\/UCOTKLBxoPadw_LYukVDhs3Q\"]}]}<\/script>\n<!-- \/ Yoast SEO plugin. -->","yoast_head_json":{"title":"Who We Are - Swansea Parent Carer Forum","description":"Meet everyone involved with Swansea Parent Carer Forum.","robots":{"index":"index","follow":"follow","max-snippet":"max-snippet:-1","max-image-preview":"max-image-preview:large","max-video-preview":"max-video-preview:-1"},"canonical":"https:\/\/swanseapcf.org\/de\/who-we-are\/","og_locale":"de_DE","og_type":"article","og_title":"Who We Are - Swansea Parent Carer Forum","og_description":"Meet everyone involved with Swansea Parent Carer Forum.","og_url":"https:\/\/swanseapcf.org\/de\/who-we-are\/","og_site_name":"Swansea Parent Carer Forum","article_publisher":"https:\/\/www.facebook.com\/SwanseaPCF\/","article_modified_time":"2026-02-10T10:29:21+00:00","og_image":[{"width":584,"height":768,"url":"https:\/\/swanseapcf.org\/wp-content\/uploads\/2019\/10\/Joanann-Phillips.jpg","type":"image\/jpeg"}],"twitter_card":"summary_large_image","twitter_site":"@SwanseaPCF","twitter_misc":{"Gesch\u00e4tzte Lesezeit":"3 Minuten"},"schema":{"@context":"https:\/\/schema.org","@graph":[{"@type":"WebPage","@id":"https:\/\/swanseapcf.org\/who-we-are\/","url":"https:\/\/swanseapcf.org\/who-we-are\/","name":"Who We Are - Swansea Parent Carer Forum","isPartOf":{"@id":"https:\/\/swanseapcf.org\/#website"},"primaryImageOfPage":{"@id":"https:\/\/swanseapcf.org\/who-we-are\/#primaryimage"},"image":{"@id":"https:\/\/swanseapcf.org\/who-we-are\/#primaryimage"},"thumbnailUrl":"https:\/\/swanseapcf.org\/wp-content\/uploads\/2019\/10\/Joanann-Phillips.jpg","datePublished":"2019-10-15T10:47:36+00:00","dateModified":"2026-02-10T10:29:21+00:00","description":"Meet everyone involved with Swansea Parent Carer Forum.","breadcrumb":{"@id":"https:\/\/swanseapcf.org\/who-we-are\/#breadcrumb"},"inLanguage":"de-DE","potentialAction":[{"@type":"ReadAction","target":["https:\/\/swanseapcf.org\/who-we-are\/"]}]},{"@type":"ImageObject","inLanguage":"de-DE","@id":"https:\/\/swanseapcf.org\/who-we-are\/#primaryimage","url":"https:\/\/swanseapcf.org\/wp-content\/uploads\/2019\/10\/Joanann-Phillips.jpg","contentUrl":"https:\/\/swanseapcf.org\/wp-content\/uploads\/2019\/10\/Joanann-Phillips.jpg"},{"@type":"BreadcrumbList","@id":"https:\/\/swanseapcf.org\/who-we-are\/#breadcrumb","itemListElement":[{"@type":"ListItem","position":1,"name":"Home","item":"https:\/\/swanseapcf.org\/"},{"@type":"ListItem","position":2,"name":"Who We Are"}]},{"@type":"WebSite","@id":"https:\/\/swanseapcf.org\/#website","url":"https:\/\/swanseapcf.org\/","name":"Swansea Parent Carer Forum","description":"Working together to influence chnage","publisher":{"@id":"https:\/\/swanseapcf.org\/#organization"},"potentialAction":[{"@type":"SearchAction","target":{"@type":"EntryPoint","urlTemplate":"https:\/\/swanseapcf.org\/?s={search_term_string}"},"query-input":{"@type":"PropertyValueSpecification","valueRequired":true,"valueName":"search_term_string"}}],"inLanguage":"de-DE"},{"@type":"Organization","@id":"https:\/\/swanseapcf.org\/#organization","name":"Swansea Parent Care Forum","url":"https:\/\/swanseapcf.org\/","logo":{"@type":"ImageObject","inLanguage":"de-DE","@id":"https:\/\/swanseapcf.org\/#\/schema\/logo\/image\/","url":"https:\/\/swanseapcf.org\/wp-content\/uploads\/2019\/10\/SPCF-Logo@2x.png","contentUrl":"https:\/\/swanseapcf.org\/wp-content\/uploads\/2019\/10\/SPCF-Logo@2x.png","width":768,"height":202,"caption":"Swansea Parent Care Forum"},"image":{"@id":"https:\/\/swanseapcf.org\/#\/schema\/logo\/image\/"},"sameAs":["https:\/\/www.facebook.com\/SwanseaPCF\/","https:\/\/x.com\/SwanseaPCF","https:\/\/www.instagram.com\/swanseapcf\/","https:\/\/www.youtube.com\/channel\/UCOTKLBxoPadw_LYukVDhs3Q"]}]}},"_links":{"self":[{"href":"https:\/\/swanseapcf.org\/de\/wp-json\/wp\/v2\/pages\/100"}],"collection":[{"href":"https:\/\/swanseapcf.org\/de\/wp-json\/wp\/v2\/pages"}],"about":[{"href":"https:\/\/swanseapcf.org\/de\/wp-json\/wp\/v2\/types\/page"}],"author":[{"embeddable":true,"href":"https:\/\/swanseapcf.org\/de\/wp-json\/wp\/v2\/users\/1"}],"replies":[{"embeddable":true,"href":"https:\/\/swanseapcf.org\/de\/wp-json\/wp\/v2\/comments?post=100"}],"version-history":[{"count":147,"href":"https:\/\/swanseapcf.org\/de\/wp-json\/wp\/v2\/pages\/100\/revisions"}],"predecessor-version":[{"id":1332,"href":"https:\/\/swanseapcf.org\/de\/wp-json\/wp\/v2\/pages\/100\/revisions\/1332"}],"wp:attachment":[{"href":"https:\/\/swanseapcf.org\/de\/wp-json\/wp\/v2\/media?parent=100"}],"curies":[{"name":"wp","href":"https:\/\/api.w.org\/{rel}","templated":true}]}}