{"id":7,"date":"2019-10-11T14:37:46","date_gmt":"2019-10-11T13:37:46","guid":{"rendered":"https:\/\/swanseapcf.org\/?page_id=7"},"modified":"2024-10-09T15:14:32","modified_gmt":"2024-10-09T14:14:32","slug":"swansea-parent-carer-forum","status":"publish","type":"page","link":"https:\/\/swanseapcf.org\/cs\/","title":{"rendered":"F\u00f3rum rodi\u010dovsk\u00fdch pe\u010dovatel\u016f Swansea"},"content":{"rendered":"<div data-elementor-type=\"wp-page\" data-elementor-id=\"7\" class=\"elementor elementor-7\" data-elementor-post-type=\"page\">\n\t\t\t\t\t\t<section class=\"elementor-section elementor-top-section elementor-element elementor-element-47c2a36 elementor-section-height-min-height elementor-section-items-top elementor-section-boxed elementor-section-height-default\" data-id=\"47c2a36\" data-element_type=\"section\" data-settings=\"{&quot;background_background&quot;:&quot;classic&quot;}\">\n\t\t\t\t\t\t<div class=\"elementor-container elementor-column-gap-default\">\n\t\t\t\t\t<div class=\"elementor-column elementor-col-100 elementor-top-column elementor-element elementor-element-7aa5286\" data-id=\"7aa5286\" data-element_type=\"column\">\n\t\t\t<div class=\"elementor-widget-wrap elementor-element-populated\">\n\t\t\t\t\t\t<div class=\"elementor-element elementor-element-6ee8781 elementor-widget__width-initial elementor-widget elementor-widget-heading\" data-id=\"6ee8781\" data-element_type=\"widget\" data-widget_type=\"heading.default\">\n\t\t\t\t<div class=\"elementor-widget-container\">\n\t\t\t<h1 class=\"elementor-heading-title elementor-size-default\">Spolupracovat na ovlivn\u011bn\u00ed zm\u011bn<\/h1>\t\t<\/div>\n\t\t\t\t<\/div>\n\t\t\t\t\t<\/div>\n\t\t<\/div>\n\t\t\t\t\t<\/div>\n\t\t<\/section>\n\t\t\t\t<section class=\"elementor-section elementor-top-section elementor-element elementor-element-fc9daf2 elementor-section-boxed elementor-section-height-default elementor-section-height-default\" data-id=\"fc9daf2\" data-element_type=\"section\">\n\t\t\t\t\t\t<div class=\"elementor-container elementor-column-gap-default\">\n\t\t\t\t\t<div class=\"elementor-column elementor-col-100 elementor-top-column elementor-element elementor-element-7666590\" data-id=\"7666590\" data-element_type=\"column\">\n\t\t\t<div class=\"elementor-widget-wrap elementor-element-populated\">\n\t\t\t\t\t\t<div class=\"elementor-element elementor-element-237d215 elementor-widget elementor-widget-heading\" data-id=\"237d215\" data-element_type=\"widget\" data-widget_type=\"heading.default\">\n\t\t\t\t<div class=\"elementor-widget-container\">\n\t\t\t<h2 class=\"elementor-heading-title elementor-size-default\"><a href=\"\">F\u00f3rum rodi\u010dovsk\u00fdch pe\u010dovatel\u016f Swansea\n\n<\/a><\/h2>\t\t<\/div>\n\t\t\t\t<\/div>\n\t\t\t\t<section class=\"elementor-section elementor-inner-section elementor-element elementor-element-f6bf014 elementor-section-boxed elementor-section-height-default elementor-section-height-default\" data-id=\"f6bf014\" data-element_type=\"section\">\n\t\t\t\t\t\t<div class=\"elementor-container elementor-column-gap-wide\">\n\t\t\t\t\t<div class=\"elementor-column elementor-col-25 elementor-inner-column elementor-element elementor-element-7db6195\" data-id=\"7db6195\" data-element_type=\"column\">\n\t\t\t<div class=\"elementor-widget-wrap elementor-element-populated\">\n\t\t\t\t\t\t<div class=\"elementor-element elementor-element-55567db elementor-widget elementor-widget-heading\" data-id=\"55567db\" data-element_type=\"widget\" data-widget_type=\"heading.default\">\n\t\t\t\t<div class=\"elementor-widget-container\">\n\t\t\t<h3 class=\"elementor-heading-title elementor-size-default\">Kdo je Swansea Parent Carer Forum?<\/h3>\t\t<\/div>\n\t\t\t\t<\/div>\n\t\t\t\t<div class=\"elementor-element elementor-element-44aceed elementor-widget elementor-widget-text-editor\" data-id=\"44aceed\" data-element_type=\"widget\" data-widget_type=\"text-editor.default\">\n\t\t\t\t<div class=\"elementor-widget-container\">\n\t\t\t\t\t\t\t<p><strong>My jsme<\/strong> skupina dobrovoln\u00fdch rodi\u010d\u016f pe\u010duj\u00edc\u00edch. Na\u0161e d\u011bti jsou zapojeny do slu\u017eeb pro d\u011bti, slu\u017eeb pro dosp\u011bl\u00e9, vzd\u011bl\u00e1v\u00e1n\u00ed a zdravotnictv\u00ed.<\/p><p><strong>Pracujeme <\/strong>s ale jsou nez\u00e1visl\u00e9 na City &amp; County of Swansea a chceme zajistit, aby slu\u017eby vyhovovaly pot\u0159eb\u00e1m posti\u017een\u00fdch d\u011bt\u00ed*, mlad\u00fdch lid\u00ed, dosp\u011bl\u00fdch a jejich rodin.<\/p><p><strong>V\u011b\u0159\u00edme<\/strong> v\u00e1\u0161niv\u011b, \u017ee koproduktivn\u00ed spolupr\u00e1ce s radou Swansea a dal\u0161\u00edmi poskytovateli slu\u017eeb stav\u00ed hlas posti\u017een\u00fdch d\u011bt\u00ed* v\u0161ech v\u011bkov\u00fdch kategori\u00ed a jejich rodin do centra rozhodov\u00e1n\u00ed a poskytuje slu\u017eby, kter\u00e9 funguj\u00ed pro na\u0161i komunitu.<\/p><p><strong>Na\u0161e vize<\/strong> je pro Swansea m\u00edstem, kde jsou hlasy rodin oce\u0148ov\u00e1ny a efektivn\u011b vyu\u017e\u00edv\u00e1ny k dosa\u017een\u00ed spravedliv\u00e9 a inkluzivn\u00ed kvality \u017eivota na\u0161ich d\u011bt\u00ed* v\u0161ech v\u011bkov\u00fdch kategori\u00ed.<\/p>\t\t\t\t\t\t<\/div>\n\t\t\t\t<\/div>\n\t\t\t\t\t<\/div>\n\t\t<\/div>\n\t\t\t\t<div class=\"elementor-column elementor-col-25 elementor-inner-column elementor-element elementor-element-00dc1a2\" data-id=\"00dc1a2\" data-element_type=\"column\">\n\t\t\t<div class=\"elementor-widget-wrap elementor-element-populated\">\n\t\t\t\t\t\t<div class=\"elementor-element elementor-element-2bcc7ad elementor-widget elementor-widget-heading\" data-id=\"2bcc7ad\" data-element_type=\"widget\" data-widget_type=\"heading.default\">\n\t\t\t\t<div class=\"elementor-widget-container\">\n\t\t\t<h3 class=\"elementor-heading-title elementor-size-default\">CO JE NA\u0160IM C\u00cdLEM?<\/h3>\t\t<\/div>\n\t\t\t\t<\/div>\n\t\t\t\t<div class=\"elementor-element elementor-element-1d58886 elementor-widget elementor-widget-text-editor\" data-id=\"1d58886\" data-element_type=\"widget\" data-widget_type=\"text-editor.default\">\n\t\t\t\t<div class=\"elementor-widget-container\">\n\t\t\t\t\t\t\t<p>Na <strong>koprodukce<\/strong> a <strong>co-design<\/strong> slu\u017eby, kter\u00e9 spl\u0148uj\u00ed pot\u0159eby handicapovan\u00fdch d\u011bt\u00ed* v\u0161ech v\u011bkov\u00fdch kategori\u00ed a jejich rodin.<\/p><p>Abychom rostli, rozv\u00edjeli se a posilovali na\u0161e \u010dlenstv\u00ed, aby bylo siln\u00e9 <strong>kolektivn\u00ed<\/strong> hlas a ovlivnit pozitivn\u00ed zm\u011bnu.<\/p><p>Poskytnout konstruktivn\u00ed <strong>komunika\u010dn\u00ed kan\u00e1l<\/strong> mezi rodi\u010di pe\u010duj\u00edc\u00edmi a strategick\u00fdmi partnery.<\/p><p><em>*Uv\u011bdomujeme si, \u017ee pe\u010dovatel\u00e9 rodi\u010d\u016f se mohou starat o d\u011bti star\u0161\u00ed 25 let.<\/em><\/p>\t\t\t\t\t\t<\/div>\n\t\t\t\t<\/div>\n\t\t\t\t\t<\/div>\n\t\t<\/div>\n\t\t\t\t<div class=\"elementor-column elementor-col-25 elementor-inner-column elementor-element elementor-element-1139964\" data-id=\"1139964\" data-element_type=\"column\">\n\t\t\t<div class=\"elementor-widget-wrap elementor-element-populated\">\n\t\t\t\t\t\t<div class=\"elementor-element elementor-element-d3432db elementor-widget elementor-widget-heading\" data-id=\"d3432db\" data-element_type=\"widget\" data-widget_type=\"heading.default\">\n\t\t\t\t<div class=\"elementor-widget-container\">\n\t\t\t<h3 class=\"elementor-heading-title elementor-size-default\">Jak\u00fd je n\u00e1\u0161 \u00fa\u010del?<\/h3>\t\t<\/div>\n\t\t\t\t<\/div>\n\t\t\t\t<div class=\"elementor-element elementor-element-7dc58b7 elementor-widget elementor-widget-text-editor\" data-id=\"7dc58b7\" data-element_type=\"widget\" data-widget_type=\"text-editor.default\">\n\t\t\t\t<div class=\"elementor-widget-container\">\n\t\t\t\t\t\t\t<p>Jsme an <strong>nez\u00e1visl\u00fd<\/strong> organizace, jej\u00edm\u017e \u00fa\u010delem je:<\/p><p>Strategicky <strong>vliv<\/strong> zm\u011bnit koprodukc\u00ed slu\u017eeb pro posti\u017een\u00e9 d\u011bti*, mlad\u00e9 lidi a dosp\u011bl\u00e9 a jejich rodiny.<\/p><p>Na <strong>umo\u017enit<\/strong> posti\u017een\u00e9 d\u011bti*, mlad\u00ed lid\u00e9 a dosp\u011bl\u00ed a jejich rodiny, aby m\u011bli sv\u016fj hlas** v centru rozhodov\u00e1n\u00ed.<\/p><p>Odr\u00e1\u017eet <strong>rozmanitost<\/strong> na\u0161ich komunit.<\/p><p>Chcete-li vz\u00edt a <strong>na pr\u00e1vech<\/strong> p\u0159\u00edstup a <strong>zmocnit<\/strong> na\u0161\u00ed komunit\u011b.<\/p><p><em>**N\u00e1\u0161 hlas mus\u00ed b\u00fdt zalo\u017een na n\u00e1zorech a zku\u0161enostech rodi\u010d\u016f a pe\u010dovatel\u016f.<\/em><\/p>\t\t\t\t\t\t<\/div>\n\t\t\t\t<\/div>\n\t\t\t\t\t<\/div>\n\t\t<\/div>\n\t\t\t\t<div class=\"elementor-column elementor-col-25 elementor-inner-column elementor-element elementor-element-66cc439\" data-id=\"66cc439\" data-element_type=\"column\" data-settings=\"{&quot;background_background&quot;:&quot;classic&quot;}\">\n\t\t\t<div class=\"elementor-widget-wrap elementor-element-populated\">\n\t\t\t\t\t\t<div class=\"elementor-element elementor-element-092db22 elementor-widget elementor-widget-text-editor\" data-id=\"092db22\" data-element_type=\"widget\" data-widget_type=\"text-editor.default\">\n\t\t\t\t<div class=\"elementor-widget-container\">\n\t\t\t\t\t\t\t<p>Na\u0161e vize:<br \/>&quot;Swansea je m\u00edstem, kde jsou hlasy rodin oce\u0148ov\u00e1ny a efektivn\u011b vyu\u017e\u00edv\u00e1ny k dosa\u017een\u00ed spravedliv\u00e9 a inkluzivn\u00ed kvality \u017eivota na\u0161ich d\u011bt\u00ed v\u0161ech v\u011bkov\u00fdch kategori\u00ed.&quot;<\/p>\t\t\t\t\t\t<\/div>\n\t\t\t\t<\/div>\n\t\t\t\t\t<\/div>\n\t\t<\/div>\n\t\t\t\t\t<\/div>\n\t\t<\/section>\n\t\t\t\t\t<\/div>\n\t\t<\/div>\n\t\t\t\t\t<\/div>\n\t\t<\/section>\n\t\t\t\t<section class=\"elementor-section elementor-top-section elementor-element elementor-element-b80f093 elementor-section-boxed elementor-section-height-default elementor-section-height-default\" data-id=\"b80f093\" data-element_type=\"section\">\n\t\t\t\t\t\t<div class=\"elementor-container elementor-column-gap-default\">\n\t\t\t\t\t<div class=\"elementor-column elementor-col-100 elementor-top-column elementor-element elementor-element-66fb84c\" data-id=\"66fb84c\" data-element_type=\"column\">\n\t\t\t<div class=\"elementor-widget-wrap elementor-element-populated\">\n\t\t\t\t\t\t<div class=\"elementor-element elementor-element-4ffb114 elementor-widget elementor-widget-heading\" data-id=\"4ffb114\" data-element_type=\"widget\" data-widget_type=\"heading.default\">\n\t\t\t\t<div class=\"elementor-widget-container\">\n\t\t\t<h3 class=\"elementor-heading-title elementor-size-default\">Zde je kr\u00e1tk\u00e9 video, kter\u00e9 n\u00e1s p\u0159edstav\u00ed...<\/h3>\t\t<\/div>\n\t\t\t\t<\/div>\n\t\t\t\t<div class=\"elementor-element elementor-element-d934627 elementor-widget elementor-widget-video\" data-id=\"d934627\" data-element_type=\"widget\" data-settings=\"{&quot;youtube_url&quot;:&quot;https:\\\/\\\/www.youtube.com\\\/watch?v=vqMUpKBJacQ&quot;,&quot;video_type&quot;:&quot;youtube&quot;,&quot;controls&quot;:&quot;yes&quot;}\" data-widget_type=\"video.default\">\n\t\t\t\t<div class=\"elementor-widget-container\">\n\t\t\t\t\t<div class=\"elementor-wrapper elementor-open-inline\">\n\t\t\t<div class=\"elementor-video\"><\/div>\t\t<\/div>\n\t\t\t\t<\/div>\n\t\t\t\t<\/div>\n\t\t\t\t\t<\/div>\n\t\t<\/div>\n\t\t\t\t\t<\/div>\n\t\t<\/section>\n\t\t\t\t<\/div>","protected":false},"excerpt":{"rendered":"<p>Spolupr\u00e1ce na ovlivn\u011bn\u00ed zm\u011bn Swansea Parent Carer Forum Kdo je Swansea Parent Carer Forum? Jsme skupina dobrovoln\u00fdch rodi\u010dovsk\u00fdch pe\u010dovatel\u016f. Na\u0161e d\u011bti jsou zapojeny do slu\u017eeb pro d\u011bti, slu\u017eeb pro dosp\u011bl\u00e9, vzd\u011bl\u00e1v\u00e1n\u00ed a zdravotnictv\u00ed. Spolupracujeme s, ale jsme nez\u00e1visl\u00ed na City &amp; County of Swansea, a chceme zajistit, [\u2026]<\/p>","protected":false},"author":1,"featured_media":0,"parent":0,"menu_order":0,"comment_status":"closed","ping_status":"closed","template":"","meta":{"footnotes":""},"class_list":["post-7","page","type-page","status-publish","hentry"],"yoast_head":"<!-- This site is optimized with the Yoast SEO plugin v23.7 - https:\/\/yoast.com\/wordpress\/plugins\/seo\/ -->\n<title>Swansea Parent Carer Forum - Working together to influence change<\/title>\n<meta name=\"description\" content=\"Swansea Parent Carer Forum aim to make sure that local services meet the needs of disabled children, young people, adults and their families.\" \/>\n<meta name=\"robots\" content=\"index, follow, max-snippet:-1, max-image-preview:large, max-video-preview:-1\" \/>\n<link rel=\"canonical\" href=\"https:\/\/swanseapcf.org\/cs\/\" \/>\n<meta property=\"og:locale\" content=\"cs_CZ\" \/>\n<meta property=\"og:type\" content=\"article\" \/>\n<meta property=\"og:title\" content=\"Swansea Parent Carer Forum - Working together to influence change\" \/>\n<meta property=\"og:description\" content=\"Swansea Parent Carer Forum aim to make sure that local services meet the needs of disabled children, young people, adults and their families.\" \/>\n<meta property=\"og:url\" content=\"https:\/\/swanseapcf.org\/cs\/\" \/>\n<meta property=\"og:site_name\" content=\"Swansea Parent Carer Forum\" \/>\n<meta property=\"article:publisher\" content=\"https:\/\/www.facebook.com\/SwanseaPCF\/\" \/>\n<meta property=\"article:modified_time\" content=\"2024-10-09T14:14:32+00:00\" \/>\n<meta property=\"og:image\" content=\"https:\/\/swanseapcf.org\/wp-content\/uploads\/2019\/10\/SPCF-OG-Logo.jpg\" \/>\n\t<meta property=\"og:image:width\" content=\"501\" \/>\n\t<meta property=\"og:image:height\" content=\"261\" \/>\n\t<meta property=\"og:image:type\" content=\"image\/jpeg\" \/>\n<meta name=\"twitter:card\" content=\"summary_large_image\" \/>\n<meta name=\"twitter:site\" content=\"@SwanseaPCF\" \/>\n<meta name=\"twitter:label1\" content=\"Odhadovan\u00e1 doba \u010dten\u00ed\" \/>\n\t<meta name=\"twitter:data1\" content=\"2 minuty\" \/>\n<script type=\"application\/ld+json\" class=\"yoast-schema-graph\">{\"@context\":\"https:\/\/schema.org\",\"@graph\":[{\"@type\":\"WebPage\",\"@id\":\"https:\/\/swanseapcf.org\/\",\"url\":\"https:\/\/swanseapcf.org\/\",\"name\":\"Swansea Parent Carer Forum - Working together to influence change\",\"isPartOf\":{\"@id\":\"https:\/\/swanseapcf.org\/#website\"},\"datePublished\":\"2019-10-11T13:37:46+00:00\",\"dateModified\":\"2024-10-09T14:14:32+00:00\",\"description\":\"Swansea Parent Carer Forum aim to make sure that local services meet the needs of disabled children, young people, adults and their families.\",\"breadcrumb\":{\"@id\":\"https:\/\/swanseapcf.org\/#breadcrumb\"},\"inLanguage\":\"cs\",\"potentialAction\":[{\"@type\":\"ReadAction\",\"target\":[\"https:\/\/swanseapcf.org\/\"]}]},{\"@type\":\"BreadcrumbList\",\"@id\":\"https:\/\/swanseapcf.org\/#breadcrumb\",\"itemListElement\":[{\"@type\":\"ListItem\",\"position\":1,\"name\":\"Home\",\"item\":\"https:\/\/swanseapcf.org\/\"},{\"@type\":\"ListItem\",\"position\":2,\"name\":\"Swansea Parent Carer Forum\"}]},{\"@type\":\"WebSite\",\"@id\":\"https:\/\/swanseapcf.org\/#website\",\"url\":\"https:\/\/swanseapcf.org\/\",\"name\":\"Swansea Parent Carer Forum\",\"description\":\"Working together to influence chnage\",\"publisher\":{\"@id\":\"https:\/\/swanseapcf.org\/#organization\"},\"potentialAction\":[{\"@type\":\"SearchAction\",\"target\":{\"@type\":\"EntryPoint\",\"urlTemplate\":\"https:\/\/swanseapcf.org\/?s={search_term_string}\"},\"query-input\":{\"@type\":\"PropertyValueSpecification\",\"valueRequired\":true,\"valueName\":\"search_term_string\"}}],\"inLanguage\":\"cs\"},{\"@type\":\"Organization\",\"@id\":\"https:\/\/swanseapcf.org\/#organization\",\"name\":\"Swansea Parent Care Forum\",\"url\":\"https:\/\/swanseapcf.org\/\",\"logo\":{\"@type\":\"ImageObject\",\"inLanguage\":\"cs\",\"@id\":\"https:\/\/swanseapcf.org\/#\/schema\/logo\/image\/\",\"url\":\"https:\/\/swanseapcf.org\/wp-content\/uploads\/2019\/10\/SPCF-Logo@2x.png\",\"contentUrl\":\"https:\/\/swanseapcf.org\/wp-content\/uploads\/2019\/10\/SPCF-Logo@2x.png\",\"width\":768,\"height\":202,\"caption\":\"Swansea Parent Care Forum\"},\"image\":{\"@id\":\"https:\/\/swanseapcf.org\/#\/schema\/logo\/image\/\"},\"sameAs\":[\"https:\/\/www.facebook.com\/SwanseaPCF\/\",\"https:\/\/x.com\/SwanseaPCF\",\"https:\/\/www.instagram.com\/swanseapcf\/\",\"https:\/\/www.youtube.com\/channel\/UCOTKLBxoPadw_LYukVDhs3Q\"]}]}<\/script>\n<!-- \/ Yoast SEO plugin. -->","yoast_head_json":{"title":"Swansea Parent Carer Forum - Working together to influence change","description":"Swansea Parent Carer Forum aim to make sure that local services meet the needs of disabled children, young people, adults and their families.","robots":{"index":"index","follow":"follow","max-snippet":"max-snippet:-1","max-image-preview":"max-image-preview:large","max-video-preview":"max-video-preview:-1"},"canonical":"https:\/\/swanseapcf.org\/cs\/","og_locale":"cs_CZ","og_type":"article","og_title":"Swansea Parent Carer Forum - Working together to influence change","og_description":"Swansea Parent Carer Forum aim to make sure that local services meet the needs of disabled children, young people, adults and their families.","og_url":"https:\/\/swanseapcf.org\/cs\/","og_site_name":"Swansea Parent Carer Forum","article_publisher":"https:\/\/www.facebook.com\/SwanseaPCF\/","article_modified_time":"2024-10-09T14:14:32+00:00","og_image":[{"width":501,"height":261,"url":"https:\/\/swanseapcf.org\/wp-content\/uploads\/2019\/10\/SPCF-OG-Logo.jpg","type":"image\/jpeg"}],"twitter_card":"summary_large_image","twitter_site":"@SwanseaPCF","twitter_misc":{"Odhadovan\u00e1 doba \u010dten\u00ed":"2 minuty"},"schema":{"@context":"https:\/\/schema.org","@graph":[{"@type":"WebPage","@id":"https:\/\/swanseapcf.org\/","url":"https:\/\/swanseapcf.org\/","name":"Swansea Parent Carer Forum - Working together to influence change","isPartOf":{"@id":"https:\/\/swanseapcf.org\/#website"},"datePublished":"2019-10-11T13:37:46+00:00","dateModified":"2024-10-09T14:14:32+00:00","description":"Swansea Parent Carer Forum aim to make sure that local services meet the needs of disabled children, young people, adults and their families.","breadcrumb":{"@id":"https:\/\/swanseapcf.org\/#breadcrumb"},"inLanguage":"cs","potentialAction":[{"@type":"ReadAction","target":["https:\/\/swanseapcf.org\/"]}]},{"@type":"BreadcrumbList","@id":"https:\/\/swanseapcf.org\/#breadcrumb","itemListElement":[{"@type":"ListItem","position":1,"name":"Home","item":"https:\/\/swanseapcf.org\/"},{"@type":"ListItem","position":2,"name":"Swansea Parent Carer Forum"}]},{"@type":"WebSite","@id":"https:\/\/swanseapcf.org\/#website","url":"https:\/\/swanseapcf.org\/","name":"Swansea Parent Carer Forum","description":"Working together to influence chnage","publisher":{"@id":"https:\/\/swanseapcf.org\/#organization"},"potentialAction":[{"@type":"SearchAction","target":{"@type":"EntryPoint","urlTemplate":"https:\/\/swanseapcf.org\/?s={search_term_string}"},"query-input":{"@type":"PropertyValueSpecification","valueRequired":true,"valueName":"search_term_string"}}],"inLanguage":"cs"},{"@type":"Organization","@id":"https:\/\/swanseapcf.org\/#organization","name":"Swansea Parent Care Forum","url":"https:\/\/swanseapcf.org\/","logo":{"@type":"ImageObject","inLanguage":"cs","@id":"https:\/\/swanseapcf.org\/#\/schema\/logo\/image\/","url":"https:\/\/swanseapcf.org\/wp-content\/uploads\/2019\/10\/SPCF-Logo@2x.png","contentUrl":"https:\/\/swanseapcf.org\/wp-content\/uploads\/2019\/10\/SPCF-Logo@2x.png","width":768,"height":202,"caption":"Swansea Parent Care Forum"},"image":{"@id":"https:\/\/swanseapcf.org\/#\/schema\/logo\/image\/"},"sameAs":["https:\/\/www.facebook.com\/SwanseaPCF\/","https:\/\/x.com\/SwanseaPCF","https:\/\/www.instagram.com\/swanseapcf\/","https:\/\/www.youtube.com\/channel\/UCOTKLBxoPadw_LYukVDhs3Q"]}]}},"_links":{"self":[{"href":"https:\/\/swanseapcf.org\/cs\/wp-json\/wp\/v2\/pages\/7"}],"collection":[{"href":"https:\/\/swanseapcf.org\/cs\/wp-json\/wp\/v2\/pages"}],"about":[{"href":"https:\/\/swanseapcf.org\/cs\/wp-json\/wp\/v2\/types\/page"}],"author":[{"embeddable":true,"href":"https:\/\/swanseapcf.org\/cs\/wp-json\/wp\/v2\/users\/1"}],"replies":[{"embeddable":true,"href":"https:\/\/swanseapcf.org\/cs\/wp-json\/wp\/v2\/comments?post=7"}],"version-history":[{"count":116,"href":"https:\/\/swanseapcf.org\/cs\/wp-json\/wp\/v2\/pages\/7\/revisions"}],"predecessor-version":[{"id":1168,"href":"https:\/\/swanseapcf.org\/cs\/wp-json\/wp\/v2\/pages\/7\/revisions\/1168"}],"wp:attachment":[{"href":"https:\/\/swanseapcf.org\/cs\/wp-json\/wp\/v2\/media?parent=7"}],"curies":[{"name":"wp","href":"https:\/\/api.w.org\/{rel}","templated":true}]}}