{"id":164,"date":"2019-10-17T10:11:38","date_gmt":"2019-10-17T09:11:38","guid":{"rendered":"https:\/\/swanseapcf.org\/?page_id=164"},"modified":"2021-07-11T20:55:35","modified_gmt":"2021-07-11T19:55:35","slug":"privacy-policy","status":"publish","type":"page","link":"https:\/\/swanseapcf.org\/cs\/privacy-policy\/","title":{"rendered":"Z\u00e1sady ochrany osobn\u00edch \u00fadaj\u016f"},"content":{"rendered":"<div data-elementor-type=\"wp-page\" data-elementor-id=\"164\" class=\"elementor elementor-164\" data-elementor-post-type=\"page\">\n\t\t\t\t\t\t<section class=\"elementor-section elementor-top-section elementor-element elementor-element-0ee29ab elementor-section-boxed elementor-section-height-default elementor-section-height-default\" data-id=\"0ee29ab\" data-element_type=\"section\">\n\t\t\t\t\t\t<div class=\"elementor-container elementor-column-gap-default\">\n\t\t\t\t\t<div class=\"elementor-column elementor-col-100 elementor-top-column elementor-element elementor-element-857de8b\" data-id=\"857de8b\" data-element_type=\"column\">\n\t\t\t<div class=\"elementor-widget-wrap elementor-element-populated\">\n\t\t\t\t\t\t<div class=\"elementor-element elementor-element-9c303f8 elementor-widget elementor-widget-heading\" data-id=\"9c303f8\" data-element_type=\"widget\" data-widget_type=\"heading.default\">\n\t\t\t\t<div class=\"elementor-widget-container\">\n\t\t\t<h2 class=\"elementor-heading-title elementor-size-default\">Z\u00e1sady ochrany osobn\u00edch \u00fadaj\u016f a ochrany osobn\u00edch \u00fadaj\u016f spole\u010dnosti Swansea PCF<\/h2>\t\t<\/div>\n\t\t\t\t<\/div>\n\t\t\t\t\t<\/div>\n\t\t<\/div>\n\t\t\t\t\t<\/div>\n\t\t<\/section>\n\t\t\t\t<section class=\"elementor-section elementor-top-section elementor-element elementor-element-7b1e6a5 elementor-reverse-mobile elementor-section-boxed elementor-section-height-default elementor-section-height-default\" data-id=\"7b1e6a5\" data-element_type=\"section\" data-settings=\"{&quot;background_background&quot;:&quot;classic&quot;}\">\n\t\t\t\t\t\t<div class=\"elementor-container elementor-column-gap-default\">\n\t\t\t\t\t<div class=\"elementor-column elementor-col-100 elementor-top-column elementor-element elementor-element-e36585b\" data-id=\"e36585b\" data-element_type=\"column\">\n\t\t\t<div class=\"elementor-widget-wrap elementor-element-populated\">\n\t\t\t\t\t\t<div class=\"elementor-element elementor-element-9a1dea7 elementor-widget elementor-widget-text-editor\" data-id=\"9a1dea7\" data-element_type=\"widget\" data-widget_type=\"text-editor.default\">\n\t\t\t\t<div class=\"elementor-widget-container\">\n\t\t\t\t\t\t\t<p>Swansea Parent Carer Forum (SPCF) bude pln\u011b vyhovovat Spojen\u00e9mu kr\u00e1lovstv\u00ed <a href=\"https:\/\/www.gov.uk\/government\/publications\/guide-to-the-general-data-protection-regulation\" target=\"_blank\" rel=\"noopener\">Obecn\u00e9 na\u0159\u00edzen\u00ed o ochran\u011b osobn\u00edch \u00fadaj\u016f 2018 (GDPR)<\/a> a p\u0159\u00edsn\u00e9 z\u00e1sady uv\u00e1d\u011bj\u00edc\u00ed, \u017ee informace mus\u00ed b\u00fdt:<\/p><ul><li>Zpracov\u00e1no spravedliv\u011b, z\u00e1konn\u011b a transparentn\u011b ve vztahu k subjektu \u00fadaj\u016f.<\/li><li>Shroma\u017e\u010fov\u00e1ny pro konkr\u00e9tn\u00ed, explicitn\u00ed a legitimn\u00ed \u00fa\u010dely a nejsou d\u00e1le zpracov\u00e1v\u00e1ny pro jin\u00e9 \u00fa\u010dely neslu\u010diteln\u00e9 s t\u011bmito \u00fa\u010dely. Dal\u0161\u00ed zpracov\u00e1n\u00ed pro \u00fa\u010dely archivace nebo statistick\u00e9 \u00fa\u010dely se pova\u017euje za slu\u010diteln\u00e9 s p\u016fvodn\u00edmi \u00fa\u010dely.<\/li><li>P\u0159im\u011b\u0159en\u00e9, relevantn\u00ed a omezen\u00e9 na to, co je nezbytn\u00e9 ve vztahu k \u00fa\u010delu, pro kter\u00fd jsou \u00fadaje zpracov\u00e1v\u00e1ny.<\/li><li>P\u0159esn\u00e9 a v p\u0159\u00edpad\u011b pot\u0159eby aktualizovan\u00e9. Je t\u0159eba p\u0159ijmout p\u0159im\u011b\u0159en\u00e1 opat\u0159en\u00ed k zaji\u0161t\u011bn\u00ed toho, aby osobn\u00ed \u00fadaje, kter\u00e9 jsou nep\u0159esn\u00e9 s ohledem na \u00fa\u010dely, pro kter\u00e9 jsou zpracov\u00e1v\u00e1ny, byly neprodlen\u011b odstran\u011bny nebo opraveny.<\/li><li>Uchov\u00e1v\u00e1ny ve form\u011b, kter\u00e1 umo\u017e\u0148uje identifikaci subjekt\u016f \u00fadaj\u016f ne d\u00e9le, ne\u017e je nezbytn\u00e9 pro \u00fa\u010dely, pro kter\u00e9 jsou osobn\u00ed \u00fadaje zpracov\u00e1v\u00e1ny. Osobn\u00ed \u00fadaje mohou b\u00fdt ulo\u017eeny po del\u0161\u00ed dobu, pokud budou osobn\u00ed \u00fadaje zpracov\u00e1v\u00e1ny v\u00fdhradn\u011b pro \u00fa\u010dely archivace, v z\u00e1jmu ve\u0159ejn\u00e9ho, v\u011bdeck\u00e9ho nebo historick\u00e9ho v\u00fdzkumu, za p\u0159edpokladu proveden\u00ed p\u0159\u00edslu\u0161n\u00fdch technick\u00fdch a organiza\u010dn\u00edch opat\u0159en\u00ed po\u017eadovan\u00fdch GDPR za \u00fa\u010delem ochrany pr\u00e1va a svobody jednotlivc\u016f.<\/li><li>Zpracov\u00e1no zp\u016fsobem, kter\u00fd zaji\u0161\u0165uje p\u0159im\u011b\u0159en\u00e9 zabezpe\u010den\u00ed osobn\u00edch \u00fadaj\u016f, v\u010detn\u011b ochrany p\u0159ed nez\u00e1konn\u00fdm nebo neopr\u00e1vn\u011bn\u00fdm zpracov\u00e1n\u00edm a p\u0159ed n\u00e1hodnou ztr\u00e1tou, zni\u010den\u00edm nebo po\u0161kozen\u00edm, za pou\u017eit\u00ed vhodn\u00fdch technick\u00fdch nebo organiza\u010dn\u00edch opat\u0159en\u00ed.<\/li><\/ul>\t\t\t\t\t\t<\/div>\n\t\t\t\t<\/div>\n\t\t\t\t<div class=\"elementor-element elementor-element-0a1cc24 elementor-widget elementor-widget-heading\" data-id=\"0a1cc24\" data-element_type=\"widget\" data-widget_type=\"heading.default\">\n\t\t\t\t<div class=\"elementor-widget-container\">\n\t\t\t<h3 class=\"elementor-heading-title elementor-size-default\">Prohl\u00e1\u0161en\u00ed o ochran\u011b soukrom\u00ed<\/h3>\t\t<\/div>\n\t\t\t\t<\/div>\n\t\t\t\t<div class=\"elementor-element elementor-element-03868c2 elementor-widget elementor-widget-text-editor\" data-id=\"03868c2\" data-element_type=\"widget\" data-widget_type=\"text-editor.default\">\n\t\t\t\t<div class=\"elementor-widget-container\">\n\t\t\t\t\t\t\t<ul><li>Swansea Parent Carer Forum (SPCF) bude uchov\u00e1vat osobn\u00ed \u00fadaje v bezpe\u010d\u00ed, a\u0165 u\u017e jsou ulo\u017eeny v pap\u00edrov\u00e9 nebo elektronick\u00e9 podob\u011b.<\/li><li>Uchovan\u00e9 informace nebudou poskytnuty \u017e\u00e1dn\u00e9 dal\u0161\u00ed stran\u011b, pokud nemaj\u00ed opr\u00e1vn\u011bn\u00ed je vid\u011bt nebo nemaj\u00ed zvl\u00e1\u0161tn\u00ed povolen\u00ed od osoby, kter\u00e9 se t\u00fdkaj\u00ed.<\/li><li>Ka\u017ed\u00e1 osoba m\u016f\u017ee kdykoli po\u017e\u00e1dat o odstran\u011bn\u00ed sv\u00fdch osobn\u00edch \u00fadaj\u016f z na\u0161ich z\u00e1znam\u016f.<\/li><li>Ka\u017ed\u00e1 osoba si m\u016f\u017ee kdykoli vy\u017e\u00e1dat kopii informac\u00ed, kter\u00e9 o n\u00ed m\u00e1 SPCF.<\/li><li>\u010clensk\u00e1 datab\u00e1ze nesm\u00ed b\u00fdt za \u017e\u00e1dn\u00fdch okolnost\u00ed zas\u00edl\u00e1na e-mailem a bude ulo\u017eena v syst\u00e9mu se \u0161ifrovan\u00fdm p\u0159\u00edstupem.<\/li><li>\u010clenskou datab\u00e1zi mohou vlastnit pouze jmenovan\u00ed \u010dlenov\u00e9 vedouc\u00edho t\u00fdmu nebo zam\u011bstnanci pracuj\u00edc\u00ed pro SPCF.<\/li><li>Tato politika bude ka\u017edoro\u010dn\u011b revidov\u00e1na.<\/li><\/ul>\t\t\t\t\t\t<\/div>\n\t\t\t\t<\/div>\n\t\t\t\t\t<\/div>\n\t\t<\/div>\n\t\t\t\t\t<\/div>\n\t\t<\/section>\n\t\t\t\t<\/div>","protected":false},"excerpt":{"rendered":"<p>Z\u00e1sady ochrany dat a soukrom\u00ed Swansea PCF Swansea Parent Carer Forum (SPCF) bude pln\u011b v souladu s britsk\u00fdm obecn\u00fdm na\u0159\u00edzen\u00edm o ochran\u011b osobn\u00edch \u00fadaj\u016f 2018 (GDPR) a p\u0159\u00edsn\u00fdmi z\u00e1sadami, kter\u00e9 stanov\u00ed, \u017ee informace mus\u00ed b\u00fdt: Zpracov\u00e1ny spravedliv\u011b, z\u00e1konn\u011b a transparentn\u00edm zp\u016fsobem ve vztahu k subjekt \u00fadaj\u016f. Shroma\u017e\u010fov\u00e1ny pro konkr\u00e9tn\u00ed, explicitn\u00ed a legitimn\u00ed \u00fa\u010dely a [\u2026]<\/p>","protected":false},"author":1,"featured_media":0,"parent":0,"menu_order":0,"comment_status":"closed","ping_status":"closed","template":"","meta":{"footnotes":""},"class_list":["post-164","page","type-page","status-publish","hentry"],"yoast_head":"<!-- This site is optimized with the Yoast SEO plugin v23.7 - https:\/\/yoast.com\/wordpress\/plugins\/seo\/ -->\n<title>Privacy Policy - Swansea Parent Carer Forum<\/title>\n<meta name=\"robots\" content=\"noindex, follow\" \/>\n<meta property=\"og:locale\" content=\"cs_CZ\" \/>\n<meta property=\"og:type\" content=\"article\" \/>\n<meta property=\"og:title\" content=\"Privacy Policy - Swansea Parent Carer Forum\" \/>\n<meta property=\"og:description\" content=\"Swansea PCF Data Protection &#038; Privacy Policy Swansea Parent Carer Forum (SPCF) will fully comply with the UK General Data Protection Regulation 2018 (GDPR) and the strict principles stating that information must be: Processed fairly, lawfully and in a transparent manner in relation to the data subject. Collected for specified, explicit and legitimate purposes, and [&hellip;]\" \/>\n<meta property=\"og:url\" content=\"https:\/\/swanseapcf.org\/cs\/privacy-policy\/\" \/>\n<meta property=\"og:site_name\" content=\"Swansea Parent Carer Forum\" \/>\n<meta property=\"article:publisher\" content=\"https:\/\/www.facebook.com\/SwanseaPCF\/\" \/>\n<meta property=\"article:modified_time\" content=\"2021-07-11T19:55:35+00:00\" \/>\n<meta property=\"og:image\" content=\"https:\/\/swanseapcf.org\/wp-content\/uploads\/2019\/10\/SPCF-OG-Logo.jpg\" \/>\n\t<meta property=\"og:image:width\" content=\"501\" \/>\n\t<meta property=\"og:image:height\" content=\"261\" \/>\n\t<meta property=\"og:image:type\" content=\"image\/jpeg\" \/>\n<meta name=\"twitter:card\" content=\"summary_large_image\" \/>\n<meta name=\"twitter:site\" content=\"@SwanseaPCF\" \/>\n<meta name=\"twitter:label1\" content=\"Odhadovan\u00e1 doba \u010dten\u00ed\" \/>\n\t<meta name=\"twitter:data1\" content=\"2 minuty\" \/>\n<script type=\"application\/ld+json\" class=\"yoast-schema-graph\">{\"@context\":\"https:\/\/schema.org\",\"@graph\":[{\"@type\":\"WebPage\",\"@id\":\"https:\/\/swanseapcf.org\/privacy-policy\/\",\"url\":\"https:\/\/swanseapcf.org\/privacy-policy\/\",\"name\":\"Privacy Policy - Swansea Parent Carer Forum\",\"isPartOf\":{\"@id\":\"https:\/\/swanseapcf.org\/#website\"},\"datePublished\":\"2019-10-17T09:11:38+00:00\",\"dateModified\":\"2021-07-11T19:55:35+00:00\",\"breadcrumb\":{\"@id\":\"https:\/\/swanseapcf.org\/privacy-policy\/#breadcrumb\"},\"inLanguage\":\"cs\",\"potentialAction\":[{\"@type\":\"ReadAction\",\"target\":[\"https:\/\/swanseapcf.org\/privacy-policy\/\"]}]},{\"@type\":\"BreadcrumbList\",\"@id\":\"https:\/\/swanseapcf.org\/privacy-policy\/#breadcrumb\",\"itemListElement\":[{\"@type\":\"ListItem\",\"position\":1,\"name\":\"Home\",\"item\":\"https:\/\/swanseapcf.org\/\"},{\"@type\":\"ListItem\",\"position\":2,\"name\":\"Privacy Policy\"}]},{\"@type\":\"WebSite\",\"@id\":\"https:\/\/swanseapcf.org\/#website\",\"url\":\"https:\/\/swanseapcf.org\/\",\"name\":\"Swansea Parent Carer Forum\",\"description\":\"Working together to influence chnage\",\"publisher\":{\"@id\":\"https:\/\/swanseapcf.org\/#organization\"},\"potentialAction\":[{\"@type\":\"SearchAction\",\"target\":{\"@type\":\"EntryPoint\",\"urlTemplate\":\"https:\/\/swanseapcf.org\/?s={search_term_string}\"},\"query-input\":{\"@type\":\"PropertyValueSpecification\",\"valueRequired\":true,\"valueName\":\"search_term_string\"}}],\"inLanguage\":\"cs\"},{\"@type\":\"Organization\",\"@id\":\"https:\/\/swanseapcf.org\/#organization\",\"name\":\"Swansea Parent Care Forum\",\"url\":\"https:\/\/swanseapcf.org\/\",\"logo\":{\"@type\":\"ImageObject\",\"inLanguage\":\"cs\",\"@id\":\"https:\/\/swanseapcf.org\/#\/schema\/logo\/image\/\",\"url\":\"https:\/\/swanseapcf.org\/wp-content\/uploads\/2019\/10\/SPCF-Logo@2x.png\",\"contentUrl\":\"https:\/\/swanseapcf.org\/wp-content\/uploads\/2019\/10\/SPCF-Logo@2x.png\",\"width\":768,\"height\":202,\"caption\":\"Swansea Parent Care Forum\"},\"image\":{\"@id\":\"https:\/\/swanseapcf.org\/#\/schema\/logo\/image\/\"},\"sameAs\":[\"https:\/\/www.facebook.com\/SwanseaPCF\/\",\"https:\/\/x.com\/SwanseaPCF\",\"https:\/\/www.instagram.com\/swanseapcf\/\",\"https:\/\/www.youtube.com\/channel\/UCOTKLBxoPadw_LYukVDhs3Q\"]}]}<\/script>\n<!-- \/ Yoast SEO plugin. -->","yoast_head_json":{"title":"Privacy Policy - Swansea Parent Carer Forum","robots":{"index":"noindex","follow":"follow"},"og_locale":"cs_CZ","og_type":"article","og_title":"Privacy Policy - Swansea Parent Carer Forum","og_description":"Swansea PCF Data Protection &#038; Privacy Policy Swansea Parent Carer Forum (SPCF) will fully comply with the UK General Data Protection Regulation 2018 (GDPR) and the strict principles stating that information must be: Processed fairly, lawfully and in a transparent manner in relation to the data subject. Collected for specified, explicit and legitimate purposes, and [&hellip;]","og_url":"https:\/\/swanseapcf.org\/cs\/privacy-policy\/","og_site_name":"Swansea Parent Carer Forum","article_publisher":"https:\/\/www.facebook.com\/SwanseaPCF\/","article_modified_time":"2021-07-11T19:55:35+00:00","og_image":[{"width":501,"height":261,"url":"https:\/\/swanseapcf.org\/wp-content\/uploads\/2019\/10\/SPCF-OG-Logo.jpg","type":"image\/jpeg"}],"twitter_card":"summary_large_image","twitter_site":"@SwanseaPCF","twitter_misc":{"Odhadovan\u00e1 doba \u010dten\u00ed":"2 minuty"},"schema":{"@context":"https:\/\/schema.org","@graph":[{"@type":"WebPage","@id":"https:\/\/swanseapcf.org\/privacy-policy\/","url":"https:\/\/swanseapcf.org\/privacy-policy\/","name":"Privacy Policy - Swansea Parent Carer Forum","isPartOf":{"@id":"https:\/\/swanseapcf.org\/#website"},"datePublished":"2019-10-17T09:11:38+00:00","dateModified":"2021-07-11T19:55:35+00:00","breadcrumb":{"@id":"https:\/\/swanseapcf.org\/privacy-policy\/#breadcrumb"},"inLanguage":"cs","potentialAction":[{"@type":"ReadAction","target":["https:\/\/swanseapcf.org\/privacy-policy\/"]}]},{"@type":"BreadcrumbList","@id":"https:\/\/swanseapcf.org\/privacy-policy\/#breadcrumb","itemListElement":[{"@type":"ListItem","position":1,"name":"Home","item":"https:\/\/swanseapcf.org\/"},{"@type":"ListItem","position":2,"name":"Privacy Policy"}]},{"@type":"WebSite","@id":"https:\/\/swanseapcf.org\/#website","url":"https:\/\/swanseapcf.org\/","name":"Swansea Parent Carer Forum","description":"Working together to influence chnage","publisher":{"@id":"https:\/\/swanseapcf.org\/#organization"},"potentialAction":[{"@type":"SearchAction","target":{"@type":"EntryPoint","urlTemplate":"https:\/\/swanseapcf.org\/?s={search_term_string}"},"query-input":{"@type":"PropertyValueSpecification","valueRequired":true,"valueName":"search_term_string"}}],"inLanguage":"cs"},{"@type":"Organization","@id":"https:\/\/swanseapcf.org\/#organization","name":"Swansea Parent Care Forum","url":"https:\/\/swanseapcf.org\/","logo":{"@type":"ImageObject","inLanguage":"cs","@id":"https:\/\/swanseapcf.org\/#\/schema\/logo\/image\/","url":"https:\/\/swanseapcf.org\/wp-content\/uploads\/2019\/10\/SPCF-Logo@2x.png","contentUrl":"https:\/\/swanseapcf.org\/wp-content\/uploads\/2019\/10\/SPCF-Logo@2x.png","width":768,"height":202,"caption":"Swansea Parent Care Forum"},"image":{"@id":"https:\/\/swanseapcf.org\/#\/schema\/logo\/image\/"},"sameAs":["https:\/\/www.facebook.com\/SwanseaPCF\/","https:\/\/x.com\/SwanseaPCF","https:\/\/www.instagram.com\/swanseapcf\/","https:\/\/www.youtube.com\/channel\/UCOTKLBxoPadw_LYukVDhs3Q"]}]}},"_links":{"self":[{"href":"https:\/\/swanseapcf.org\/cs\/wp-json\/wp\/v2\/pages\/164"}],"collection":[{"href":"https:\/\/swanseapcf.org\/cs\/wp-json\/wp\/v2\/pages"}],"about":[{"href":"https:\/\/swanseapcf.org\/cs\/wp-json\/wp\/v2\/types\/page"}],"author":[{"embeddable":true,"href":"https:\/\/swanseapcf.org\/cs\/wp-json\/wp\/v2\/users\/1"}],"replies":[{"embeddable":true,"href":"https:\/\/swanseapcf.org\/cs\/wp-json\/wp\/v2\/comments?post=164"}],"version-history":[{"count":12,"href":"https:\/\/swanseapcf.org\/cs\/wp-json\/wp\/v2\/pages\/164\/revisions"}],"predecessor-version":[{"id":729,"href":"https:\/\/swanseapcf.org\/cs\/wp-json\/wp\/v2\/pages\/164\/revisions\/729"}],"wp:attachment":[{"href":"https:\/\/swanseapcf.org\/cs\/wp-json\/wp\/v2\/media?parent=164"}],"curies":[{"name":"wp","href":"https:\/\/api.w.org\/{rel}","templated":true}]}}