{"id":100,"date":"2019-10-15T11:47:36","date_gmt":"2019-10-15T10:47:36","guid":{"rendered":"https:\/\/swanseapcf.org\/?page_id=100"},"modified":"2026-02-10T10:29:21","modified_gmt":"2026-02-10T10:29:21","slug":"who-we-are","status":"publish","type":"page","link":"https:\/\/swanseapcf.org\/cs\/who-we-are\/","title":{"rendered":"Kdo jsme"},"content":{"rendered":"<div data-elementor-type=\"wp-page\" data-elementor-id=\"100\" class=\"elementor elementor-100\" data-elementor-post-type=\"page\">\n\t\t\t\t\t\t<section class=\"elementor-section elementor-top-section elementor-element elementor-element-0ee29ab elementor-section-boxed elementor-section-height-default elementor-section-height-default\" data-id=\"0ee29ab\" data-element_type=\"section\">\n\t\t\t\t\t\t<div class=\"elementor-container elementor-column-gap-default\">\n\t\t\t\t\t<div class=\"elementor-column elementor-col-100 elementor-top-column elementor-element elementor-element-857de8b\" data-id=\"857de8b\" data-element_type=\"column\">\n\t\t\t<div class=\"elementor-widget-wrap elementor-element-populated\">\n\t\t\t\t\t\t<div class=\"elementor-element elementor-element-9c303f8 elementor-widget elementor-widget-heading\" data-id=\"9c303f8\" data-element_type=\"widget\" data-widget_type=\"heading.default\">\n\t\t\t\t<div class=\"elementor-widget-container\">\n\t\t\t<h1 class=\"elementor-heading-title elementor-size-default\">Kdo jsme<\/h1>\t\t<\/div>\n\t\t\t\t<\/div>\n\t\t\t\t\t<\/div>\n\t\t<\/div>\n\t\t\t\t\t<\/div>\n\t\t<\/section>\n\t\t\t\t<section class=\"elementor-section elementor-top-section elementor-element elementor-element-8483a8a elementor-section-boxed elementor-section-height-default elementor-section-height-default\" data-id=\"8483a8a\" data-element_type=\"section\" data-settings=\"{&quot;background_background&quot;:&quot;classic&quot;}\">\n\t\t\t\t\t\t<div class=\"elementor-container elementor-column-gap-default\">\n\t\t\t\t\t<div class=\"elementor-column elementor-col-50 elementor-top-column elementor-element elementor-element-61da864\" data-id=\"61da864\" data-element_type=\"column\">\n\t\t\t<div class=\"elementor-widget-wrap elementor-element-populated\">\n\t\t\t\t\t\t<div class=\"elementor-element elementor-element-c73eddb elementor-widget elementor-widget-image\" data-id=\"c73eddb\" data-element_type=\"widget\" data-widget_type=\"image.default\">\n\t\t\t\t<div class=\"elementor-widget-container\">\n\t\t\t\t\t\t\t\t\t\t\t\t\t<img fetchpriority=\"high\" decoding=\"async\" width=\"584\" height=\"768\" src=\"https:\/\/swanseapcf.org\/wp-content\/uploads\/2019\/10\/Joanann-Phillips.jpg\" class=\"attachment-large size-large wp-image-110\" alt=\"Joanann Phillips\" srcset=\"https:\/\/swanseapcf.org\/wp-content\/uploads\/2019\/10\/Joanann-Phillips.jpg 584w, https:\/\/swanseapcf.org\/wp-content\/uploads\/2019\/10\/Joanann-Phillips-228x300.jpg 228w\" sizes=\"(max-width: 584px) 100vw, 584px\" \/>\t\t\t\t\t\t\t\t\t\t\t\t\t<\/div>\n\t\t\t\t<\/div>\n\t\t\t\t\t<\/div>\n\t\t<\/div>\n\t\t\t\t<div class=\"elementor-column elementor-col-50 elementor-top-column elementor-element elementor-element-4667fab\" data-id=\"4667fab\" data-element_type=\"column\">\n\t\t\t<div class=\"elementor-widget-wrap elementor-element-populated\">\n\t\t\t\t\t\t<div class=\"elementor-element elementor-element-15baae3 elementor-widget elementor-widget-heading\" data-id=\"15baae3\" data-element_type=\"widget\" data-no-translation=\"\" data-widget_type=\"heading.default\">\n\t\t\t\t<div class=\"elementor-widget-container\">\n\t\t\t<h2 class=\"elementor-heading-title elementor-size-default\">Joanann Phillips<\/h2>\t\t<\/div>\n\t\t\t\t<\/div>\n\t\t\t\t<div class=\"elementor-element elementor-element-347b1c8 elementor-widget elementor-widget-text-editor\" data-id=\"347b1c8\" data-element_type=\"widget\" data-widget_type=\"text-editor.default\">\n\t\t\t\t<div class=\"elementor-widget-container\">\n\t\t\t\t\t\t\t<p>Jo m\u00e1 zku\u0161enosti s kade\u0159nictv\u00edm a prac\u00ed na po\u0161t\u011b (po\u0161\u0165a\u010dka). Je matkou t\u0159\u00ed dosp\u011bl\u00fdch, z nich\u017e jeden m\u00e1 komplexn\u00ed dodate\u010dn\u00e9 pot\u0159eby, kter\u00e9 nebyly diagnostikov\u00e1ny, dokud se nestal teenagerem. Ob\u011b jej\u00ed dal\u0161\u00ed d\u011bti maj\u00ed du\u0161evn\u00ed pot\u00ed\u017ee, proto\u017ee jejich bratr nem\u00e1 dostate\u010dnou podporu.<\/p><p>Jo je kvalifikovan\u00e1 nez\u00e1visl\u00e1 advok\u00e1tka a pravideln\u011b se \u00fa\u010dastn\u00ed konzultac\u00ed s m\u00edstn\u00edmi \u00fa\u0159ady a vl\u00e1dou o legislativ\u011b t\u00fdkaj\u00edc\u00ed se soci\u00e1ln\u00edch slu\u017eeb, ALN a v\u0161eho, co se t\u00fdk\u00e1 neplacen\u00fdch pe\u010dovatel\u016f. Jo s velk\u00fdm nad\u0161en\u00edm pom\u00e1h\u00e1 utv\u00e1\u0159et slu\u017eby; vzd\u011bl\u00e1v\u00e1n\u00ed, soci\u00e1ln\u00ed slu\u017eby a zdravotnictv\u00ed tak, aby pot\u0159eby ka\u017ed\u00e9ho byly uspokojeny zp\u016fsobem, kter\u00fd mu pom\u016f\u017ee dos\u00e1hnout jeho pln\u00e9ho potenci\u00e1lu.<\/p><p>Velmi siln\u011b c\u00edt\u00ed, \u017ee na\u0161e dosp\u011bl\u00e9 d\u011bti mus\u00ed b\u00fdt uzn\u00e1ny a podporov\u00e1ny (\u201e\u017d\u00e1dn\u00e9 \u0161patn\u00e9 dve\u0159e\u201c).<\/p>\t\t\t\t\t\t<\/div>\n\t\t\t\t<\/div>\n\t\t\t\t\t<\/div>\n\t\t<\/div>\n\t\t\t\t\t<\/div>\n\t\t<\/section>\n\t\t\t\t<section class=\"elementor-section elementor-top-section elementor-element elementor-element-529a57e elementor-reverse-mobile elementor-section-boxed elementor-section-height-default elementor-section-height-default\" data-id=\"529a57e\" data-element_type=\"section\" data-settings=\"{&quot;background_background&quot;:&quot;classic&quot;}\">\n\t\t\t\t\t\t<div class=\"elementor-container elementor-column-gap-default\">\n\t\t\t\t\t<div class=\"elementor-column elementor-col-50 elementor-top-column elementor-element elementor-element-4a3550c\" data-id=\"4a3550c\" data-element_type=\"column\">\n\t\t\t<div class=\"elementor-widget-wrap elementor-element-populated\">\n\t\t\t\t\t\t<div class=\"elementor-element elementor-element-fc5031d elementor-widget elementor-widget-heading\" data-id=\"fc5031d\" data-element_type=\"widget\" data-no-translation=\"\" data-widget_type=\"heading.default\">\n\t\t\t\t<div class=\"elementor-widget-container\">\n\t\t\t<h2 class=\"elementor-heading-title elementor-size-default\">CHRIS LAW<\/h2>\t\t<\/div>\n\t\t\t\t<\/div>\n\t\t\t\t<div class=\"elementor-element elementor-element-46cf645 elementor-widget elementor-widget-text-editor\" data-id=\"46cf645\" data-element_type=\"widget\" data-widget_type=\"text-editor.default\">\n\t\t\t\t<div class=\"elementor-widget-container\">\n\t\t\t\t\t\t\t<p>Rodi\u010d dvou adoptovan\u00fdch d\u011bt\u00ed, ob\u011b s dal\u0161\u00edmi pot\u0159ebami (ASD, ADHD, ODD, dyslexie, dyskalkulie, porucha \u0159e\u010di). Chris str\u00e1vil 30 let na vysok\u00fdch mana\u017eersk\u00fdch pozic\u00edch ve ve\u0159ejn\u00e9m sektoru. V\u011bt\u0161inu \u010dasu nyn\u00ed tr\u00e1v\u00ed se svou rodinou, o rodi\u010dovsk\u00e9 pe\u010dovatelsk\u00e9 povinnosti se d\u011bl\u00ed s man\u017eelkou. Chris je tak\u00e9 p\u0159edsedou guvern\u00e9r\u016f na m\u00edstn\u00ed z\u00e1kladn\u00ed \u0161kole. P\u0159in\u00e1\u0161\u00ed skv\u011bl\u00e9 organiza\u010dn\u00ed schopnosti a zku\u0161enosti v oblasti facilitace, zdrav\u00ed a bezpe\u010dnosti, \u0159\u00edzen\u00ed lid\u00ed a financ\u00ed.<\/p><p>Domn\u00edv\u00e1 se, \u017ee p\u0159echody mezi slu\u017ebami mus\u00ed b\u00fdt plynul\u00e9 a p\u0159im\u011b\u0159en\u00e9 pot\u0159eb\u00e1m jednotlivce.<\/p><p>Chris je zap\u00e1len\u00fd pro dal\u0161\u00ed vzd\u011bl\u00e1vac\u00ed pot\u0159eby a zaji\u0161\u0165uje, aby d\u011bti s pot\u0159ebami (a\u0165 u\u017e jsou jak\u00e9koli) byly n\u00e1le\u017eit\u011b podporov\u00e1ny.<\/p>\t\t\t\t\t\t<\/div>\n\t\t\t\t<\/div>\n\t\t\t\t\t<\/div>\n\t\t<\/div>\n\t\t\t\t<div class=\"elementor-column elementor-col-50 elementor-top-column elementor-element elementor-element-4f0f757\" data-id=\"4f0f757\" data-element_type=\"column\">\n\t\t\t<div class=\"elementor-widget-wrap elementor-element-populated\">\n\t\t\t\t\t\t<div class=\"elementor-element elementor-element-3ea6d8e elementor-widget elementor-widget-image\" data-id=\"3ea6d8e\" data-element_type=\"widget\" data-widget_type=\"image.default\">\n\t\t\t\t<div class=\"elementor-widget-container\">\n\t\t\t\t\t\t\t\t\t\t\t\t\t<img decoding=\"async\" width=\"640\" height=\"853\" src=\"https:\/\/swanseapcf.org\/wp-content\/uploads\/2023\/05\/Chris-pic-May-2023.jpg\" class=\"attachment-large size-large wp-image-1049\" alt=\"\" srcset=\"https:\/\/swanseapcf.org\/wp-content\/uploads\/2023\/05\/Chris-pic-May-2023.jpg 768w, https:\/\/swanseapcf.org\/wp-content\/uploads\/2023\/05\/Chris-pic-May-2023-225x300.jpg 225w, https:\/\/swanseapcf.org\/wp-content\/uploads\/2023\/05\/Chris-pic-May-2023-9x12.jpg 9w\" sizes=\"(max-width: 640px) 100vw, 640px\" \/>\t\t\t\t\t\t\t\t\t\t\t\t\t<\/div>\n\t\t\t\t<\/div>\n\t\t\t\t\t<\/div>\n\t\t<\/div>\n\t\t\t\t\t<\/div>\n\t\t<\/section>\n\t\t\t\t<section class=\"elementor-section elementor-top-section elementor-element elementor-element-e55700f elementor-section-boxed elementor-section-height-default elementor-section-height-default\" data-id=\"e55700f\" data-element_type=\"section\" data-settings=\"{&quot;background_background&quot;:&quot;classic&quot;}\">\n\t\t\t\t\t\t<div class=\"elementor-container elementor-column-gap-default\">\n\t\t\t\t\t<div class=\"elementor-column elementor-col-50 elementor-top-column elementor-element elementor-element-6d1452b\" data-id=\"6d1452b\" data-element_type=\"column\">\n\t\t\t<div class=\"elementor-widget-wrap elementor-element-populated\">\n\t\t\t\t\t\t<div class=\"elementor-element elementor-element-405a6cb elementor-widget elementor-widget-image\" data-id=\"405a6cb\" data-element_type=\"widget\" data-widget_type=\"image.default\">\n\t\t\t\t<div class=\"elementor-widget-container\">\n\t\t\t\t\t\t\t\t\t\t\t\t\t<img decoding=\"async\" width=\"640\" height=\"873\" src=\"https:\/\/swanseapcf.org\/wp-content\/uploads\/2023\/05\/IH-751x1024.jpg\" class=\"attachment-large size-large wp-image-1053\" alt=\"\" srcset=\"https:\/\/swanseapcf.org\/wp-content\/uploads\/2023\/05\/IH-751x1024.jpg 751w, https:\/\/swanseapcf.org\/wp-content\/uploads\/2023\/05\/IH-220x300.jpg 220w, https:\/\/swanseapcf.org\/wp-content\/uploads\/2023\/05\/IH-768x1048.jpg 768w, https:\/\/swanseapcf.org\/wp-content\/uploads\/2023\/05\/IH-1126x1536.jpg 1126w, https:\/\/swanseapcf.org\/wp-content\/uploads\/2023\/05\/IH-9x12.jpg 9w, https:\/\/swanseapcf.org\/wp-content\/uploads\/2023\/05\/IH.jpg 1493w\" sizes=\"(max-width: 640px) 100vw, 640px\" \/>\t\t\t\t\t\t\t\t\t\t\t\t\t<\/div>\n\t\t\t\t<\/div>\n\t\t\t\t\t<\/div>\n\t\t<\/div>\n\t\t\t\t<div class=\"elementor-column elementor-col-50 elementor-top-column elementor-element elementor-element-7769359\" data-id=\"7769359\" data-element_type=\"column\">\n\t\t\t<div class=\"elementor-widget-wrap elementor-element-populated\">\n\t\t\t\t\t\t<div class=\"elementor-element elementor-element-9a2f1b3 elementor-widget elementor-widget-heading\" data-id=\"9a2f1b3\" data-element_type=\"widget\" data-no-translation=\"\" data-widget_type=\"heading.default\">\n\t\t\t\t<div class=\"elementor-widget-container\">\n\t\t\t<h2 class=\"elementor-heading-title elementor-size-default\">ISHBEL HANSEN<\/h2>\t\t<\/div>\n\t\t\t\t<\/div>\n\t\t\t\t<div class=\"elementor-element elementor-element-6ebdc74 elementor-widget elementor-widget-text-editor\" data-id=\"6ebdc74\" data-element_type=\"widget\" data-widget_type=\"text-editor.default\">\n\t\t\t\t<div class=\"elementor-widget-container\">\n\t\t\t\t\t\t\t<p>Ishbel je samo\u017eivitelkou a pe\u010duje o sv\u00e9ho syna, kter\u00fd se narodil se slo\u017eit\u00fdmi speci\u00e1ln\u00edmi pot\u0159ebami. Od jeho narozen\u00ed je jeho advok\u00e1tkou a koordinuje jeho po\u017eadavky na zdrav\u00ed a pohodu se zdravotn\u00edmi, vzd\u011bl\u00e1vac\u00edmi a soci\u00e1ln\u00edmi slu\u017ebami. Ishbel pevn\u011b v\u011b\u0159\u00ed, \u017ee nikdo nikdy nebude zn\u00e1t va\u0161e d\u00edt\u011b tak dob\u0159e jako vy.<\/p><p>Ishbel by se r\u00e1da pod\u011blila o n\u011bkter\u00e9 ze sv\u00fdch zku\u0161enost\u00ed a znalost\u00ed s rodi\u010di, kte\u0159\u00ed se c\u00edt\u00ed zasko\u010deni t\u00edm, s \u010d\u00edm se mus\u00ed pot\u00fdkat, aby pro sv\u00e9 d\u00edt\u011b zajistili to nejlep\u0161\u00ed.\u00a0<\/p><p>Je nad\u0161en\u00e1 pro p\u0159ed\u0161koln\u00ed vzd\u011bl\u00e1v\u00e1n\u00ed a zaji\u0161t\u011bn\u00ed dostupnosti v\u0161ech park\u016f a volno\u010dasov\u00fdch prostor po cel\u00e9m Swansea. Ishbel v\u011b\u0159\u00ed, \u017ee v\u0161echny d\u011bti maj\u00ed pr\u00e1vo na spravedlivou hru a pohodu.<\/p>\t\t\t\t\t\t<\/div>\n\t\t\t\t<\/div>\n\t\t\t\t\t<\/div>\n\t\t<\/div>\n\t\t\t\t\t<\/div>\n\t\t<\/section>\n\t\t\t\t<section class=\"elementor-section elementor-top-section elementor-element elementor-element-64ee0e2 elementor-section-boxed elementor-section-height-default elementor-section-height-default\" data-id=\"64ee0e2\" data-element_type=\"section\">\n\t\t\t\t\t\t<div class=\"elementor-container elementor-column-gap-default\">\n\t\t\t\t\t<div class=\"elementor-column elementor-col-100 elementor-top-column elementor-element elementor-element-370f08e\" data-id=\"370f08e\" data-element_type=\"column\">\n\t\t\t<div class=\"elementor-widget-wrap elementor-element-populated\">\n\t\t\t\t\t\t<div class=\"elementor-element elementor-element-5922d16 elementor-align-center elementor-widget elementor-widget-button\" data-id=\"5922d16\" data-element_type=\"widget\" data-widget_type=\"button.default\">\n\t\t\t\t<div class=\"elementor-widget-container\">\n\t\t\t\t\t\t\t<div class=\"elementor-button-wrapper\">\n\t\t\t\t\t<a class=\"elementor-button elementor-button-link elementor-size-sm elementor-animation-float\" href=\"https:\/\/swanseapcf.org\/cs\/join-us\/\">\n\t\t\t\t\t\t<span class=\"elementor-button-content-wrapper\">\n\t\t\t\t\t\t<span class=\"elementor-button-icon\">\n\t\t\t\t<i aria-hidden=\"true\" class=\"fas fa-chevron-right\"><\/i>\t\t\t<\/span>\n\t\t\t\t\t\t\t\t\t<span class=\"elementor-button-text\">P\u0159ipoj se k n\u00e1m<\/span>\n\t\t\t\t\t<\/span>\n\t\t\t\t\t<\/a>\n\t\t\t\t<\/div>\n\t\t\t\t\t\t<\/div>\n\t\t\t\t<\/div>\n\t\t\t\t\t<\/div>\n\t\t<\/div>\n\t\t\t\t\t<\/div>\n\t\t<\/section>\n\t\t\t\t<\/div>","protected":false},"excerpt":{"rendered":"<p>Who we are Joanann Phillips Jo\u2019s background includes hairdressing and postal work (post woman). She is a mum of three adults, one of whom has complex additional needs that weren\u2019t diagnosed until he became a teenager. Both of her other children have mental health difficulties due to their brother not having the correct support. Jo [&hellip;]<\/p>","protected":false},"author":1,"featured_media":0,"parent":0,"menu_order":0,"comment_status":"closed","ping_status":"closed","template":"","meta":{"footnotes":""},"class_list":["post-100","page","type-page","status-publish","hentry"],"yoast_head":"<!-- This site is optimized with the Yoast SEO plugin v23.7 - https:\/\/yoast.com\/wordpress\/plugins\/seo\/ -->\n<title>Who We Are - Swansea Parent Carer Forum<\/title>\n<meta name=\"description\" content=\"Meet everyone involved with Swansea Parent Carer Forum.\" \/>\n<meta name=\"robots\" content=\"index, follow, max-snippet:-1, max-image-preview:large, max-video-preview:-1\" \/>\n<link rel=\"canonical\" href=\"https:\/\/swanseapcf.org\/cs\/who-we-are\/\" \/>\n<meta property=\"og:locale\" content=\"cs_CZ\" \/>\n<meta property=\"og:type\" content=\"article\" \/>\n<meta property=\"og:title\" content=\"Who We Are - Swansea Parent Carer Forum\" \/>\n<meta property=\"og:description\" content=\"Meet everyone involved with Swansea Parent Carer Forum.\" \/>\n<meta property=\"og:url\" content=\"https:\/\/swanseapcf.org\/cs\/who-we-are\/\" \/>\n<meta property=\"og:site_name\" content=\"Swansea Parent Carer Forum\" \/>\n<meta property=\"article:publisher\" content=\"https:\/\/www.facebook.com\/SwanseaPCF\/\" \/>\n<meta property=\"article:modified_time\" content=\"2026-02-10T10:29:21+00:00\" \/>\n<meta property=\"og:image\" content=\"https:\/\/swanseapcf.org\/wp-content\/uploads\/2019\/10\/Joanann-Phillips.jpg\" \/>\n\t<meta property=\"og:image:width\" content=\"584\" \/>\n\t<meta property=\"og:image:height\" content=\"768\" \/>\n\t<meta property=\"og:image:type\" content=\"image\/jpeg\" \/>\n<meta name=\"twitter:card\" content=\"summary_large_image\" \/>\n<meta name=\"twitter:site\" content=\"@SwanseaPCF\" \/>\n<meta name=\"twitter:label1\" content=\"Odhadovan\u00e1 doba \u010dten\u00ed\" \/>\n\t<meta name=\"twitter:data1\" content=\"3 minuty\" \/>\n<script type=\"application\/ld+json\" class=\"yoast-schema-graph\">{\"@context\":\"https:\/\/schema.org\",\"@graph\":[{\"@type\":\"WebPage\",\"@id\":\"https:\/\/swanseapcf.org\/who-we-are\/\",\"url\":\"https:\/\/swanseapcf.org\/who-we-are\/\",\"name\":\"Who We Are - Swansea Parent Carer Forum\",\"isPartOf\":{\"@id\":\"https:\/\/swanseapcf.org\/#website\"},\"primaryImageOfPage\":{\"@id\":\"https:\/\/swanseapcf.org\/who-we-are\/#primaryimage\"},\"image\":{\"@id\":\"https:\/\/swanseapcf.org\/who-we-are\/#primaryimage\"},\"thumbnailUrl\":\"https:\/\/swanseapcf.org\/wp-content\/uploads\/2019\/10\/Joanann-Phillips.jpg\",\"datePublished\":\"2019-10-15T10:47:36+00:00\",\"dateModified\":\"2026-02-10T10:29:21+00:00\",\"description\":\"Meet everyone involved with Swansea Parent Carer Forum.\",\"breadcrumb\":{\"@id\":\"https:\/\/swanseapcf.org\/who-we-are\/#breadcrumb\"},\"inLanguage\":\"cs\",\"potentialAction\":[{\"@type\":\"ReadAction\",\"target\":[\"https:\/\/swanseapcf.org\/who-we-are\/\"]}]},{\"@type\":\"ImageObject\",\"inLanguage\":\"cs\",\"@id\":\"https:\/\/swanseapcf.org\/who-we-are\/#primaryimage\",\"url\":\"https:\/\/swanseapcf.org\/wp-content\/uploads\/2019\/10\/Joanann-Phillips.jpg\",\"contentUrl\":\"https:\/\/swanseapcf.org\/wp-content\/uploads\/2019\/10\/Joanann-Phillips.jpg\"},{\"@type\":\"BreadcrumbList\",\"@id\":\"https:\/\/swanseapcf.org\/who-we-are\/#breadcrumb\",\"itemListElement\":[{\"@type\":\"ListItem\",\"position\":1,\"name\":\"Home\",\"item\":\"https:\/\/swanseapcf.org\/\"},{\"@type\":\"ListItem\",\"position\":2,\"name\":\"Who We Are\"}]},{\"@type\":\"WebSite\",\"@id\":\"https:\/\/swanseapcf.org\/#website\",\"url\":\"https:\/\/swanseapcf.org\/\",\"name\":\"Swansea Parent Carer Forum\",\"description\":\"Working together to influence chnage\",\"publisher\":{\"@id\":\"https:\/\/swanseapcf.org\/#organization\"},\"potentialAction\":[{\"@type\":\"SearchAction\",\"target\":{\"@type\":\"EntryPoint\",\"urlTemplate\":\"https:\/\/swanseapcf.org\/?s={search_term_string}\"},\"query-input\":{\"@type\":\"PropertyValueSpecification\",\"valueRequired\":true,\"valueName\":\"search_term_string\"}}],\"inLanguage\":\"cs\"},{\"@type\":\"Organization\",\"@id\":\"https:\/\/swanseapcf.org\/#organization\",\"name\":\"Swansea Parent Care Forum\",\"url\":\"https:\/\/swanseapcf.org\/\",\"logo\":{\"@type\":\"ImageObject\",\"inLanguage\":\"cs\",\"@id\":\"https:\/\/swanseapcf.org\/#\/schema\/logo\/image\/\",\"url\":\"https:\/\/swanseapcf.org\/wp-content\/uploads\/2019\/10\/SPCF-Logo@2x.png\",\"contentUrl\":\"https:\/\/swanseapcf.org\/wp-content\/uploads\/2019\/10\/SPCF-Logo@2x.png\",\"width\":768,\"height\":202,\"caption\":\"Swansea Parent Care Forum\"},\"image\":{\"@id\":\"https:\/\/swanseapcf.org\/#\/schema\/logo\/image\/\"},\"sameAs\":[\"https:\/\/www.facebook.com\/SwanseaPCF\/\",\"https:\/\/x.com\/SwanseaPCF\",\"https:\/\/www.instagram.com\/swanseapcf\/\",\"https:\/\/www.youtube.com\/channel\/UCOTKLBxoPadw_LYukVDhs3Q\"]}]}<\/script>\n<!-- \/ Yoast SEO plugin. -->","yoast_head_json":{"title":"Who We Are - Swansea Parent Carer Forum","description":"Meet everyone involved with Swansea Parent Carer Forum.","robots":{"index":"index","follow":"follow","max-snippet":"max-snippet:-1","max-image-preview":"max-image-preview:large","max-video-preview":"max-video-preview:-1"},"canonical":"https:\/\/swanseapcf.org\/cs\/who-we-are\/","og_locale":"cs_CZ","og_type":"article","og_title":"Who We Are - Swansea Parent Carer Forum","og_description":"Meet everyone involved with Swansea Parent Carer Forum.","og_url":"https:\/\/swanseapcf.org\/cs\/who-we-are\/","og_site_name":"Swansea Parent Carer Forum","article_publisher":"https:\/\/www.facebook.com\/SwanseaPCF\/","article_modified_time":"2026-02-10T10:29:21+00:00","og_image":[{"width":584,"height":768,"url":"https:\/\/swanseapcf.org\/wp-content\/uploads\/2019\/10\/Joanann-Phillips.jpg","type":"image\/jpeg"}],"twitter_card":"summary_large_image","twitter_site":"@SwanseaPCF","twitter_misc":{"Odhadovan\u00e1 doba \u010dten\u00ed":"3 minuty"},"schema":{"@context":"https:\/\/schema.org","@graph":[{"@type":"WebPage","@id":"https:\/\/swanseapcf.org\/who-we-are\/","url":"https:\/\/swanseapcf.org\/who-we-are\/","name":"Who We Are - Swansea Parent Carer Forum","isPartOf":{"@id":"https:\/\/swanseapcf.org\/#website"},"primaryImageOfPage":{"@id":"https:\/\/swanseapcf.org\/who-we-are\/#primaryimage"},"image":{"@id":"https:\/\/swanseapcf.org\/who-we-are\/#primaryimage"},"thumbnailUrl":"https:\/\/swanseapcf.org\/wp-content\/uploads\/2019\/10\/Joanann-Phillips.jpg","datePublished":"2019-10-15T10:47:36+00:00","dateModified":"2026-02-10T10:29:21+00:00","description":"Meet everyone involved with Swansea Parent Carer Forum.","breadcrumb":{"@id":"https:\/\/swanseapcf.org\/who-we-are\/#breadcrumb"},"inLanguage":"cs","potentialAction":[{"@type":"ReadAction","target":["https:\/\/swanseapcf.org\/who-we-are\/"]}]},{"@type":"ImageObject","inLanguage":"cs","@id":"https:\/\/swanseapcf.org\/who-we-are\/#primaryimage","url":"https:\/\/swanseapcf.org\/wp-content\/uploads\/2019\/10\/Joanann-Phillips.jpg","contentUrl":"https:\/\/swanseapcf.org\/wp-content\/uploads\/2019\/10\/Joanann-Phillips.jpg"},{"@type":"BreadcrumbList","@id":"https:\/\/swanseapcf.org\/who-we-are\/#breadcrumb","itemListElement":[{"@type":"ListItem","position":1,"name":"Home","item":"https:\/\/swanseapcf.org\/"},{"@type":"ListItem","position":2,"name":"Who We Are"}]},{"@type":"WebSite","@id":"https:\/\/swanseapcf.org\/#website","url":"https:\/\/swanseapcf.org\/","name":"Swansea Parent Carer Forum","description":"Working together to influence chnage","publisher":{"@id":"https:\/\/swanseapcf.org\/#organization"},"potentialAction":[{"@type":"SearchAction","target":{"@type":"EntryPoint","urlTemplate":"https:\/\/swanseapcf.org\/?s={search_term_string}"},"query-input":{"@type":"PropertyValueSpecification","valueRequired":true,"valueName":"search_term_string"}}],"inLanguage":"cs"},{"@type":"Organization","@id":"https:\/\/swanseapcf.org\/#organization","name":"Swansea Parent Care Forum","url":"https:\/\/swanseapcf.org\/","logo":{"@type":"ImageObject","inLanguage":"cs","@id":"https:\/\/swanseapcf.org\/#\/schema\/logo\/image\/","url":"https:\/\/swanseapcf.org\/wp-content\/uploads\/2019\/10\/SPCF-Logo@2x.png","contentUrl":"https:\/\/swanseapcf.org\/wp-content\/uploads\/2019\/10\/SPCF-Logo@2x.png","width":768,"height":202,"caption":"Swansea Parent Care Forum"},"image":{"@id":"https:\/\/swanseapcf.org\/#\/schema\/logo\/image\/"},"sameAs":["https:\/\/www.facebook.com\/SwanseaPCF\/","https:\/\/x.com\/SwanseaPCF","https:\/\/www.instagram.com\/swanseapcf\/","https:\/\/www.youtube.com\/channel\/UCOTKLBxoPadw_LYukVDhs3Q"]}]}},"_links":{"self":[{"href":"https:\/\/swanseapcf.org\/cs\/wp-json\/wp\/v2\/pages\/100"}],"collection":[{"href":"https:\/\/swanseapcf.org\/cs\/wp-json\/wp\/v2\/pages"}],"about":[{"href":"https:\/\/swanseapcf.org\/cs\/wp-json\/wp\/v2\/types\/page"}],"author":[{"embeddable":true,"href":"https:\/\/swanseapcf.org\/cs\/wp-json\/wp\/v2\/users\/1"}],"replies":[{"embeddable":true,"href":"https:\/\/swanseapcf.org\/cs\/wp-json\/wp\/v2\/comments?post=100"}],"version-history":[{"count":147,"href":"https:\/\/swanseapcf.org\/cs\/wp-json\/wp\/v2\/pages\/100\/revisions"}],"predecessor-version":[{"id":1332,"href":"https:\/\/swanseapcf.org\/cs\/wp-json\/wp\/v2\/pages\/100\/revisions\/1332"}],"wp:attachment":[{"href":"https:\/\/swanseapcf.org\/cs\/wp-json\/wp\/v2\/media?parent=100"}],"curies":[{"name":"wp","href":"https:\/\/api.w.org\/{rel}","templated":true}]}}